{"id":71,"date":"2020-11-22T12:21:06","date_gmt":"2020-11-22T15:21:06","guid":{"rendered":"http:\/\/127.0.0.1\/eds-modules\/wordpress55x201121171821\/?page_id=71"},"modified":"2021-07-28T18:47:30","modified_gmt":"2021-07-28T21:47:30","slug":"apresentacao-sonoridades-do-gualaxo-do-norte-na-historia","status":"publish","type":"page","link":"https:\/\/gualaxovivo.com.br\/index.php\/apresentacao-sonoridades-do-gualaxo-do-norte-na-historia\/","title":{"rendered":"Apresenta\u00e7\u00e3o"},"content":{"rendered":"\t\t<div data-elementor-type=\"wp-page\" data-elementor-id=\"71\" class=\"elementor elementor-71\">\n\t\t\t\t\t\t\t\t\t<section class=\"elementor-section elementor-top-section elementor-element elementor-element-ce9139f elementor-section-full_width elementor-section-height-default elementor-section-height-default\" data-id=\"ce9139f\" data-element_type=\"section\">\n\t\t\t\t\t\t<div class=\"elementor-container elementor-column-gap-default\">\n\t\t\t\t\t<div class=\"elementor-column elementor-col-100 elementor-top-column elementor-element elementor-element-d93dbd0\" data-id=\"d93dbd0\" data-element_type=\"column\">\n\t\t\t<div class=\"elementor-widget-wrap elementor-element-populated\">\n\t\t\t\t\t\t\t\t<div class=\"elementor-element elementor-element-7dd414d elementor-widget elementor-widget-text-editor\" data-id=\"7dd414d\" data-element_type=\"widget\" data-widget_type=\"text-editor.default\">\n\t\t\t\t<div class=\"elementor-widget-container\">\n\t\t\t\t\t\t\t<h1 style=\"font-family: 'KohinoorTeleguBold'; font-size: 1.3em;\">GUALAXO VIVO<\/h1>\t\t\t\t\t\t<\/div>\n\t\t\t\t<\/div>\n\t\t\t\t\t<\/div>\n\t\t<\/div>\n\t\t\t\t\t\t\t<\/div>\n\t\t<\/section>\n\t\t\t\t<section class=\"elementor-section elementor-top-section elementor-element elementor-element-add97ce elementor-section-full_width elementor-section-height-default elementor-section-height-default\" data-id=\"add97ce\" data-element_type=\"section\">\n\t\t\t\t\t\t<div class=\"elementor-container elementor-column-gap-default\">\n\t\t\t\t\t<div class=\"elementor-column elementor-col-100 elementor-top-column elementor-element elementor-element-ec6af6b\" data-id=\"ec6af6b\" data-element_type=\"column\">\n\t\t\t<div class=\"elementor-widget-wrap elementor-element-populated\">\n\t\t\t\t\t\t\t\t<div class=\"elementor-element elementor-element-edaf0e6 elementor-widget elementor-widget-spacer\" data-id=\"edaf0e6\" data-element_type=\"widget\" data-widget_type=\"spacer.default\">\n\t\t\t\t<div class=\"elementor-widget-container\">\n\t\t\t\t\t<div class=\"elementor-spacer\">\n\t\t\t<div class=\"elementor-spacer-inner\"><\/div>\n\t\t<\/div>\n\t\t\t\t<\/div>\n\t\t\t\t<\/div>\n\t\t\t\t<div class=\"elementor-element elementor-element-843efbf elementor-widget elementor-widget-image\" data-id=\"843efbf\" data-element_type=\"widget\" data-widget_type=\"image.default\">\n\t\t\t\t<div class=\"elementor-widget-container\">\n\t\t\t\t\t\t\t\t\t\t\t\t\t\t\t\t<a href=\"http:\/\/gualaxovivo.com.br\/wp-content\/uploads\/2021\/04\/mapa-0-povoadosbarragens-scaled.jpg\" data-elementor-open-lightbox=\"yes\" data-elementor-lightbox-title=\"mapa 0-povoados+barragens\" e-action-hash=\"#elementor-action%3Aaction%3Dlightbox%26settings%3DeyJpZCI6NTQzLCJ1cmwiOiJodHRwczpcL1wvZ3VhbGF4b3Zpdm8uY29tLmJyXC93cC1jb250ZW50XC91cGxvYWRzXC8yMDIxXC8wNFwvbWFwYS0wLXBvdm9hZG9zYmFycmFnZW5zLXNjYWxlZC5qcGcifQ%3D%3D\">\n\t\t\t\t\t\t\t<img loading=\"lazy\" decoding=\"async\" width=\"2560\" height=\"1917\" src=\"https:\/\/gualaxovivo.com.br\/wp-content\/uploads\/2021\/04\/mapa-0-povoadosbarragens-scaled.jpg\" class=\"attachment-full size-full\" alt=\"\" srcset=\"https:\/\/gualaxovivo.com.br\/wp-content\/uploads\/2021\/04\/mapa-0-povoadosbarragens-scaled.jpg 2560w, https:\/\/gualaxovivo.com.br\/wp-content\/uploads\/2021\/04\/mapa-0-povoadosbarragens-300x225.jpg 300w, https:\/\/gualaxovivo.com.br\/wp-content\/uploads\/2021\/04\/mapa-0-povoadosbarragens-1024x767.jpg 1024w, https:\/\/gualaxovivo.com.br\/wp-content\/uploads\/2021\/04\/mapa-0-povoadosbarragens-768x575.jpg 768w, https:\/\/gualaxovivo.com.br\/wp-content\/uploads\/2021\/04\/mapa-0-povoadosbarragens-1536x1150.jpg 1536w, https:\/\/gualaxovivo.com.br\/wp-content\/uploads\/2021\/04\/mapa-0-povoadosbarragens-2048x1534.jpg 2048w, https:\/\/gualaxovivo.com.br\/wp-content\/uploads\/2021\/04\/mapa-0-povoadosbarragens-800x600.jpg 800w\" sizes=\"(max-width: 2560px) 100vw, 2560px\" \/>\t\t\t\t\t\t\t\t<\/a>\n\t\t\t\t\t\t\t\t\t\t\t\t\t\t\t<\/div>\n\t\t\t\t<\/div>\n\t\t\t\t<div class=\"elementor-element elementor-element-be67b59 elementor-widget elementor-widget-spacer\" data-id=\"be67b59\" data-element_type=\"widget\" data-widget_type=\"spacer.default\">\n\t\t\t\t<div class=\"elementor-widget-container\">\n\t\t\t\t\t<div class=\"elementor-spacer\">\n\t\t\t<div class=\"elementor-spacer-inner\"><\/div>\n\t\t<\/div>\n\t\t\t\t<\/div>\n\t\t\t\t<\/div>\n\t\t\t\t\t<\/div>\n\t\t<\/div>\n\t\t\t\t\t\t\t<\/div>\n\t\t<\/section>\n\t\t\t\t<section class=\"elementor-section elementor-top-section elementor-element elementor-element-447ce3f elementor-section-full_width elementor-section-height-default elementor-section-height-default\" data-id=\"447ce3f\" data-element_type=\"section\">\n\t\t\t\t\t\t<div class=\"elementor-container elementor-column-gap-default\">\n\t\t\t\t\t<div class=\"elementor-column elementor-col-100 elementor-top-column elementor-element elementor-element-bbfae29\" data-id=\"bbfae29\" data-element_type=\"column\">\n\t\t\t<div class=\"elementor-widget-wrap elementor-element-populated\">\n\t\t\t\t\t\t\t\t<div class=\"elementor-element elementor-element-c11f73f elementor-widget elementor-widget-text-editor\" data-id=\"c11f73f\" data-element_type=\"widget\" data-widget_type=\"text-editor.default\">\n\t\t\t\t<div class=\"elementor-widget-container\">\n\t\t\t\t\t\t\t<il style=\"text-align:justify\">O rio Gualaxo do Norte localiza-se ao norte do munic\u00edpio de Mariana, estado de Minas Gerais. Seu curso j\u00e1 era conhecido desde os primeiros tempos da coloniza\u00e7\u00e3o da regi\u00e3o, ao final do s\u00e9culo XVII, devido \u00e0 extra\u00e7\u00e3o de ouro que logo veio a ser realizada em seu leito e nas montanhas ao redor. Em paralelo, nas proximidades do rio, foram sendo fundados povoados, alguns dos quais perduram at\u00e9 a contemporaneidade, como Camargos, Bento Rodrigues, Bicas, Ponte do Gama, Borba, Pedras, Paracatu de Cima, Paracatu de Baixo, Campinas. Ap\u00f3s percorrer Mariana, o rio Gualaxo do Norte adentra no munic\u00edpio de Barra Longa, passando pelos povoados de Barretos e de Gesteira, at\u00e9 atingir a sede urbana e confluir com o rio Gualaxo do Sul. Os dois Gualaxos unem-se ent\u00e3o ao ribeir\u00e3o do Carmo, que quil\u00f4metros abaixo junta-se ao rio Piranga para formar o rio Doce.\n<br>\nEm 5 de novembro de 2015, uma irrepar\u00e1vel experi\u00eancia de destrui\u00e7\u00e3o foi provocada pelo rompimento da Barragem de Fund\u00e3o, localizada em um dos afluentes do rio Gualaxo do Norte. Quando esta estrutura de conten\u00e7\u00e3o de rejeitos de min\u00e9rios, de propriedade da mineradora Samarco S.A. (atualmente controlada pelas empresas Vale e BHP Billiton), veio a ruir, milhares de toneladas de lama contaminada foram derramadas nesse rio. Com isso, foram soterradas as comunidades de Bento Rodrigues, Paracatu de Baixo e Gesteira, 19 pessoas morreram, v\u00e1rias centenas ficaram desalojadas, danos grav\u00edssimos foram sofridos pelo meio-ambiente.\n<br>\nCom o prop\u00f3sito de contribuir com o reconhecimento do patrim\u00f4nio material e intang\u00edvel dessa regi\u00e3o, especialmente no campo das sonoridades, decidimos participar da Chamada P\u00fablica FAPEMIG 09\/2018, relativa ao financiamento de projetos de pesquisa aplicada voltados ao desenvolvimento e recupera\u00e7\u00e3o das \u00e1reas impactadas pela queda da Barragem. Os recursos destinados a esta Chamada foram previstos no Termo de Transa\u00e7\u00e3o de Ajustamento de Conduta (TTAC) assinado na Justi\u00e7a pela Samarco. Em novembro de 2020, o financiamento foi liberado pela parceria firmada entre a FAPEMIG e a Funda\u00e7\u00e3o Renova (inst\u00e2ncia criada para operacionalizar os ressarcimentos e a repara\u00e7\u00e3o dos danos). A partir de ent\u00e3o, o projeto p\u00f4de ser iniciado, tendo sua realiza\u00e7\u00e3o prevista para 24 meses e veicula\u00e7\u00e3o promovida atrav\u00e9s desta plataforma digital, na qual iremos compartilhar distintas produ\u00e7\u00f5es: cartografias hist\u00f3rico-sensoriais, performances hist\u00f3rico-musicais e propostas de pr\u00e1ticas pedag\u00f3gicas, subsidiadas por material e roteiro did\u00e1ticos.\n\nDessa maneira, embora as men\u00e7\u00f5es \u00e0 queda da Barragem de Fund\u00e3o possam nos remeter a sofridas dimens\u00f5es de perda, desejamos que nossa pesquisa possa favorecer \u00e0 transposi\u00e7\u00e3o dessa aus\u00eancia em tenaz resist\u00eancia, sobretudo por parte das comunidades afetadas, no tocante \u00e0 reivindica\u00e7\u00e3o de seus direitos, assim como \u00e0 abertura a novas experi\u00eancias, a partir das mem\u00f3rias sonoras do que por elas foi vivido e sonhado. Justamente por isso, escolhemos renomear este projeto de\u00a0<strong>GUALAXO VIVO!<\/strong>\t\t\t\t\t\t<\/div>\n\t\t\t\t<\/div>\n\t\t\t\t<div class=\"elementor-element elementor-element-c41eb76 elementor-widget elementor-widget-spacer\" data-id=\"c41eb76\" data-element_type=\"widget\" data-widget_type=\"spacer.default\">\n\t\t\t\t<div class=\"elementor-widget-container\">\n\t\t\t\t\t<div class=\"elementor-spacer\">\n\t\t\t<div class=\"elementor-spacer-inner\"><\/div>\n\t\t<\/div>\n\t\t\t\t<\/div>\n\t\t\t\t<\/div>\n\t\t\t\t\t<\/div>\n\t\t<\/div>\n\t\t\t\t\t\t\t<\/div>\n\t\t<\/section>\n\t\t\t\t<section class=\"elementor-section elementor-top-section elementor-element elementor-element-bf92f16 elementor-section-full_width elementor-section-height-default elementor-section-height-default\" data-id=\"bf92f16\" data-element_type=\"section\">\n\t\t\t\t\t\t<div class=\"elementor-container elementor-column-gap-default\">\n\t\t\t\t\t<div class=\"elementor-column elementor-col-100 elementor-top-column elementor-element elementor-element-40bce86\" data-id=\"40bce86\" data-element_type=\"column\">\n\t\t\t<div class=\"elementor-widget-wrap elementor-element-populated\">\n\t\t\t\t\t\t\t\t<div class=\"elementor-element elementor-element-48ce096 elementor-widget elementor-widget-text-editor\" data-id=\"48ce096\" data-element_type=\"widget\" data-widget_type=\"text-editor.default\">\n\t\t\t\t<div class=\"elementor-widget-container\">\n\t\t\t\t\t\t\t<p style=\"font-size: 0.7em;\"><strong>Dados institucionais:<\/strong><br \/>Nome do projeto: \u201cCartografias Hist\u00f3rico-Sensoriais de Bento Rodrigues, Paracatu de Baixo e Gesteira\u201d<br \/>Processo Fapemig n. APQ-05426-18<\/p>\t\t\t\t\t\t<\/div>\n\t\t\t\t<\/div>\n\t\t\t\t\t<\/div>\n\t\t<\/div>\n\t\t\t\t\t\t\t<\/div>\n\t\t<\/section>\n\t\t\t\t\t\t\t<\/div>\n\t\t","protected":false},"excerpt":{"rendered":"<p>GUALAXO VIVO O rio Gualaxo do Norte localiza-se ao norte do munic\u00edpio de Mariana, estado de Minas Gerais. Seu curso..<\/p>\n","protected":false},"author":1,"featured_media":0,"parent":0,"menu_order":0,"comment_status":"closed","ping_status":"closed","template":"","meta":{"footnotes":""},"_links":{"self":[{"href":"https:\/\/gualaxovivo.com.br\/index.php\/wp-json\/wp\/v2\/pages\/71"}],"collection":[{"href":"https:\/\/gualaxovivo.com.br\/index.php\/wp-json\/wp\/v2\/pages"}],"about":[{"href":"https:\/\/gualaxovivo.com.br\/index.php\/wp-json\/wp\/v2\/types\/page"}],"author":[{"embeddable":true,"href":"https:\/\/gualaxovivo.com.br\/index.php\/wp-json\/wp\/v2\/users\/1"}],"replies":[{"embeddable":true,"href":"https:\/\/gualaxovivo.com.br\/index.php\/wp-json\/wp\/v2\/comments?post=71"}],"version-history":[{"count":90,"href":"https:\/\/gualaxovivo.com.br\/index.php\/wp-json\/wp\/v2\/pages\/71\/revisions"}],"predecessor-version":[{"id":2190,"href":"https:\/\/gualaxovivo.com.br\/index.php\/wp-json\/wp\/v2\/pages\/71\/revisions\/2190"}],"wp:attachment":[{"href":"https:\/\/gualaxovivo.com.br\/index.php\/wp-json\/wp\/v2\/media?parent=71"}],"curies":[{"name":"wp","href":"https:\/\/api.w.org\/{rel}","templated":true}]}}