{"id":454,"date":"2021-03-23T15:32:40","date_gmt":"2021-03-23T18:32:40","guid":{"rendered":"http:\/\/gualaxovivo.com.br\/?page_id=454"},"modified":"2021-07-19T15:18:14","modified_gmt":"2021-07-19T18:18:14","slug":"final-do-seculo-xvii","status":"publish","type":"page","link":"https:\/\/gualaxovivo.com.br\/index.php\/cartografias-historico-sensoriais\/final-do-seculo-xvii\/","title":{"rendered":"Gualaxo do Norte: a chegada dos sertanistas em busca de ouro"},"content":{"rendered":"\t\t<div data-elementor-type=\"wp-page\" data-elementor-id=\"454\" class=\"elementor elementor-454\">\n\t\t\t\t\t\t\t\t\t<section class=\"elementor-section elementor-top-section elementor-element elementor-element-1a0d9a70 elementor-section-full_width elementor-section-height-default elementor-section-height-default\" data-id=\"1a0d9a70\" data-element_type=\"section\">\n\t\t\t\t\t\t<div class=\"elementor-container elementor-column-gap-default\">\n\t\t\t\t\t<div class=\"elementor-column elementor-col-100 elementor-top-column elementor-element elementor-element-2dafa43e\" data-id=\"2dafa43e\" data-element_type=\"column\">\n\t\t\t<div class=\"elementor-widget-wrap elementor-element-populated\">\n\t\t\t\t\t\t\t\t<div class=\"elementor-element elementor-element-7c909487 elementor-widget elementor-widget-text-editor\" data-id=\"7c909487\" data-element_type=\"widget\" data-widget_type=\"text-editor.default\">\n\t\t\t\t<div class=\"elementor-widget-container\">\n\t\t\t\t\t\t\t<h1 style=\"font-family: 'KohinoorTeleguBold'; font-size: 1.3em;\">GUALAXO DO NORTE: A CHEGADA DOS SERTANISTAS EM BUSCA DE OURO<\/h1>\t\t\t\t\t\t<\/div>\n\t\t\t\t<\/div>\n\t\t\t\t\t<\/div>\n\t\t<\/div>\n\t\t\t\t\t\t\t<\/div>\n\t\t<\/section>\n\t\t\t\t<section class=\"elementor-section elementor-top-section elementor-element elementor-element-6b3ea4e3 elementor-section-boxed elementor-section-height-default elementor-section-height-default\" data-id=\"6b3ea4e3\" data-element_type=\"section\">\n\t\t\t\t\t\t<div class=\"elementor-container elementor-column-gap-default\">\n\t\t\t\t\t<div class=\"elementor-column elementor-col-100 elementor-top-column elementor-element elementor-element-4be348a3\" data-id=\"4be348a3\" data-element_type=\"column\">\n\t\t\t<div class=\"elementor-widget-wrap elementor-element-populated\">\n\t\t\t\t\t\t\t\t<div class=\"elementor-element elementor-element-63aae8d elementor-widget elementor-widget-text-editor\" data-id=\"63aae8d\" data-element_type=\"widget\" data-widget_type=\"text-editor.default\">\n\t\t\t\t<div class=\"elementor-widget-container\">\n\t\t\t\t\t\t\t<!-- wp:html -->\n\n<style>\n\t#hotspot-431 .hotspots-image-container,\n\t#hotspot-431 .leaflet-container {\n\t\tbackground: #ffffff\t}\n\n\t#hotspot-431 .hotspots-placeholder,\n\t.featherlight .featherlight-content.lightbox-431 {\n\t\tbackground: #ffffff;\n\t\tborder: 0 #ffffff solid;\n\t\tcolor: #000000;\n\t}\n\n\t#hotspot-431 .hotspot-title,\n\t#hotspot-431 .bc-product__title a,\n\t.featherlight .featherlight-content.lightbox-431 .hotspot-title,\n\t.featherlight .featherlight-content.lightbox-431 .bc-product__title a {\n\t\tcolor: #000000;\n\t}\n\n\t\t\t#hotspot-431 .hotspot-Custom {\n\t\t\tstroke-width: 1;\n\t\t\tfill: #ffffff;\n\t\t\tfill-opacity: 0;\n\t\t\tstroke: #ffffff;\n\t\t\tstroke-opacity: 0;\n\t\t}\n\t\t#hotspot-431 .hotspot-Custom:hover,\n\t\t#hotspot-431 .hotspot-Custom:focus,\n\t\t#hotspot-431 .hotspot-Custom.hotspot-active {\n\t\t\tfill: #ffffff;\n\t\t\tfill-opacity: 0.81;\n\t\t\toutline: none;\n\t\t\tstroke: #ffffff;\n\t\t\tstroke-opacity: 0.01;\n\t\t}\n\t\t\t#hotspot-431 .hotspot-default {\n\t\t\tstroke-width: 1;\n\t\t\tfill: #ffffff;\n\t\t\tfill-opacity: 0;\n\t\t\tstroke: #ffffff;\n\t\t\tstroke-opacity: 0;\n\t\t}\n\t\t#hotspot-431 .hotspot-default:hover,\n\t\t#hotspot-431 .hotspot-default:focus,\n\t\t#hotspot-431 .hotspot-default.hotspot-active {\n\t\t\tfill: #222222;\n\t\t\tfill-opacity: 0.01;\n\t\t\toutline: none;\n\t\t\tstroke: #000000;\n\t\t\tstroke-opacity: 0.01;\n\t\t}\n\t\t#hotspot-431 .leaflet-tooltip,\n\t#hotspot-431 .leaflet-rrose-content-wrapper {\n\t\tbackground: #ffffff;\n\t\tborder-color: #ffffff;\n\t\tcolor: #000000;\n\t}\n\n\t#hotspot-431 a.leaflet-rrose-close-button {\n\t\tcolor: #000000;\n\t}\n\n\t#hotspot-431 .leaflet-rrose-tip {\n\t\tbackground: #ffffff;\n\t}\n\n\t#hotspot-431 .leaflet-popup-scrolled {\n\t\tborder-bottom-color: #000000;\n\t\tborder-top-color: #000000;\n\t}\n\n\t#hotspot-431 .leaflet-tooltip-top:before {\n\t\tborder-top-color: #ffffff;\n\t}\n\n\t#hotspot-431 .leaflet-tooltip-bottom:before {\n\t\tborder-bottom-color: #ffffff;\n\t}\n\t#hotspot-431 .leaflet-tooltip-left:before {\n\t\tborder-left-color: #ffffff;\n\t}\n\t#hotspot-431 .leaflet-tooltip-right:before {\n\t\tborder-right-color: #ffffff;\n\t}\n<\/style>\n\n\n\t<div class=\"hotspots-container  layout-right event-click\" id=\"hotspot-431\" data-layout=\"right\" data-trigger=\"click\">\n\t\t<div class=\"hotspots-interaction\">\n\t\t\t\t<div class=\"hotspots-placeholder\" id=\"content-hotspot-431\">\n\t\t<div class=\"hotspot-initial\">\n\t\t\t<h2 class=\"hotspot-title\">\n\t\t\t\tMapa 2\t\t\t<\/h2>\n\t\t\t<div class=\"hotspot-content\">\n\t\t\t\t\t\t\t\t<p> <span style=\"font-size: 16px\">A CHEGADA DOS SERTANISTAS EM BUSCA DO OURO<\/span><br \/>\n  <span style=\"font-size: 12px\">(Final do s\u00e9culo XVII)<\/span><\/p>\n<p style=\"font-size: 12px\"><span style=\"font-size: 12px\">Para acessar sons, iconografias e relatos hist\u00f3ricos sobre o Gualaxo do Norte no per\u00edodo da chegada dos sertanistas em busca do ouro, clique nos \u00edcones do mapa. <\/p>\n<p><\/p>\n<p style=\"font-size: 12px\">Para acessar o texto em PDF sobre as sonoridades da regi\u00e3o no final do s\u00e9culo XVII tendo o rio Gualaxo do Norte como narrador, <span style=\"text-decoration: underline\"><a href=\"https:\/\/gualaxovivo.com.br\/wp-content\/uploads\/2021\/07\/modelo-texto-capitulos-ebook_2_v2.pdf\" target=\"_blank\">clique aqui<\/a><\/span>. <\/p>\n<p style=\"font-size: 12px\">Para ouvir esta narrativa, clique no play para ouvir.<\/span><\/p>\n<p style=\"font-size: 12px\">\n<article class=\"iron_widget_radio\">\n<div class=\"iron-audioplayer  sonaar-no-artwork sr_waveform_mediaElement\" id=\"arbitrary-instance-69e4c0655c081-7d955e4792\" data-id=\"arbitrary-instance-69e4c0655c081\" data-albums=\"1979\"data-url-playlist=\"https:\/\/gualaxovivo.com.br\/?load=playlist.json&#038;title=&#038;albums=1979&#038;feed_title=%20&#038;feed=https:\/\/gualaxovivo.com.br\/wp-content\/uploads\/2021\/07\/AUDIO-2-DO-LIVRO.mp3&#038;feed_img=&#038;el_widget_id=&#038;artwork=&#038;posts_per_pages=-1&#038;all_category=&#038;single_playlist=\" data-sticky-player=\"0\" data-shuffle=\"\" data-playlist_title=\"\" data-scrollbar=\"\" data-wave-color=\"\" data-wave-progress-color=\"\" data-no-wave=\"\" data-hide-progressbar=\"\" data-feedurl=\"1\" data-notrackskip=\"\" data-playertype=\"\" data-playertemplate =\"skin_float_tracklist\" data-speedrate=\"1\" style=\"opacity:0;\">\n<div class=\"sonaar-grid\" style=&quot;display:none;&quot;>\n<div class=\"playlist\">\n<h3 class=\"sr_it-playlist-title\"><\/h3>\n<div class=\"srp_subtitle\"><\/div>\n<div class=\"srp_tracklist\">\n<ul class\"\">\n<li \n            class=\"sr-playlist-item sr-playlist-item-flex\" \n            data-audiopath=\"https:\/\/gualaxovivo.com.br\/wp-content\/uploads\/2021\/07\/AUDIO-2-DO-LIVRO.mp3\"\n            data-showloading=\"1\"\n            data-albumTitle=\"\"\n            data-albumArt=\"\"\n            data-releasedate=\"\"\n            data-date=\"\"\n            data-show-date=\"\"\n            data-trackTitle=\" \"\n            data-trackID=\"\"\n            data-trackTime=\"\"\n            data-relatedTrack=\"\"\n            data-post-url=\"\"\n            ><span class=\"store-list\"><\/span><\/li>\n<\/ul>\n<\/div>\n<\/div>\n<\/div>\n<div class=\"album-player\">\n<div class=\"album-title\"><\/div>\n<div class=\"track-title\"><\/div>\n<div class=\"player \" >\n<div class=\"sr_progressbar\">\n<div class=\"currentTime\"><\/div>\n<div id=\"arbitrary-instance-69e4c0655c081-3937ed2c14-wave\" class=\"wave\" >\n<div class=\"sonaar_fake_wave\" style=\"height:70px\">\n                <audio src=\"\" class=\"sonaar_media_element\"><\/audio><\/p>\n<div class=\"sonaar_wave_base\">\n                    <canvas id=arbitrary-instance-69e4c0655c081-container class=\"\" height=\"70\" width=\"2540\"><\/canvas><br \/>\n                    <svg><\/svg>\n                <\/div>\n<div class=\"sonaar_wave_cut\">\n                    <canvas id=arbitrary-instance-69e4c0655c081-progress class=\"\" height=\"70\" width=\"2540\"><\/canvas><br \/>\n                    <svg><\/svg>\n                <\/div>\n<\/p><\/div>\n<\/p><\/div>\n<div class=\"totalTime\"><\/div>\n<\/p><\/div>\n<div class=\"srp_main_control srp_oneColumn\">\n<div class=\"control\">\n<div class=\"play\" style=\"opacity:0;\">\n                <svg version=\"1.1\" xmlns=\"http:\/\/www.w3.org\/2000\/svg\" xmlns:xlink=\"http:\/\/www.w3.org\/1999\/xlink\" width=\"26\" height=\"31.47\" x=\"0px\" y=\"0px\" viewBox=\"0 0 17.5 21.2\" style=\"enable-background:new 0 0 17.5 21.2;\" xml:space=\"preserve\">\n                    <path d=\"M0,0l17.5,10.9L0,21.2V0z\"\/>\n                    <rect width=\"6\" height=\"21.2\"\/>\n                    <rect x=\"11.5\" width=\"6\" height=\"21.2\"\/>\n                <\/svg>\n            <\/div>\n<\/div>\n<div class=\"control\"><\/div>\n<\/div>\n<\/div>\n<\/div>\n<div class=\"album-store\"><\/div>\n<\/div>\n<\/article>\n<p><\/p>\n<p style=\"font-size: 12px\">Para acessar atividades did\u00e1ticas sobre as sonoridades do entorno sociocultural do Gualaxo do Norte no final do s\u00e9culo XVII, <span style=\"text-decoration: underline\"><a href=\"https:\/\/gualaxovivo.com.br\/wp-content\/uploads\/2021\/12\/Atividades-2.pdf\" target=\"_blank\" rel=\"noopener\">clique aqui.<\/a><\/span><\/p>\n\t\t\t\t\t\t\t<\/div>\n\t\t<\/div>\n\t<\/div>\n<div class=\"hotspots-image-container\">\n\t<img\n\t\twidth=\"2306\"\n\t\theight=\"1750\"\n\t\tsrc=\"https:\/\/gualaxovivo.com.br\/wp-content\/uploads\/2021\/03\/MAPA-2-copie-1-1.png\"\n\t\talt=\"Mapa 2\"\n\t\tclass=\"hotspots-image skip-lazy\"\n\t\tusemap=\"#hotspots-image-431\"\n\t\tdata-image-title=\"Mapa 2\"\n\t\tdata-image-description=\"A CHEGADA DOS SERTANISTAS EM BUSCA DO OURO\r\n  (Final do s\u00e9culo XVII)\r\nPara acessar sons, iconografias e relatos hist\u00f3ricos sobre o Gualaxo do Norte no per\u00edodo da chegada dos sertanistas em busca do ouro, clique nos \u00edcones do mapa. \r\n    \r\n    Para acessar o texto em PDF sobre as sonoridades da regi\u00e3o no final do s\u00e9culo XVII tendo o rio Gualaxo do Norte como narrador, clique aqui. \r\n    Para ouvir esta narrativa, clique no play para ouvir.\r\n  \r\n [sonaar_audioplayer playlist_type=\"feed\" albums=\"1979\" feed_title=\" \" artwork_id=\"\" display_control_artwork=\"false\" feed=\"https:\/\/gualaxovivo.com.br\/wp-content\/uploads\/2021\/07\/AUDIO-2-DO-LIVRO.mp3\" hide_artwork=\"false\" show_playlist=\"false\" show_track_market=\"false\" show_album_market=\"false\" hide_timeline=\"false\"][\/sonaar_audioplayer]\r\nPara acessar atividades did\u00e1ticas sobre as sonoridades do entorno sociocultural do Gualaxo do Norte no final do s\u00e9culo XVII, clique aqui.\"\n\t\tdata-event-trigger=\"click\"\n\t\tdata-always-visible=\"false\"\n\t\tdata-id=\"431\"\n\t\tdata-no-lazy=\"1\"\n\t\tdata-lazy-src=\"\"\n\t\tdata-lazy=\"false\"\n\t\tloading=\"eager\"\n\t\tdata-skip-lazy=\"1\"\n\t\t>\n<\/div>\t\t<\/div>\n\t\t<map name=\"hotspots-image-431\" class=\"hotspots-map\">\n\t\t\t\t\t\t\t\t\t\t\t<area\n\t\t\t\t\tshape=\"poly\"\n\t\t\t\t\tcoords=\"574,1234,591,1228,608,1222,632,1220,659,1222,681,1227,704,1240,715,1253,717,1269,711,1291,697,1311,676,1324,639,1332,603,1326,573,1305,559,1287,553,1263,563,1244\"\n\t\t\t\t\thref=\"#hotspot-hotspot-431-0\"\n\t\t\t\t\trel=\"\"\n\t\t\t\t\ttitle=\"Bateia\"\n\t\t\t\t\talt=\"Bateia\"\n\t\t\t\t\tdata-action=\"\"\n\t\t\t\t\tdata-color-scheme=\"\"\n\t\t\t\t\tdata-id=\"area-hotspot-431-0\"\n\t\t\t\t\ttarget=\"\"\n\t\t\t\t\tclass=\"more-info-area\"\n\t\t\t\t\t>\n\t\t\t\t\t\t\t\t\t\t\t<area\n\t\t\t\t\tshape=\"poly\"\n\t\t\t\t\tcoords=\"2443,1457,2317,1594,2363,1631,2364,1692,2496,1695,2552,1631,2604,1583,2609,1491\"\n\t\t\t\t\thref=\"#hotspot-hotspot-431-1\"\n\t\t\t\t\trel=\"\"\n\t\t\t\t\ttitle=\"Tropas de mulas\"\n\t\t\t\t\talt=\"Tropas de mulas\"\n\t\t\t\t\tdata-action=\"\"\n\t\t\t\t\tdata-color-scheme=\"\"\n\t\t\t\t\tdata-id=\"area-hotspot-431-1\"\n\t\t\t\t\ttarget=\"\"\n\t\t\t\t\tclass=\"more-info-area\"\n\t\t\t\t\t>\n\t\t\t\t\t\t\t\t\t\t\t<area\n\t\t\t\t\tshape=\"poly\"\n\t\t\t\t\tcoords=\"1517,1303,1523,1275,1487,1282,1472,1236,1502,1216,1530,1243,1552,1222,1567,1209,1580,1200,1593,1188,1588,1145,1611,1109,1656,1095,1698,1112,1714,1146,1708,1187,1686,1211,1651,1221,1621,1215,1600,1241,1564,1277,1568,1302\"\n\t\t\t\t\thref=\"#hotspot-hotspot-431-2\"\n\t\t\t\t\trel=\"\"\n\t\t\t\t\ttitle=\"Derrubada de mata\"\n\t\t\t\t\talt=\"Derrubada de mata\"\n\t\t\t\t\tdata-action=\"\"\n\t\t\t\t\tdata-color-scheme=\"\"\n\t\t\t\t\tdata-id=\"area-hotspot-431-2\"\n\t\t\t\t\ttarget=\"\"\n\t\t\t\t\tclass=\"more-info-area\"\n\t\t\t\t\t>\n\t\t\t\t\t\t\t\t\t\t\t<area\n\t\t\t\t\tshape=\"poly\"\n\t\t\t\t\tcoords=\"1973,1061,1924,1105,1908,1207,1862,1235,1910,1296,2036,1296,2090,1231,2031,1211,2017,1108\"\n\t\t\t\t\thref=\"#hotspot-hotspot-431-3\"\n\t\t\t\t\trel=\"\"\n\t\t\t\t\ttitle=\"Ro\u00e7as\"\n\t\t\t\t\talt=\"Ro\u00e7as\"\n\t\t\t\t\tdata-action=\"\"\n\t\t\t\t\tdata-color-scheme=\"\"\n\t\t\t\t\tdata-id=\"area-hotspot-431-3\"\n\t\t\t\t\ttarget=\"\"\n\t\t\t\t\tclass=\"more-info-area\"\n\t\t\t\t\t>\n\t\t\t\t\t\t\t\t\t\t\t<area\n\t\t\t\t\tshape=\"poly\"\n\t\t\t\t\tcoords=\"2263,1116,2298,1174,2336,1126,2357,1120,2368,1106,2371,1096,2394,1075,2432,1050,2505,1004,2490,978\"\n\t\t\t\t\thref=\"#hotspot-hotspot-431-4\"\n\t\t\t\t\trel=\"\"\n\t\t\t\t\ttitle=\"Viol\u00eancia e exterm\u00ednio\"\n\t\t\t\t\talt=\"Viol\u00eancia e exterm\u00ednio\"\n\t\t\t\t\tdata-action=\"\"\n\t\t\t\t\tdata-color-scheme=\"\"\n\t\t\t\t\tdata-id=\"area-hotspot-431-4\"\n\t\t\t\t\ttarget=\"\"\n\t\t\t\t\tclass=\"more-info-area\"\n\t\t\t\t\t>\n\t\t\t\t\t<\/map>\n\n\t\t\n\t\t\t\t\t\n\t\t\t\t\t\t<div class=\"hotspot-info \" id=\"hotspot-hotspot-431-0\">\n\t\t\t\t\n\t\t\t\t<h2 class=\"hotspot-title\">Bateia<\/h2>\t\t\t\t\t\t\t\t\t<div class=\"hotspot-thumb\">\n\t\t\t\t\t\t<img loading=\"lazy\" decoding=\"async\" width=\"100\" height=\"100\" src=\"https:\/\/gualaxovivo.com.br\/wp-content\/uploads\/2021\/04\/bateia.png\" class=\"attachment-medium size-medium\" alt=\"\" \/>\t\t\t\t\t<\/div>\n\t\t\t\t\t\t\t\t<div class=\"hotspot-content\">\n\t\t\t\t\t<p><!--[if lt IE 9]><script>document.createElement('audio');<\/script><![endif]--><br \/>\n<audio class=\"wp-audio-shortcode\" id=\"audio-454-1\" preload=\"none\" style=\"width: 100%;\" controls=\"controls\"><source type=\"audio\/mpeg\" src=\"http:\/\/gualaxovivo.com.br\/wp-content\/uploads\/2021\/04\/Bateia-1.m4a?_=1\" \/><a href=\"http:\/\/gualaxovivo.com.br\/wp-content\/uploads\/2021\/04\/Bateia-1.m4a\">http:\/\/gualaxovivo.com.br\/wp-content\/uploads\/2021\/04\/Bateia-1.m4a<\/a><\/audio><\/p>\n<p style=\"font-size: 12px\">Bateia<br \/>\n<span style=\"font-size: 6pt\">https:\/\/www.youtube.com\/watch? v=ETkA_mj3wqA<\/span><\/p>\n<p style=\"font-size: 13px\"><a href=\"http:\/\/gualaxovivo.com.br\/wp-content\/uploads\/2021\/04\/Ficha-Mapa-2-Bateia-1-1.pdf\" target=\"_blank\" rel=\"noopener\">Fotografia\u00a0<em>Escravos no garimpo de ouro<\/em>, produzida por Marc Ferrez em 1888 [Diamantina].<\/a><\/p>\n<p style=\"font-size: 13px\"><a href=\"http:\/\/gualaxovivo.com.br\/wp-content\/uploads\/2021\/04\/Mapa-2-\u2013-Bateia-Sambeiro-.pdf\">Fotografia <em>Grupo de faiscadores de ouro<\/em>. Fazendo Sambeiro (Mariana, MG), s.d.<\/a><\/p>\n<p style=\"font-size: 13px\"><a href=\"http:\/\/gualaxovivo.com.br\/wp-content\/uploads\/2021\/05\/Ficha-Mapa-2-Bateia-Transcricao-de-canto-vissungo-sobre-o-trabalho-no-garimpo-de-faiscacao..pdf\" target=\"_blank\" rel=\"noopener\">Transcri\u00e7\u00e3o de canto vissungo sobre o trabalho no garimpo de faisca\u00e7\u00e3o.<\/a><\/p>\n<p style=\"font-size: 13px\"><a href=\"http:\/\/gualaxovivo.com.br\/wp-content\/uploads\/2021\/05\/de-Ficha-Mapa-2-Bateia-Transcricao-de-metafora-sonora-relativa-a-extracao-do-minerio-em-Carta-que-veio-das-minas-1727_..pdf\" target=\"_blank\" rel=\"noopener\">Transcri\u00e7\u00e3o de met\u00e1fora sonora relativa \u00e0 extra\u00e7\u00e3o do min\u00e9rio em Carta que veio das minas [1727?].<\/a><\/p>\n\t\t\t\t<\/div>\n\t\t\t<\/div>\n\t\t\t\t\t\n\t\t\t\t\t\t<div class=\"hotspot-info \" id=\"hotspot-hotspot-431-1\">\n\t\t\t\t\n\t\t\t\t<h2 class=\"hotspot-title\">Tropas de mulas<\/h2>\t\t\t\t\t\t\t\t\t<div class=\"hotspot-thumb\">\n\t\t\t\t\t\t<img loading=\"lazy\" decoding=\"async\" width=\"100\" height=\"100\" src=\"https:\/\/gualaxovivo.com.br\/wp-content\/uploads\/2021\/03\/tropa-de-mulas.png\" class=\"attachment-medium size-medium\" alt=\"\" \/>\t\t\t\t\t<\/div>\n\t\t\t\t\t\t\t\t<div class=\"hotspot-content\">\n\t\t\t\t\t<p><audio class=\"wp-audio-shortcode\" id=\"audio-454-2\" preload=\"none\" style=\"width: 100%;\" controls=\"controls\"><source type=\"audio\/mpeg\" src=\"http:\/\/gualaxovivo.com.br\/wp-content\/uploads\/2021\/04\/Tropa-de-Mulas-TROPEIROS.m4a?_=2\" \/><a href=\"http:\/\/gualaxovivo.com.br\/wp-content\/uploads\/2021\/04\/Tropa-de-Mulas-TROPEIROS.m4a\">http:\/\/gualaxovivo.com.br\/wp-content\/uploads\/2021\/04\/Tropa-de-Mulas-TROPEIROS.m4a<\/a><\/audio><\/p>\n<p style=\"font-size: 12px\">Tropas de Mulas<br \/>\n<span style=\"font-size: 6pt\">https:\/\/www.youtube.com\/watch? v=zYsI8kl_d7A<\/span><\/p>\n<p style=\"font-size: 13px\"><a href=\"http:\/\/gualaxovivo.com.br\/wp-content\/uploads\/2021\/04\/Ficha-Mapa-2-Tropa-de-Mulas-1.pdf\" target=\"_blank\" rel=\"noopener\">Iconografia <em>Iconografia <em>Montanhas aur\u00edferas em Cata-Branca na Prov\u00edncia de Minas<\/em>, produzida por Carl. F. P. von Martius, c. 1856.<\/em><\/a><\/p>\n<p style=\"font-size: 13px\"><a href=\"http:\/\/gualaxovivo.com.br\/wp-content\/uploads\/2021\/04\/Mapa-02-Thierry-Freres-Tropa-de-Mulas.pdf\" target=\"_blank\" rel=\"noopener\">Iconografia <em>Passage d&#8217;une rivi\u00e8re gu\u00e9able<\/em>, produzida por Thierry Fr\u00e8res em 1835.<\/a><\/p>\n<p style=\"font-size: 13px\"><a href=\"http:\/\/gualaxovivo.com.br\/wp-content\/uploads\/2021\/05\/Ficha-Mapa-2-Texto-Tropa-de-Mulas-Transcricao-de-relato-sobre-o-som-da-travessia-das-tropas-de-mulas-produzido-por-Johan-Baptist-von-Spix-e-Karl-Friedrich-Philipp-von-Martius-von.pdf\" target=\"_blank\" rel=\"noopener\">Transcri\u00e7\u00e3o de relato sobre o som da travessia das tropas de mulas, produzido por Johan Baptist von Spix e Karl Friedrich Philipp von Martius von Martius em livro publicado entre 1824-1832.<\/a><\/p>\n<p style=\"font-size: 13px\"><a href=\"http:\/\/gualaxovivo.com.br\/wp-content\/uploads\/2021\/05\/Ficha-Mapa-2-Texto-Tropa-de-Mulas-Transcricao-de-relato-sobre-o-som-da-travessia-das-tropas-de-mulas-produzido-por-Johan-Baptist-von-Spix-e-Karl-Friedrich-Philipp-von-Martius-von-.pdf\" target=\"_blank\" rel=\"noopener\">Transcri\u00e7\u00e3o de novo relato sobre o som da travessia das tropas de mulas, produzido por Johan Baptist von Spix e Karl Friedrich Philipp von Martius von Martius em livro publicado entre 1824-1832.<\/a><\/p>\n\t\t\t\t<\/div>\n\t\t\t<\/div>\n\t\t\t\t\t\n\t\t\t\t\t\t<div class=\"hotspot-info \" id=\"hotspot-hotspot-431-2\">\n\t\t\t\t\n\t\t\t\t<h2 class=\"hotspot-title\">Derrubada de mata<\/h2>\t\t\t\t\t\t\t\t\t<div class=\"hotspot-thumb\">\n\t\t\t\t\t\t<img loading=\"lazy\" decoding=\"async\" width=\"100\" height=\"100\" src=\"https:\/\/gualaxovivo.com.br\/wp-content\/uploads\/2021\/04\/derrubada-de-mata.png\" class=\"attachment-medium size-medium\" alt=\"\" \/>\t\t\t\t\t<\/div>\n\t\t\t\t\t\t\t\t<div class=\"hotspot-content\">\n\t\t\t\t\t<p><audio class=\"wp-audio-shortcode\" id=\"audio-454-3\" preload=\"none\" style=\"width: 100%;\" controls=\"controls\"><source type=\"audio\/mpeg\" src=\"http:\/\/gualaxovivo.com.br\/wp-content\/uploads\/2021\/04\/Durrubada-de-arvore.mp3?_=3\" \/><a href=\"http:\/\/gualaxovivo.com.br\/wp-content\/uploads\/2021\/04\/Durrubada-de-arvore.mp3\">http:\/\/gualaxovivo.com.br\/wp-content\/uploads\/2021\/04\/Durrubada-de-arvore.mp3<\/a><\/audio><\/p>\n<p style=\"font-size: 12px\">Derrubada de Mata<br \/>\n<span style=\"font-size: 6pt\">https:\/\/www.audiomicro.com\/tree-falling-tree-fallfalling-object-tree-falling-sound-effects-45041<\/span><\/p>\n<p style=\"font-size: 13px\"><a href=\"http:\/\/gualaxovivo.com.br\/wp-content\/uploads\/2021\/04\/Ficha-Derrubada-de-arvore-Laura-1-1.pdf\" target=\"_blank\" rel=\"noopener\">Litografia <em>D\u00e9frichement d\u2019une for\u00eat<\/em> [Derrubada de uma floresta], produzida por Johann Moritz Rugendas entre 1827 a 1835. <\/a><\/p>\n<p style=\"font-size: 13px\"><a href=\"http:\/\/gualaxovivo.com.br\/wp-content\/uploads\/2021\/04\/Mapa-2-\u2013-Derrubada-da-Mata-\u2013-Fazenda-Pombal.pdf\" target=\"_blank\" rel=\"noopener\">Litografia <em>Fazenda Pombal, Col\u00f4nia Leopoldina<\/em> [Bahia], produzida por Bossut de Luze entre 1820 e 1840.<\/a><\/p>\n<p style=\"font-size: 13px\"><a href=\"http:\/\/gualaxovivo.com.br\/wp-content\/uploads\/2021\/05\/Ficha-Mapa-2-Derrubada-das-Arvores-Canto-vissungo-sobre-a-derrubada-da-mata..pdf\" target=\"_blank\" rel=\"noopener\">Canto vissungo sobre a derrubada da mata.<\/a><\/p>\n<p style=\"font-size: 13px\"><a href=\"http:\/\/gualaxovivo.com.br\/wp-content\/uploads\/2021\/04\/Ficha-Derrubada-de-arvore-Laura-1-4.pdf\" target=\"_blank\" rel=\"noopener\">Transcri\u00e7\u00e3o de relato de som da derrubada da floresta por Saint Hilaire em livro publicado entre 1816-1822.<\/a><\/p>\n\t\t\t\t<\/div>\n\t\t\t<\/div>\n\t\t\t\t\t\n\t\t\t\t\t\t<div class=\"hotspot-info \" id=\"hotspot-hotspot-431-3\">\n\t\t\t\t\n\t\t\t\t<h2 class=\"hotspot-title\">Ro\u00e7as<\/h2>\t\t\t\t\t\t\t\t\t<div class=\"hotspot-thumb\">\n\t\t\t\t\t\t<img loading=\"lazy\" decoding=\"async\" width=\"100\" height=\"100\" src=\"https:\/\/gualaxovivo.com.br\/wp-content\/uploads\/2021\/03\/rocas-1.png\" class=\"attachment-medium size-medium\" alt=\"\" \/>\t\t\t\t\t<\/div>\n\t\t\t\t\t\t\t\t<div class=\"hotspot-content\">\n\t\t\t\t\t<p><audio class=\"wp-audio-shortcode\" id=\"audio-454-4\" preload=\"none\" style=\"width: 100%;\" controls=\"controls\"><source type=\"audio\/mpeg\" src=\"http:\/\/gualaxovivo.com.br\/wp-content\/uploads\/2021\/04\/Rocas.m4a?_=4\" \/><a href=\"http:\/\/gualaxovivo.com.br\/wp-content\/uploads\/2021\/04\/Rocas.m4a\">http:\/\/gualaxovivo.com.br\/wp-content\/uploads\/2021\/04\/Rocas.m4a<\/a><\/audio><\/p>\n<p style=\"font-size: 12px\">Ro\u00e7as<br \/>\nEnxad\u00e3o na terra<br \/>\n<span style=\"font-size: 6pt\">https:\/\/www.youtube.com\/watch?v=cBKO_uO5HpU<\/span><\/p>\n<p style=\"font-size: 13px\"><a href=\"http:\/\/gualaxovivo.com.br\/wp-content\/uploads\/2021\/04\/Ficha-Rocas-Mapa-02-1.pdf\" target=\"_blank\" rel=\"noopener\">Litografia <em>Travailleur<\/em> a la roca, produzida por Victor Frond em 1861.<\/a><\/p>\n<p style=\"font-size: 13px\"><a href=\"http:\/\/gualaxovivo.com.br\/wp-content\/uploads\/2021\/04\/Mapa-2-\u2013-Rocas-\u2013-Um-roceiro.pdf\" target=\"_blank\" rel=\"noopener\">Litografia <em>Um roceiro<\/em>, produzida por Joaquim Lopes de Barros Cabral Teive em 1841.<\/a><\/p>\n<p style=\"font-size: 13px\"><a href=\"https:\/\/gualaxovivo.com.br\/wp-content\/uploads\/2021\/07\/MAPA-2-Rocas-Canto-de-trabalho-depoimento-do-aboiador-Vitor-Jose-da-Rocha-decada-de-1960..pdf\" target=\"_blank\" rel=\"noopener\">Canto de trabalho (depoimento do aboiador Vitor Jos\u00e9 da Rocha), d\u00e9cada de 1960.<\/a><\/p>\n\t\t\t\t<\/div>\n\t\t\t<\/div>\n\t\t\t\t\t\n\t\t\t\t\t\t<div class=\"hotspot-info \" id=\"hotspot-hotspot-431-4\">\n\t\t\t\t\n\t\t\t\t<h2 class=\"hotspot-title\">Viol\u00eancia e exterm\u00ednio<\/h2>\t\t\t\t\t\t\t\t\t<div class=\"hotspot-thumb\">\n\t\t\t\t\t\t<img loading=\"lazy\" decoding=\"async\" width=\"100\" height=\"100\" src=\"https:\/\/gualaxovivo.com.br\/wp-content\/uploads\/2021\/04\/exterminio.png\" class=\"attachment-medium size-medium\" alt=\"\" \/>\t\t\t\t\t<\/div>\n\t\t\t\t\t\t\t\t<div class=\"hotspot-content\">\n\t\t\t\t\t<p><audio class=\"wp-audio-shortcode\" id=\"audio-454-5\" preload=\"none\" style=\"width: 100%;\" controls=\"controls\"><source type=\"audio\/mpeg\" src=\"http:\/\/gualaxovivo.com.br\/wp-content\/uploads\/2021\/04\/GARRUCHA-LAPORT-320-tiro.m4a?_=5\" \/><a href=\"http:\/\/gualaxovivo.com.br\/wp-content\/uploads\/2021\/04\/GARRUCHA-LAPORT-320-tiro.m4a\">http:\/\/gualaxovivo.com.br\/wp-content\/uploads\/2021\/04\/GARRUCHA-LAPORT-320-tiro.m4a<\/a><\/audio><\/p>\n<p style=\"font-size: 12px\">Viol\u00eancia e Exterm\u00ednio<br \/>\nGarrucha<br \/>\n<span style=\"font-size: 6pt\">https:\/\/www.youtube.com\/ watch?v=G-ulHZGiMkQ<\/span><\/p>\n<p style=\"font-size: 13px\"><a href=\"http:\/\/gualaxovivo.com.br\/wp-content\/uploads\/2021\/04\/Ficha-Violencia-e-Exterminio-Mapa-02-1.pdf\" target=\"_blank\" rel=\"noopener\">Iconografia <em>Guerrilha<\/em>, produzida por Johann Moritz Rugendas, c. 1835.<\/a><\/p>\n<p style=\"font-size: 13px\"><a href=\"http:\/\/gualaxovivo.com.br\/wp-content\/uploads\/2021\/04\/Mapa-2-\u2013-Violencia-\u2013-Soldats-indiens.pdf\" target=\"_blank\" rel=\"noopener\">Iconografia. Soldats indiens combattant les Botocoudos, produzida por Ferdinand Denis em 1846.<\/a><\/p>\n<p style=\"font-size: 13px\"><a href=\"http:\/\/gualaxovivo.com.br\/wp-content\/uploads\/2021\/04\/Ficha-Violencia-e-Exterminio-Mapa-02-2.pdf\" target=\"_blank\" rel=\"noopener\">Transcri\u00e7\u00e3o de relato sobre os sons dos embates armados contra os ind\u00edgenas, produzido por Johm Mawe e publicado em livro em 1812.<\/a><\/p>\n<p style=\"font-size: 13px\"><a href=\"http:\/\/gualaxovivo.com.br\/wp-content\/uploads\/2021\/04\/Ficha-Violencia-e-Exterminio-Mapa-02-3.pdf\" target=\"_blank\" rel=\"noopener\">Transcri\u00e7\u00e3o de relato sobre os cantos ind\u00edgenas, produzido por Saint-Hilaire e publicado em livro entre 1816-1822.<\/a><\/p>\n\t\t\t\t<\/div>\n\t\t\t<\/div>\n\t\t\t<\/div>\n\n\n<!-- \/wp:html -->\t\t\t\t\t\t<\/div>\n\t\t\t\t<\/div>\n\t\t\t\t\t<\/div>\n\t\t<\/div>\n\t\t\t\t\t\t\t<\/div>\n\t\t<\/section>\n\t\t\t\t\t\t\t<\/div>\n\t\t","protected":false},"excerpt":{"rendered":"<p>GUALAXO DO NORTE: A CHEGADA DOS SERTANISTAS EM BUSCA DE OURO<\/p>\n","protected":false},"author":1,"featured_media":0,"parent":128,"menu_order":2,"comment_status":"closed","ping_status":"closed","template":"","meta":{"footnotes":""},"_links":{"self":[{"href":"https:\/\/gualaxovivo.com.br\/index.php\/wp-json\/wp\/v2\/pages\/454"}],"collection":[{"href":"https:\/\/gualaxovivo.com.br\/index.php\/wp-json\/wp\/v2\/pages"}],"about":[{"href":"https:\/\/gualaxovivo.com.br\/index.php\/wp-json\/wp\/v2\/types\/page"}],"author":[{"embeddable":true,"href":"https:\/\/gualaxovivo.com.br\/index.php\/wp-json\/wp\/v2\/users\/1"}],"replies":[{"embeddable":true,"href":"https:\/\/gualaxovivo.com.br\/index.php\/wp-json\/wp\/v2\/comments?post=454"}],"version-history":[{"count":27,"href":"https:\/\/gualaxovivo.com.br\/index.php\/wp-json\/wp\/v2\/pages\/454\/revisions"}],"predecessor-version":[{"id":2072,"href":"https:\/\/gualaxovivo.com.br\/index.php\/wp-json\/wp\/v2\/pages\/454\/revisions\/2072"}],"up":[{"embeddable":true,"href":"https:\/\/gualaxovivo.com.br\/index.php\/wp-json\/wp\/v2\/pages\/128"}],"wp:attachment":[{"href":"https:\/\/gualaxovivo.com.br\/index.php\/wp-json\/wp\/v2\/media?parent=454"}],"curies":[{"name":"wp","href":"https:\/\/api.w.org\/{rel}","templated":true}]}}