{"id":395,"date":"2021-03-16T15:12:31","date_gmt":"2021-03-16T18:12:31","guid":{"rendered":"http:\/\/gualaxovivo.com.br\/?page_id=395"},"modified":"2022-06-08T16:51:40","modified_gmt":"2022-06-08T19:51:40","slug":"producoes-digitais","status":"publish","type":"page","link":"https:\/\/gualaxovivo.com.br\/index.php\/producoes-digitais\/","title":{"rendered":"Produ\u00e7\u00f5es digitais"},"content":{"rendered":"\t\t<div data-elementor-type=\"wp-page\" data-elementor-id=\"395\" class=\"elementor elementor-395\">\n\t\t\t\t\t\t\t\t\t<section class=\"elementor-section elementor-top-section elementor-element elementor-element-7c1cd09 elementor-section-boxed elementor-section-height-default elementor-section-height-default\" data-id=\"7c1cd09\" data-element_type=\"section\">\n\t\t\t\t\t\t<div class=\"elementor-container elementor-column-gap-default\">\n\t\t\t\t\t<div class=\"elementor-column elementor-col-100 elementor-top-column elementor-element elementor-element-2d9991f\" data-id=\"2d9991f\" data-element_type=\"column\">\n\t\t\t<div class=\"elementor-widget-wrap elementor-element-populated\">\n\t\t\t\t\t\t\t\t<div class=\"elementor-element elementor-element-65fa6a9 elementor-widget elementor-widget-heading\" data-id=\"65fa6a9\" data-element_type=\"widget\" data-widget_type=\"heading.default\">\n\t\t\t\t<div class=\"elementor-widget-container\">\n\t\t\t<h2 class=\"elementor-heading-title elementor-size-default\">Apresenta\u00e7\u00e3o da equipe em projetos acad\u00eamicos<\/h2>\t\t<\/div>\n\t\t\t\t<\/div>\n\t\t\t\t\t<\/div>\n\t\t<\/div>\n\t\t\t\t\t\t\t<\/div>\n\t\t<\/section>\n\t\t\t\t<section class=\"elementor-section elementor-top-section elementor-element elementor-element-0277afa elementor-section-boxed elementor-section-height-default elementor-section-height-default\" data-id=\"0277afa\" data-element_type=\"section\">\n\t\t\t\t\t\t<div class=\"elementor-container elementor-column-gap-default\">\n\t\t\t\t\t<div class=\"elementor-column elementor-col-50 elementor-top-column elementor-element elementor-element-d4ca220\" data-id=\"d4ca220\" data-element_type=\"column\">\n\t\t\t<div class=\"elementor-widget-wrap elementor-element-populated\">\n\t\t\t\t\t\t\t\t<div class=\"elementor-element elementor-element-7be04cb elementor-aspect-ratio-169 elementor-widget elementor-widget-video\" data-id=\"7be04cb\" data-element_type=\"widget\" data-settings=\"{&quot;youtube_url&quot;:&quot;https:\\\/\\\/www.youtube.com\\\/watch?v=4O9JjUaVlTc&quot;,&quot;video_type&quot;:&quot;youtube&quot;,&quot;controls&quot;:&quot;yes&quot;,&quot;aspect_ratio&quot;:&quot;169&quot;}\" data-widget_type=\"video.default\">\n\t\t\t\t<div class=\"elementor-widget-container\">\n\t\t\t\t\t<div class=\"elementor-wrapper elementor-fit-aspect-ratio elementor-open-inline\">\n\t\t\t<div class=\"elementor-video\"><\/div>\t\t<\/div>\n\t\t\t\t<\/div>\n\t\t\t\t<\/div>\n\t\t\t\t\t<\/div>\n\t\t<\/div>\n\t\t\t\t<div class=\"elementor-column elementor-col-50 elementor-top-column elementor-element elementor-element-c71c736\" data-id=\"c71c736\" data-element_type=\"column\">\n\t\t\t<div class=\"elementor-widget-wrap elementor-element-populated\">\n\t\t\t\t\t\t\t\t<div class=\"elementor-element elementor-element-dc5860d elementor-widget elementor-widget-text-editor\" data-id=\"dc5860d\" data-element_type=\"widget\" data-widget_type=\"text-editor.default\">\n\t\t\t\t<div class=\"elementor-widget-container\">\n\t\t\t\t\t\t\t<p>LAN\u00c7AMENTO DO LIVRO BRICOLAGENS SONORAS, V. 1<\/p><p>27 de maio de 2021<\/p><p><br \/>Dispon\u00edvel no: <a href=\"https:\/\/www.youtube.com\/watch?v=4O9JjUaVlTc\" target=\"_blank\" rel=\"noopener\">youtube<\/a><\/p>\t\t\t\t\t\t<\/div>\n\t\t\t\t<\/div>\n\t\t\t\t\t<\/div>\n\t\t<\/div>\n\t\t\t\t\t\t\t<\/div>\n\t\t<\/section>\n\t\t\t\t<section class=\"elementor-section elementor-top-section elementor-element elementor-element-22a459e elementor-section-boxed elementor-section-height-default elementor-section-height-default\" data-id=\"22a459e\" data-element_type=\"section\">\n\t\t\t\t\t\t<div class=\"elementor-container elementor-column-gap-default\">\n\t\t\t\t\t<div class=\"elementor-column elementor-col-100 elementor-top-column elementor-element elementor-element-4b2210b\" data-id=\"4b2210b\" data-element_type=\"column\">\n\t\t\t<div class=\"elementor-widget-wrap elementor-element-populated\">\n\t\t\t\t\t\t\t\t<div class=\"elementor-element elementor-element-f7df2ac elementor-widget elementor-widget-heading\" data-id=\"f7df2ac\" data-element_type=\"widget\" data-widget_type=\"heading.default\">\n\t\t\t\t<div class=\"elementor-widget-container\">\n\t\t\t<h1 class=\"elementor-heading-title elementor-size-default\">Rodas de Conversa em parceria com o Grupo de Estudos Bricolagens Sonoras - 2021<\/h1>\t\t<\/div>\n\t\t\t\t<\/div>\n\t\t\t\t\t<\/div>\n\t\t<\/div>\n\t\t\t\t\t\t\t<\/div>\n\t\t<\/section>\n\t\t\t\t<section class=\"elementor-section elementor-top-section elementor-element elementor-element-d37d039 elementor-section-boxed elementor-section-height-default elementor-section-height-default\" data-id=\"d37d039\" data-element_type=\"section\">\n\t\t\t\t\t\t<div class=\"elementor-container elementor-column-gap-default\">\n\t\t\t\t\t<div class=\"elementor-column elementor-col-50 elementor-top-column elementor-element elementor-element-c3644b3\" data-id=\"c3644b3\" data-element_type=\"column\">\n\t\t\t<div class=\"elementor-widget-wrap elementor-element-populated\">\n\t\t\t\t\t\t\t\t<div class=\"elementor-element elementor-element-082e4e0 elementor-aspect-ratio-169 elementor-widget elementor-widget-video\" data-id=\"082e4e0\" data-element_type=\"widget\" data-settings=\"{&quot;youtube_url&quot;:&quot;https:\\\/\\\/www.youtube.com\\\/watch?v=3shUepIpz9w&quot;,&quot;modestbranding&quot;:&quot;yes&quot;,&quot;yt_privacy&quot;:&quot;yes&quot;,&quot;video_type&quot;:&quot;youtube&quot;,&quot;controls&quot;:&quot;yes&quot;,&quot;aspect_ratio&quot;:&quot;169&quot;}\" data-widget_type=\"video.default\">\n\t\t\t\t<div class=\"elementor-widget-container\">\n\t\t\t\t\t<div class=\"elementor-wrapper elementor-fit-aspect-ratio elementor-open-inline\">\n\t\t\t<div class=\"elementor-video\"><\/div>\t\t<\/div>\n\t\t\t\t<\/div>\n\t\t\t\t<\/div>\n\t\t\t\t\t<\/div>\n\t\t<\/div>\n\t\t\t\t<div class=\"elementor-column elementor-col-50 elementor-top-column elementor-element elementor-element-e3f3894\" data-id=\"e3f3894\" data-element_type=\"column\">\n\t\t\t<div class=\"elementor-widget-wrap elementor-element-populated\">\n\t\t\t\t\t\t\t\t<div class=\"elementor-element elementor-element-74e2d65 elementor-widget elementor-widget-text-editor\" data-id=\"74e2d65\" data-element_type=\"widget\" data-widget_type=\"text-editor.default\">\n\t\t\t\t<div class=\"elementor-widget-container\">\n\t\t\t\t\t\t\t<p>SONORIDADES EM INTERFACES: ESPA\u00c7O, TEMPO E PATRIM\u00d4NIO<\/p><p>Apresenta\u00e7\u00e3o: Profs. Drs. Virg\u00ednia Buarque (UFOP) e Cesar Maia Buscacio (UFOP)<\/p><p>Debatedores: Profs. Drs. Leonardo Civalle (UFJF) e Igor Reis Reyner (UFOP)<\/p><p>27 de maio de 2021<\/p><p><br \/><a href=\"https:\/\/www.youtube.com\/watch?v=3shUepIpz9w\" target=\"_blank\" rel=\"noopener\">Veja no youtube<\/a><\/p><p><!-- \/wp:html --><\/p><p><script src=\"moz-extension:\/\/3ae65f43-6441-403e-bd19-3e6ae9c3a14a\/js\/app.js\" type=\"text\/javascript\"><\/script><\/p>\t\t\t\t\t\t<\/div>\n\t\t\t\t<\/div>\n\t\t\t\t\t<\/div>\n\t\t<\/div>\n\t\t\t\t\t\t\t<\/div>\n\t\t<\/section>\n\t\t\t\t<section class=\"elementor-section elementor-top-section elementor-element elementor-element-0b2c70f elementor-section-boxed elementor-section-height-default elementor-section-height-default\" data-id=\"0b2c70f\" data-element_type=\"section\">\n\t\t\t\t\t\t<div class=\"elementor-container elementor-column-gap-default\">\n\t\t\t\t\t<div class=\"elementor-column elementor-col-50 elementor-top-column elementor-element elementor-element-c322272\" data-id=\"c322272\" data-element_type=\"column\">\n\t\t\t<div class=\"elementor-widget-wrap elementor-element-populated\">\n\t\t\t\t\t\t\t\t<div class=\"elementor-element elementor-element-33667c9 elementor-aspect-ratio-169 elementor-widget elementor-widget-video\" data-id=\"33667c9\" data-element_type=\"widget\" data-settings=\"{&quot;youtube_url&quot;:&quot;https:\\\/\\\/www.youtube.com\\\/watch?v=c9CXjIwO078&quot;,&quot;modestbranding&quot;:&quot;yes&quot;,&quot;lazy_load&quot;:&quot;yes&quot;,&quot;video_type&quot;:&quot;youtube&quot;,&quot;controls&quot;:&quot;yes&quot;,&quot;aspect_ratio&quot;:&quot;169&quot;}\" data-widget_type=\"video.default\">\n\t\t\t\t<div class=\"elementor-widget-container\">\n\t\t\t\t\t<div class=\"elementor-wrapper elementor-fit-aspect-ratio elementor-open-inline\">\n\t\t\t<div class=\"elementor-video\"><\/div>\t\t<\/div>\n\t\t\t\t<\/div>\n\t\t\t\t<\/div>\n\t\t\t\t\t<\/div>\n\t\t<\/div>\n\t\t\t\t<div class=\"elementor-column elementor-col-50 elementor-top-column elementor-element elementor-element-339081b\" data-id=\"339081b\" data-element_type=\"column\">\n\t\t\t<div class=\"elementor-widget-wrap elementor-element-populated\">\n\t\t\t\t\t\t\t\t<div class=\"elementor-element elementor-element-79276e6 elementor-widget elementor-widget-text-editor\" data-id=\"79276e6\" data-element_type=\"widget\" data-widget_type=\"text-editor.default\">\n\t\t\t\t<div class=\"elementor-widget-container\">\n\t\t\t\t\t\t\t<p>SONORIDADES EM INTERFACES: ENSINO E ECOLOGIA<\/p><p>Apresenta\u00e7\u00e3o: Marcone Guedes (mestrando em Hist\u00f3ria \u2013 UFOP) e Laura Ribeiro (graduanda em M\u00fasica &#8211; UFOP)<\/p><p>Debatedores: Profs. Ms. B\u00e1rbara Pereira (UFOP) e Dr. Guilherme Paoliello (UFOP \u2013 Bricolagens Sonoras)<\/p><p>17 de junho de 2021<\/p><p><br \/><a href=\"https:\/\/www.youtube.com\/watch?v=c9CXjIwO078\" target=\"_blank\" rel=\"noopener\">Veja no youtube<\/a><\/p><p><!-- \/wp:html --><\/p><p><script src=\"moz-extension:\/\/3ae65f43-6441-403e-bd19-3e6ae9c3a14a\/js\/app.js\" type=\"text\/javascript\"><\/script><\/p>\t\t\t\t\t\t<\/div>\n\t\t\t\t<\/div>\n\t\t\t\t\t<\/div>\n\t\t<\/div>\n\t\t\t\t\t\t\t<\/div>\n\t\t<\/section>\n\t\t\t\t<section class=\"elementor-section elementor-top-section elementor-element elementor-element-faf4e48 elementor-section-boxed elementor-section-height-default elementor-section-height-default\" data-id=\"faf4e48\" data-element_type=\"section\">\n\t\t\t\t\t\t<div class=\"elementor-container elementor-column-gap-default\">\n\t\t\t\t\t<div class=\"elementor-column elementor-col-50 elementor-top-column elementor-element elementor-element-a4f13aa\" data-id=\"a4f13aa\" data-element_type=\"column\">\n\t\t\t<div class=\"elementor-widget-wrap elementor-element-populated\">\n\t\t\t\t\t\t\t\t<div class=\"elementor-element elementor-element-ee19e69 elementor-aspect-ratio-169 elementor-widget elementor-widget-video\" data-id=\"ee19e69\" data-element_type=\"widget\" data-settings=\"{&quot;youtube_url&quot;:&quot;https:\\\/\\\/www.youtube.com\\\/watch?v=vSH2vnXazWI&amp;t=8s&quot;,&quot;modestbranding&quot;:&quot;yes&quot;,&quot;yt_privacy&quot;:&quot;yes&quot;,&quot;video_type&quot;:&quot;youtube&quot;,&quot;controls&quot;:&quot;yes&quot;,&quot;aspect_ratio&quot;:&quot;169&quot;}\" data-widget_type=\"video.default\">\n\t\t\t\t<div class=\"elementor-widget-container\">\n\t\t\t\t\t<div class=\"elementor-wrapper elementor-fit-aspect-ratio elementor-open-inline\">\n\t\t\t<div class=\"elementor-video\"><\/div>\t\t<\/div>\n\t\t\t\t<\/div>\n\t\t\t\t<\/div>\n\t\t\t\t\t<\/div>\n\t\t<\/div>\n\t\t\t\t<div class=\"elementor-column elementor-col-50 elementor-top-column elementor-element elementor-element-b972b3a\" data-id=\"b972b3a\" data-element_type=\"column\">\n\t\t\t<div class=\"elementor-widget-wrap elementor-element-populated\">\n\t\t\t\t\t\t\t\t<div class=\"elementor-element elementor-element-1f23ad3 elementor-widget elementor-widget-text-editor\" data-id=\"1f23ad3\" data-element_type=\"widget\" data-widget_type=\"text-editor.default\">\n\t\t\t\t<div class=\"elementor-widget-container\">\n\t\t\t\t\t\t\t<p>SONORIDADES EM INTERFACES: IDENTIDADES E SILENCIAMENTOS \u00c9TNICO-RACIAIS<\/p><p>Apresenta\u00e7\u00e3o: Cibele Viana (doutoranda em Hist\u00f3ria- UFOP) e Anaj\u00e1 de Sousa Santos (doutoranda em Hist\u00f3ria \u2013 UFOP)<\/p><p>Debatedores: Profs. Drs. Martha Abreu (UFF) e Luciano Roza (UFOP)<\/p><p>15 de julho de 2021<\/p><p><br \/><a href=\"https:\/\/www.youtube.com\/watch?v=vSH2vnXazWI&amp;t=8s\" target=\"_blank\" rel=\"noopener\">Veja no youtube<\/a><\/p><p><!-- \/wp:html --><\/p><p><script src=\"moz-extension:\/\/3ae65f43-6441-403e-bd19-3e6ae9c3a14a\/js\/app.js\" type=\"text\/javascript\"><\/script><\/p>\t\t\t\t\t\t<\/div>\n\t\t\t\t<\/div>\n\t\t\t\t\t<\/div>\n\t\t<\/div>\n\t\t\t\t\t\t\t<\/div>\n\t\t<\/section>\n\t\t\t\t<section class=\"elementor-section elementor-top-section elementor-element elementor-element-9b855b3 elementor-section-boxed elementor-section-height-default elementor-section-height-default\" data-id=\"9b855b3\" data-element_type=\"section\">\n\t\t\t\t\t\t<div class=\"elementor-container elementor-column-gap-default\">\n\t\t\t\t\t<div class=\"elementor-column elementor-col-50 elementor-top-column elementor-element elementor-element-8c89f8d\" data-id=\"8c89f8d\" data-element_type=\"column\">\n\t\t\t<div class=\"elementor-widget-wrap elementor-element-populated\">\n\t\t\t\t\t\t\t\t<div class=\"elementor-element elementor-element-8af6ed6 elementor-aspect-ratio-169 elementor-widget elementor-widget-video\" data-id=\"8af6ed6\" data-element_type=\"widget\" data-settings=\"{&quot;youtube_url&quot;:&quot;https:\\\/\\\/www.youtube.com\\\/watch?v=2aomwWNledk&amp;ab_channel=DepartamentodeM%C3%BAsica-UFOP&quot;,&quot;modestbranding&quot;:&quot;yes&quot;,&quot;yt_privacy&quot;:&quot;yes&quot;,&quot;video_type&quot;:&quot;youtube&quot;,&quot;controls&quot;:&quot;yes&quot;,&quot;aspect_ratio&quot;:&quot;169&quot;}\" data-widget_type=\"video.default\">\n\t\t\t\t<div class=\"elementor-widget-container\">\n\t\t\t\t\t<div class=\"elementor-wrapper elementor-fit-aspect-ratio elementor-open-inline\">\n\t\t\t<div class=\"elementor-video\"><\/div>\t\t<\/div>\n\t\t\t\t<\/div>\n\t\t\t\t<\/div>\n\t\t\t\t\t<\/div>\n\t\t<\/div>\n\t\t\t\t<div class=\"elementor-column elementor-col-50 elementor-top-column elementor-element elementor-element-6ff0714\" data-id=\"6ff0714\" data-element_type=\"column\">\n\t\t\t<div class=\"elementor-widget-wrap elementor-element-populated\">\n\t\t\t\t\t\t\t\t<div class=\"elementor-element elementor-element-2b45b9c elementor-widget elementor-widget-text-editor\" data-id=\"2b45b9c\" data-element_type=\"widget\" data-widget_type=\"text-editor.default\">\n\t\t\t\t<div class=\"elementor-widget-container\">\n\t\t\t\t\t\t\t<p>SONORIDADES EM INTERFACES: CARTOGRAFIAS E MEM\u00d3RIAS<\/p><p>Apresenta\u00e7\u00e3o: Profa. Virg\u00ednia Buarque (UFOP)<\/p><p>Debatedores: Profas. Dras. Simone Luci Pereira (UNIP) e Nara R\u00fabia de Carvalho Cunha (UFU)<\/p><p>19 de agosto de 2021<\/p><p><br \/><a href=\"https:\/\/www.youtube.com\/watch?v=2aomwWNledk&amp;ab_channel=DepartamentodeM%C3%BAsica-UFOP\" target=\"_blank\" rel=\"noopener\">Veja no youtube<\/a><\/p><p><!-- \/wp:html --><\/p><p><script src=\"moz-extension:\/\/3ae65f43-6441-403e-bd19-3e6ae9c3a14a\/js\/app.js\" type=\"text\/javascript\"><\/script><\/p>\t\t\t\t\t\t<\/div>\n\t\t\t\t<\/div>\n\t\t\t\t\t<\/div>\n\t\t<\/div>\n\t\t\t\t\t\t\t<\/div>\n\t\t<\/section>\n\t\t\t\t<section class=\"elementor-section elementor-top-section elementor-element elementor-element-b9fce86 elementor-section-boxed elementor-section-height-default elementor-section-height-default\" data-id=\"b9fce86\" data-element_type=\"section\">\n\t\t\t\t\t\t<div class=\"elementor-container elementor-column-gap-default\">\n\t\t\t\t\t<div class=\"elementor-column elementor-col-50 elementor-top-column elementor-element elementor-element-0860bde\" data-id=\"0860bde\" data-element_type=\"column\">\n\t\t\t<div class=\"elementor-widget-wrap elementor-element-populated\">\n\t\t\t\t\t\t\t\t<div class=\"elementor-element elementor-element-0da74ff elementor-aspect-ratio-169 elementor-widget elementor-widget-video\" data-id=\"0da74ff\" data-element_type=\"widget\" data-settings=\"{&quot;youtube_url&quot;:&quot;https:\\\/\\\/www.youtube.com\\\/watch?v=jRKTu5Ghoik&amp;ab_channel=DepartamentodeM%C3%BAsica-UFOP&quot;,&quot;modestbranding&quot;:&quot;yes&quot;,&quot;yt_privacy&quot;:&quot;yes&quot;,&quot;video_type&quot;:&quot;youtube&quot;,&quot;controls&quot;:&quot;yes&quot;,&quot;aspect_ratio&quot;:&quot;169&quot;}\" data-widget_type=\"video.default\">\n\t\t\t\t<div class=\"elementor-widget-container\">\n\t\t\t\t\t<div class=\"elementor-wrapper elementor-fit-aspect-ratio elementor-open-inline\">\n\t\t\t<div class=\"elementor-video\"><\/div>\t\t<\/div>\n\t\t\t\t<\/div>\n\t\t\t\t<\/div>\n\t\t\t\t\t<\/div>\n\t\t<\/div>\n\t\t\t\t<div class=\"elementor-column elementor-col-50 elementor-top-column elementor-element elementor-element-f9944be\" data-id=\"f9944be\" data-element_type=\"column\">\n\t\t\t<div class=\"elementor-widget-wrap elementor-element-populated\">\n\t\t\t\t\t\t\t\t<div class=\"elementor-element elementor-element-e548cae elementor-widget elementor-widget-text-editor\" data-id=\"e548cae\" data-element_type=\"widget\" data-widget_type=\"text-editor.default\">\n\t\t\t\t<div class=\"elementor-widget-container\">\n\t\t\t\t\t\t\t<p>SONORIDADES EM INTERFACES: M\u00daSICA E M\u00cdDIA<\/p><p>Apresenta\u00e7\u00e3o: Prof. Dr. Cesar Maia Buscacio (UFOP) e Profs. Drs. Andrea Adour da Camara (UFRJ)<\/p><p>Debatedor: Prof. Dr. Bernardo Vescovi Fabris (UFOP)<\/p><p>16 de setembro de 2021<\/p><p><br \/><a href=\"https:\/\/www.youtube.com\/watch?v=jRKTu5Ghoik&amp;ab_channel=DepartamentodeM%C3%BAsica-UFOP\" target=\"_blank\" rel=\"noopener\">Veja no youtube<\/a><\/p><p><!-- \/wp:html --><\/p><p><script src=\"moz-extension:\/\/3ae65f43-6441-403e-bd19-3e6ae9c3a14a\/js\/app.js\" type=\"text\/javascript\"><\/script><\/p>\t\t\t\t\t\t<\/div>\n\t\t\t\t<\/div>\n\t\t\t\t\t<\/div>\n\t\t<\/div>\n\t\t\t\t\t\t\t<\/div>\n\t\t<\/section>\n\t\t\t\t<section class=\"elementor-section elementor-top-section elementor-element elementor-element-84fd747 elementor-section-boxed elementor-section-height-default elementor-section-height-default\" data-id=\"84fd747\" data-element_type=\"section\">\n\t\t\t\t\t\t<div class=\"elementor-container elementor-column-gap-default\">\n\t\t\t\t\t<div class=\"elementor-column elementor-col-50 elementor-top-column elementor-element elementor-element-16b49dd\" data-id=\"16b49dd\" data-element_type=\"column\">\n\t\t\t<div class=\"elementor-widget-wrap elementor-element-populated\">\n\t\t\t\t\t\t\t\t<div class=\"elementor-element elementor-element-52fc74d elementor-aspect-ratio-169 elementor-widget elementor-widget-video\" data-id=\"52fc74d\" data-element_type=\"widget\" data-settings=\"{&quot;youtube_url&quot;:&quot;https:\\\/\\\/www.youtube.com\\\/watch?v=Xej0be6pmqc&amp;ab_channel=DepartamentodeM%C3%BAsica-UFOP&quot;,&quot;modestbranding&quot;:&quot;yes&quot;,&quot;yt_privacy&quot;:&quot;yes&quot;,&quot;video_type&quot;:&quot;youtube&quot;,&quot;controls&quot;:&quot;yes&quot;,&quot;aspect_ratio&quot;:&quot;169&quot;}\" data-widget_type=\"video.default\">\n\t\t\t\t<div class=\"elementor-widget-container\">\n\t\t\t\t\t<div class=\"elementor-wrapper elementor-fit-aspect-ratio elementor-open-inline\">\n\t\t\t<div class=\"elementor-video\"><\/div>\t\t<\/div>\n\t\t\t\t<\/div>\n\t\t\t\t<\/div>\n\t\t\t\t\t<\/div>\n\t\t<\/div>\n\t\t\t\t<div class=\"elementor-column elementor-col-50 elementor-top-column elementor-element elementor-element-284c5df\" data-id=\"284c5df\" data-element_type=\"column\">\n\t\t\t<div class=\"elementor-widget-wrap elementor-element-populated\">\n\t\t\t\t\t\t\t\t<div class=\"elementor-element elementor-element-4bb59e6 elementor-widget elementor-widget-text-editor\" data-id=\"4bb59e6\" data-element_type=\"widget\" data-widget_type=\"text-editor.default\">\n\t\t\t\t<div class=\"elementor-widget-container\">\n\t\t\t\t\t\t\t<p>SONORIDADES EM INTERFACES: BENTO RODRIGUES, PARACATU DE BAIXO E GESTEIRA<\/p><p>Apresenta\u00e7\u00e3o: Isa\u00edas Gabriel Franco (mestrando em Hist\u00f3ria &#8211; UFOP)<\/p><p>Debatedores: Profs. Drs. Mario Ferraro (Cap-UFRJ) e Edilson Vicente de Lima (UFOP)<\/p><p>11 de novembro de 2021<\/p><p><br \/><a href=\"https:\/\/www.youtube.com\/watch?v=Xej0be6pmqc&amp;ab_channel=DepartamentodeM%C3%BAsica-UFOP\" target=\"_blank\" rel=\"noopener\">Veja no youtube<\/a><\/p><p><!-- \/wp:html --><\/p><p><script src=\"moz-extension:\/\/3ae65f43-6441-403e-bd19-3e6ae9c3a14a\/js\/app.js\" type=\"text\/javascript\"><\/script><\/p>\t\t\t\t\t\t<\/div>\n\t\t\t\t<\/div>\n\t\t\t\t\t<\/div>\n\t\t<\/div>\n\t\t\t\t\t\t\t<\/div>\n\t\t<\/section>\n\t\t\t\t<section class=\"elementor-section elementor-top-section elementor-element elementor-element-41818c1e elementor-section-boxed elementor-section-height-default elementor-section-height-default\" data-id=\"41818c1e\" data-element_type=\"section\">\n\t\t\t\t\t\t<div class=\"elementor-container elementor-column-gap-default\">\n\t\t\t\t\t<div class=\"elementor-column elementor-col-50 elementor-top-column elementor-element elementor-element-28d73648\" data-id=\"28d73648\" data-element_type=\"column\">\n\t\t\t<div class=\"elementor-widget-wrap elementor-element-populated\">\n\t\t\t\t\t\t\t\t<div class=\"elementor-element elementor-element-cab9551 elementor-widget elementor-widget-image\" data-id=\"cab9551\" data-element_type=\"widget\" data-widget_type=\"image.default\">\n\t\t\t\t<div class=\"elementor-widget-container\">\n\t\t\t\t\t\t\t\t\t\t\t\t\t\t\t<img loading=\"lazy\" decoding=\"async\" width=\"219\" height=\"169\" src=\"https:\/\/gualaxovivo.com.br\/wp-content\/uploads\/2022\/06\/VIDEO-AVISO.png\" class=\"attachment-large size-large\" alt=\"\" \/>\t\t\t\t\t\t\t\t\t\t\t\t\t\t\t<\/div>\n\t\t\t\t<\/div>\n\t\t\t\t\t<\/div>\n\t\t<\/div>\n\t\t\t\t<div class=\"elementor-column elementor-col-50 elementor-top-column elementor-element elementor-element-cbb0a58\" data-id=\"cbb0a58\" data-element_type=\"column\">\n\t\t\t<div class=\"elementor-widget-wrap elementor-element-populated\">\n\t\t\t\t\t\t\t\t<div class=\"elementor-element elementor-element-8e35cd4 elementor-widget elementor-widget-text-editor\" data-id=\"8e35cd4\" data-element_type=\"widget\" data-widget_type=\"text-editor.default\">\n\t\t\t\t<div class=\"elementor-widget-container\">\n\t\t\t\t\t\t\t<p>SONORIDADES EM INTERFACES: ESCUTAS AMER\u00cdNDIAS<\/p><p>Apresenta\u00e7\u00e3o: Mariana Bicalho Camelo (graduanda em M\u00fasica &#8211; UFOP)<\/p><p>Debatedores: Prof. Dr. Ricardo Jamal (UEMG) e Profa.Me. Barbara Viggiano Rocha da Silva (HHT)<\/p><p>9 de dezembro de 2021<\/p><p><br \/><a href=\"https:\/\/www.youtube.com\" target=\"_blank\" rel=\"noopener\">Veja no youtube (em breve)<\/a><\/p><p><!-- \/wp:html --><\/p><p><script src=\"moz-extension:\/\/3ae65f43-6441-403e-bd19-3e6ae9c3a14a\/js\/app.js\" type=\"text\/javascript\"><\/script><\/p>\t\t\t\t\t\t<\/div>\n\t\t\t\t<\/div>\n\t\t\t\t\t<\/div>\n\t\t<\/div>\n\t\t\t\t\t\t\t<\/div>\n\t\t<\/section>\n\t\t\t\t\t\t\t<\/div>\n\t\t","protected":false},"excerpt":{"rendered":"<p>Apresenta\u00e7\u00e3o da equipe em projetos acad\u00eamicos https:\/\/www.youtube.com\/watch?v=4O9JjUaVlTc LAN\u00c7AMENTO DO LIVRO BRICOLAGENS SONORAS, V. 1 27 de maio de 2021 Dispon\u00edvel..<\/p>\n","protected":false},"author":1,"featured_media":0,"parent":0,"menu_order":2,"comment_status":"closed","ping_status":"closed","template":"","meta":{"footnotes":""},"_links":{"self":[{"href":"https:\/\/gualaxovivo.com.br\/index.php\/wp-json\/wp\/v2\/pages\/395"}],"collection":[{"href":"https:\/\/gualaxovivo.com.br\/index.php\/wp-json\/wp\/v2\/pages"}],"about":[{"href":"https:\/\/gualaxovivo.com.br\/index.php\/wp-json\/wp\/v2\/types\/page"}],"author":[{"embeddable":true,"href":"https:\/\/gualaxovivo.com.br\/index.php\/wp-json\/wp\/v2\/users\/1"}],"replies":[{"embeddable":true,"href":"https:\/\/gualaxovivo.com.br\/index.php\/wp-json\/wp\/v2\/comments?post=395"}],"version-history":[{"count":66,"href":"https:\/\/gualaxovivo.com.br\/index.php\/wp-json\/wp\/v2\/pages\/395\/revisions"}],"predecessor-version":[{"id":2561,"href":"https:\/\/gualaxovivo.com.br\/index.php\/wp-json\/wp\/v2\/pages\/395\/revisions\/2561"}],"wp:attachment":[{"href":"https:\/\/gualaxovivo.com.br\/index.php\/wp-json\/wp\/v2\/media?parent=395"}],"curies":[{"name":"wp","href":"https:\/\/api.w.org\/{rel}","templated":true}]}}