{"id":3145,"date":"2022-12-20T17:54:12","date_gmt":"2022-12-20T20:54:12","guid":{"rendered":"https:\/\/gualaxovivo.com.br\/?page_id=3145"},"modified":"2022-12-21T16:26:07","modified_gmt":"2022-12-21T19:26:07","slug":"coloquio","status":"publish","type":"page","link":"https:\/\/gualaxovivo.com.br\/index.php\/coloquio\/","title":{"rendered":"Col\u00f3quio"},"content":{"rendered":"\t\t<div data-elementor-type=\"wp-page\" data-elementor-id=\"3145\" class=\"elementor elementor-3145\">\n\t\t\t\t\t\t\t\t\t<section class=\"elementor-section elementor-top-section elementor-element elementor-element-edc4a3e elementor-section-boxed elementor-section-height-default elementor-section-height-default\" data-id=\"edc4a3e\" data-element_type=\"section\">\n\t\t\t\t\t\t<div class=\"elementor-container elementor-column-gap-default\">\n\t\t\t\t\t<div class=\"elementor-column elementor-col-100 elementor-top-column elementor-element elementor-element-6a0d442\" data-id=\"6a0d442\" data-element_type=\"column\">\n\t\t\t<div class=\"elementor-widget-wrap elementor-element-populated\">\n\t\t\t\t\t\t\t\t<div class=\"elementor-element elementor-element-116f3f2 elementor-widget elementor-widget-image\" data-id=\"116f3f2\" data-element_type=\"widget\" data-widget_type=\"image.default\">\n\t\t\t\t<div class=\"elementor-widget-container\">\n\t\t\t\t\t\t\t\t\t\t\t\t\t\t\t\t<a href=\"https:\/\/www.patrimoniossonorosgualaxo.com\/\">\n\t\t\t\t\t\t\t<img loading=\"lazy\" decoding=\"async\" width=\"1425\" height=\"484\" src=\"https:\/\/gualaxovivo.com.br\/wp-content\/uploads\/2022\/12\/image.png\" class=\"attachment-full size-full\" alt=\"\" srcset=\"https:\/\/gualaxovivo.com.br\/wp-content\/uploads\/2022\/12\/image.png 1425w, https:\/\/gualaxovivo.com.br\/wp-content\/uploads\/2022\/12\/image-300x102.png 300w, https:\/\/gualaxovivo.com.br\/wp-content\/uploads\/2022\/12\/image-1024x348.png 1024w, https:\/\/gualaxovivo.com.br\/wp-content\/uploads\/2022\/12\/image-768x261.png 768w\" sizes=\"(max-width: 1425px) 100vw, 1425px\" \/>\t\t\t\t\t\t\t\t<\/a>\n\t\t\t\t\t\t\t\t\t\t\t\t\t\t\t<\/div>\n\t\t\t\t<\/div>\n\t\t\t\t\t<\/div>\n\t\t<\/div>\n\t\t\t\t\t\t\t<\/div>\n\t\t<\/section>\n\t\t\t\t<section class=\"elementor-section elementor-top-section elementor-element elementor-element-717e835a elementor-section-boxed elementor-section-height-default elementor-section-height-default\" data-id=\"717e835a\" data-element_type=\"section\">\n\t\t\t\t\t\t<div class=\"elementor-container elementor-column-gap-default\">\n\t\t\t\t\t<div class=\"elementor-column elementor-col-100 elementor-top-column elementor-element elementor-element-75a9e27b\" data-id=\"75a9e27b\" data-element_type=\"column\">\n\t\t\t<div class=\"elementor-widget-wrap elementor-element-populated\">\n\t\t\t\t\t\t\t\t<div class=\"elementor-element elementor-element-669d4f9b elementor-widget elementor-widget-text-editor\" data-id=\"669d4f9b\" data-element_type=\"widget\" data-widget_type=\"text-editor.default\">\n\t\t\t\t<div class=\"elementor-widget-container\">\n\t\t\t\t\t\t\t<p style=\"text-align: justify;\"><span style=\"font-size: 10.5pt; font-family: 'Arial',sans-serif;\">O\u00a0Col\u00f3quio \u201cPatrim\u00f4nios Hist\u00f3rico-Sonoros do Gualaxo do Norte\u201d \u00e9 uma atividade conclusiva da pesquisa aplicada \u201cCartografias Hist\u00f3rico-Sensoriais de Bento Rodrigues, Paracatu de Baixo e Gesteira)\u201d, financiada pela Chamada Fapemig 09\/2018. Esta pesquisa (renomeada para fins de divulga\u00e7\u00e3o cient\u00edfico-cultural como \u201cGualaxo Vivo: hist\u00f3rias atrav\u00e9s de sons\u201d e divulgada na plataforma www.gualaxovivo.com.br) tem como prop\u00f3sito proceder ao levantamento, cataloga\u00e7\u00e3o, interpreta\u00e7\u00e3o acad\u00eamica, tratamento gr\u00e1fico-digital, abordagem pedag\u00f3gica e compartilhamento sociocultural das sonoridades hist\u00f3ricas (e demais sensorialidades a elas vinculadas) da regi\u00e3o banhada pelo rio Gualaxo do Norte, duramente atingida pela queda da Barragem de Fund\u00e3o, em 2015.\u00a0<\/span><\/p>\n<!-- \/wp:paragraph --><!-- wp:paragraph -->\n<p style=\"text-align: justify;\"><span style=\"font-size: 10.5pt; font-family: 'Arial',sans-serif;\">O Col\u00f3quio destina-se a debater e formular, a partir dos resultados dessa pesquisa aplicada, sugest\u00f5es de medidas efetivas (em \u00e2mbito educativo, art\u00edstico, cultural, socioecon\u00f4mico e ambiental) em prol do reconhecimento pol\u00edtico-cultural da dimens\u00e3o patrimonial (material e intang\u00edvel) das sonoridades hist\u00f3rico-culturais do entorno do rio Gualaxo do Norte. Tais sugest\u00f5es ser\u00e3o encaminhadas atrav\u00e9s de carta aberta aos poderes p\u00fablicos, institui\u00e7\u00f5es, movimentos sociais e sociedade em geral.<\/span><\/p>\n<!-- \/wp:paragraph -->\t\t\t\t\t\t<\/div>\n\t\t\t\t<\/div>\n\t\t\t\t\t<\/div>\n\t\t<\/div>\n\t\t\t\t\t\t\t<\/div>\n\t\t<\/section>\n\t\t\t\t\t\t\t<\/div>\n\t\t","protected":false},"excerpt":{"rendered":"<p>O\u00a0Col\u00f3quio \u201cPatrim\u00f4nios Hist\u00f3rico-Sonoros do Gualaxo do Norte\u201d \u00e9 uma atividade conclusiva da pesquisa aplicada \u201cCartografias Hist\u00f3rico-Sensoriais de Bento Rodrigues, Paracatu..<\/p>\n","protected":false},"author":1,"featured_media":0,"parent":0,"menu_order":0,"comment_status":"closed","ping_status":"closed","template":"","meta":{"footnotes":""},"_links":{"self":[{"href":"https:\/\/gualaxovivo.com.br\/index.php\/wp-json\/wp\/v2\/pages\/3145"}],"collection":[{"href":"https:\/\/gualaxovivo.com.br\/index.php\/wp-json\/wp\/v2\/pages"}],"about":[{"href":"https:\/\/gualaxovivo.com.br\/index.php\/wp-json\/wp\/v2\/types\/page"}],"author":[{"embeddable":true,"href":"https:\/\/gualaxovivo.com.br\/index.php\/wp-json\/wp\/v2\/users\/1"}],"replies":[{"embeddable":true,"href":"https:\/\/gualaxovivo.com.br\/index.php\/wp-json\/wp\/v2\/comments?post=3145"}],"version-history":[{"count":35,"href":"https:\/\/gualaxovivo.com.br\/index.php\/wp-json\/wp\/v2\/pages\/3145\/revisions"}],"predecessor-version":[{"id":3219,"href":"https:\/\/gualaxovivo.com.br\/index.php\/wp-json\/wp\/v2\/pages\/3145\/revisions\/3219"}],"wp:attachment":[{"href":"https:\/\/gualaxovivo.com.br\/index.php\/wp-json\/wp\/v2\/media?parent=3145"}],"curies":[{"name":"wp","href":"https:\/\/api.w.org\/{rel}","templated":true}]}}