{"id":280,"date":"2021-03-02T16:03:43","date_gmt":"2021-03-02T19:03:43","guid":{"rendered":"http:\/\/gualaxovivo.com.br\/?page_id=280"},"modified":"2022-12-20T17:44:33","modified_gmt":"2022-12-20T20:44:33","slug":"pitch","status":"publish","type":"page","link":"https:\/\/gualaxovivo.com.br\/index.php\/apresentacao-sonoridades-do-gualaxo-do-norte-na-historia\/pitch\/","title":{"rendered":"Pitch e Semin\u00e1rio Marco Zero"},"content":{"rendered":"\t\t<div data-elementor-type=\"wp-page\" data-elementor-id=\"280\" class=\"elementor elementor-280\">\n\t\t\t\t\t\t\t\t\t<section class=\"elementor-section elementor-top-section elementor-element elementor-element-8a9d1b5 elementor-section-boxed elementor-section-height-default elementor-section-height-default\" data-id=\"8a9d1b5\" data-element_type=\"section\">\n\t\t\t\t\t\t<div class=\"elementor-container elementor-column-gap-default\">\n\t\t\t\t\t<div class=\"elementor-column elementor-col-100 elementor-top-column elementor-element elementor-element-6a0c860\" data-id=\"6a0c860\" data-element_type=\"column\">\n\t\t\t<div class=\"elementor-widget-wrap elementor-element-populated\">\n\t\t\t\t\t\t\t\t<div class=\"elementor-element elementor-element-a7d556c elementor-aspect-ratio-169 elementor-widget elementor-widget-video\" data-id=\"a7d556c\" data-element_type=\"widget\" data-settings=\"{&quot;youtube_url&quot;:&quot;https:\\\/\\\/youtu.be\\\/sx3tMo6n9Js&quot;,&quot;loop&quot;:&quot;yes&quot;,&quot;video_type&quot;:&quot;youtube&quot;,&quot;controls&quot;:&quot;yes&quot;,&quot;aspect_ratio&quot;:&quot;169&quot;}\" data-widget_type=\"video.default\">\n\t\t\t\t<div class=\"elementor-widget-container\">\n\t\t\t\t\t<div class=\"elementor-wrapper elementor-fit-aspect-ratio elementor-open-inline\">\n\t\t\t<div class=\"elementor-video\"><\/div>\t\t<\/div>\n\t\t\t\t<\/div>\n\t\t\t\t<\/div>\n\t\t\t\t\t<\/div>\n\t\t<\/div>\n\t\t\t\t\t\t\t<\/div>\n\t\t<\/section>\n\t\t\t\t<section class=\"elementor-section elementor-top-section elementor-element elementor-element-933a2f5 elementor-section-boxed elementor-section-height-default elementor-section-height-default\" data-id=\"933a2f5\" data-element_type=\"section\">\n\t\t\t\t\t\t<div class=\"elementor-container elementor-column-gap-default\">\n\t\t\t\t\t<div class=\"elementor-column elementor-col-100 elementor-top-column elementor-element elementor-element-cdc3b63\" data-id=\"cdc3b63\" data-element_type=\"column\">\n\t\t\t<div class=\"elementor-widget-wrap elementor-element-populated\">\n\t\t\t\t\t\t\t\t<div class=\"elementor-element elementor-element-74d740f elementor-widget elementor-widget-text-editor\" data-id=\"74d740f\" data-element_type=\"widget\" data-widget_type=\"text-editor.default\">\n\t\t\t\t<div class=\"elementor-widget-container\">\n\t\t\t\t\t\t\t<p>Apresenta\u00e7\u00e3o para 1\u00ba Semin\u00e1rio Marco Zero em power point&nbsp;<a href=\"https:\/\/gualaxovivo.com.br\/wp-content\/uploads\/2022\/12\/Apresentacao-no-1o-Seminario-Marco-Zero-1.pptx\" target=\"_blank\" rel=\"noopener\"><span style=\"text-decoration: underline;\">clique&nbsp;aqui<\/span><\/a><\/p>\n<p><span style=\"letter-spacing: 0.2px;\">Apresenta\u00e7\u00e3o para 2\u00ba Semin\u00e1rio Marco Zero em power point <\/span><a href=\"https:\/\/gualaxovivo.com.br\/wp-content\/uploads\/2022\/12\/Apresentacao-no-2o-Seminario-Marco-Zero.pptx\" target=\"_blank\" rel=\"noopener\" style=\"background-color: rgb(255, 255, 255); letter-spacing: 0.2px;\"><span style=\"text-decoration-line: underline;\">clique&nbsp;aqui<\/span><\/a><span style=\"letter-spacing: 0.2px;\">&nbsp;<\/span><br><\/p>\t\t\t\t\t\t<\/div>\n\t\t\t\t<\/div>\n\t\t\t\t\t<\/div>\n\t\t<\/div>\n\t\t\t\t\t\t\t<\/div>\n\t\t<\/section>\n\t\t\t\t\t\t\t<\/div>\n\t\t","protected":false},"excerpt":{"rendered":"<p>https:\/\/youtu.be\/sx3tMo6n9Js Apresenta\u00e7\u00e3o para 1\u00ba Semin\u00e1rio Marco Zero em power point&nbsp;clique&nbsp;aqui Apresenta\u00e7\u00e3o para 2\u00ba Semin\u00e1rio Marco Zero em power point clique&nbsp;aqui&nbsp;<\/p>\n","protected":false},"author":1,"featured_media":0,"parent":71,"menu_order":0,"comment_status":"closed","ping_status":"closed","template":"","meta":{"footnotes":""},"_links":{"self":[{"href":"https:\/\/gualaxovivo.com.br\/index.php\/wp-json\/wp\/v2\/pages\/280"}],"collection":[{"href":"https:\/\/gualaxovivo.com.br\/index.php\/wp-json\/wp\/v2\/pages"}],"about":[{"href":"https:\/\/gualaxovivo.com.br\/index.php\/wp-json\/wp\/v2\/types\/page"}],"author":[{"embeddable":true,"href":"https:\/\/gualaxovivo.com.br\/index.php\/wp-json\/wp\/v2\/users\/1"}],"replies":[{"embeddable":true,"href":"https:\/\/gualaxovivo.com.br\/index.php\/wp-json\/wp\/v2\/comments?post=280"}],"version-history":[{"count":31,"href":"https:\/\/gualaxovivo.com.br\/index.php\/wp-json\/wp\/v2\/pages\/280\/revisions"}],"predecessor-version":[{"id":3144,"href":"https:\/\/gualaxovivo.com.br\/index.php\/wp-json\/wp\/v2\/pages\/280\/revisions\/3144"}],"up":[{"embeddable":true,"href":"https:\/\/gualaxovivo.com.br\/index.php\/wp-json\/wp\/v2\/pages\/71"}],"wp:attachment":[{"href":"https:\/\/gualaxovivo.com.br\/index.php\/wp-json\/wp\/v2\/media?parent=280"}],"curies":[{"name":"wp","href":"https:\/\/api.w.org\/{rel}","templated":true}]}}