{"id":2679,"date":"2022-07-08T14:14:03","date_gmt":"2022-07-08T17:14:03","guid":{"rendered":"https:\/\/gualaxovivo.com.br\/?page_id=2679"},"modified":"2022-07-14T15:30:15","modified_gmt":"2022-07-14T18:30:15","slug":"oficina-pedagogica-escola-municipal-juventino-drummond-ouro-preto","status":"publish","type":"page","link":"https:\/\/gualaxovivo.com.br\/index.php\/oficinas\/oficinas-pedagogicas\/oficina-pedagogica-escola-municipal-juventino-drummond-ouro-preto\/","title":{"rendered":"Oficina Pedag\u00f3gica &#8211; Escola Municipal Juventino Drummond, Ouro Preto"},"content":{"rendered":"\n\n<style>\n\t#hotspot-2681 .hotspots-image-container,\n\t#hotspot-2681 .leaflet-container {\n\t\tbackground: #efefef\t}\n\n\t#hotspot-2681 .hotspots-placeholder,\n\t.featherlight .featherlight-content.lightbox-2681 {\n\t\tbackground: #ffffff;\n\t\tborder: 0 #ffffff solid;\n\t\tcolor: #000000;\n\t}\n\n\t#hotspot-2681 .hotspot-title,\n\t#hotspot-2681 .bc-product__title a,\n\t.featherlight .featherlight-content.lightbox-2681 .hotspot-title,\n\t.featherlight .featherlight-content.lightbox-2681 .bc-product__title a {\n\t\tcolor: #000000;\n\t}\n\n\t\t\t#hotspot-2681 .hotspot-Custom {\n\t\t\tstroke-width: 1;\n\t\t\tfill: #ffffff;\n\t\t\tfill-opacity: 0;\n\t\t\tstroke: #ffffff;\n\t\t\tstroke-opacity: 0;\n\t\t}\n\t\t#hotspot-2681 .hotspot-Custom:hover,\n\t\t#hotspot-2681 .hotspot-Custom:focus,\n\t\t#hotspot-2681 .hotspot-Custom.hotspot-active {\n\t\t\tfill: #ffffff;\n\t\t\tfill-opacity: 0.81;\n\t\t\toutline: none;\n\t\t\tstroke: #ffffff;\n\t\t\tstroke-opacity: 0.81;\n\t\t}\n\t\t\t#hotspot-2681 .hotspot-default {\n\t\t\tstroke-width: 1;\n\t\t\tfill: #ffffff;\n\t\t\tfill-opacity: 0;\n\t\t\tstroke: #ffffff;\n\t\t\tstroke-opacity: 0;\n\t\t}\n\t\t#hotspot-2681 .hotspot-default:hover,\n\t\t#hotspot-2681 .hotspot-default:focus,\n\t\t#hotspot-2681 .hotspot-default.hotspot-active {\n\t\t\tfill: #ffffff;\n\t\t\tfill-opacity: 0.21;\n\t\t\toutline: none;\n\t\t\tstroke: #ffffff;\n\t\t\tstroke-opacity: 0.81;\n\t\t}\n\t\t#hotspot-2681 .leaflet-tooltip,\n\t#hotspot-2681 .leaflet-rrose-content-wrapper {\n\t\tbackground: #ffffff;\n\t\tborder-color: #ffffff;\n\t\tcolor: #000000;\n\t}\n\n\t#hotspot-2681 a.leaflet-rrose-close-button {\n\t\tcolor: #000000;\n\t}\n\n\t#hotspot-2681 .leaflet-rrose-tip {\n\t\tbackground: #ffffff;\n\t}\n\n\t#hotspot-2681 .leaflet-popup-scrolled {\n\t\tborder-bottom-color: #000000;\n\t\tborder-top-color: #000000;\n\t}\n\n\t#hotspot-2681 .leaflet-tooltip-top:before {\n\t\tborder-top-color: #ffffff;\n\t}\n\n\t#hotspot-2681 .leaflet-tooltip-bottom:before {\n\t\tborder-bottom-color: #ffffff;\n\t}\n\t#hotspot-2681 .leaflet-tooltip-left:before {\n\t\tborder-left-color: #ffffff;\n\t}\n\t#hotspot-2681 .leaflet-tooltip-right:before {\n\t\tborder-right-color: #ffffff;\n\t}\n<\/style>\n\n\n\t<div class=\"hotspots-container  layout-right event-click\" id=\"hotspot-2681\" data-layout=\"right\" data-trigger=\"click\">\n\t\t<div class=\"hotspots-interaction\">\n\t\t\t\t<div class=\"hotspots-placeholder\" id=\"content-hotspot-2681\">\n\t\t<div class=\"hotspot-initial\">\n\t\t\t<h2 class=\"hotspot-title\">\n\t\t\t\tOficina Pedag\u00f3gica &#8211; Escola Municipal Professora Juventina Drummond, Ouro Preto\t\t\t<\/h2>\n\t\t\t<div class=\"hotspot-content\">\n\t\t\t\t\t\t\t\t<h3>Oficina Pedag\u00f3gica - Escola Municipal Professora Juventina Drummond, Ouro Preto<\/h3>\n<p>A partir do come\u00e7o de 2022, a equipe do Gualaxo Vivo teve como objetivo um contato maior com as comunidades ao redor do rio Gualaxo do Norte e a partir de oficinas pedag\u00f3gicas que apresentassem o nosso trabalho aos jovens da regi\u00e3o, pudemos contar com a participa\u00e7\u00e3o deles para construir esse mapa. <\/p>\n<p>Para conhecer os outros mapas colaborativos fruto de oficinas pedag\u00f3gicas, <a href=\"https:\/\/gualaxovivo.com.br\/index.php\/oficinas\/oficinas-pedagogicas\/\">clique aqui<\/a>.<\/p>\n<p>Obs.: Al\u00e9m dessas sonoridades\/sensorialidades, foram mencionadas os seguintes itens, que j\u00e1 constam de outros mapas e n\u00e3o foram inseridos nesta cartografia para a imagem n\u00e3o ficar muito confusa: trem, carro, som de passos e cachorro.<\/p>\n\t\t\t\t\t\t\t<\/div>\n\t\t<\/div>\n\t<\/div>\n<div class=\"hotspots-image-container\">\n\t<img\n\t\twidth=\"1080\"\n\t\theight=\"820\"\n\t\tsrc=\"https:\/\/gualaxovivo.com.br\/wp-content\/uploads\/2022\/07\/pedagogico_juventinoOuroPreto_final.png\"\n\t\talt=\"Oficina Pedag\u00f3gica &#8211; Escola Municipal Professora Juventina Drummond, Ouro Preto\"\n\t\tclass=\"hotspots-image skip-lazy\"\n\t\tusemap=\"#hotspots-image-2681\"\n\t\tdata-image-title=\"Oficina Pedag\u00f3gica &#8211; Escola Municipal Professora Juventina Drummond, Ouro Preto\"\n\t\tdata-image-description=\"Oficina Pedag\u00f3gica - Escola Municipal Professora Juventina Drummond, Ouro Preto\r\nA partir do come\u00e7o de 2022, a equipe do Gualaxo Vivo teve como objetivo um contato maior com as comunidades ao redor do rio Gualaxo do Norte e a partir de oficinas pedag\u00f3gicas que apresentassem o nosso trabalho aos jovens da regi\u00e3o, pudemos contar com a participa\u00e7\u00e3o deles para construir esse mapa. \r\n\r\nPara conhecer os outros mapas colaborativos fruto de oficinas pedag\u00f3gicas, clique aqui.\r\n\r\nObs.: Al\u00e9m dessas sonoridades\/sensorialidades, foram mencionadas os seguintes itens, que j\u00e1 constam de outros mapas e n\u00e3o foram inseridos nesta cartografia para a imagem n\u00e3o ficar muito confusa: trem, carro, som de passos e cachorro.\"\n\t\tdata-event-trigger=\"click\"\n\t\tdata-always-visible=\"false\"\n\t\tdata-id=\"2681\"\n\t\tdata-no-lazy=\"1\"\n\t\tdata-lazy-src=\"\"\n\t\tdata-lazy=\"false\"\n\t\tloading=\"eager\"\n\t\tdata-skip-lazy=\"1\"\n\t\t>\n<\/div>\t\t<\/div>\n\t\t<map name=\"hotspots-image-2681\" class=\"hotspots-map\">\n\t\t\t\t\t\t\t\t\t\t\t<area\n\t\t\t\t\tshape=\"poly\"\n\t\t\t\t\tcoords=\"305,511,261,530,260,568,279,584,300,584,318,572,321,521\"\n\t\t\t\t\thref=\"#hotspot-hotspot-2681-0\"\n\t\t\t\t\trel=\"\"\n\t\t\t\t\ttitle=\"TV\"\n\t\t\t\t\talt=\"TV\"\n\t\t\t\t\tdata-action=\"\"\n\t\t\t\t\tdata-color-scheme=\"\"\n\t\t\t\t\tdata-id=\"area-hotspot-2681-0\"\n\t\t\t\t\ttarget=\"\"\n\t\t\t\t\tclass=\"more-info-area\"\n\t\t\t\t\t>\n\t\t\t\t\t\t\t\t\t\t\t<area\n\t\t\t\t\tshape=\"poly\"\n\t\t\t\t\tcoords=\"442,272,424,284,405,306,411,335,451,336,462,277\"\n\t\t\t\t\thref=\"#hotspot-hotspot-2681-1\"\n\t\t\t\t\trel=\"\"\n\t\t\t\t\ttitle=\"Gato\"\n\t\t\t\t\talt=\"Gato\"\n\t\t\t\t\tdata-action=\"\"\n\t\t\t\t\tdata-color-scheme=\"\"\n\t\t\t\t\tdata-id=\"area-hotspot-2681-1\"\n\t\t\t\t\ttarget=\"\"\n\t\t\t\t\tclass=\"more-info-area\"\n\t\t\t\t\t>\n\t\t\t\t\t\t\t\t\t\t\t<area\n\t\t\t\t\tshape=\"poly\"\n\t\t\t\t\tcoords=\"597,344,569,349,560,369,571,392,595,396,623,388,627,372,614,349\"\n\t\t\t\t\thref=\"#hotspot-hotspot-2681-2\"\n\t\t\t\t\trel=\"\"\n\t\t\t\t\ttitle=\"Celular\"\n\t\t\t\t\talt=\"Celular\"\n\t\t\t\t\tdata-action=\"\"\n\t\t\t\t\tdata-color-scheme=\"\"\n\t\t\t\t\tdata-id=\"area-hotspot-2681-2\"\n\t\t\t\t\ttarget=\"\"\n\t\t\t\t\tclass=\"more-info-area\"\n\t\t\t\t\t>\n\t\t\t\t\t\t\t\t\t\t\t<area\n\t\t\t\t\tshape=\"poly\"\n\t\t\t\t\tcoords=\"731,282,772,282,775,309,764,337,734,337,726,302\"\n\t\t\t\t\thref=\"#hotspot-hotspot-2681-3\"\n\t\t\t\t\trel=\"\"\n\t\t\t\t\ttitle=\"\u00d4nibus\"\n\t\t\t\t\talt=\"\u00d4nibus\"\n\t\t\t\t\tdata-action=\"\"\n\t\t\t\t\tdata-color-scheme=\"\"\n\t\t\t\t\tdata-id=\"area-hotspot-2681-3\"\n\t\t\t\t\ttarget=\"\"\n\t\t\t\t\tclass=\"more-info-area\"\n\t\t\t\t\t>\n\t\t\t\t\t<\/map>\n\n\t\t\n\t\t\t\t\t\n\t\t\t\t\t\t<div class=\"hotspot-info \" id=\"hotspot-hotspot-2681-0\">\n\t\t\t\t\n\t\t\t\t<h2 class=\"hotspot-title\">TV<\/h2>\t\t\t\t\t\t\t\t\t<div class=\"hotspot-thumb\">\n\t\t\t\t\t\t<img loading=\"lazy\" decoding=\"async\" width=\"265\" height=\"300\" src=\"https:\/\/gualaxovivo.com.br\/wp-content\/uploads\/2022\/07\/TV-265x300.png\" class=\"attachment-medium size-medium\" alt=\"\" srcset=\"https:\/\/gualaxovivo.com.br\/wp-content\/uploads\/2022\/07\/TV-265x300.png 265w, https:\/\/gualaxovivo.com.br\/wp-content\/uploads\/2022\/07\/TV.png 370w\" sizes=\"(max-width: 265px) 100vw, 265px\" \/>\t\t\t\t\t<\/div>\n\t\t\t\t\t\t\t\t<div class=\"hotspot-content\">\n\t\t\t\t\t<p><!--[if lt IE 9]><script>document.createElement('audio');<\/script><![endif]--><br \/>\n<audio class=\"wp-audio-shortcode\" id=\"audio-2679-1\" preload=\"none\" style=\"width: 100%;\" controls=\"controls\"><source type=\"audio\/mpeg\" src=\"https:\/\/gualaxovivo.com.br\/wp-content\/uploads\/2022\/07\/pedagogica_juventinoOuroPreto_televisaoGlobo41115.mp3?_=1\" \/><a href=\"https:\/\/gualaxovivo.com.br\/wp-content\/uploads\/2022\/07\/pedagogica_juventinoOuroPreto_televisaoGlobo41115.mp3\">https:\/\/gualaxovivo.com.br\/wp-content\/uploads\/2022\/07\/pedagogica_juventinoOuroPreto_televisaoGlobo41115.mp3<\/a><\/audio><\/p>\n<p style=\"font-size: 12px\">TV<br \/>\n<span style=\"font-size: 6pt\">https:\/\/g1.globo.com\/jornal-hoje\/edicoes\/2015\/11\/04.html [editado]<\/span><\/p>\n<p style=\"font-size: 12px\"><a href=\"https:\/\/gualaxovivo.com.br\/wp-content\/uploads\/2022\/07\/TV_oficinapedagogica_juventinoOuroPreto1.pdf\" target=\"_blank\" rel=\"noopener\">Informa\u00e7\u00f5es textuais e imag\u00e9ticas contempor\u00e2neas sobre televis\u00e3o, reunido em junho de 2022.<\/a><\/p>\n\t\t\t\t<\/div>\n\t\t\t<\/div>\n\t\t\t\t\t\n\t\t\t\t\t\t<div class=\"hotspot-info \" id=\"hotspot-hotspot-2681-1\">\n\t\t\t\t\n\t\t\t\t<h2 class=\"hotspot-title\">Gato<\/h2>\t\t\t\t\t\t\t\t\t<div class=\"hotspot-thumb\">\n\t\t\t\t\t\t<img loading=\"lazy\" decoding=\"async\" width=\"232\" height=\"300\" src=\"https:\/\/gualaxovivo.com.br\/wp-content\/uploads\/2022\/07\/gato-232x300.png\" class=\"attachment-medium size-medium\" alt=\"\" srcset=\"https:\/\/gualaxovivo.com.br\/wp-content\/uploads\/2022\/07\/gato-232x300.png 232w, https:\/\/gualaxovivo.com.br\/wp-content\/uploads\/2022\/07\/gato.png 309w\" sizes=\"(max-width: 232px) 100vw, 232px\" \/>\t\t\t\t\t<\/div>\n\t\t\t\t\t\t\t\t<div class=\"hotspot-content\">\n\t\t\t\t\t<p><audio class=\"wp-audio-shortcode\" id=\"audio-2679-2\" preload=\"none\" style=\"width: 100%;\" controls=\"controls\"><source type=\"audio\/mpeg\" src=\"https:\/\/gualaxovivo.com.br\/wp-content\/uploads\/2022\/10\/Cat-Meowing-Sound-Effect-Download.mp3?_=2\" \/><a href=\"https:\/\/gualaxovivo.com.br\/wp-content\/uploads\/2022\/10\/Cat-Meowing-Sound-Effect-Download.mp3\">https:\/\/gualaxovivo.com.br\/wp-content\/uploads\/2022\/10\/Cat-Meowing-Sound-Effect-Download.mp3<\/a><\/audio><\/p>\n<p style=\"font-size: 12px\">Gato<\/p>\n<p class=\"MsoNormal\" style=\"margin-bottom: 0cm;line-height: normal\"><span style=\"font-size: 6.0pt\"><span style=\"font-family: TimesNewRomanPSMT\">https:\/\/www.youtube.com\/watch?v=rdYE3Wm6jX8<\/span><\/span><\/p>\n<p style=\"font-size: 12px\"><a href=\"https:\/\/gualaxovivo.com.br\/wp-content\/uploads\/2022\/07\/Gato_oficinapedagogica_juventinoOuroPreto3.pdf\" target=\"_blank\" rel=\"noopener\">Informa\u00e7\u00f5es textuais e imag\u00e9ticas contempor\u00e2neas sobre o gato, reunido em junho de 2022.<\/a><\/p>\n\t\t\t\t<\/div>\n\t\t\t<\/div>\n\t\t\t\t\t\n\t\t\t\t\t\t<div class=\"hotspot-info \" id=\"hotspot-hotspot-2681-2\">\n\t\t\t\t\n\t\t\t\t<h2 class=\"hotspot-title\">Celular<\/h2>\t\t\t\t\t\t\t\t\t<div class=\"hotspot-thumb\">\n\t\t\t\t\t\t<img loading=\"lazy\" decoding=\"async\" width=\"300\" height=\"226\" src=\"https:\/\/gualaxovivo.com.br\/wp-content\/uploads\/2022\/07\/celular-300x226.png\" class=\"attachment-medium size-medium\" alt=\"\" srcset=\"https:\/\/gualaxovivo.com.br\/wp-content\/uploads\/2022\/07\/celular-300x226.png 300w, https:\/\/gualaxovivo.com.br\/wp-content\/uploads\/2022\/07\/celular.png 500w\" sizes=\"(max-width: 300px) 100vw, 300px\" \/>\t\t\t\t\t<\/div>\n\t\t\t\t\t\t\t\t<div class=\"hotspot-content\">\n\t\t\t\t\t<p><audio class=\"wp-audio-shortcode\" id=\"audio-2679-3\" preload=\"none\" style=\"width: 100%;\" controls=\"controls\"><source type=\"audio\/mpeg\" src=\"https:\/\/gualaxovivo.com.br\/wp-content\/uploads\/2022\/07\/pedagogica_juventinoOuroPreto_Celular.mp3?_=3\" \/><a href=\"https:\/\/gualaxovivo.com.br\/wp-content\/uploads\/2022\/07\/pedagogica_juventinoOuroPreto_Celular.mp3\">https:\/\/gualaxovivo.com.br\/wp-content\/uploads\/2022\/07\/pedagogica_juventinoOuroPreto_Celular.mp3<\/a><\/audio><\/p>\n<p style=\"font-size: 12px\">Celular<br \/>\n<span style=\"font-size: 6pt\">https:\/\/youtu.be\/PJk9UhXvPYs<\/span><\/p>\n<p style=\"font-size: 12px\"><a href=\"https:\/\/gualaxovivo.com.br\/wp-content\/uploads\/2022\/07\/Celular_oficinapedagogica_juventinoOuroPreto4.pdf\" target=\"_blank\" rel=\"noopener\">Informa\u00e7\u00f5es textuais e imag\u00e9ticas contempor\u00e2neas sobre celular, reunido em junho de 2022.<\/a><\/p>\n\t\t\t\t<\/div>\n\t\t\t<\/div>\n\t\t\t\t\t\n\t\t\t\t\t\t<div class=\"hotspot-info \" id=\"hotspot-hotspot-2681-3\">\n\t\t\t\t\n\t\t\t\t<h2 class=\"hotspot-title\">\u00d4nibus<\/h2>\t\t\t\t\t\t\t\t\t<div class=\"hotspot-thumb\">\n\t\t\t\t\t\t<img loading=\"lazy\" decoding=\"async\" width=\"244\" height=\"300\" src=\"https:\/\/gualaxovivo.com.br\/wp-content\/uploads\/2022\/07\/onibus-244x300.png\" class=\"attachment-medium size-medium\" alt=\"\" srcset=\"https:\/\/gualaxovivo.com.br\/wp-content\/uploads\/2022\/07\/onibus-244x300.png 244w, https:\/\/gualaxovivo.com.br\/wp-content\/uploads\/2022\/07\/onibus.png 279w\" sizes=\"(max-width: 244px) 100vw, 244px\" \/>\t\t\t\t\t<\/div>\n\t\t\t\t\t\t\t\t<div class=\"hotspot-content\">\n\t\t\t\t\t<p><audio class=\"wp-audio-shortcode\" id=\"audio-2679-4\" preload=\"none\" style=\"width: 100%;\" controls=\"controls\"><source type=\"audio\/mpeg\" src=\"https:\/\/gualaxovivo.com.br\/wp-content\/uploads\/2022\/07\/pedagogica_juventinoOuroPreto_onibus.mp3?_=4\" \/><a href=\"https:\/\/gualaxovivo.com.br\/wp-content\/uploads\/2022\/07\/pedagogica_juventinoOuroPreto_onibus.mp3\">https:\/\/gualaxovivo.com.br\/wp-content\/uploads\/2022\/07\/pedagogica_juventinoOuroPreto_onibus.mp3<\/a><\/audio><\/p>\n<p style=\"font-size: 12px\">\u00d4nibus<br \/>\n<span style=\"font-size: 6pt\"> https:\/\/youtu.be\/yl4laUhcIe0<\/span><\/p>\n<p style=\"font-size: 12px\"><a href=\"https:\/\/gualaxovivo.com.br\/wp-content\/uploads\/2022\/07\/Onibus_oficinapedagogica_juventinoOuroPreto2.pdf\" target=\"_blank\" rel=\"noopener\">Informa\u00e7\u00f5es textuais e imag\u00e9ticas contempor\u00e2neas sobre \u00f4nibus, reunido em junho de 2022.<\/a><\/p>\n\t\t\t\t<\/div>\n\t\t\t<\/div>\n\t\t\t<\/div>\n\n\n","protected":false},"excerpt":{"rendered":"","protected":false},"author":1,"featured_media":0,"parent":2361,"menu_order":1,"comment_status":"closed","ping_status":"closed","template":"","meta":{"footnotes":""},"_links":{"self":[{"href":"https:\/\/gualaxovivo.com.br\/index.php\/wp-json\/wp\/v2\/pages\/2679"}],"collection":[{"href":"https:\/\/gualaxovivo.com.br\/index.php\/wp-json\/wp\/v2\/pages"}],"about":[{"href":"https:\/\/gualaxovivo.com.br\/index.php\/wp-json\/wp\/v2\/types\/page"}],"author":[{"embeddable":true,"href":"https:\/\/gualaxovivo.com.br\/index.php\/wp-json\/wp\/v2\/users\/1"}],"replies":[{"embeddable":true,"href":"https:\/\/gualaxovivo.com.br\/index.php\/wp-json\/wp\/v2\/comments?post=2679"}],"version-history":[{"count":1,"href":"https:\/\/gualaxovivo.com.br\/index.php\/wp-json\/wp\/v2\/pages\/2679\/revisions"}],"predecessor-version":[{"id":2682,"href":"https:\/\/gualaxovivo.com.br\/index.php\/wp-json\/wp\/v2\/pages\/2679\/revisions\/2682"}],"up":[{"embeddable":true,"href":"https:\/\/gualaxovivo.com.br\/index.php\/wp-json\/wp\/v2\/pages\/2361"}],"wp:attachment":[{"href":"https:\/\/gualaxovivo.com.br\/index.php\/wp-json\/wp\/v2\/media?parent=2679"}],"curies":[{"name":"wp","href":"https:\/\/api.w.org\/{rel}","templated":true}]}}