{"id":2533,"date":"2022-06-08T14:48:40","date_gmt":"2022-06-08T17:48:40","guid":{"rendered":"https:\/\/gualaxovivo.com.br\/?page_id=2533"},"modified":"2022-06-08T17:04:23","modified_gmt":"2022-06-08T20:04:23","slug":"producoes-compartilhadas-por-parceiros","status":"publish","type":"page","link":"https:\/\/gualaxovivo.com.br\/index.php\/producoes-compartilhadas-por-parceiros\/","title":{"rendered":"Produ\u00e7\u00f5es compartilhadas por parceiros"},"content":{"rendered":"\t\t<div data-elementor-type=\"wp-page\" data-elementor-id=\"2533\" class=\"elementor elementor-2533\">\n\t\t\t\t\t\t\t\t\t<section class=\"elementor-section elementor-top-section elementor-element elementor-element-f35207e elementor-section-boxed elementor-section-height-default elementor-section-height-default\" data-id=\"f35207e\" data-element_type=\"section\">\n\t\t\t\t\t\t<div class=\"elementor-container elementor-column-gap-default\">\n\t\t\t\t\t<div class=\"elementor-column elementor-col-100 elementor-top-column elementor-element elementor-element-17c681f\" data-id=\"17c681f\" data-element_type=\"column\">\n\t\t\t<div class=\"elementor-widget-wrap elementor-element-populated\">\n\t\t\t\t\t\t\t\t<div class=\"elementor-element elementor-element-220162a elementor-widget elementor-widget-heading\" data-id=\"220162a\" data-element_type=\"widget\" data-widget_type=\"heading.default\">\n\t\t\t\t<div class=\"elementor-widget-container\">\n\t\t\t<h2 class=\"elementor-heading-title elementor-size-default\">Produ\u00e7\u00f5es compartilhadas por parceiros<\/h2>\t\t<\/div>\n\t\t\t\t<\/div>\n\t\t\t\t\t<\/div>\n\t\t<\/div>\n\t\t\t\t\t\t\t<\/div>\n\t\t<\/section>\n\t\t\t\t<section class=\"elementor-section elementor-top-section elementor-element elementor-element-0b7cc87 elementor-section-boxed elementor-section-height-default elementor-section-height-default\" data-id=\"0b7cc87\" data-element_type=\"section\">\n\t\t\t\t\t\t<div class=\"elementor-container elementor-column-gap-default\">\n\t\t\t\t\t<div class=\"elementor-column elementor-col-66 elementor-top-column elementor-element elementor-element-81dc5c4\" data-id=\"81dc5c4\" data-element_type=\"column\">\n\t\t\t<div class=\"elementor-widget-wrap elementor-element-populated\">\n\t\t\t\t\t\t\t\t<div class=\"elementor-element elementor-element-998c67d elementor-aspect-ratio-169 elementor-widget elementor-widget-video\" data-id=\"998c67d\" data-element_type=\"widget\" data-settings=\"{&quot;video_type&quot;:&quot;hosted&quot;,&quot;controls&quot;:&quot;yes&quot;,&quot;aspect_ratio&quot;:&quot;169&quot;}\" data-widget_type=\"video.default\">\n\t\t\t\t<div class=\"elementor-widget-container\">\n\t\t\t\t\t<div class=\"e-hosted-video elementor-wrapper elementor-fit-aspect-ratio elementor-open-inline\">\n\t\t\t\t\t<video class=\"elementor-video\" src=\"https:\/\/gualaxovivo.com.br\/wp-content\/uploads\/2022\/06\/candogueiro.mp4\" controls=\"\" controlsList=\"nodownload\"><\/video>\n\t\t\t\t<\/div>\n\t\t\t\t<\/div>\n\t\t\t\t<\/div>\n\t\t\t\t\t<\/div>\n\t\t<\/div>\n\t\t\t\t<div class=\"elementor-column elementor-col-33 elementor-top-column elementor-element elementor-element-35e9af1\" data-id=\"35e9af1\" data-element_type=\"column\">\n\t\t\t<div class=\"elementor-widget-wrap elementor-element-populated\">\n\t\t\t\t\t\t\t\t<div class=\"elementor-element elementor-element-dde27ba elementor-widget elementor-widget-heading\" data-id=\"dde27ba\" data-element_type=\"widget\" data-widget_type=\"heading.default\">\n\t\t\t\t<div class=\"elementor-widget-container\">\n\t\t\t<h6 class=\"elementor-heading-title elementor-size-default\"><strong>Candongu\u00earo \u2013 Bento Rodrigues<\/strong><\/h6>\t\t<\/div>\n\t\t\t\t<\/div>\n\t\t\t\t<div class=\"elementor-element elementor-element-fda1c69 elementor-widget elementor-widget-heading\" data-id=\"fda1c69\" data-element_type=\"widget\" data-widget_type=\"heading.default\">\n\t\t\t\t<div class=\"elementor-widget-container\">\n\t\t\t<span class=\"elementor-heading-title elementor-size-default\">Autor da can\u00e7\u00e3o: Chiquinho de Assis<\/span>\t\t<\/div>\n\t\t\t\t<\/div>\n\t\t\t\t<div class=\"elementor-element elementor-element-152f878 elementor-widget elementor-widget-text-editor\" data-id=\"152f878\" data-element_type=\"widget\" data-widget_type=\"text-editor.default\">\n\t\t\t\t<div class=\"elementor-widget-container\">\n\t\t\t\t\t\t\t<p>Chiquinho de Assis \u00e9 mineiro de Ouro Preto. \u00c9 multi-instrumentista, compositor, arranjador e pesquisador cultural. \u00c9 graduado em Educa\u00e7\u00e3o Musical pela Universidade Federal Ouro Preto e mestre em musicologia pela Universidade Federal de Minas Gerais. Atuou como curador da \u00e1rea musical do Festival de Inverno de Ouro Preto e Mariana durante os anos de 2006 a 2008. Em 2009 assumiu a secretaria Cultura e Turismo de Ouro Preto cargo que exerceu at\u00e9 2012. Em 2012, foi eleito presidente da Associa\u00e7\u00e3o do Carnaval das Cidades Hist\u00f3ricas de Minas Gerais pelos Secret\u00e1rios de Turismo das cidades de Tiradentes, Diamantina, Sabar\u00e1, Mariana e S\u00e3o Jo\u00e3o Del Rei. Mesmo ano em que foi eleito vereador pelo Partido Verde (PV). Foi reeleito no pleito de 2016, para a Legislatura 2017-2020 pelo Partido Verde &#8211; PV.<br \/><a href=\"https:\/\/www.facebook.com\/Candonguero\/videos\/candongu%C3%AAro-bento-rodrigues\/628256923997751\/\" target=\"_blank\" rel=\"noopener\">Dispon\u00edvel no Facebook<\/a><br \/>Reproduzido com autoriza\u00e7\u00e3o do autor<\/p><p><script src=\"moz-extension:\/\/3ae65f43-6441-403e-bd19-3e6ae9c3a14a\/js\/app.js\" type=\"text\/javascript\"><\/script><\/p><p><script src=\"moz-extension:\/\/3ae65f43-6441-403e-bd19-3e6ae9c3a14a\/js\/app.js\" type=\"text\/javascript\"><\/script><\/p>\t\t\t\t\t\t<\/div>\n\t\t\t\t<\/div>\n\t\t\t\t\t<\/div>\n\t\t<\/div>\n\t\t\t\t\t\t\t<\/div>\n\t\t<\/section>\n\t\t\t\t<section class=\"elementor-section elementor-top-section elementor-element elementor-element-95f18d3 elementor-section-boxed elementor-section-height-default elementor-section-height-default\" data-id=\"95f18d3\" data-element_type=\"section\">\n\t\t\t\t\t\t<div class=\"elementor-container elementor-column-gap-default\">\n\t\t\t\t\t<div class=\"elementor-column elementor-col-100 elementor-top-column elementor-element elementor-element-8ce29eb\" data-id=\"8ce29eb\" data-element_type=\"column\">\n\t\t\t<div class=\"elementor-widget-wrap elementor-element-populated\">\n\t\t\t\t\t\t\t\t<div class=\"elementor-element elementor-element-9430523 elementor-widget-divider--view-line elementor-widget elementor-widget-divider\" data-id=\"9430523\" data-element_type=\"widget\" data-widget_type=\"divider.default\">\n\t\t\t\t<div class=\"elementor-widget-container\">\n\t\t\t\t\t<div class=\"elementor-divider\">\n\t\t\t<span class=\"elementor-divider-separator\">\n\t\t\t\t\t\t<\/span>\n\t\t<\/div>\n\t\t\t\t<\/div>\n\t\t\t\t<\/div>\n\t\t\t\t\t<\/div>\n\t\t<\/div>\n\t\t\t\t\t\t\t<\/div>\n\t\t<\/section>\n\t\t\t\t<section class=\"elementor-section elementor-top-section elementor-element elementor-element-d50e7fb elementor-section-boxed elementor-section-height-default elementor-section-height-default\" data-id=\"d50e7fb\" data-element_type=\"section\">\n\t\t\t\t\t\t<div class=\"elementor-container elementor-column-gap-default\">\n\t\t\t\t\t<div class=\"elementor-column elementor-col-66 elementor-top-column elementor-element elementor-element-4a490de\" data-id=\"4a490de\" data-element_type=\"column\">\n\t\t\t<div class=\"elementor-widget-wrap elementor-element-populated\">\n\t\t\t\t\t\t\t\t<div class=\"elementor-element elementor-element-14f5b3b elementor-aspect-ratio-169 elementor-widget elementor-widget-video\" data-id=\"14f5b3b\" data-element_type=\"widget\" data-settings=\"{&quot;youtube_url&quot;:&quot;https:\\\/\\\/www.youtube.com\\\/watch?v=vmf9H0e6tgc&quot;,&quot;video_type&quot;:&quot;youtube&quot;,&quot;controls&quot;:&quot;yes&quot;,&quot;aspect_ratio&quot;:&quot;169&quot;}\" data-widget_type=\"video.default\">\n\t\t\t\t<div class=\"elementor-widget-container\">\n\t\t\t\t\t<div class=\"elementor-wrapper elementor-fit-aspect-ratio elementor-open-inline\">\n\t\t\t<div class=\"elementor-video\"><\/div>\t\t<\/div>\n\t\t\t\t<\/div>\n\t\t\t\t<\/div>\n\t\t\t\t\t<\/div>\n\t\t<\/div>\n\t\t\t\t<div class=\"elementor-column elementor-col-33 elementor-top-column elementor-element elementor-element-c4972a8\" data-id=\"c4972a8\" data-element_type=\"column\">\n\t\t\t<div class=\"elementor-widget-wrap elementor-element-populated\">\n\t\t\t\t\t\t\t\t<div class=\"elementor-element elementor-element-cf2cdf2 elementor-widget elementor-widget-heading\" data-id=\"cf2cdf2\" data-element_type=\"widget\" data-widget_type=\"heading.default\">\n\t\t\t\t<div class=\"elementor-widget-container\">\n\t\t\t<h6 class=\"elementor-heading-title elementor-size-default\">Lama<\/h6>\t\t<\/div>\n\t\t\t\t<\/div>\n\t\t\t\t<div class=\"elementor-element elementor-element-1f006e3 elementor-widget elementor-widget-heading\" data-id=\"1f006e3\" data-element_type=\"widget\" data-widget_type=\"heading.default\">\n\t\t\t\t<div class=\"elementor-widget-container\">\n\t\t\t<span class=\"elementor-heading-title elementor-size-default\">Autor da can\u00e7\u00e3o: JB Donadon-Leal<\/span>\t\t<\/div>\n\t\t\t\t<\/div>\n\t\t\t\t<div class=\"elementor-element elementor-element-6107c2e elementor-widget elementor-widget-text-editor\" data-id=\"6107c2e\" data-element_type=\"widget\" data-widget_type=\"text-editor.default\">\n\t\t\t\t<div class=\"elementor-widget-container\">\n\t\t\t\t\t\t\t<p style=\"margin: 0cm; text-align: justify;\"><span style=\"color: black;\">Nasceu em S\u00e3o Jo\u00e3o do Caiu\u00e1 \u2013 PR, em 01\/05\/1959. Presidente do Conselho Editorial do Jornal Aldrava Cultural. Poeta, ensa\u00edsta, m\u00fasico e compositor. Doutor em Semi\u00f3tica e Lingu\u00edstica pela USP, P\u00f3s-Doutor em An\u00e1lise do Discurso pela UFMG e Professor Em\u00e9rito da UFOP, da \u00e1rea Semi\u00f3tica e Lingu\u00edstica. Vice-presidente da Academia Marianense de Letras e Membro da ALACIB.\u00a0 Cidad\u00e3o Honor\u00e1rio de Mariana. Medalha de Ouro da Acad\u00e9mie du M\u00e9rite et Devouemente Fran\u00e7ais e Labor Cient\u00edfico do Instituto Geogr\u00e1fico de Lisboa. Foi homenageado no Instituto Hist\u00f3rico e Geogr\u00e1fico de Minas Gerais \u2013 Medalha Israel Pinheiro. Venceu o Concurso de Poesia \u201cXerox do Brasil\u201d. Autor de 21 livros.<\/span><\/p><p style=\"margin: 0cm; text-align: justify;\"><span style=\"color: black;\">Dispon\u00edvel em: <\/span><a href=\"https:\/\/gualaxovivo.com.br\/perdido\/\" target=\"_blank\" rel=\"noopener\">Dispon\u00edvel no Youtube<\/a><\/p><p style=\"margin: 0cm; text-align: justify;\"><span style=\"color: black;\">Reproduzido com autoriza\u00e7\u00e3o do autor<\/span><\/p><p><script src=\"moz-extension:\/\/3ae65f43-6441-403e-bd19-3e6ae9c3a14a\/js\/app.js\" type=\"text\/javascript\"><\/script><\/p><script src=\"moz-extension:\/\/3ae65f43-6441-403e-bd19-3e6ae9c3a14a\/js\/app.js\" type=\"text\/javascript\"><\/script>\t\t\t\t\t\t<\/div>\n\t\t\t\t<\/div>\n\t\t\t\t\t<\/div>\n\t\t<\/div>\n\t\t\t\t\t\t\t<\/div>\n\t\t<\/section>\n\t\t\t\t\t\t\t<\/div>\n\t\t","protected":false},"excerpt":{"rendered":"<p>Produ\u00e7\u00f5es compartilhadas por parceiros https:\/\/gualaxovivo.com.br\/wp-content\/uploads\/2022\/06\/candogueiro.mp4 Candongu\u00earo \u2013 Bento Rodrigues Autor da can\u00e7\u00e3o: Chiquinho de Assis Chiquinho de Assis \u00e9 mineiro..<\/p>\n","protected":false},"author":1,"featured_media":0,"parent":0,"menu_order":3,"comment_status":"closed","ping_status":"closed","template":"","meta":{"footnotes":""},"_links":{"self":[{"href":"https:\/\/gualaxovivo.com.br\/index.php\/wp-json\/wp\/v2\/pages\/2533"}],"collection":[{"href":"https:\/\/gualaxovivo.com.br\/index.php\/wp-json\/wp\/v2\/pages"}],"about":[{"href":"https:\/\/gualaxovivo.com.br\/index.php\/wp-json\/wp\/v2\/types\/page"}],"author":[{"embeddable":true,"href":"https:\/\/gualaxovivo.com.br\/index.php\/wp-json\/wp\/v2\/users\/1"}],"replies":[{"embeddable":true,"href":"https:\/\/gualaxovivo.com.br\/index.php\/wp-json\/wp\/v2\/comments?post=2533"}],"version-history":[{"count":7,"href":"https:\/\/gualaxovivo.com.br\/index.php\/wp-json\/wp\/v2\/pages\/2533\/revisions"}],"predecessor-version":[{"id":2569,"href":"https:\/\/gualaxovivo.com.br\/index.php\/wp-json\/wp\/v2\/pages\/2533\/revisions\/2569"}],"wp:attachment":[{"href":"https:\/\/gualaxovivo.com.br\/index.php\/wp-json\/wp\/v2\/media?parent=2533"}],"curies":[{"name":"wp","href":"https:\/\/api.w.org\/{rel}","templated":true}]}}