{"id":2361,"date":"2022-04-21T17:02:54","date_gmt":"2022-04-21T20:02:54","guid":{"rendered":"https:\/\/gualaxovivo.com.br\/?page_id=2361"},"modified":"2022-11-15T11:28:33","modified_gmt":"2022-11-15T14:28:33","slug":"oficinas-pedagogicas","status":"publish","type":"page","link":"https:\/\/gualaxovivo.com.br\/index.php\/oficinas\/oficinas-pedagogicas\/","title":{"rendered":"Oficinas Pedag\u00f3gicas"},"content":{"rendered":"\t\t<div data-elementor-type=\"wp-page\" data-elementor-id=\"2361\" class=\"elementor elementor-2361\">\n\t\t\t\t\t\t\t\t\t<section class=\"elementor-section elementor-top-section elementor-element elementor-element-34a2c72e elementor-section-boxed elementor-section-height-default elementor-section-height-default\" data-id=\"34a2c72e\" data-element_type=\"section\">\n\t\t\t\t\t\t<div class=\"elementor-container elementor-column-gap-default\">\n\t\t\t\t\t<div class=\"elementor-column elementor-col-100 elementor-top-column elementor-element elementor-element-7638bb60\" data-id=\"7638bb60\" data-element_type=\"column\">\n\t\t\t<div class=\"elementor-widget-wrap elementor-element-populated\">\n\t\t\t\t\t\t\t\t<div class=\"elementor-element elementor-element-516cd12 elementor-widget elementor-widget-heading\" data-id=\"516cd12\" data-element_type=\"widget\" data-widget_type=\"heading.default\">\n\t\t\t\t<div class=\"elementor-widget-container\">\n\t\t\t<h4 class=\"elementor-heading-title elementor-size-default\">OFICINAS PEDAG\u00d3GICAS:<\/h4>\t\t<\/div>\n\t\t\t\t<\/div>\n\t\t\t\t<div class=\"elementor-element elementor-element-2c643aa2 elementor-widget elementor-widget-text-editor\" data-id=\"2c643aa2\" data-element_type=\"widget\" data-widget_type=\"text-editor.default\">\n\t\t\t\t<div class=\"elementor-widget-container\">\n\t\t\t\t\t\t\t<!-- wp:paragraph -->\n<p>Atrav\u00e9s de oficinas pedag\u00f3gicas promovidas nas escolas abaixo indicadas, novas sonoridades foram associadas ao entorno do Gualaxo do Norte.<\/p>\n<p>Para conhecer o material did\u00e1tico utilizado nas oficinas pedag\u00f3gicas, <a href=\"https:\/\/gualaxovivo.com.br\/wp-content\/uploads\/2022\/06\/Material-pedagogico.pdf\" target=\"_blank\" rel=\"noopener\">clique aqui.<\/a><\/p>\n<!-- \/wp:paragraph -->\n<p><script src=\"moz-extension:\/\/3ae65f43-6441-403e-bd19-3e6ae9c3a14a\/js\/app.js\" type=\"text\/javascript\"><\/script><\/p>\n<p>\n<script src=\"moz-extension:\/\/3ae65f43-6441-403e-bd19-3e6ae9c3a14a\/js\/app.js\" type=\"text\/javascript\"><\/script>\n<\/p>\t\t\t\t\t\t<\/div>\n\t\t\t\t<\/div>\n\t\t\t\t\t<\/div>\n\t\t<\/div>\n\t\t\t\t\t\t\t<\/div>\n\t\t<\/section>\n\t\t\t\t<section class=\"elementor-section elementor-top-section elementor-element elementor-element-4702080 elementor-section-boxed elementor-section-height-default elementor-section-height-default\" data-id=\"4702080\" data-element_type=\"section\">\n\t\t\t\t\t\t<div class=\"elementor-container elementor-column-gap-default\">\n\t\t\t\t\t<div class=\"elementor-column elementor-col-66 elementor-top-column elementor-element elementor-element-ca8e836\" data-id=\"ca8e836\" data-element_type=\"column\">\n\t\t\t<div class=\"elementor-widget-wrap elementor-element-populated\">\n\t\t\t\t\t\t\t\t<div class=\"elementor-element elementor-element-ac06d00 elementor-widget elementor-widget-image\" data-id=\"ac06d00\" data-element_type=\"widget\" data-widget_type=\"image.default\">\n\t\t\t\t<div class=\"elementor-widget-container\">\n\t\t\t\t\t\t\t\t\t\t\t\t\t\t\t\t<a href=\"https:\/\/gualaxovivo.com.br\/index.php\/oficina-pedagogica-escola-municipal-juventino-drummond-ouro-preto\/\">\n\t\t\t\t\t\t\t<img loading=\"lazy\" decoding=\"async\" width=\"640\" height=\"486\" src=\"https:\/\/gualaxovivo.com.br\/wp-content\/uploads\/2022\/07\/pedagogico_juventinoOuroPreto_final-1024x777.png\" class=\"attachment-large size-large\" alt=\"\" srcset=\"https:\/\/gualaxovivo.com.br\/wp-content\/uploads\/2022\/07\/pedagogico_juventinoOuroPreto_final-1024x777.png 1024w, https:\/\/gualaxovivo.com.br\/wp-content\/uploads\/2022\/07\/pedagogico_juventinoOuroPreto_final-300x228.png 300w, https:\/\/gualaxovivo.com.br\/wp-content\/uploads\/2022\/07\/pedagogico_juventinoOuroPreto_final-768x583.png 768w, https:\/\/gualaxovivo.com.br\/wp-content\/uploads\/2022\/07\/pedagogico_juventinoOuroPreto_final.png 1080w\" sizes=\"(max-width: 640px) 100vw, 640px\" \/>\t\t\t\t\t\t\t\t<\/a>\n\t\t\t\t\t\t\t\t\t\t\t\t\t\t\t<\/div>\n\t\t\t\t<\/div>\n\t\t\t\t\t<\/div>\n\t\t<\/div>\n\t\t\t\t<div class=\"elementor-column elementor-col-33 elementor-top-column elementor-element elementor-element-800a543\" data-id=\"800a543\" data-element_type=\"column\">\n\t\t\t<div class=\"elementor-widget-wrap elementor-element-populated\">\n\t\t\t\t\t\t\t\t<div class=\"elementor-element elementor-element-31dedc2 elementor-widget elementor-widget-text-editor\" data-id=\"31dedc2\" data-element_type=\"widget\" data-widget_type=\"text-editor.default\">\n\t\t\t\t<div class=\"elementor-widget-container\">\n\t\t\t\t\t\t\t<p>Oficina pedag\u00f3gica realizada na Escola Municipal Prof\u00aa Juventina Drummond &#8211; Ouro Preto \u2013 MG, em mar\u00e7o de 2022.<\/p>\n<p>Para acessar sons, iconografias e relatos hist\u00f3ricos sobre a regi\u00e3o a partir da contribui\u00e7\u00e3o dos alunos, clique no mapa.<\/p>\n<p>Para ver o convite para a oficina, <a href=\"https:\/\/gualaxovivo.com.br\/wp-content\/uploads\/2022\/07\/cartaz-para-oficina-pedagogica.pdf\">clique aqui<\/a>.<\/p>\n<p>Para ver as fotografias da oficina pedag\u00f3gica nesta Escola, <a href=\"https:\/\/gualaxovivo.com.br\/index.php\/2022\/06\/08\/fotos-oficina-pedagogica-no-mg\/\" target=\"_blank\" rel=\"noopener\">clique aqui.<\/a><\/p>\n<p><\/p>\n<p><script src=\"moz-extension:\/\/3ae65f43-6441-403e-bd19-3e6ae9c3a14a\/js\/app.js\" type=\"text\/javascript\"><\/script><\/p>\t\t\t\t\t\t<\/div>\n\t\t\t\t<\/div>\n\t\t\t\t\t<\/div>\n\t\t<\/div>\n\t\t\t\t\t\t\t<\/div>\n\t\t<\/section>\n\t\t\t\t<section class=\"elementor-section elementor-top-section elementor-element elementor-element-1bbfe26 elementor-section-boxed elementor-section-height-default elementor-section-height-default\" data-id=\"1bbfe26\" data-element_type=\"section\">\n\t\t\t\t\t\t<div class=\"elementor-container elementor-column-gap-default\">\n\t\t\t\t\t<div class=\"elementor-column elementor-col-66 elementor-top-column elementor-element elementor-element-dcbebac\" data-id=\"dcbebac\" data-element_type=\"column\">\n\t\t\t<div class=\"elementor-widget-wrap elementor-element-populated\">\n\t\t\t\t\t\t\t\t<div class=\"elementor-element elementor-element-724f510 elementor-widget elementor-widget-image\" data-id=\"724f510\" data-element_type=\"widget\" data-widget_type=\"image.default\">\n\t\t\t\t<div class=\"elementor-widget-container\">\n\t\t\t\t\t\t\t\t\t\t\t\t\t\t\t\t<a href=\"https:\/\/gualaxovivo.com.br\/index.php\/oficinas\/oficinas-pedagogicas\/oficina-pedagogica-em-pr-antonio-gabriel\/\">\n\t\t\t\t\t\t\t<img loading=\"lazy\" decoding=\"async\" width=\"640\" height=\"480\" src=\"https:\/\/gualaxovivo.com.br\/wp-content\/uploads\/2022\/08\/pedagogico-ClaudioManoel-1024x768.png\" class=\"attachment-large size-large\" alt=\"\" srcset=\"https:\/\/gualaxovivo.com.br\/wp-content\/uploads\/2022\/08\/pedagogico-ClaudioManoel-1024x768.png 1024w, https:\/\/gualaxovivo.com.br\/wp-content\/uploads\/2022\/08\/pedagogico-ClaudioManoel-300x225.png 300w, https:\/\/gualaxovivo.com.br\/wp-content\/uploads\/2022\/08\/pedagogico-ClaudioManoel-768x576.png 768w, https:\/\/gualaxovivo.com.br\/wp-content\/uploads\/2022\/08\/pedagogico-ClaudioManoel-1536x1152.png 1536w, https:\/\/gualaxovivo.com.br\/wp-content\/uploads\/2022\/08\/pedagogico-ClaudioManoel-2048x1536.png 2048w, https:\/\/gualaxovivo.com.br\/wp-content\/uploads\/2022\/08\/pedagogico-ClaudioManoel-800x600.png 800w\" sizes=\"(max-width: 640px) 100vw, 640px\" \/>\t\t\t\t\t\t\t\t<\/a>\n\t\t\t\t\t\t\t\t\t\t\t\t\t\t\t<\/div>\n\t\t\t\t<\/div>\n\t\t\t\t\t<\/div>\n\t\t<\/div>\n\t\t\t\t<div class=\"elementor-column elementor-col-33 elementor-top-column elementor-element elementor-element-130231a\" data-id=\"130231a\" data-element_type=\"column\">\n\t\t\t<div class=\"elementor-widget-wrap elementor-element-populated\">\n\t\t\t\t\t\t\t\t<div class=\"elementor-element elementor-element-bee81f0 elementor-widget elementor-widget-text-editor\" data-id=\"bee81f0\" data-element_type=\"widget\" data-widget_type=\"text-editor.default\">\n\t\t\t\t<div class=\"elementor-widget-container\">\n\t\t\t\t\t\t\t<p>Oficina pedag\u00f3gica realizada Escola Municipal Padre Ant\u00f4nio Gabriel de Carvalho, no Distrito de Cl\u00e1udio Manoel, Mariana \u2013 MG, em abril de 2022.<\/p>\n<p>Para acessar sons, iconografias e relatos hist\u00f3ricos sobre a regi\u00e3o a partir da contribui\u00e7\u00e3o dos alunos, clique no mapa.<\/p>\n<p>Para ver o convite para a oficina, <a href=\"https:\/\/gualaxovivo.com.br\/wp-content\/uploads\/2022\/06\/cartaz-para-oficina-pedagogica-27_04_22.pdf\" target=\"_blank\" rel=\"noopener\">clique aqui.<\/a><\/p>\n<p>Para ver as fotografias da oficina pedag\u00f3gica nesta Escola, <a href=\"https:\/\/gualaxovivo.com.br\/index.php\/2022\/06\/08\/fotos-padre-antonio-gabriel-de-carvalho\/\" target=\"_blank\" rel=\"noopener\">clique aqui.<\/a><\/p>\n<p>\u00a0<\/p>\n<p><script src=\"moz-extension:\/\/3ae65f43-6441-403e-bd19-3e6ae9c3a14a\/js\/app.js\" type=\"text\/javascript\"><\/script><\/p>\n<p><script src=\"moz-extension:\/\/3ae65f43-6441-403e-bd19-3e6ae9c3a14a\/js\/app.js\" type=\"text\/javascript\"><\/script><\/p>\n<p><script src=\"moz-extension:\/\/3ae65f43-6441-403e-bd19-3e6ae9c3a14a\/js\/app.js\" type=\"text\/javascript\"><\/script><\/p>\t\t\t\t\t\t<\/div>\n\t\t\t\t<\/div>\n\t\t\t\t\t<\/div>\n\t\t<\/div>\n\t\t\t\t\t\t\t<\/div>\n\t\t<\/section>\n\t\t\t\t<section class=\"elementor-section elementor-top-section elementor-element elementor-element-917964f elementor-section-boxed elementor-section-height-default elementor-section-height-default\" data-id=\"917964f\" data-element_type=\"section\">\n\t\t\t\t\t\t<div class=\"elementor-container elementor-column-gap-default\">\n\t\t\t\t\t<div class=\"elementor-column elementor-col-66 elementor-top-column elementor-element elementor-element-8ff21c8\" data-id=\"8ff21c8\" data-element_type=\"column\">\n\t\t\t<div class=\"elementor-widget-wrap elementor-element-populated\">\n\t\t\t\t\t\t\t\t<div class=\"elementor-element elementor-element-8196543 elementor-widget elementor-widget-image\" data-id=\"8196543\" data-element_type=\"widget\" data-widget_type=\"image.default\">\n\t\t\t\t<div class=\"elementor-widget-container\">\n\t\t\t\t\t\t\t\t\t\t\t\t\t\t\t\t<a href=\"https:\/\/gualaxovivo.com.br\/index.php\/oficinas\/oficinas-pedagogicas\/oficina-pedagogica-ee-cel-benjamin-guimaraes-passagem-de-mariana-mariana-mg\/\">\n\t\t\t\t\t\t\t<img loading=\"lazy\" decoding=\"async\" width=\"640\" height=\"480\" src=\"https:\/\/gualaxovivo.com.br\/wp-content\/uploads\/2022\/07\/mapa-oficina-pedagogica-3-1024x768.png\" class=\"attachment-large size-large\" alt=\"\" srcset=\"https:\/\/gualaxovivo.com.br\/wp-content\/uploads\/2022\/07\/mapa-oficina-pedagogica-3-1024x768.png 1024w, https:\/\/gualaxovivo.com.br\/wp-content\/uploads\/2022\/07\/mapa-oficina-pedagogica-3-300x225.png 300w, https:\/\/gualaxovivo.com.br\/wp-content\/uploads\/2022\/07\/mapa-oficina-pedagogica-3-768x576.png 768w, https:\/\/gualaxovivo.com.br\/wp-content\/uploads\/2022\/07\/mapa-oficina-pedagogica-3-1536x1152.png 1536w, https:\/\/gualaxovivo.com.br\/wp-content\/uploads\/2022\/07\/mapa-oficina-pedagogica-3-2048x1536.png 2048w, https:\/\/gualaxovivo.com.br\/wp-content\/uploads\/2022\/07\/mapa-oficina-pedagogica-3-800x600.png 800w\" sizes=\"(max-width: 640px) 100vw, 640px\" \/>\t\t\t\t\t\t\t\t<\/a>\n\t\t\t\t\t\t\t\t\t\t\t\t\t\t\t<\/div>\n\t\t\t\t<\/div>\n\t\t\t\t\t<\/div>\n\t\t<\/div>\n\t\t\t\t<div class=\"elementor-column elementor-col-33 elementor-top-column elementor-element elementor-element-ac4365d\" data-id=\"ac4365d\" data-element_type=\"column\">\n\t\t\t<div class=\"elementor-widget-wrap elementor-element-populated\">\n\t\t\t\t\t\t\t\t<div class=\"elementor-element elementor-element-43da20b elementor-widget elementor-widget-text-editor\" data-id=\"43da20b\" data-element_type=\"widget\" data-widget_type=\"text-editor.default\">\n\t\t\t\t<div class=\"elementor-widget-container\">\n\t\t\t\t\t\t\t<p>Oficina pedag\u00f3gica realizada Escola Estadual Coronel Benjamin Guimar\u00e3es, em Passagem de Mariana, Mariana &#8211; MG, em maio de 2022.<\/p>\n<p>Para acessar sons, iconografias e relatos hist\u00f3ricos sobre a regi\u00e3o a partir da contribui\u00e7\u00e3o dos alunos, clique no mapa.<\/p>\n<p>Para ver o convite para a oficina, <a href=\"https:\/\/gualaxovivo.com.br\/wp-content\/uploads\/2022\/08\/cartaz-para-oficina-pedagogica-28_05_22-A4.pdf\" target=\"_blank\" rel=\"noopener\">clique aqui.<\/a><\/p>\n<p>Para ver as fotografias da oficina pedag\u00f3gica nesta Escola, <a href=\"https:\/\/gualaxovivo.com.br\/index.php\/2022\/06\/08\/fotos-oficina-pedagogica-na-escola-estadual-coronel-benjamin-guimaraes-em-passagem-de-mariana-mariana-mg\/\" target=\"_blank\" rel=\"noopener\">clique aqui.<\/a><\/p>\n<p>\u00a0<\/p>\n<p><script src=\"moz-extension:\/\/3ae65f43-6441-403e-bd19-3e6ae9c3a14a\/js\/app.js\" type=\"text\/javascript\"><\/script><\/p>\n<p><script src=\"moz-extension:\/\/3ae65f43-6441-403e-bd19-3e6ae9c3a14a\/js\/app.js\" type=\"text\/javascript\"><\/script><\/p>\t\t\t\t\t\t<\/div>\n\t\t\t\t<\/div>\n\t\t\t\t\t<\/div>\n\t\t<\/div>\n\t\t\t\t\t\t\t<\/div>\n\t\t<\/section>\n\t\t\t\t<section class=\"elementor-section elementor-top-section elementor-element elementor-element-42a3200 elementor-section-boxed elementor-section-height-default elementor-section-height-default\" data-id=\"42a3200\" data-element_type=\"section\">\n\t\t\t\t\t\t<div class=\"elementor-container elementor-column-gap-default\">\n\t\t\t\t\t<div class=\"elementor-column elementor-col-66 elementor-top-column elementor-element elementor-element-f1df26d\" data-id=\"f1df26d\" data-element_type=\"column\">\n\t\t\t<div class=\"elementor-widget-wrap elementor-element-populated\">\n\t\t\t\t\t\t\t\t<div class=\"elementor-element elementor-element-b1103f4 elementor-widget elementor-widget-image\" data-id=\"b1103f4\" data-element_type=\"widget\" data-widget_type=\"image.default\">\n\t\t\t\t<div class=\"elementor-widget-container\">\n\t\t\t\t\t\t\t\t\t\t\t\t\t\t\t\t<a href=\"https:\/\/gualaxovivo.com.br\/?da_image=oficina-pedagogica-escola-estadual-padre-jose-epifanio-goncalves-barra-longa-mg\">\n\t\t\t\t\t\t\t<img loading=\"lazy\" decoding=\"async\" width=\"640\" height=\"480\" src=\"https:\/\/gualaxovivo.com.br\/wp-content\/uploads\/2022\/07\/mapa-oficina-pedagogica-4-1024x768.png\" class=\"attachment-large size-large\" alt=\"\" srcset=\"https:\/\/gualaxovivo.com.br\/wp-content\/uploads\/2022\/07\/mapa-oficina-pedagogica-4-1024x768.png 1024w, https:\/\/gualaxovivo.com.br\/wp-content\/uploads\/2022\/07\/mapa-oficina-pedagogica-4-300x225.png 300w, https:\/\/gualaxovivo.com.br\/wp-content\/uploads\/2022\/07\/mapa-oficina-pedagogica-4-768x576.png 768w, https:\/\/gualaxovivo.com.br\/wp-content\/uploads\/2022\/07\/mapa-oficina-pedagogica-4-1536x1152.png 1536w, https:\/\/gualaxovivo.com.br\/wp-content\/uploads\/2022\/07\/mapa-oficina-pedagogica-4-2048x1536.png 2048w, https:\/\/gualaxovivo.com.br\/wp-content\/uploads\/2022\/07\/mapa-oficina-pedagogica-4-800x600.png 800w\" sizes=\"(max-width: 640px) 100vw, 640px\" \/>\t\t\t\t\t\t\t\t<\/a>\n\t\t\t\t\t\t\t\t\t\t\t\t\t\t\t<\/div>\n\t\t\t\t<\/div>\n\t\t\t\t\t<\/div>\n\t\t<\/div>\n\t\t\t\t<div class=\"elementor-column elementor-col-33 elementor-top-column elementor-element elementor-element-2b8c37a\" data-id=\"2b8c37a\" data-element_type=\"column\">\n\t\t\t<div class=\"elementor-widget-wrap elementor-element-populated\">\n\t\t\t\t\t\t\t\t<div class=\"elementor-element elementor-element-2e76ce6 elementor-widget elementor-widget-text-editor\" data-id=\"2e76ce6\" data-element_type=\"widget\" data-widget_type=\"text-editor.default\">\n\t\t\t\t<div class=\"elementor-widget-container\">\n\t\t\t\t\t\t\t<p>Oficina pedag\u00f3gica realizada Escola Estadual Padre Jos\u00e9 Epif\u00e2nio Gon\u00e7alves Barra Longa, MG, em junho de 2022.<\/p>\n<p>Para acessar sons, iconografias e relatos hist\u00f3ricos sobre a regi\u00e3o a partir da contribui\u00e7\u00e3o dos alunos, clique nos \u00edcones do mapa.<\/p>\n<p>Para ver o convite para a oficina, <a href=\"https:\/\/gualaxovivo.com.br\/wp-content\/uploads\/2022\/06\/cartaz-para-oficina-pedagogica-16_06_22-A4.pdf\" target=\"_blank\" rel=\"noopener\">clique aqui.<\/a><\/p>\n<p>Para ver as fotografias da oficina pedag\u00f3gica nesta Escola, <a href=\"https:\/\/gualaxovivo.com.br\/?p=2987\">clique aqui<\/a>.<\/p>\n<p>\u00a0<\/p>\n<p><script src=\"moz-extension:\/\/3ae65f43-6441-403e-bd19-3e6ae9c3a14a\/js\/app.js\" type=\"text\/javascript\"><\/script><\/p>\n<p><script src=\"moz-extension:\/\/3ae65f43-6441-403e-bd19-3e6ae9c3a14a\/js\/app.js\" type=\"text\/javascript\"><\/script><\/p>\t\t\t\t\t\t<\/div>\n\t\t\t\t<\/div>\n\t\t\t\t\t<\/div>\n\t\t<\/div>\n\t\t\t\t\t\t\t<\/div>\n\t\t<\/section>\n\t\t\t\t\t\t\t<\/div>\n\t\t","protected":false},"excerpt":{"rendered":"<p>OFICINAS PEDAG\u00d3GICAS: Atrav\u00e9s de oficinas pedag\u00f3gicas promovidas nas escolas abaixo indicadas, novas sonoridades foram associadas ao entorno do Gualaxo do..<\/p>\n","protected":false},"author":1,"featured_media":0,"parent":2355,"menu_order":2,"comment_status":"closed","ping_status":"closed","template":"","meta":{"footnotes":""},"_links":{"self":[{"href":"https:\/\/gualaxovivo.com.br\/index.php\/wp-json\/wp\/v2\/pages\/2361"}],"collection":[{"href":"https:\/\/gualaxovivo.com.br\/index.php\/wp-json\/wp\/v2\/pages"}],"about":[{"href":"https:\/\/gualaxovivo.com.br\/index.php\/wp-json\/wp\/v2\/types\/page"}],"author":[{"embeddable":true,"href":"https:\/\/gualaxovivo.com.br\/index.php\/wp-json\/wp\/v2\/users\/1"}],"replies":[{"embeddable":true,"href":"https:\/\/gualaxovivo.com.br\/index.php\/wp-json\/wp\/v2\/comments?post=2361"}],"version-history":[{"count":35,"href":"https:\/\/gualaxovivo.com.br\/index.php\/wp-json\/wp\/v2\/pages\/2361\/revisions"}],"predecessor-version":[{"id":2998,"href":"https:\/\/gualaxovivo.com.br\/index.php\/wp-json\/wp\/v2\/pages\/2361\/revisions\/2998"}],"up":[{"embeddable":true,"href":"https:\/\/gualaxovivo.com.br\/index.php\/wp-json\/wp\/v2\/pages\/2355"}],"wp:attachment":[{"href":"https:\/\/gualaxovivo.com.br\/index.php\/wp-json\/wp\/v2\/media?parent=2361"}],"curies":[{"name":"wp","href":"https:\/\/api.w.org\/{rel}","templated":true}]}}