{"id":2357,"date":"2022-04-21T16:56:26","date_gmt":"2022-04-21T19:56:26","guid":{"rendered":"https:\/\/gualaxovivo.com.br\/?page_id=2357"},"modified":"2022-11-01T11:16:08","modified_gmt":"2022-11-01T14:16:08","slug":"oficinas-culturais","status":"publish","type":"page","link":"https:\/\/gualaxovivo.com.br\/index.php\/oficinas\/oficinas-culturais\/","title":{"rendered":"Oficinas Culturais"},"content":{"rendered":"\t\t<div data-elementor-type=\"wp-page\" data-elementor-id=\"2357\" class=\"elementor elementor-2357\">\n\t\t\t\t\t\t\t\t\t<section class=\"elementor-section elementor-top-section elementor-element elementor-element-a632962 elementor-section-boxed elementor-section-height-default elementor-section-height-default\" data-id=\"a632962\" data-element_type=\"section\">\n\t\t\t\t\t\t<div class=\"elementor-container elementor-column-gap-default\">\n\t\t\t\t\t<div class=\"elementor-column elementor-col-100 elementor-top-column elementor-element elementor-element-0ec51a4\" data-id=\"0ec51a4\" data-element_type=\"column\">\n\t\t\t<div class=\"elementor-widget-wrap elementor-element-populated\">\n\t\t\t\t\t\t\t\t<div class=\"elementor-element elementor-element-0b6bc78 elementor-widget elementor-widget-heading\" data-id=\"0b6bc78\" data-element_type=\"widget\" data-widget_type=\"heading.default\">\n\t\t\t\t<div class=\"elementor-widget-container\">\n\t\t\t<h4 class=\"elementor-heading-title elementor-size-default\">Oficinas Culturais<\/h4>\t\t<\/div>\n\t\t\t\t<\/div>\n\t\t\t\t<div class=\"elementor-element elementor-element-675d9a4 elementor-widget elementor-widget-text-editor\" data-id=\"675d9a4\" data-element_type=\"widget\" data-widget_type=\"text-editor.default\">\n\t\t\t\t<div class=\"elementor-widget-container\">\n\t\t\t\t\t\t\t<p>Atrav\u00e9s de enquetes digitais e oficinas culturais realizadas nos munic\u00edpios de Mariana, Ouro Preto e Barra Longa no 1\u00ba semestre de 2022, foi poss\u00edvel agregar novas sonoridades ao entorno socioambiental do Gualaxo do Norte.<\/p><p><script src=\"moz-extension:\/\/3ae65f43-6441-403e-bd19-3e6ae9c3a14a\/js\/app.js\" type=\"text\/javascript\"><\/script><\/p>\t\t\t\t\t\t<\/div>\n\t\t\t\t<\/div>\n\t\t\t\t\t<\/div>\n\t\t<\/div>\n\t\t\t\t\t\t\t<\/div>\n\t\t<\/section>\n\t\t\t\t<section class=\"elementor-section elementor-top-section elementor-element elementor-element-ffb1bff elementor-section-boxed elementor-section-height-default elementor-section-height-default\" data-id=\"ffb1bff\" data-element_type=\"section\">\n\t\t\t\t\t\t<div class=\"elementor-container elementor-column-gap-default\">\n\t\t\t\t\t<div class=\"elementor-column elementor-col-33 elementor-top-column elementor-element elementor-element-04661f1\" data-id=\"04661f1\" data-element_type=\"column\">\n\t\t\t<div class=\"elementor-widget-wrap elementor-element-populated\">\n\t\t\t\t\t\t\t\t<div class=\"elementor-element elementor-element-169f0d9 elementor-widget elementor-widget-image\" data-id=\"169f0d9\" data-element_type=\"widget\" data-widget_type=\"image.default\">\n\t\t\t\t<div class=\"elementor-widget-container\">\n\t\t\t\t\t\t\t\t\t\t\t\t\t\t\t\t<a href=\"https:\/\/gualaxovivo.com.br\/index.php\/oficina-cultural-consulta-por-formulario-google\/\">\n\t\t\t\t\t\t\t<img loading=\"lazy\" decoding=\"async\" width=\"640\" height=\"486\" src=\"https:\/\/gualaxovivo.com.br\/wp-content\/uploads\/2022\/07\/cultural_OficinaGoogle_final-1024x777.png\" class=\"attachment-large size-large\" alt=\"\" srcset=\"https:\/\/gualaxovivo.com.br\/wp-content\/uploads\/2022\/07\/cultural_OficinaGoogle_final-1024x777.png 1024w, https:\/\/gualaxovivo.com.br\/wp-content\/uploads\/2022\/07\/cultural_OficinaGoogle_final-300x228.png 300w, https:\/\/gualaxovivo.com.br\/wp-content\/uploads\/2022\/07\/cultural_OficinaGoogle_final-768x583.png 768w, https:\/\/gualaxovivo.com.br\/wp-content\/uploads\/2022\/07\/cultural_OficinaGoogle_final.png 1080w\" sizes=\"(max-width: 640px) 100vw, 640px\" \/>\t\t\t\t\t\t\t\t<\/a>\n\t\t\t\t\t\t\t\t\t\t\t\t\t\t\t<\/div>\n\t\t\t\t<\/div>\n\t\t\t\t\t<\/div>\n\t\t<\/div>\n\t\t\t\t<div class=\"elementor-column elementor-col-66 elementor-top-column elementor-element elementor-element-0d1b312\" data-id=\"0d1b312\" data-element_type=\"column\">\n\t\t\t<div class=\"elementor-widget-wrap elementor-element-populated\">\n\t\t\t\t\t\t\t\t<div class=\"elementor-element elementor-element-9279426 elementor-widget elementor-widget-text-editor\" data-id=\"9279426\" data-element_type=\"widget\" data-widget_type=\"text-editor.default\">\n\t\t\t\t<div class=\"elementor-widget-container\">\n\t\t\t\t\t\t\t<p>Para acessar sons, iconografias e relatos hist\u00f3ricos sobre a regi\u00e3o a partir da resposta dos moradores ao formul\u00e1rio <i>on-line<\/i>, divulgado em mar\u00e7o de 2022, clique no mapa.<\/p><p><script src=\"moz-extension:\/\/3ae65f43-6441-403e-bd19-3e6ae9c3a14a\/js\/app.js\" type=\"text\/javascript\"><\/script><\/p><p><script src=\"moz-extension:\/\/3ae65f43-6441-403e-bd19-3e6ae9c3a14a\/js\/app.js\" type=\"text\/javascript\"><\/script><\/p><p><script src=\"moz-extension:\/\/3ae65f43-6441-403e-bd19-3e6ae9c3a14a\/js\/app.js\" type=\"text\/javascript\"><\/script><\/p>\t\t\t\t\t\t<\/div>\n\t\t\t\t<\/div>\n\t\t\t\t<div class=\"elementor-element elementor-element-8ee5571 elementor-widget__width-initial elementor-widget elementor-widget-button\" data-id=\"8ee5571\" data-element_type=\"widget\" data-widget_type=\"button.default\">\n\t\t\t\t<div class=\"elementor-widget-container\">\n\t\t\t\t\t<div class=\"elementor-button-wrapper\">\n\t\t\t<a href=\"https:\/\/gualaxovivo.com.br\/wp-content\/uploads\/2022\/06\/MapaSonoro_ConviteGualaxodoNorte-respostas-Respostas-ao-formulario-1.pdf\" target=\"_blank\" class=\"elementor-button-link elementor-button elementor-size-sm\" role=\"button\">\n\t\t\t\t\t\t<span class=\"elementor-button-content-wrapper\">\n\t\t\t\t\t\t<span class=\"elementor-button-text\">Conhe\u00e7a os resultados at\u00e9 agora<\/span>\n\t\t<\/span>\n\t\t\t\t\t<\/a>\n\t\t<\/div>\n\t\t\t\t<\/div>\n\t\t\t\t<\/div>\n\t\t\t\t\t<\/div>\n\t\t<\/div>\n\t\t\t\t\t\t\t<\/div>\n\t\t<\/section>\n\t\t\t\t<section class=\"elementor-section elementor-top-section elementor-element elementor-element-9e41968 elementor-section-boxed elementor-section-height-default elementor-section-height-default\" data-id=\"9e41968\" data-element_type=\"section\">\n\t\t\t\t\t\t<div class=\"elementor-container elementor-column-gap-default\">\n\t\t\t\t\t<div class=\"elementor-column elementor-col-33 elementor-top-column elementor-element elementor-element-c49fda5\" data-id=\"c49fda5\" data-element_type=\"column\">\n\t\t\t<div class=\"elementor-widget-wrap elementor-element-populated\">\n\t\t\t\t\t\t\t\t<div class=\"elementor-element elementor-element-b3b74ae elementor-widget elementor-widget-image\" data-id=\"b3b74ae\" data-element_type=\"widget\" data-widget_type=\"image.default\">\n\t\t\t\t<div class=\"elementor-widget-container\">\n\t\t\t\t\t\t\t\t\t\t\t\t\t\t\t\t<a href=\"https:\/\/gualaxovivo.com.br\/index.php\/oficinas\/oficinas-culturais\/oficina-cultural-casa-aldravista\/\">\n\t\t\t\t\t\t\t<img loading=\"lazy\" decoding=\"async\" width=\"640\" height=\"486\" src=\"https:\/\/gualaxovivo.com.br\/wp-content\/uploads\/2022\/07\/cultural_Aldravista-1024x777.png\" class=\"attachment-large size-large\" alt=\"\" srcset=\"https:\/\/gualaxovivo.com.br\/wp-content\/uploads\/2022\/07\/cultural_Aldravista-1024x777.png 1024w, https:\/\/gualaxovivo.com.br\/wp-content\/uploads\/2022\/07\/cultural_Aldravista-300x228.png 300w, https:\/\/gualaxovivo.com.br\/wp-content\/uploads\/2022\/07\/cultural_Aldravista-768x583.png 768w, https:\/\/gualaxovivo.com.br\/wp-content\/uploads\/2022\/07\/cultural_Aldravista-1536x1166.png 1536w, https:\/\/gualaxovivo.com.br\/wp-content\/uploads\/2022\/07\/cultural_Aldravista-2048x1555.png 2048w\" sizes=\"(max-width: 640px) 100vw, 640px\" \/>\t\t\t\t\t\t\t\t<\/a>\n\t\t\t\t\t\t\t\t\t\t\t\t\t\t\t<\/div>\n\t\t\t\t<\/div>\n\t\t\t\t\t<\/div>\n\t\t<\/div>\n\t\t\t\t<div class=\"elementor-column elementor-col-66 elementor-top-column elementor-element elementor-element-4a1970b\" data-id=\"4a1970b\" data-element_type=\"column\">\n\t\t\t<div class=\"elementor-widget-wrap elementor-element-populated\">\n\t\t\t\t\t\t\t\t<div class=\"elementor-element elementor-element-46c8788 elementor-widget elementor-widget-text-editor\" data-id=\"46c8788\" data-element_type=\"widget\" data-widget_type=\"text-editor.default\">\n\t\t\t\t<div class=\"elementor-widget-container\">\n\t\t\t\t\t\t\t<p>Para acessar sons, iconografias e relatos hist\u00f3ricos sobre a regi\u00e3o a partir da oficina realizada na Casa da Arte Aldravista em abril de 2022, clique no mapa.<\/p><p>Para ver o convite para a oficina, <a href=\"https:\/\/gualaxovivo.com.br\/wp-content\/uploads\/2022\/06\/cartaz-para-oficina-cultural-20_04_22.pdf\" target=\"_blank\" rel=\"noopener\"><span style=\"text-decoration: underline;\">clique aqui<\/span>.<\/a><\/p><p>Para saber sobre a Casa da Arte Aldravista, <a href=\"https:\/\/gualaxovivo.com.br\/wp-content\/uploads\/2022\/06\/casa-aldravea-ficha.pdf\" target=\"_blank\" rel=\"noopener\"><span style=\"text-decoration: underline;\">clique aqui<\/span>.<\/a><\/p><p>Para conhecer Andreia Donadon Leal, presidente da Casa da Arte Aldravista, <a href=\"https:\/\/gualaxovivo.com.br\/wp-content\/uploads\/2022\/06\/andrea-don-leal-ficha.pdf\" target=\"_blank\" rel=\"noopener\"><span style=\"text-decoration: underline;\">clique aqui<\/span>.<\/a><\/p><p>Para ver as fotografias da oficina cultural na Casa da Arte Aldravista, <a href=\"https:\/\/gualaxovivo.com.br\/index.php\/2022\/06\/08\/oficina-na-casa-da-arte-aldravista\/\"><span style=\"text-decoration: underline;\">clique aqui<\/span><\/a>. Agradecemos a Alexandre Coelho pela cess\u00e3o das fotos.<\/p><p><script src=\"moz-extension:\/\/3ae65f43-6441-403e-bd19-3e6ae9c3a14a\/js\/app.js\" type=\"text\/javascript\"><\/script><\/p><p><script src=\"moz-extension:\/\/3ae65f43-6441-403e-bd19-3e6ae9c3a14a\/js\/app.js\" type=\"text\/javascript\"><\/script><\/p><p><script src=\"moz-extension:\/\/3ae65f43-6441-403e-bd19-3e6ae9c3a14a\/js\/app.js\" type=\"text\/javascript\"><\/script><\/p>\t\t\t\t\t\t<\/div>\n\t\t\t\t<\/div>\n\t\t\t\t\t<\/div>\n\t\t<\/div>\n\t\t\t\t\t\t\t<\/div>\n\t\t<\/section>\n\t\t\t\t<section class=\"elementor-section elementor-top-section elementor-element elementor-element-94bf958 elementor-section-boxed elementor-section-height-default elementor-section-height-default\" data-id=\"94bf958\" data-element_type=\"section\">\n\t\t\t\t\t\t<div class=\"elementor-container elementor-column-gap-default\">\n\t\t\t\t\t<div class=\"elementor-column elementor-col-33 elementor-top-column elementor-element elementor-element-e8ae03b\" data-id=\"e8ae03b\" data-element_type=\"column\">\n\t\t\t<div class=\"elementor-widget-wrap elementor-element-populated\">\n\t\t\t\t\t\t\t\t<div class=\"elementor-element elementor-element-0fe373b elementor-widget elementor-widget-image\" data-id=\"0fe373b\" data-element_type=\"widget\" data-widget_type=\"image.default\">\n\t\t\t\t<div class=\"elementor-widget-container\">\n\t\t\t\t\t\t\t\t\t\t\t\t\t\t\t\t<a href=\"https:\/\/gualaxovivo.com.br\/?da_image=oficina-cultural-camara-municipal-de-barra-longa\">\n\t\t\t\t\t\t\t<img loading=\"lazy\" decoding=\"async\" width=\"640\" height=\"478\" src=\"https:\/\/gualaxovivo.com.br\/wp-content\/uploads\/2022\/07\/mapa-oficina-cultural-3-1024x765.jpg\" class=\"attachment-large size-large\" alt=\"A partir do come\u00e7o de 2022, a equipe do Gualaxo Vivo teve como objetivo um contato maior com as comunidades ao redor do rio Gualaxo do Norte e a partir de oficinas pedag\u00f3gicas que apresentassem o nosso trabalho aos jovens da regi\u00e3o, pudemos contar com a participa\u00e7\u00e3o deles para construir esse mapa.\" srcset=\"https:\/\/gualaxovivo.com.br\/wp-content\/uploads\/2022\/07\/mapa-oficina-cultural-3-1024x765.jpg 1024w, https:\/\/gualaxovivo.com.br\/wp-content\/uploads\/2022\/07\/mapa-oficina-cultural-3-300x224.jpg 300w, https:\/\/gualaxovivo.com.br\/wp-content\/uploads\/2022\/07\/mapa-oficina-cultural-3-768x574.jpg 768w, https:\/\/gualaxovivo.com.br\/wp-content\/uploads\/2022\/07\/mapa-oficina-cultural-3-1536x1148.jpg 1536w, https:\/\/gualaxovivo.com.br\/wp-content\/uploads\/2022\/07\/mapa-oficina-cultural-3-2048x1530.jpg 2048w\" sizes=\"(max-width: 640px) 100vw, 640px\" \/>\t\t\t\t\t\t\t\t<\/a>\n\t\t\t\t\t\t\t\t\t\t\t\t\t\t\t<\/div>\n\t\t\t\t<\/div>\n\t\t\t\t\t<\/div>\n\t\t<\/div>\n\t\t\t\t<div class=\"elementor-column elementor-col-66 elementor-top-column elementor-element elementor-element-4cf8c2d\" data-id=\"4cf8c2d\" data-element_type=\"column\">\n\t\t\t<div class=\"elementor-widget-wrap elementor-element-populated\">\n\t\t\t\t\t\t\t\t<div class=\"elementor-element elementor-element-6716abd elementor-widget elementor-widget-text-editor\" data-id=\"6716abd\" data-element_type=\"widget\" data-widget_type=\"text-editor.default\">\n\t\t\t\t<div class=\"elementor-widget-container\">\n\t\t\t\t\t\t\t<p>Para acessar sons, iconografias e relatos hist\u00f3ricos sobre a regi\u00e3o a partir da oficina realizada na C\u00e2mara de Vereadores do Munic\u00edpio de Barra Longa-MG, em junho de 2022, clique no mapa.<\/p><p>Para ver o convite para a oficina, <a href=\"https:\/\/gualaxovivo.com.br\/wp-content\/uploads\/2022\/06\/cartaz-oficina-cultural-140622-A4.pdf\"><span style=\"text-decoration: underline;\">clique aqui.<\/span><\/a><\/p><p>Para ver as fotografias da oficina cultural em Barra Longa, <span style=\"text-decoration: underline;\"><a href=\"https:\/\/gualaxovivo.com.br\/?p=2961\">clique aqui<\/a>.<\/span><\/p><p><script src=\"moz-extension:\/\/3ae65f43-6441-403e-bd19-3e6ae9c3a14a\/js\/app.js\" type=\"text\/javascript\"><\/script><\/p>\t\t\t\t\t\t<\/div>\n\t\t\t\t<\/div>\n\t\t\t\t\t<\/div>\n\t\t<\/div>\n\t\t\t\t\t\t\t<\/div>\n\t\t<\/section>\n\t\t\t\t\t\t\t<\/div>\n\t\t","protected":false},"excerpt":{"rendered":"<p>Oficinas Culturais Atrav\u00e9s de enquetes digitais e oficinas culturais realizadas nos munic\u00edpios de Mariana, Ouro Preto e Barra Longa no..<\/p>\n","protected":false},"author":1,"featured_media":0,"parent":2355,"menu_order":1,"comment_status":"closed","ping_status":"closed","template":"","meta":{"footnotes":""},"_links":{"self":[{"href":"https:\/\/gualaxovivo.com.br\/index.php\/wp-json\/wp\/v2\/pages\/2357"}],"collection":[{"href":"https:\/\/gualaxovivo.com.br\/index.php\/wp-json\/wp\/v2\/pages"}],"about":[{"href":"https:\/\/gualaxovivo.com.br\/index.php\/wp-json\/wp\/v2\/types\/page"}],"author":[{"embeddable":true,"href":"https:\/\/gualaxovivo.com.br\/index.php\/wp-json\/wp\/v2\/users\/1"}],"replies":[{"embeddable":true,"href":"https:\/\/gualaxovivo.com.br\/index.php\/wp-json\/wp\/v2\/comments?post=2357"}],"version-history":[{"count":91,"href":"https:\/\/gualaxovivo.com.br\/index.php\/wp-json\/wp\/v2\/pages\/2357\/revisions"}],"predecessor-version":[{"id":2964,"href":"https:\/\/gualaxovivo.com.br\/index.php\/wp-json\/wp\/v2\/pages\/2357\/revisions\/2964"}],"up":[{"embeddable":true,"href":"https:\/\/gualaxovivo.com.br\/index.php\/wp-json\/wp\/v2\/pages\/2355"}],"wp:attachment":[{"href":"https:\/\/gualaxovivo.com.br\/index.php\/wp-json\/wp\/v2\/media?parent=2357"}],"curies":[{"name":"wp","href":"https:\/\/api.w.org\/{rel}","templated":true}]}}