{"id":2355,"date":"2022-04-21T15:56:10","date_gmt":"2022-04-21T18:56:10","guid":{"rendered":"https:\/\/gualaxovivo.com.br\/?page_id=2355"},"modified":"2022-10-19T21:36:04","modified_gmt":"2022-10-20T00:36:04","slug":"oficinas","status":"publish","type":"page","link":"https:\/\/gualaxovivo.com.br\/index.php\/oficinas\/","title":{"rendered":"Oficinas"},"content":{"rendered":"\t\t<div data-elementor-type=\"wp-page\" data-elementor-id=\"2355\" class=\"elementor elementor-2355\">\n\t\t\t\t\t\t\t\t\t<section class=\"elementor-section elementor-top-section elementor-element elementor-element-eb38e08 elementor-section-boxed elementor-section-height-default elementor-section-height-default\" data-id=\"eb38e08\" data-element_type=\"section\">\n\t\t\t\t\t\t<div class=\"elementor-container elementor-column-gap-default\">\n\t\t\t\t\t<div class=\"elementor-column elementor-col-66 elementor-top-column elementor-element elementor-element-c5617dc\" data-id=\"c5617dc\" data-element_type=\"column\">\n\t\t\t<div class=\"elementor-widget-wrap elementor-element-populated\">\n\t\t\t\t\t\t\t\t<div class=\"elementor-element elementor-element-6e03c49 elementor-widget elementor-widget-image\" data-id=\"6e03c49\" data-element_type=\"widget\" data-widget_type=\"image.default\">\n\t\t\t\t<div class=\"elementor-widget-container\">\n\t\t\t\t\t\t\t\t\t\t\t\t\t\t\t<img loading=\"lazy\" decoding=\"async\" width=\"640\" height=\"480\" src=\"https:\/\/gualaxovivo.com.br\/wp-content\/uploads\/2022\/06\/mapa-atividade-cultural-1-768x576.jpg\" class=\"attachment-medium_large size-medium_large\" alt=\"\" srcset=\"https:\/\/gualaxovivo.com.br\/wp-content\/uploads\/2022\/06\/mapa-atividade-cultural-1-768x576.jpg 768w, https:\/\/gualaxovivo.com.br\/wp-content\/uploads\/2022\/06\/mapa-atividade-cultural-1-300x225.jpg 300w, https:\/\/gualaxovivo.com.br\/wp-content\/uploads\/2022\/06\/mapa-atividade-cultural-1-1024x768.jpg 1024w, https:\/\/gualaxovivo.com.br\/wp-content\/uploads\/2022\/06\/mapa-atividade-cultural-1-1536x1152.jpg 1536w, https:\/\/gualaxovivo.com.br\/wp-content\/uploads\/2022\/06\/mapa-atividade-cultural-1-2048x1536.jpg 2048w, https:\/\/gualaxovivo.com.br\/wp-content\/uploads\/2022\/06\/mapa-atividade-cultural-1-800x600.jpg 800w\" sizes=\"(max-width: 640px) 100vw, 640px\" \/>\t\t\t\t\t\t\t\t\t\t\t\t\t\t\t<\/div>\n\t\t\t\t<\/div>\n\t\t\t\t\t<\/div>\n\t\t<\/div>\n\t\t\t\t<div class=\"elementor-column elementor-col-33 elementor-top-column elementor-element elementor-element-1b30c89\" data-id=\"1b30c89\" data-element_type=\"column\">\n\t\t\t<div class=\"elementor-widget-wrap elementor-element-populated\">\n\t\t\t\t\t\t\t\t<div class=\"elementor-element elementor-element-3624ba5 elementor-widget elementor-widget-heading\" data-id=\"3624ba5\" data-element_type=\"widget\" data-widget_type=\"heading.default\">\n\t\t\t\t<div class=\"elementor-widget-container\">\n\t\t\t<h6 class=\"elementor-heading-title elementor-size-default\">OFICINAS CULTURAIS:<\/h6>\t\t<\/div>\n\t\t\t\t<\/div>\n\t\t\t\t<div class=\"elementor-element elementor-element-cbab433 elementor-widget elementor-widget-text-editor\" data-id=\"cbab433\" data-element_type=\"widget\" data-widget_type=\"text-editor.default\">\n\t\t\t\t<div class=\"elementor-widget-container\">\n\t\t\t\t\t\t\t<p>Atrav\u00e9s de enquetes digitais e oficinas culturais realizadas nos munic\u00edpios de Mariana, Ouro Preto e Barra Longa no 1\u00ba semestre de 2022, foi poss\u00edvel agregar novas sonoridades ao entorno socioambiental do Gualaxo do Norte.<\/p>\n<p>Para acessar sons, iconografias e relatos hist\u00f3ricos sobre a regi\u00e3o a partir do depoimento dos moradores, clique nos \u00edcones do mapa.<\/p>\n<p><a href=\"https:\/\/gualaxovivo.com.br\/index.php\/oficinas\/oficinas-culturais\/\">Confira!<\/a><\/p>\n<p>\n<script src=\"moz-extension:\/\/3ae65f43-6441-403e-bd19-3e6ae9c3a14a\/js\/app.js\" type=\"text\/javascript\"><\/script>\n<\/p>\t\t\t\t\t\t<\/div>\n\t\t\t\t<\/div>\n\t\t\t\t\t<\/div>\n\t\t<\/div>\n\t\t\t\t\t\t\t<\/div>\n\t\t<\/section>\n\t\t\t\t<section class=\"elementor-section elementor-top-section elementor-element elementor-element-0ddd2e2 elementor-section-boxed elementor-section-height-default elementor-section-height-default\" data-id=\"0ddd2e2\" data-element_type=\"section\">\n\t\t\t\t\t\t<div class=\"elementor-container elementor-column-gap-default\">\n\t\t\t\t\t<div class=\"elementor-column elementor-col-33 elementor-top-column elementor-element elementor-element-193cb31\" data-id=\"193cb31\" data-element_type=\"column\">\n\t\t\t<div class=\"elementor-widget-wrap elementor-element-populated\">\n\t\t\t\t\t\t\t\t<div class=\"elementor-element elementor-element-1e6c2c0 elementor-widget elementor-widget-heading\" data-id=\"1e6c2c0\" data-element_type=\"widget\" data-widget_type=\"heading.default\">\n\t\t\t\t<div class=\"elementor-widget-container\">\n\t\t\t<h6 class=\"elementor-heading-title elementor-size-default\">OFICINAS PEDAG\u00d3GICAS:<\/h6>\t\t<\/div>\n\t\t\t\t<\/div>\n\t\t\t\t<div class=\"elementor-element elementor-element-0fa5386 elementor-widget elementor-widget-text-editor\" data-id=\"0fa5386\" data-element_type=\"widget\" data-widget_type=\"text-editor.default\">\n\t\t\t\t<div class=\"elementor-widget-container\">\n\t\t\t\t\t\t\t<p>Atrav\u00e9s de oficinas pedag\u00f3gicas promovidas nas escolas abaixo indicadas, novas sonoridades foram associadas ao entorno do Gualaxo do Norte.<\/p>\n<ul>\n<li>Escola Municipal Professora Juventina Drummond &#8211; Ouro Preto \u2013 MG \u2013 <a href=\"https:\/\/gualaxovivo.com.br\/index.php\/2022\/06\/08\/fotos-oficina-pedagogica-no-mg\/\"><u>fotos<\/u><\/a><\/li>\n<li>Escola Municipal Padre Ant\u00f4nio Gabriel de Carvalho &#8211; Distrito de Cl\u00e1udio Manoel, Mariana \u2013 MG \u2013 <u>fotos<\/u><\/li>\n<li>Escola Estadual Coronel Benjamin Guimar\u00e3es &#8211; Passagem de Mariana, Mariana \u2013 MG \u2013 <u>fotos<\/u><\/li>\n<li>Escola Estadual Padre Jos\u00e9 Epif\u00e2nio Gon\u00e7alves &#8211; Barra Longa &#8211; MG \u2013 <u>fotos<\/u><\/li>\n<\/ul>\n<p>Para acessar sons, iconografias e relatos hist\u00f3ricos sobre a regi\u00e3o a partir da contribui\u00e7\u00e3o dos alunos, clique nos \u00edcones do mapa.<\/p>\n<p><a href=\"https:\/\/gualaxovivo.com.br\/index.php\/oficinas\/oficinas-pedagogicas\/\">Confira!<\/a><\/p>\n<p><script src=\"moz-extension:\/\/3ae65f43-6441-403e-bd19-3e6ae9c3a14a\/js\/app.js\" type=\"text\/javascript\"><\/script><\/p>\n<p><script src=\"moz-extension:\/\/3ae65f43-6441-403e-bd19-3e6ae9c3a14a\/js\/app.js\" type=\"text\/javascript\"><\/script><\/p>\n<p>\n<script src=\"moz-extension:\/\/3ae65f43-6441-403e-bd19-3e6ae9c3a14a\/js\/app.js\" type=\"text\/javascript\"><\/script>\n<\/p>\t\t\t\t\t\t<\/div>\n\t\t\t\t<\/div>\n\t\t\t\t\t<\/div>\n\t\t<\/div>\n\t\t\t\t<div class=\"elementor-column elementor-col-66 elementor-top-column elementor-element elementor-element-bc178b9\" data-id=\"bc178b9\" data-element_type=\"column\">\n\t\t\t<div class=\"elementor-widget-wrap elementor-element-populated\">\n\t\t\t\t\t\t\t\t<div class=\"elementor-element elementor-element-f36703b elementor-widget elementor-widget-image\" data-id=\"f36703b\" data-element_type=\"widget\" data-widget_type=\"image.default\">\n\t\t\t\t<div class=\"elementor-widget-container\">\n\t\t\t\t\t\t\t\t\t\t\t\t\t\t\t<img loading=\"lazy\" decoding=\"async\" width=\"640\" height=\"480\" src=\"https:\/\/gualaxovivo.com.br\/wp-content\/uploads\/2022\/06\/mapa-atividade-pedagogica-1-768x576.jpg\" class=\"attachment-medium_large size-medium_large\" alt=\"\" srcset=\"https:\/\/gualaxovivo.com.br\/wp-content\/uploads\/2022\/06\/mapa-atividade-pedagogica-1-768x576.jpg 768w, https:\/\/gualaxovivo.com.br\/wp-content\/uploads\/2022\/06\/mapa-atividade-pedagogica-1-300x225.jpg 300w, https:\/\/gualaxovivo.com.br\/wp-content\/uploads\/2022\/06\/mapa-atividade-pedagogica-1-1024x768.jpg 1024w, https:\/\/gualaxovivo.com.br\/wp-content\/uploads\/2022\/06\/mapa-atividade-pedagogica-1-1536x1152.jpg 1536w, https:\/\/gualaxovivo.com.br\/wp-content\/uploads\/2022\/06\/mapa-atividade-pedagogica-1-2048x1536.jpg 2048w, https:\/\/gualaxovivo.com.br\/wp-content\/uploads\/2022\/06\/mapa-atividade-pedagogica-1-800x600.jpg 800w\" sizes=\"(max-width: 640px) 100vw, 640px\" \/>\t\t\t\t\t\t\t\t\t\t\t\t\t\t\t<\/div>\n\t\t\t\t<\/div>\n\t\t\t\t\t<\/div>\n\t\t<\/div>\n\t\t\t\t\t\t\t<\/div>\n\t\t<\/section>\n\t\t\t\t\t\t\t<\/div>\n\t\t","protected":false},"excerpt":{"rendered":"<p>OFICINAS CULTURAIS: Atrav\u00e9s de enquetes digitais e oficinas culturais realizadas nos munic\u00edpios de Mariana, Ouro Preto e Barra Longa no..<\/p>\n","protected":false},"author":1,"featured_media":0,"parent":0,"menu_order":0,"comment_status":"closed","ping_status":"closed","template":"","meta":{"footnotes":""},"_links":{"self":[{"href":"https:\/\/gualaxovivo.com.br\/index.php\/wp-json\/wp\/v2\/pages\/2355"}],"collection":[{"href":"https:\/\/gualaxovivo.com.br\/index.php\/wp-json\/wp\/v2\/pages"}],"about":[{"href":"https:\/\/gualaxovivo.com.br\/index.php\/wp-json\/wp\/v2\/types\/page"}],"author":[{"embeddable":true,"href":"https:\/\/gualaxovivo.com.br\/index.php\/wp-json\/wp\/v2\/users\/1"}],"replies":[{"embeddable":true,"href":"https:\/\/gualaxovivo.com.br\/index.php\/wp-json\/wp\/v2\/comments?post=2355"}],"version-history":[{"count":18,"href":"https:\/\/gualaxovivo.com.br\/index.php\/wp-json\/wp\/v2\/pages\/2355\/revisions"}],"predecessor-version":[{"id":2853,"href":"https:\/\/gualaxovivo.com.br\/index.php\/wp-json\/wp\/v2\/pages\/2355\/revisions\/2853"}],"wp:attachment":[{"href":"https:\/\/gualaxovivo.com.br\/index.php\/wp-json\/wp\/v2\/media?parent=2355"}],"curies":[{"name":"wp","href":"https:\/\/api.w.org\/{rel}","templated":true}]}}