{"id":1642,"date":"2021-06-01T18:00:34","date_gmt":"2021-06-01T21:00:34","guid":{"rendered":"https:\/\/gualaxovivo.com.br\/?page_id=1642"},"modified":"2021-07-19T15:18:00","modified_gmt":"2021-07-19T18:18:00","slug":"gualaxo-do-norte-o-fascinio-da-modernidade","status":"publish","type":"page","link":"https:\/\/gualaxovivo.com.br\/index.php\/cartografias-historico-sensoriais\/gualaxo-do-norte-o-fascinio-da-modernidade\/","title":{"rendered":"Gualaxo do Norte: o fasc\u00ednio da modernidade"},"content":{"rendered":"\t\t<div data-elementor-type=\"wp-page\" data-elementor-id=\"1642\" class=\"elementor elementor-1642\">\n\t\t\t\t\t\t\t\t\t<section class=\"elementor-section elementor-top-section elementor-element elementor-element-4ddc38d2 elementor-section-full_width elementor-section-height-default elementor-section-height-default\" data-id=\"4ddc38d2\" data-element_type=\"section\">\n\t\t\t\t\t\t<div class=\"elementor-container elementor-column-gap-default\">\n\t\t\t\t\t<div class=\"elementor-column elementor-col-100 elementor-top-column elementor-element elementor-element-7708c13d\" data-id=\"7708c13d\" data-element_type=\"column\">\n\t\t\t<div class=\"elementor-widget-wrap elementor-element-populated\">\n\t\t\t\t\t\t\t\t<div class=\"elementor-element elementor-element-77351d9a elementor-widget elementor-widget-text-editor\" data-id=\"77351d9a\" data-element_type=\"widget\" data-widget_type=\"text-editor.default\">\n\t\t\t\t<div class=\"elementor-widget-container\">\n\t\t\t\t\t\t\t<h1 style=\"font-family: 'KohinoorTeleguBold'; font-size: 1.3em;\">GUALAXO DO NORTE: O FASC\u00cdNIO DA MODERNIDADE<\/h1>\t\t\t\t\t\t<\/div>\n\t\t\t\t<\/div>\n\t\t\t\t\t<\/div>\n\t\t<\/div>\n\t\t\t\t\t\t\t<\/div>\n\t\t<\/section>\n\t\t\t\t<section class=\"elementor-section elementor-top-section elementor-element elementor-element-590df240 elementor-section-boxed elementor-section-height-default elementor-section-height-default\" data-id=\"590df240\" data-element_type=\"section\">\n\t\t\t\t\t\t<div class=\"elementor-container elementor-column-gap-no\">\n\t\t\t\t\t<div class=\"elementor-column elementor-col-100 elementor-top-column elementor-element elementor-element-67b14771\" data-id=\"67b14771\" data-element_type=\"column\">\n\t\t\t<div class=\"elementor-widget-wrap elementor-element-populated\">\n\t\t\t\t\t\t\t\t<div class=\"elementor-element elementor-element-72c18b52 elementor-widget elementor-widget-text-editor\" data-id=\"72c18b52\" data-element_type=\"widget\" data-widget_type=\"text-editor.default\">\n\t\t\t\t<div class=\"elementor-widget-container\">\n\t\t\t\t\t\t\t<!-- wp:shortcode -->\n\n<style>\n\t#hotspot-1638 .hotspots-image-container,\n\t#hotspot-1638 .leaflet-container {\n\t\tbackground: #ffffff\t}\n\n\t#hotspot-1638 .hotspots-placeholder,\n\t.featherlight .featherlight-content.lightbox-1638 {\n\t\tbackground: #ffffff;\n\t\tborder: 0 #ffffff solid;\n\t\tcolor: #000000;\n\t}\n\n\t#hotspot-1638 .hotspot-title,\n\t#hotspot-1638 .bc-product__title a,\n\t.featherlight .featherlight-content.lightbox-1638 .hotspot-title,\n\t.featherlight .featherlight-content.lightbox-1638 .bc-product__title a {\n\t\tcolor: #000000;\n\t}\n\n\t\t\t#hotspot-1638 .hotspot-Custom {\n\t\t\tstroke-width: 1;\n\t\t\tfill: #ffffff;\n\t\t\tfill-opacity: 0;\n\t\t\tstroke: #ffffff;\n\t\t\tstroke-opacity: 0;\n\t\t}\n\t\t#hotspot-1638 .hotspot-Custom:hover,\n\t\t#hotspot-1638 .hotspot-Custom:focus,\n\t\t#hotspot-1638 .hotspot-Custom.hotspot-active {\n\t\t\tfill: #ffffff;\n\t\t\tfill-opacity: 0.81;\n\t\t\toutline: none;\n\t\t\tstroke: #ffffff;\n\t\t\tstroke-opacity: 0.01;\n\t\t}\n\t\t\t#hotspot-1638 .hotspot-default {\n\t\t\tstroke-width: 1;\n\t\t\tfill: #ffffff;\n\t\t\tfill-opacity: 0;\n\t\t\tstroke: #ffffff;\n\t\t\tstroke-opacity: 0;\n\t\t}\n\t\t#hotspot-1638 .hotspot-default:hover,\n\t\t#hotspot-1638 .hotspot-default:focus,\n\t\t#hotspot-1638 .hotspot-default.hotspot-active {\n\t\t\tfill: #ffffff;\n\t\t\tfill-opacity: 0.01;\n\t\t\toutline: none;\n\t\t\tstroke: #ffffff;\n\t\t\tstroke-opacity: 0.01;\n\t\t}\n\t\t#hotspot-1638 .leaflet-tooltip,\n\t#hotspot-1638 .leaflet-rrose-content-wrapper {\n\t\tbackground: #ffffff;\n\t\tborder-color: #ffffff;\n\t\tcolor: #000000;\n\t}\n\n\t#hotspot-1638 a.leaflet-rrose-close-button {\n\t\tcolor: #000000;\n\t}\n\n\t#hotspot-1638 .leaflet-rrose-tip {\n\t\tbackground: #ffffff;\n\t}\n\n\t#hotspot-1638 .leaflet-popup-scrolled {\n\t\tborder-bottom-color: #000000;\n\t\tborder-top-color: #000000;\n\t}\n\n\t#hotspot-1638 .leaflet-tooltip-top:before {\n\t\tborder-top-color: #ffffff;\n\t}\n\n\t#hotspot-1638 .leaflet-tooltip-bottom:before {\n\t\tborder-bottom-color: #ffffff;\n\t}\n\t#hotspot-1638 .leaflet-tooltip-left:before {\n\t\tborder-left-color: #ffffff;\n\t}\n\t#hotspot-1638 .leaflet-tooltip-right:before {\n\t\tborder-right-color: #ffffff;\n\t}\n<\/style>\n\n\n\t<div class=\"hotspots-container  layout-right event-click\" id=\"hotspot-1638\" data-layout=\"right\" data-trigger=\"click\">\n\t\t<div class=\"hotspots-interaction\">\n\t\t\t\t<div class=\"hotspots-placeholder\" id=\"content-hotspot-1638\">\n\t\t<div class=\"hotspot-initial\">\n\t\t\t<h2 class=\"hotspot-title\">\n\t\t\t\tMapa 8\t\t\t<\/h2>\n\t\t\t<div class=\"hotspot-content\">\n\t\t\t\t\t\t\t\t<p> <span style=\"font-size: 16px\">O FASC\u00cdNIO DA MODERNIDADE<\/span><br \/>\n  <span style=\"font-size: 12px\">(Primeira metade do s\u00e9culo XX)<\/span><\/p>\n<p style=\"font-size: 12px\"><span style=\"font-size: 12px\">Para acessar sons, iconografias e relatos hist\u00f3ricos sobre o Gualaxo do Norte e os esfor\u00e7os de inser\u00e7\u00e3o na modernidade, clique nos \u00edcones do mapa. <\/p>\n<p><\/p>\n<p style=\"font-size: 12px\">Para acessar o texto em PDF sobre as sonoridades da regi\u00e3o na primeira metade do s\u00e9culo XX tendo o rio Gualaxo do Norte como narrador, <span style=\"text-decoration: underline\"><a href=\"https:\/\/gualaxovivo.com.br\/wp-content\/uploads\/2021\/07\/modelo-texto-capitulos-ebook_8_v2.pdf\" target=\"_blank\">clique aqui<\/a><\/span>. <\/p>\n<p style=\"font-size: 12px\">Para ouvir esta narrativa, clique no play.<\/span><\/p>\n<p style=\"font-size: 12px\">\n<article class=\"iron_widget_radio\">\n<div class=\"iron-audioplayer  sonaar-no-artwork sr_waveform_mediaElement\" id=\"arbitrary-instance-69e4c255e1e81-95c5776e46\" data-id=\"arbitrary-instance-69e4c255e1e81\" data-albums=\"1979\"data-url-playlist=\"https:\/\/gualaxovivo.com.br\/?load=playlist.json&#038;title=&#038;albums=1979&#038;feed_title=%20&#038;feed=https:\/\/gualaxovivo.com.br\/wp-content\/uploads\/2021\/07\/8.-O-FASCINIO-DA-MODERNIDADE.mp3&#038;feed_img=&#038;el_widget_id=&#038;artwork=&#038;posts_per_pages=-1&#038;all_category=&#038;single_playlist=\" data-sticky-player=\"0\" data-shuffle=\"\" data-playlist_title=\"\" data-scrollbar=\"\" data-wave-color=\"\" data-wave-progress-color=\"\" data-no-wave=\"\" data-hide-progressbar=\"\" data-feedurl=\"1\" data-notrackskip=\"\" data-playertype=\"\" data-playertemplate =\"skin_float_tracklist\" data-speedrate=\"1\" style=\"opacity:0;\">\n<div class=\"sonaar-grid\" style=&quot;display:none;&quot;>\n<div class=\"playlist\">\n<h3 class=\"sr_it-playlist-title\"><\/h3>\n<div class=\"srp_subtitle\"><\/div>\n<div class=\"srp_tracklist\">\n<ul class\"\">\n<li \n            class=\"sr-playlist-item sr-playlist-item-flex\" \n            data-audiopath=\"https:\/\/gualaxovivo.com.br\/wp-content\/uploads\/2021\/07\/8.-O-FASCINIO-DA-MODERNIDADE.mp3\"\n            data-showloading=\"1\"\n            data-albumTitle=\"\"\n            data-albumArt=\"\"\n            data-releasedate=\"\"\n            data-date=\"\"\n            data-show-date=\"\"\n            data-trackTitle=\" \"\n            data-trackID=\"\"\n            data-trackTime=\"\"\n            data-relatedTrack=\"\"\n            data-post-url=\"\"\n            ><span class=\"store-list\"><\/span><\/li>\n<\/ul>\n<\/div>\n<\/div>\n<\/div>\n<div class=\"album-player\">\n<div class=\"album-title\"><\/div>\n<div class=\"track-title\"><\/div>\n<div class=\"player \" >\n<div class=\"sr_progressbar\">\n<div class=\"currentTime\"><\/div>\n<div id=\"arbitrary-instance-69e4c255e1e81-4066970a5e-wave\" class=\"wave\" >\n<div class=\"sonaar_fake_wave\" style=\"height:70px\">\n                <audio src=\"\" class=\"sonaar_media_element\"><\/audio><\/p>\n<div class=\"sonaar_wave_base\">\n                    <canvas id=arbitrary-instance-69e4c255e1e81-container class=\"\" height=\"70\" width=\"2540\"><\/canvas><br \/>\n                    <svg><\/svg>\n                <\/div>\n<div class=\"sonaar_wave_cut\">\n                    <canvas id=arbitrary-instance-69e4c255e1e81-progress class=\"\" height=\"70\" width=\"2540\"><\/canvas><br \/>\n                    <svg><\/svg>\n                <\/div>\n<\/p><\/div>\n<\/p><\/div>\n<div class=\"totalTime\"><\/div>\n<\/p><\/div>\n<div class=\"srp_main_control srp_oneColumn\">\n<div class=\"control\">\n<div class=\"play\" style=\"opacity:0;\">\n                <svg version=\"1.1\" xmlns=\"http:\/\/www.w3.org\/2000\/svg\" xmlns:xlink=\"http:\/\/www.w3.org\/1999\/xlink\" width=\"26\" height=\"31.47\" x=\"0px\" y=\"0px\" viewBox=\"0 0 17.5 21.2\" style=\"enable-background:new 0 0 17.5 21.2;\" xml:space=\"preserve\">\n                    <path d=\"M0,0l17.5,10.9L0,21.2V0z\"\/>\n                    <rect width=\"6\" height=\"21.2\"\/>\n                    <rect x=\"11.5\" width=\"6\" height=\"21.2\"\/>\n                <\/svg>\n            <\/div>\n<\/div>\n<div class=\"control\"><\/div>\n<\/div>\n<\/div>\n<\/div>\n<div class=\"album-store\"><\/div>\n<\/div>\n<\/article>\n<p><\/p>\n<p style=\"font-size: 12px\">Para acessar atividades did\u00e1ticas sobre as sonoridades do entorno sociocultural do Gualaxo do Norte na primeira metade do s\u00e9culo XX, <span style=\"text-decoration: underline\"><a href=\"https:\/\/gualaxovivo.com.br\/wp-content\/uploads\/2021\/12\/Atividades-8.pdf\" target=\"_blank\">clique aqui<\/a><\/span><\/p>\n\t\t\t\t\t\t\t<\/div>\n\t\t<\/div>\n\t<\/div>\n<div class=\"hotspots-image-container\">\n\t<img\n\t\twidth=\"1920\"\n\t\theight=\"1435\"\n\t\tsrc=\"https:\/\/gualaxovivo.com.br\/wp-content\/uploads\/2021\/06\/MAPA-8.png\"\n\t\talt=\"Mapa 8\"\n\t\tclass=\"hotspots-image skip-lazy\"\n\t\tusemap=\"#hotspots-image-1638\"\n\t\tdata-image-title=\"Mapa 8\"\n\t\tdata-image-description=\"O FASC\u00cdNIO DA MODERNIDADE\r\n  (Primeira metade do s\u00e9culo XX)\r\nPara acessar sons, iconografias e relatos hist\u00f3ricos sobre o Gualaxo do Norte e os esfor\u00e7os de inser\u00e7\u00e3o na modernidade, clique nos \u00edcones do mapa. \r\n    \r\n    Para acessar o texto em PDF sobre as sonoridades da regi\u00e3o na primeira metade do s\u00e9culo XX tendo o rio Gualaxo do Norte como narrador, clique aqui. \r\n    Para ouvir esta narrativa, clique no play.\r\n  \r\n  [sonaar_audioplayer playlist_type=\"feed\" albums=\"1979\" artwork_id=\"\" display_control_artwork=\"false\" feed=\"https:\/\/gualaxovivo.com.br\/wp-content\/uploads\/2021\/07\/8.-O-FASCINIO-DA-MODERNIDADE.mp3\" feed_title=\" \" hide_artwork=\"false\" show_playlist=\"false\" show_track_market=\"false\" show_album_market=\"false\" hide_timeline=\"false\"][\/sonaar_audioplayer]\r\nPara acessar atividades did\u00e1ticas sobre as sonoridades do entorno sociocultural do Gualaxo do Norte na primeira metade do s\u00e9culo XX, clique aqui\"\n\t\tdata-event-trigger=\"click\"\n\t\tdata-always-visible=\"false\"\n\t\tdata-id=\"1638\"\n\t\tdata-no-lazy=\"1\"\n\t\tdata-lazy-src=\"\"\n\t\tdata-lazy=\"false\"\n\t\tloading=\"eager\"\n\t\tdata-skip-lazy=\"1\"\n\t\t>\n<\/div>\t\t<\/div>\n\t\t<map name=\"hotspots-image-1638\" class=\"hotspots-map\">\n\t\t\t\t\t\t\t\t\t\t\t<area\n\t\t\t\t\tshape=\"poly\"\n\t\t\t\t\tcoords=\"765,718,823,719,827,748,829,812,815,842,770,845,740,808,735,741\"\n\t\t\t\t\thref=\"#hotspot-hotspot-1638-0\"\n\t\t\t\t\trel=\"\"\n\t\t\t\t\ttitle=\"Festas religiosas\"\n\t\t\t\t\talt=\"Festas religiosas\"\n\t\t\t\t\tdata-action=\"\"\n\t\t\t\t\tdata-color-scheme=\"\"\n\t\t\t\t\tdata-id=\"area-hotspot-1638-0\"\n\t\t\t\t\ttarget=\"\"\n\t\t\t\t\tclass=\"more-info-area\"\n\t\t\t\t\t>\n\t\t\t\t\t\t\t\t\t\t\t<area\n\t\t\t\t\tshape=\"poly\"\n\t\t\t\t\tcoords=\"280,614,342,616,386,635,422,677,417,724,390,758,335,793,269,790,235,763,222,710,225,672,242,648\"\n\t\t\t\t\thref=\"#hotspot-hotspot-1638-1\"\n\t\t\t\t\trel=\"\"\n\t\t\t\t\ttitle=\"Minera\u00e7\u00e3o subterr\u00e2nea com dinamite\"\n\t\t\t\t\talt=\"Minera\u00e7\u00e3o subterr\u00e2nea com dinamite\"\n\t\t\t\t\tdata-action=\"\"\n\t\t\t\t\tdata-color-scheme=\"\"\n\t\t\t\t\tdata-id=\"area-hotspot-1638-1\"\n\t\t\t\t\ttarget=\"\"\n\t\t\t\t\tclass=\"more-info-area\"\n\t\t\t\t\t>\n\t\t\t\t\t\t\t\t\t\t\t<area\n\t\t\t\t\tshape=\"poly\"\n\t\t\t\t\tcoords=\"1368,798,1412,786,1435,816,1445,866,1441,927,1386,964,1339,962,1311,921,1300,854,1325,807\"\n\t\t\t\t\thref=\"#hotspot-hotspot-1638-2\"\n\t\t\t\t\trel=\"\"\n\t\t\t\t\ttitle=\"Congado\"\n\t\t\t\t\talt=\"Congado\"\n\t\t\t\t\tdata-action=\"\"\n\t\t\t\t\tdata-color-scheme=\"\"\n\t\t\t\t\tdata-id=\"area-hotspot-1638-2\"\n\t\t\t\t\ttarget=\"\"\n\t\t\t\t\tclass=\"more-info-area\"\n\t\t\t\t\t>\n\t\t\t\t\t\t\t\t\t\t\t<area\n\t\t\t\t\tshape=\"poly\"\n\t\t\t\t\tcoords=\"957,721,895,683,900,624,953,583,1028,581,1088,588,1139,617,1155,650,1159,691,1146,734,1049,746\"\n\t\t\t\t\thref=\"#hotspot-hotspot-1638-3\"\n\t\t\t\t\trel=\"\"\n\t\t\t\t\ttitle=\"Bandas de m\u00fasica\"\n\t\t\t\t\talt=\"Bandas de m\u00fasica\"\n\t\t\t\t\tdata-action=\"\"\n\t\t\t\t\tdata-color-scheme=\"\"\n\t\t\t\t\tdata-id=\"area-hotspot-1638-3\"\n\t\t\t\t\ttarget=\"\"\n\t\t\t\t\tclass=\"more-info-area\"\n\t\t\t\t\t>\n\t\t\t\t\t<\/map>\n\n\t\t\n\t\t\t\t\t\n\t\t\t\t\t\t<div class=\"hotspot-info \" id=\"hotspot-hotspot-1638-0\">\n\t\t\t\t\n\t\t\t\t<h2 class=\"hotspot-title\">Festas religiosas<\/h2>\t\t\t\t\t\t\t\t\t<div class=\"hotspot-thumb\">\n\t\t\t\t\t\t<img loading=\"lazy\" decoding=\"async\" width=\"100\" height=\"100\" src=\"https:\/\/gualaxovivo.com.br\/wp-content\/uploads\/2021\/05\/os-sinos.jpg\" class=\"attachment-medium size-medium\" alt=\"\" \/>\t\t\t\t\t<\/div>\n\t\t\t\t\t\t\t\t<div class=\"hotspot-content\">\n\t\t\t\t\t<p><!--[if lt IE 9]><script>document.createElement('audio');<\/script><![endif]--><br \/>\n<audio class=\"wp-audio-shortcode\" id=\"audio-1642-1\" preload=\"none\" style=\"width: 100%;\" controls=\"controls\"><source type=\"audio\/mpeg\" src=\"https:\/\/gualaxovivo.com.br\/wp-content\/uploads\/2021\/12\/Mapa-08-Sinos.m4a?_=1\" \/><a href=\"https:\/\/gualaxovivo.com.br\/wp-content\/uploads\/2021\/12\/Mapa-08-Sinos.m4a\">https:\/\/gualaxovivo.com.br\/wp-content\/uploads\/2021\/12\/Mapa-08-Sinos.m4a<\/a><\/audio><\/p>\n<p style=\"font-size: 12px\">Festas religiosas<br \/>\n<span style=\"font-size: 6pt\"> https:\/\/ www.youtube.com\/watch?v=qci4xbh_gn8<\/span><\/p>\n<p style=\"font-size: 12px\"><a href=\"https:\/\/gualaxovivo.com.br\/wp-content\/uploads\/2021\/06\/Mapa-8-\u2013-Festas-religiosas-\u2013-Briggs.pdf\" target=\"_blank\" rel=\"noopener\">Iconografia Prociss\u00e3o produzida por Frederico Guilherme Briggs. S\u00e9culo XIX.<\/a><\/p>\n<p style=\"font-size: 12px\"><a href=\"https:\/\/gualaxovivo.com.br\/wp-content\/uploads\/2021\/07\/Mapa-8-\u2013-Festas-religiosas-\u2013-Calcagno.pdf\" target=\"_blank\" rel=\"noopener\">Fotografia Tiradores de esmolas para a Festa do Divino. [Minas Gerais]. Luiz Bartolomeu Calcagno. s.d.<\/a><\/p>\n<p style=\"font-size: 12px\"><a href=\"http:\/\/gualaxovivo.com.br\/wp-content\/uploads\/2021\/06\/Mapa-8-\u2013-Festas-religiosas-\u2013-Burton.pdf\" target=\"_blank\" rel=\"noopener\">Transcri\u00e7\u00e3o de relato de prociss\u00e3o religiosa promovida por Richard Burton e publicada em 1869.<\/a><\/p>\n<p style=\"font-size: 12px\"><a href=\"http:\/\/gualaxovivo.com.br\/wp-content\/uploads\/2021\/06\/Mapa-8-\u2013-Festas-religiosas-\u2013-Saint-Hilaire.pdf\" target=\"_blank\" rel=\"noopener\">Transcri\u00e7\u00e3o de relato de festa do Divino Esp\u00edrito Santo por Saint-Hilaire e publicada entre 1816-1822.<\/a><\/p>\n<p style=\"font-size: 12px\"><a href=\"http:\/\/gualaxovivo.com.br\/wp-content\/uploads\/2021\/06\/Mapa-8-\u2013-Festas-religiosas-\u2013-Saint-Hilaire-2.pdf\" target=\"_blank\" rel=\"noopener\">Transcri\u00e7\u00e3o de relato de prociss\u00e3o do Domingo de Ramos por Saint-Hilaire e publicada entre 1816-1822.<\/a><\/p>\n<p style=\"font-size: 12px\"><a href=\"http:\/\/gualaxovivo.com.br\/wp-content\/uploads\/2021\/06\/Mapa-8-\u2013-Festas-Religiosas-\u2013-Sao-Bento.pdf\" target=\"_blank\" rel=\"noopener\">Depoimento sobre festa de S\u00e3o Bento em Bento Rodrigues. Jornal A Sirene, jul. 2016.<\/a><\/p>\n\t\t\t\t<\/div>\n\t\t\t<\/div>\n\t\t\t\t\t\n\t\t\t\t\t\t<div class=\"hotspot-info \" id=\"hotspot-hotspot-1638-1\">\n\t\t\t\t\n\t\t\t\t<h2 class=\"hotspot-title\">Minera\u00e7\u00e3o subterr\u00e2nea com dinamite<\/h2>\t\t\t\t\t\t\t\t\t<div class=\"hotspot-thumb\">\n\t\t\t\t\t\t<img loading=\"lazy\" decoding=\"async\" width=\"100\" height=\"100\" src=\"https:\/\/gualaxovivo.com.br\/wp-content\/uploads\/2021\/06\/migracao.jpg\" class=\"attachment-medium size-medium\" alt=\"\" \/>\t\t\t\t\t<\/div>\n\t\t\t\t\t\t\t\t<div class=\"hotspot-content\">\n\t\t\t\t\t<p><audio class=\"wp-audio-shortcode\" id=\"audio-1642-2\" preload=\"none\" style=\"width: 100%;\" controls=\"controls\"><source type=\"audio\/mpeg\" src=\"https:\/\/gualaxovivo.com.br\/wp-content\/uploads\/2021\/12\/Mapa-8-Mineracao-subterranea.mp3?_=2\" \/><a href=\"https:\/\/gualaxovivo.com.br\/wp-content\/uploads\/2021\/12\/Mapa-8-Mineracao-subterranea.mp3\">https:\/\/gualaxovivo.com.br\/wp-content\/uploads\/2021\/12\/Mapa-8-Mineracao-subterranea.mp3<\/a><\/audio><\/p>\n<p style=\"font-size: 12px\">Minera\u00e7\u00e3o subterr\u00e2nea com dinamite<br \/>\n<span style=\"font-size: 6pt\">https:\/\/www.youtube.com\/watch? v=ph7mU8nQJTg<\/span><\/p>\n<p style=\"font-size: 12px\"><a href=\"https:\/\/gualaxovivo.com.br\/wp-content\/uploads\/2021\/06\/Mapa-8-Mineracao-subterranea-Ferrez.pdf\" target=\"_blank\" rel=\"noopener\">Primeira foto do trabalho no interior de uma mina de ouro produzida por Marc Ferrez. 1888. [Minas Gerais].<\/a><\/p>\n<p style=\"font-size: 12px\"><a href=\"https:\/\/gualaxovivo.com.br\/wp-content\/uploads\/2021\/07\/Mapa-5-\u2013-Marimba-\u2013-Anonimo-.pdf\" target=\"_blank\" rel=\"noopener\">Marimba. An\u00f4nimo. S\u00e9culo XVIII.<\/a><\/p>\n<p style=\"font-size: 12px\"><a href=\"http:\/\/gualaxovivo.com.br\/wp-content\/uploads\/2021\/06\/Mapa-8-\u2013-Mineracao-subterranea-\u2013-D.-Pedro-II.pdf\" target=\"_blank\" rel=\"noopener\">Transcri\u00e7\u00e3o de relato sobre minera\u00e7\u00e3o com dinamite por D. Pedro II em 1881.<\/a><\/p>\n<p style=\"font-size: 12px\"><a href=\"http:\/\/gualaxovivo.com.br\/wp-content\/uploads\/2021\/06\/Mapa-8-\u2013-Mineracao-subterranea-\u2013-Courcy.pdf\" target=\"_blank\" rel=\"noopener\">Transcri\u00e7\u00e3o de relato sobre minera\u00e7\u00e3o com dinamite por Ernest de Courcy publicada em 1886.<\/a><\/p>\n\t\t\t\t<\/div>\n\t\t\t<\/div>\n\t\t\t\t\t\n\t\t\t\t\t\t<div class=\"hotspot-info \" id=\"hotspot-hotspot-1638-2\">\n\t\t\t\t\n\t\t\t\t<h2 class=\"hotspot-title\">Congado<\/h2>\t\t\t\t\t\t\t\t\t<div class=\"hotspot-thumb\">\n\t\t\t\t\t\t<img loading=\"lazy\" decoding=\"async\" width=\"100\" height=\"100\" src=\"https:\/\/gualaxovivo.com.br\/wp-content\/uploads\/2021\/05\/congado.jpg\" class=\"attachment-medium size-medium\" alt=\"\" \/>\t\t\t\t\t<\/div>\n\t\t\t\t\t\t\t\t<div class=\"hotspot-content\">\n\t\t\t\t\t<p><audio class=\"wp-audio-shortcode\" id=\"audio-1642-3\" preload=\"none\" style=\"width: 100%;\" controls=\"controls\"><source type=\"audio\/mpeg\" src=\"https:\/\/gualaxovivo.com.br\/wp-content\/uploads\/2021\/12\/Mapa-08-Congado.m4a?_=3\" \/><a href=\"https:\/\/gualaxovivo.com.br\/wp-content\/uploads\/2021\/12\/Mapa-08-Congado.m4a\">https:\/\/gualaxovivo.com.br\/wp-content\/uploads\/2021\/12\/Mapa-08-Congado.m4a<\/a><\/audio><\/p>\n<p style=\"font-size: 12px\">Congado<br \/>\n<span style=\"font-size: 6pt\">https:\/\/www.youtube.com\/watch?v=uHNFamiagIQ<\/span><\/p>\n<p style=\"font-size: 12px\"><a href=\"https:\/\/gualaxovivo.com.br\/wp-content\/uploads\/2021\/06\/Mapa-8-\u2013Congado-Rugendas-.pdf\" target=\"_blank\" rel=\"noopener\">Iconografia Festa de Santa Ros\u00e1lia, padroeira dos negros produzida por Johann Moritz Rugendas. [1835].<\/a><\/p>\n<p style=\"font-size: 12px\"><a href=\"https:\/\/gualaxovivo.com.br\/wp-content\/uploads\/2021\/06\/Mapa-8-\u2013Congado-Silva.pdf\" target=\"_blank\" rel=\"noopener\">Fotografia Congada produzida por Ars\u00eanio da Silva. 1860.<\/a><\/p>\n<p style=\"font-size: 12px\"><a href=\"https:\/\/gualaxovivo.com.br\/wp-content\/uploads\/2021\/06\/Mapa-8-\u2013Congado-Riedel.pdf\" target=\"_blank\" rel=\"noopener\">Fotografia Congado dos negros da Serra Antiga (Mina de Morro Velho) produzida por Augusto Riedel. 1868\/1869.<\/a><\/p>\n<p style=\"font-size: 12px\"><a href=\"https:\/\/gualaxovivo.com.br\/wp-content\/uploads\/2021\/06\/Mapa-8-\u2013Congado-\u2013-Riedel2.pdf\" target=\"_blank\" rel=\"noopener\">[Segunda] Fotografia Congado dos negros da Serra Antiga (Mina de Morro Velho) produzida por Augusto Riedel. 1868\/1869.<\/a><\/p>\n<p style=\"font-size: 12px\"><a href=\"https:\/\/gualaxovivo.com.br\/wp-content\/uploads\/2021\/06\/Mapa-8-\u2013Congado-\u2013-Santos.pdf\" target=\"_blank\" rel=\"noopener\">Fotografia. Congado em Minas Gerais produzida por Rui Santos em 1876.<\/a><\/p>\n<p style=\"font-size: 12px\"><a href=\"https:\/\/gualaxovivo.com.br\/wp-content\/uploads\/2021\/06\/Mapa-8-\u2013Congado-\u2013-Soares-.pdf\" target=\"_blank\" rel=\"noopener\">Fotografia Festa de Congados de Nossa Senhora do Ros\u00e1rio produzida por Jos\u00e9 Severino Soares em 1889.<\/a><\/p>\n<p style=\"font-size: 12px\"><a href=\"http:\/\/gualaxovivo.com.br\/wp-content\/uploads\/2021\/06\/Mapa-8-\u2013Congado-\u2013-Burton.pdf\" target=\"_blank\" rel=\"noopener\">Transcri\u00e7\u00e3o de relato de congado promovido por Richard Burton e publicado em 1867.<\/a><\/p>\n<p style=\"font-size: 12px\"><a href=\"http:\/\/gualaxovivo.com.br\/wp-content\/uploads\/2021\/06\/Mapa-8-\u2013Congado-\u2013-Burton-2.pdf\" target=\"_blank\" rel=\"noopener\">[Segunda] Transcri\u00e7\u00e3o de relato de congado promovido por Richard Burton e publicado em 1867.<\/a><\/p>\n<p style=\"font-size: 12px\"><a href=\"http:\/\/gualaxovivo.com.br\/wp-content\/uploads\/2021\/06\/Mapa-8-\u2013Congado-\u2013-Barra-Longa.pdf\" target=\"_blank\" rel=\"noopener\">Depoimento sobre o congado em Barra Longa. Jornal A Sirene, ago. 2016<\/a><\/p>\n\t\t\t\t<\/div>\n\t\t\t<\/div>\n\t\t\t\t\t\n\t\t\t\t\t\t<div class=\"hotspot-info \" id=\"hotspot-hotspot-1638-3\">\n\t\t\t\t\n\t\t\t\t<h2 class=\"hotspot-title\">Bandas de m\u00fasica<\/h2>\t\t\t\t\t\t\t\t\t<div class=\"hotspot-thumb\">\n\t\t\t\t\t\t<img loading=\"lazy\" decoding=\"async\" width=\"100\" height=\"100\" src=\"https:\/\/gualaxovivo.com.br\/wp-content\/uploads\/2021\/06\/bandas-de-musica.jpg\" class=\"attachment-medium size-medium\" alt=\"\" \/>\t\t\t\t\t<\/div>\n\t\t\t\t\t\t\t\t<div class=\"hotspot-content\">\n\t\t\t\t\t<p><audio class=\"wp-audio-shortcode\" id=\"audio-1642-4\" preload=\"none\" style=\"width: 100%;\" controls=\"controls\"><source type=\"audio\/mpeg\" src=\"https:\/\/gualaxovivo.com.br\/wp-content\/uploads\/2021\/07\/Mapa-08-Bandas-de-Musica-Cancao-do-Marinheiro.mp3?_=4\" \/><a href=\"https:\/\/gualaxovivo.com.br\/wp-content\/uploads\/2021\/07\/Mapa-08-Bandas-de-Musica-Cancao-do-Marinheiro.mp3\">https:\/\/gualaxovivo.com.br\/wp-content\/uploads\/2021\/07\/Mapa-08-Bandas-de-Musica-Cancao-do-Marinheiro.mp3<\/a><\/audio><\/p>\n<p style=\"font-size: 12px\">Bandas de m\u00fasica<br \/>\n<span style=\"font-size: 6pt\"> https:\/\/www.youtube.com\/watch?v=OH7veggXEXc<\/span><\/p>\n<p style=\"font-size: 12px\"><a href=\"https:\/\/gualaxovivo.com.br\/wp-content\/uploads\/2021\/06\/Mapa-8-\u2013-Bandas-de-musica-klumb-.pdf\" target=\"_blank\" rel=\"noopener\">Fotografia Provincia des Mines: La Musica de la colonia de S. M. D. Pedro II produzida por Revert Henrique Klumb. Juiz de Fora, s. d.<\/a><\/p>\n<p style=\"font-size: 12px\"><a href=\"https:\/\/gualaxovivo.com.br\/wp-content\/uploads\/2021\/06\/Mapa-8-\u2013-Bandas-de-musica-Alves.pdf\" target=\"_blank\" rel=\"noopener\">Fotografia Banda do Corpo Policial de Ouro Preto, segunda metade do s\u00e9culo XIX.<\/a><\/p>\n<p style=\"font-size: 12px\"><a href=\"http:\/\/gualaxovivo.com.br\/wp-content\/uploads\/2021\/06\/Mapa-8-\u2013-Bandas-de-musica-Burton.pdf\" target=\"_blank\" rel=\"noopener\">Transcri\u00e7\u00e3o de relatos sobre bandas de m\u00fasica em Minas promovidas por Richard Burton e publicadas em 1869.<\/a><\/p>\n<p style=\"font-size: 12px\"><a href=\"http:\/\/gualaxovivo.com.br\/wp-content\/uploads\/2021\/06\/Mapa-8-\u2013-Bandas-de-musica-\u2013-D.-Pedro-II.pdf\" target=\"_blank\" rel=\"noopener\">Transcri\u00e7\u00e3o de relatos sobre bandas de m\u00fasica em Minas promovidas por D. Pedro II em 1881.<\/a><\/p>\n\t\t\t\t<\/div>\n\t\t\t<\/div>\n\t\t\t<\/div>\n\n\n<!-- \/wp:shortcode -->\t\t\t\t\t\t<\/div>\n\t\t\t\t<\/div>\n\t\t\t\t\t<\/div>\n\t\t<\/div>\n\t\t\t\t\t\t\t<\/div>\n\t\t<\/section>\n\t\t\t\t\t\t\t<\/div>\n\t\t","protected":false},"excerpt":{"rendered":"<p>GUALAXO DO NORTE: O FASC\u00cdNIO DA MODERNIDADE<\/p>\n","protected":false},"author":1,"featured_media":0,"parent":128,"menu_order":1,"comment_status":"closed","ping_status":"closed","template":"","meta":{"footnotes":""},"_links":{"self":[{"href":"https:\/\/gualaxovivo.com.br\/index.php\/wp-json\/wp\/v2\/pages\/1642"}],"collection":[{"href":"https:\/\/gualaxovivo.com.br\/index.php\/wp-json\/wp\/v2\/pages"}],"about":[{"href":"https:\/\/gualaxovivo.com.br\/index.php\/wp-json\/wp\/v2\/types\/page"}],"author":[{"embeddable":true,"href":"https:\/\/gualaxovivo.com.br\/index.php\/wp-json\/wp\/v2\/users\/1"}],"replies":[{"embeddable":true,"href":"https:\/\/gualaxovivo.com.br\/index.php\/wp-json\/wp\/v2\/comments?post=1642"}],"version-history":[{"count":15,"href":"https:\/\/gualaxovivo.com.br\/index.php\/wp-json\/wp\/v2\/pages\/1642\/revisions"}],"predecessor-version":[{"id":2069,"href":"https:\/\/gualaxovivo.com.br\/index.php\/wp-json\/wp\/v2\/pages\/1642\/revisions\/2069"}],"up":[{"embeddable":true,"href":"https:\/\/gualaxovivo.com.br\/index.php\/wp-json\/wp\/v2\/pages\/128"}],"wp:attachment":[{"href":"https:\/\/gualaxovivo.com.br\/index.php\/wp-json\/wp\/v2\/media?parent=1642"}],"curies":[{"name":"wp","href":"https:\/\/api.w.org\/{rel}","templated":true}]}}