{"id":157,"date":"2020-11-28T22:55:25","date_gmt":"2020-11-29T01:55:25","guid":{"rendered":"http:\/\/gualaxovivo.com.br\/?page_id=157"},"modified":"2022-06-08T02:01:07","modified_gmt":"2022-06-08T05:01:07","slug":"producoes-cientificas-e-didaticas","status":"publish","type":"page","link":"https:\/\/gualaxovivo.com.br\/index.php\/producoes-cientificas-e-didaticas\/","title":{"rendered":"Produ\u00e7\u00f5es cient\u00edficas e did\u00e1ticas"},"content":{"rendered":"\t\t<div data-elementor-type=\"wp-page\" data-elementor-id=\"157\" class=\"elementor elementor-157\">\n\t\t\t\t\t\t\t\t\t<section class=\"elementor-section elementor-top-section elementor-element elementor-element-50c511b1 elementor-section-boxed elementor-section-height-default elementor-section-height-default\" data-id=\"50c511b1\" data-element_type=\"section\">\n\t\t\t\t\t\t<div class=\"elementor-container elementor-column-gap-default\">\n\t\t\t\t\t<div class=\"elementor-column elementor-col-100 elementor-top-column elementor-element elementor-element-67e5f415\" data-id=\"67e5f415\" data-element_type=\"column\">\n\t\t\t<div class=\"elementor-widget-wrap elementor-element-populated\">\n\t\t\t\t\t\t\t\t<div class=\"elementor-element elementor-element-565142aa elementor-widget elementor-widget-text-editor\" data-id=\"565142aa\" data-element_type=\"widget\" data-widget_type=\"text-editor.default\">\n\t\t\t\t<div class=\"elementor-widget-container\">\n\t\t\t\t\t\t\t<p><strong>1.<\/strong>\u00a0Men\u00e7\u00e3o Honrosa ao trabalho CANTATA DO GUALAXO DO NORTE: EDITORA\u00c7\u00c3O, MEM\u00d3RIA E PATRIM\u00d4NIO, de autoria de PAULO ANDR\u00c9, MARIANA BICALHO CAMELO e NILA CLARA DOS SANTOS FERN\u00c1NDEZ, orientado por ANDREA ALBUQUERQUE ADOUR DA CAMARA apresentado na 11\u00aa Semana de Integra\u00e7\u00e3o Acad\u00eamica da UFRJ, realizada em formato virtual no per\u00edodo de 14 a 18 de fevereiro de 2022.<\/p>\n<p><!-- wp:file {\"href\":\"https:\/\/gualaxovivo.com.br\/wp-content\/uploads\/2022\/06\/2022-bicalhoMariana-certificado_mencao_honrosa.pdf\"} --><\/p>\n<div class=\"wp-block-file\"><a href=\"https:\/\/gualaxovivo.com.br\/wp-content\/uploads\/2022\/06\/2022-bicalhoMariana-certificado_mencao_honrosa.pdf\" target=\"_blank\" rel=\"noopener\">Certificado de Men\u00e7\u00e3o Honrosa de fevereiro de 2022.<\/a><a class=\"wp-block-file__button\" href=\"https:\/\/gualaxovivo.com.br\/wp-content\/uploads\/2022\/06\/2022-bicalhoMariana-certificado_mencao_honrosa.pdf\" target=\"_blank\" rel=\"noopener\" download=\"\">Baixar<\/a><\/div>\n<p><strong>2.<\/strong> CAMELO, Mariana Bicalho. PAISAGENS HIST\u00d3RICO-SONORAS DE BENTO RODRIGUES, PARACATU DE BAIXO E GESTEIRA.<\/p>\n<p><!-- wp:file {\"href\":\"http:\/\/gualaxovivo.com.br\/wp-content\/uploads\/2021\/05\/CAMELO-Mariana-Bicalho.-Paisagens-Historico-Sonoras-de-Bento-Rodrigues-Paracatu-de-Baixo-e-Gesteira.-BRICOLAGENS-SONORAS-1.pdf\"} --><\/p>\n<div class=\"wp-block-file\"><a href=\"http:\/\/gualaxovivo.com.br\/wp-content\/uploads\/2021\/05\/CAMELO-Mariana-Bicalho.-Paisagens-Historico-Sonoras-de-Bento-Rodrigues-Paracatu-de-Baixo-e-Gesteira.-BRICOLAGENS-SONORAS-1.pdf\" target=\"_blank\" rel=\"noopener\">Bricolagens Sonoras, Ouro Preto, v. 01, n. 2021, p. 111-126, 27 maio de 2021.<\/a><a class=\"wp-block-file__button\" href=\"http:\/\/gualaxovivo.com.br\/wp-content\/uploads\/2021\/05\/CAMELO-Mariana-Bicalho.-Paisagens-Historico-Sonoras-de-Bento-Rodrigues-Paracatu-de-Baixo-e-Gesteira.-BRICOLAGENS-SONORAS-1.pdf\" target=\"_blank\" rel=\"noopener\" download=\"\">Baixar<\/a><\/div>\n<div class=\"wp-block-file\"><strong>3.<\/strong> CERTIFICADO DE MELHOR TRABALHO EM SESS\u00c3O DE APRESENTA\u00c7\u00c3O DO CENTRO DE LETRAS E ARTES (CLA) DA XLII JORNADA GIULIO MASSARANI DE INICIA\u00c7\u00c3O CIENT\u00cdFICA, TECNOL\u00d3GICA, ART\u00cdSTICA E CULTURAL (JICTAC 2020 &#8211; Edic\u0327a\u0303o Especial). Titulado &#8220;MEMO\u0301RIA E PATRIMO\u0302NIO&#8221;<\/div>\n<p><!-- \/wp:file --><\/p>\n<p><!-- \/wp:paragraph --><!-- wp:file {\"href\":\"blob:http:\/\/gualaxovivo.com.br\/34882b46-72c1-4df0-92ce-8d2109fd0bc6\"} --><\/p>\n<div class=\"wp-block-file\"><a href=\"http:\/\/gualaxovivo.com.br\/wp-content\/uploads\/2021\/05\/Certificado_JICTAC2020UFRJ_Submisso_17-52-58.pdf\" target=\"_blank\" rel=\"noopener\">SONORO-MUSICAIS DE POVOADOS ATINGIDOS PELA BARRAGEM DE FUNDA\u0303O (MINAS GERAIS \u2013 2015)&#8221;. Mar\u00e7o 2021. <span style=\"font-family: Helvetica;\">Autoria Mariana Bicalho Camelo, Paulo Andr\u00e9 Nascimento Jesus Maria e Andrea Albuquerque Adour da Camara.<\/span> <\/a><a class=\"wp-block-file__button\" href=\"http:\/\/gualaxovivo.com.br\/wp-content\/uploads\/2021\/05\/Certificado_JICTAC2020UFRJ_Submisso_17-52-58.pdf\" target=\"_blank\" rel=\"noopener\" download=\"\">Baixar<\/a><br \/><br \/><\/div>\n<p><!-- \/wp:file --><!-- wp:paragraph --><\/p>\n<p><b>4. <\/b>BUARQUE, VIRG\u00cdNIA; BUSCACIO, CESAR MAIA. SONORIDADES DE POVOADOS MINEIROS NOS S\u00c9CULOS XVII-XIX NA INTERFACE ENTRE HIST\u00d3RIA, M\u00daSICA, ARQUIVOS E ENSINO. <em>In<\/em>: KOYAMA, ADRIANA CARVALHO; PARRELA, IVANA DENISE (Org.) <em>ARQUIVOS E TEMPORALIDADES: <\/em>O TEMPO NAS PR\u00c1TICAS EM EDUCA\u00c7\u00c3O E ARQUIVOS. Belo Horizonte: ECI\/UFMG, Programa de P\u00f3s-Gradua\u00e7\u00e3o em Ci\u00eancia da Informa\u00e7\u00e3o, 2020.<\/p>\n<p><!-- \/wp:paragraph --><!-- wp:file {\"href\":\"blob:http:\/\/gualaxovivo.com.br\/34882b46-72c1-4df0-92ce-8d2109fd0bc6\"} --><\/p>\n<div class=\"wp-block-file\"><a href=\"http:\/\/gualaxovivo.com.br\/wp-content\/uploads\/2021\/05\/Livro-Arquivos-e-Temporalidades.pdf\" target=\"_blank\" rel=\"noopener\">Sonoridades de povoados mineiros nos s\u00e9culos XVII-XIX na interface entre hist\u00f3ria, m\u00fasica, arquivos e ensino<\/a><a class=\"wp-block-file__button\" href=\"http:\/\/gualaxovivo.com.br\/wp-content\/uploads\/2021\/05\/Livro-Arquivos-e-Temporalidades.pdf\" target=\"_blank\" rel=\"noopener\" download=\"\">Baixar<\/a><\/div>\n<p><!-- \/wp:file --><!-- wp:paragraph --><\/p>\n<p><strong>5.<\/strong> BUARQUE, VIRG\u00cdNIA; BUSCACIO, CESAR MAIA. SONORIDADES HIST\u00d3RICAS DA MINERA\u00c7\u00c3O EM MINAS GERAIS (BRASIL) E SUAS ESCUTAS DE TEMOR E RESIST\u00caNCIA. <em>In<\/em>: LESSA, ELISA; MOREIRA, PEDRO; PAULA, RODRIGO TEODORO DE (org). <em>OUVIR E ESCREVER AS PAISAGENS SONORAS: ABORDAGENS TE\u00d3RICAS E (MULTI)DISCIPLINARES<\/em>. Braga, Portugal: Universidade do Minho, 2020.<\/p>\n<p><!-- \/wp:paragraph --><!-- wp:file {\"id\":360,\"href\":\"http:\/\/gualaxovivo.com.br\/wp-content\/uploads\/2021\/03\/Ouvir-e-escrever-as-paisagens-sonoras-Sonoridades-historicas-da-mineiracao-em-Minas-Gerais.pdf\"} --><\/p>\n<div class=\"wp-block-file\"><a href=\"http:\/\/gualaxovivo.com.br\/wp-content\/uploads\/2021\/03\/Ouvir-e-escrever-as-paisagens-sonoras-Sonoridades-historicas-da-mineiracao-em-Minas-Gerais.pdf\" target=\"_blank\" rel=\"noopener\">Ouvir-e-escrever-as-paisagens-sonoras-Sonoridades-historicas-da-mineiracao-em-Minas-Gerais<\/a><a class=\"wp-block-file__button\" href=\"http:\/\/gualaxovivo.com.br\/wp-content\/uploads\/2021\/03\/Ouvir-e-escrever-as-paisagens-sonoras-Sonoridades-historicas-da-mineiracao-em-Minas-Gerais.pdf\" target=\"_blank\" rel=\"noopener\" download=\"\">Baixar<\/a><\/div>\n<p><!-- \/wp:file --><!-- wp:paragraph --><\/p>\n<p><strong>6.<\/strong> BUARQUE, VIRG\u00cdNIA; BUSCACIO, CESAR MAIA. UMA ABORDAGEM HIST\u00d3RICO-SONORA DO GUALAXO DO NORTE: INTERFACES ENTRE INVENT\u00c1RIOS E ENSINO. <em>CADERNOS DE PESQUISA DO CDHIS<\/em>, Uberl\u00e2ndia, v. 33, n.2, p. 216-250,\u00a0 jul.\/dez. 2020.<\/p>\n<p><!-- \/wp:paragraph --><!-- wp:file {\"id\":362,\"href\":\"http:\/\/gualaxovivo.com.br\/wp-content\/uploads\/2021\/03\/Cadernos-de-Pesquisa-do-CDHIS.pdf\"} --><\/p>\n<div class=\"wp-block-file\"><a href=\"http:\/\/gualaxovivo.com.br\/wp-content\/uploads\/2021\/03\/Cadernos-de-Pesquisa-do-CDHIS.pdf\" target=\"_blank\" rel=\"noopener\">Uma abordagem hist\u00f3rico-sonora do Gualaxo do Norte: interfaces entre invent\u00e1rios e ensino<\/a><a class=\"wp-block-file__button\" href=\"http:\/\/gualaxovivo.com.br\/wp-content\/uploads\/2021\/03\/Cadernos-de-Pesquisa-do-CDHIS.pdf\" target=\"_blank\" rel=\"noopener\" download=\"\">Baixar<\/a><\/div>\n<p><!-- \/wp:file --><\/p>\t\t\t\t\t\t<\/div>\n\t\t\t\t<\/div>\n\t\t\t\t\t<\/div>\n\t\t<\/div>\n\t\t\t\t\t\t\t<\/div>\n\t\t<\/section>\n\t\t\t\t\t\t\t<\/div>\n\t\t","protected":false},"excerpt":{"rendered":"<p>1.\u00a0Men\u00e7\u00e3o Honrosa ao trabalho CANTATA DO GUALAXO DO NORTE: EDITORA\u00c7\u00c3O, MEM\u00d3RIA E PATRIM\u00d4NIO, de autoria de PAULO ANDR\u00c9, MARIANA BICALHO..<\/p>\n","protected":false},"author":1,"featured_media":0,"parent":0,"menu_order":0,"comment_status":"closed","ping_status":"closed","template":"","meta":{"footnotes":""},"_links":{"self":[{"href":"https:\/\/gualaxovivo.com.br\/index.php\/wp-json\/wp\/v2\/pages\/157"}],"collection":[{"href":"https:\/\/gualaxovivo.com.br\/index.php\/wp-json\/wp\/v2\/pages"}],"about":[{"href":"https:\/\/gualaxovivo.com.br\/index.php\/wp-json\/wp\/v2\/types\/page"}],"author":[{"embeddable":true,"href":"https:\/\/gualaxovivo.com.br\/index.php\/wp-json\/wp\/v2\/users\/1"}],"replies":[{"embeddable":true,"href":"https:\/\/gualaxovivo.com.br\/index.php\/wp-json\/wp\/v2\/comments?post=157"}],"version-history":[{"count":57,"href":"https:\/\/gualaxovivo.com.br\/index.php\/wp-json\/wp\/v2\/pages\/157\/revisions"}],"predecessor-version":[{"id":2389,"href":"https:\/\/gualaxovivo.com.br\/index.php\/wp-json\/wp\/v2\/pages\/157\/revisions\/2389"}],"wp:attachment":[{"href":"https:\/\/gualaxovivo.com.br\/index.php\/wp-json\/wp\/v2\/media?parent=157"}],"curies":[{"name":"wp","href":"https:\/\/api.w.org\/{rel}","templated":true}]}}