{"id":1486,"date":"2021-05-24T15:52:16","date_gmt":"2021-05-24T18:52:16","guid":{"rendered":"https:\/\/gualaxovivo.com.br\/?page_id=1486"},"modified":"2021-07-19T15:17:47","modified_gmt":"2021-07-19T18:17:47","slug":"introducao-da-industria-e-de-sociabilidades-burguesas","status":"publish","type":"page","link":"https:\/\/gualaxovivo.com.br\/index.php\/cartografias-historico-sensoriais\/introducao-da-industria-e-de-sociabilidades-burguesas\/","title":{"rendered":"Gualaxo do Norte: introdu\u00e7\u00e3o da ind\u00fastria e de sociabilidades burguesas"},"content":{"rendered":"\t\t<div data-elementor-type=\"wp-page\" data-elementor-id=\"1486\" class=\"elementor elementor-1486\">\n\t\t\t\t\t\t\t\t\t<section class=\"elementor-section elementor-top-section elementor-element elementor-element-4ddc38d2 elementor-section-full_width elementor-section-height-default elementor-section-height-default\" data-id=\"4ddc38d2\" data-element_type=\"section\">\n\t\t\t\t\t\t<div class=\"elementor-container elementor-column-gap-default\">\n\t\t\t\t\t<div class=\"elementor-column elementor-col-100 elementor-top-column elementor-element elementor-element-7708c13d\" data-id=\"7708c13d\" data-element_type=\"column\">\n\t\t\t<div class=\"elementor-widget-wrap elementor-element-populated\">\n\t\t\t\t\t\t\t\t<div class=\"elementor-element elementor-element-77351d9a elementor-widget elementor-widget-text-editor\" data-id=\"77351d9a\" data-element_type=\"widget\" data-widget_type=\"text-editor.default\">\n\t\t\t\t<div class=\"elementor-widget-container\">\n\t\t\t\t\t\t\t<h1 style=\"font-family: 'KohinoorTeleguBold'; font-size: 1.3em;\">GUALAXO DO NORTE: INTRODU\u00c7\u00c3O DA IND\u00daSTRIA E DE SOCIABILIDADES BURGUESAS<\/h1>\t\t\t\t\t\t<\/div>\n\t\t\t\t<\/div>\n\t\t\t\t\t<\/div>\n\t\t<\/div>\n\t\t\t\t\t\t\t<\/div>\n\t\t<\/section>\n\t\t\t\t<section class=\"elementor-section elementor-top-section elementor-element elementor-element-590df240 elementor-section-boxed elementor-section-height-default elementor-section-height-default\" data-id=\"590df240\" data-element_type=\"section\">\n\t\t\t\t\t\t<div class=\"elementor-container elementor-column-gap-no\">\n\t\t\t\t\t<div class=\"elementor-column elementor-col-100 elementor-top-column elementor-element elementor-element-67b14771\" data-id=\"67b14771\" data-element_type=\"column\">\n\t\t\t<div class=\"elementor-widget-wrap elementor-element-populated\">\n\t\t\t\t\t\t\t\t<div class=\"elementor-element elementor-element-72c18b52 elementor-widget elementor-widget-text-editor\" data-id=\"72c18b52\" data-element_type=\"widget\" data-widget_type=\"text-editor.default\">\n\t\t\t\t<div class=\"elementor-widget-container\">\n\t\t\t\t\t\t\t<!-- wp:shortcode -->\n\n<style>\n\t#hotspot-1480 .hotspots-image-container,\n\t#hotspot-1480 .leaflet-container {\n\t\tbackground: #ffffff\t}\n\n\t#hotspot-1480 .hotspots-placeholder,\n\t.featherlight .featherlight-content.lightbox-1480 {\n\t\tbackground: #ffffff;\n\t\tborder: 0 #ffffff solid;\n\t\tcolor: #000000;\n\t}\n\n\t#hotspot-1480 .hotspot-title,\n\t#hotspot-1480 .bc-product__title a,\n\t.featherlight .featherlight-content.lightbox-1480 .hotspot-title,\n\t.featherlight .featherlight-content.lightbox-1480 .bc-product__title a {\n\t\tcolor: #000000;\n\t}\n\n\t\t\t#hotspot-1480 .hotspot-Custom {\n\t\t\tstroke-width: 1;\n\t\t\tfill: #ffffff;\n\t\t\tfill-opacity: 0;\n\t\t\tstroke: #ffffff;\n\t\t\tstroke-opacity: 0;\n\t\t}\n\t\t#hotspot-1480 .hotspot-Custom:hover,\n\t\t#hotspot-1480 .hotspot-Custom:focus,\n\t\t#hotspot-1480 .hotspot-Custom.hotspot-active {\n\t\t\tfill: #ffffff;\n\t\t\tfill-opacity: 0.81;\n\t\t\toutline: none;\n\t\t\tstroke: #ffffff;\n\t\t\tstroke-opacity: 0.01;\n\t\t}\n\t\t\t#hotspot-1480 .hotspot-default {\n\t\t\tstroke-width: 1;\n\t\t\tfill: #ffffff;\n\t\t\tfill-opacity: 0;\n\t\t\tstroke: #ffffff;\n\t\t\tstroke-opacity: 0;\n\t\t}\n\t\t#hotspot-1480 .hotspot-default:hover,\n\t\t#hotspot-1480 .hotspot-default:focus,\n\t\t#hotspot-1480 .hotspot-default.hotspot-active {\n\t\t\tfill: #ffffff;\n\t\t\tfill-opacity: 0.01;\n\t\t\toutline: none;\n\t\t\tstroke: #ffffff;\n\t\t\tstroke-opacity: 0.01;\n\t\t}\n\t\t#hotspot-1480 .leaflet-tooltip,\n\t#hotspot-1480 .leaflet-rrose-content-wrapper {\n\t\tbackground: #ffffff;\n\t\tborder-color: #ffffff;\n\t\tcolor: #000000;\n\t}\n\n\t#hotspot-1480 a.leaflet-rrose-close-button {\n\t\tcolor: #000000;\n\t}\n\n\t#hotspot-1480 .leaflet-rrose-tip {\n\t\tbackground: #ffffff;\n\t}\n\n\t#hotspot-1480 .leaflet-popup-scrolled {\n\t\tborder-bottom-color: #000000;\n\t\tborder-top-color: #000000;\n\t}\n\n\t#hotspot-1480 .leaflet-tooltip-top:before {\n\t\tborder-top-color: #ffffff;\n\t}\n\n\t#hotspot-1480 .leaflet-tooltip-bottom:before {\n\t\tborder-bottom-color: #ffffff;\n\t}\n\t#hotspot-1480 .leaflet-tooltip-left:before {\n\t\tborder-left-color: #ffffff;\n\t}\n\t#hotspot-1480 .leaflet-tooltip-right:before {\n\t\tborder-right-color: #ffffff;\n\t}\n<\/style>\n\n\n\t<div class=\"hotspots-container  layout-right event-click\" id=\"hotspot-1480\" data-layout=\"right\" data-trigger=\"click\">\n\t\t<div class=\"hotspots-interaction\">\n\t\t\t\t<div class=\"hotspots-placeholder\" id=\"content-hotspot-1480\">\n\t\t<div class=\"hotspot-initial\">\n\t\t\t<h2 class=\"hotspot-title\">\n\t\t\t\tMapa 7\t\t\t<\/h2>\n\t\t\t<div class=\"hotspot-content\">\n\t\t\t\t\t\t\t\t<p> <span style=\"font-size: 16px\">INTRODU\u00c7\u00c3O DA IND\u00daSTRIA E DE SOCIABILIDADES BURGUESAS<\/span><br \/>\n  <span style=\"font-size: 12px\">(Segunda metade do s\u00e9culo XIX)<\/span><\/p>\n<p style=\"font-size: 12px\"><span style=\"font-size: 12px\">Para acessar sons, iconografias e relatos hist\u00f3ricos sobre o Gualaxo do Norte no in\u00edcio do processo de industrializa\u00e7\u00e3o da regi\u00e3o, clique nos \u00edcones do mapa. <\/p>\n<p><\/p>\n<p style=\"font-size: 12px\">Para acessar o texto em PDF sobre as sonoridades da regi\u00e3o na segunda metade do s\u00e9culo XIX tendo o rio Gualaxo do Norte como narrador, <span style=\"text-decoration: underline\"><a href=\"https:\/\/gualaxovivo.com.br\/wp-content\/uploads\/2021\/07\/modelo-texto-capitulos-ebook_7_V2.pdf\" target=\"_blank\">clique aqui<\/a><\/span>. <\/p>\n<p style=\"font-size: 12px\">Para ouvir esta narrativa, clique no play.<\/span><\/p>\n<p style=\"font-size: 12px\">\n<article class=\"iron_widget_radio\">\n<div class=\"iron-audioplayer  sonaar-no-artwork sr_waveform_mediaElement\" id=\"arbitrary-instance-69e4c2d9969ee-7d1457e65d\" data-id=\"arbitrary-instance-69e4c2d9969ee\" data-albums=\"1979\"data-url-playlist=\"https:\/\/gualaxovivo.com.br\/?load=playlist.json&#038;title=&#038;albums=1979&#038;feed_title=%20&#038;feed=https:\/\/gualaxovivo.com.br\/wp-content\/uploads\/2021\/07\/07.-INDUSTRIA-E-DE-SOCIABILIDADES-BURGUESAS.mp3&#038;feed_img=&#038;el_widget_id=&#038;artwork=&#038;posts_per_pages=-1&#038;all_category=&#038;single_playlist=\" data-sticky-player=\"0\" data-shuffle=\"\" data-playlist_title=\"\" data-scrollbar=\"\" data-wave-color=\"\" data-wave-progress-color=\"\" data-no-wave=\"\" data-hide-progressbar=\"\" data-feedurl=\"1\" data-notrackskip=\"\" data-playertype=\"\" data-playertemplate =\"skin_float_tracklist\" data-speedrate=\"1\" style=\"opacity:0;\">\n<div class=\"sonaar-grid\" style=&quot;display:none;&quot;>\n<div class=\"playlist\">\n<h3 class=\"sr_it-playlist-title\"><\/h3>\n<div class=\"srp_subtitle\"><\/div>\n<div class=\"srp_tracklist\">\n<ul class\"\">\n<li \n            class=\"sr-playlist-item sr-playlist-item-flex\" \n            data-audiopath=\"https:\/\/gualaxovivo.com.br\/wp-content\/uploads\/2021\/07\/07.-INDUSTRIA-E-DE-SOCIABILIDADES-BURGUESAS.mp3\"\n            data-showloading=\"1\"\n            data-albumTitle=\"\"\n            data-albumArt=\"\"\n            data-releasedate=\"\"\n            data-date=\"\"\n            data-show-date=\"\"\n            data-trackTitle=\" \"\n            data-trackID=\"\"\n            data-trackTime=\"\"\n            data-relatedTrack=\"\"\n            data-post-url=\"\"\n            ><span class=\"store-list\"><\/span><\/li>\n<\/ul>\n<\/div>\n<\/div>\n<\/div>\n<div class=\"album-player\">\n<div class=\"album-title\"><\/div>\n<div class=\"track-title\"><\/div>\n<div class=\"player \" >\n<div class=\"sr_progressbar\">\n<div class=\"currentTime\"><\/div>\n<div id=\"arbitrary-instance-69e4c2d9969ee-23ca01fcc5-wave\" class=\"wave\" >\n<div class=\"sonaar_fake_wave\" style=\"height:70px\">\n                <audio src=\"\" class=\"sonaar_media_element\"><\/audio><\/p>\n<div class=\"sonaar_wave_base\">\n                    <canvas id=arbitrary-instance-69e4c2d9969ee-container class=\"\" height=\"70\" width=\"2540\"><\/canvas><br \/>\n                    <svg><\/svg>\n                <\/div>\n<div class=\"sonaar_wave_cut\">\n                    <canvas id=arbitrary-instance-69e4c2d9969ee-progress class=\"\" height=\"70\" width=\"2540\"><\/canvas><br \/>\n                    <svg><\/svg>\n                <\/div>\n<\/p><\/div>\n<\/p><\/div>\n<div class=\"totalTime\"><\/div>\n<\/p><\/div>\n<div class=\"srp_main_control srp_oneColumn\">\n<div class=\"control\">\n<div class=\"play\" style=\"opacity:0;\">\n                <svg version=\"1.1\" xmlns=\"http:\/\/www.w3.org\/2000\/svg\" xmlns:xlink=\"http:\/\/www.w3.org\/1999\/xlink\" width=\"26\" height=\"31.47\" x=\"0px\" y=\"0px\" viewBox=\"0 0 17.5 21.2\" style=\"enable-background:new 0 0 17.5 21.2;\" xml:space=\"preserve\">\n                    <path d=\"M0,0l17.5,10.9L0,21.2V0z\"\/>\n                    <rect width=\"6\" height=\"21.2\"\/>\n                    <rect x=\"11.5\" width=\"6\" height=\"21.2\"\/>\n                <\/svg>\n            <\/div>\n<\/div>\n<div class=\"control\"><\/div>\n<\/div>\n<\/div>\n<\/div>\n<div class=\"album-store\"><\/div>\n<\/div>\n<\/article>\n<p><\/p>\n<p style=\"font-size: 12px\">Para acessar atividades did\u00e1ticas sobre as sonoridades do entorno sociocultural do Gualaxo do Norte na segunda metade do s\u00e9culo XIX, <span style=\"text-decoration: underline\"><a href=\"https:\/\/gualaxovivo.com.br\/wp-content\/uploads\/2021\/12\/Atividades-7.pdf\" target=\"_blank\">clique aqui<\/a><\/span><\/p>\n\t\t\t\t\t\t\t<\/div>\n\t\t<\/div>\n\t<\/div>\n<div class=\"hotspots-image-container\">\n\t<img\n\t\twidth=\"1920\"\n\t\theight=\"1435\"\n\t\tsrc=\"https:\/\/gualaxovivo.com.br\/wp-content\/uploads\/2021\/05\/MAPA-7.png\"\n\t\talt=\"Mapa 7\"\n\t\tclass=\"hotspots-image skip-lazy\"\n\t\tusemap=\"#hotspots-image-1480\"\n\t\tdata-image-title=\"Mapa 7\"\n\t\tdata-image-description=\"INTRODU\u00c7\u00c3O DA IND\u00daSTRIA E DE SOCIABILIDADES BURGUESAS\r\n  (Segunda metade do s\u00e9culo XIX)\r\nPara acessar sons, iconografias e relatos hist\u00f3ricos sobre o Gualaxo do Norte no in\u00edcio do processo de industrializa\u00e7\u00e3o da regi\u00e3o, clique nos \u00edcones do mapa. \r\n    \r\n    Para acessar o texto em PDF sobre as sonoridades da regi\u00e3o na segunda metade do s\u00e9culo XIX tendo o rio Gualaxo do Norte como narrador, clique aqui. \r\n    Para ouvir esta narrativa, clique no play.\r\n  \r\n  [sonaar_audioplayer playlist_type=\"feed\" albums=\"1979\" artwork_id=\"\" display_control_artwork=\"false\" feed=\"https:\/\/gualaxovivo.com.br\/wp-content\/uploads\/2021\/07\/07.-INDUSTRIA-E-DE-SOCIABILIDADES-BURGUESAS.mp3\" feed_title=\" \" hide_artwork=\"false\" show_playlist=\"false\" show_track_market=\"false\" show_album_market=\"false\" hide_timeline=\"false\"][\/sonaar_audioplayer]\r\nPara acessar atividades did\u00e1ticas sobre as sonoridades do entorno sociocultural do Gualaxo do Norte na segunda metade do s\u00e9culo XIX, clique aqui\"\n\t\tdata-event-trigger=\"click\"\n\t\tdata-always-visible=\"false\"\n\t\tdata-id=\"1480\"\n\t\tdata-no-lazy=\"1\"\n\t\tdata-lazy-src=\"\"\n\t\tdata-lazy=\"false\"\n\t\tloading=\"eager\"\n\t\tdata-skip-lazy=\"1\"\n\t\t>\n<\/div>\t\t<\/div>\n\t\t<map name=\"hotspots-image-1480\" class=\"hotspots-map\">\n\t\t\t\t\t\t\t\t\t\t\t<area\n\t\t\t\t\tshape=\"poly\"\n\t\t\t\t\tcoords=\"243,692,240,748,278,776,341,773,396,751,399,700,374,643,294,630,260,656\"\n\t\t\t\t\thref=\"#hotspot-hotspot-1480-0\"\n\t\t\t\t\trel=\"\"\n\t\t\t\t\ttitle=\"Tel\u00e9grafo\"\n\t\t\t\t\talt=\"Tel\u00e9grafo\"\n\t\t\t\t\tdata-action=\"\"\n\t\t\t\t\tdata-color-scheme=\"\"\n\t\t\t\t\tdata-id=\"area-hotspot-1480-0\"\n\t\t\t\t\ttarget=\"\"\n\t\t\t\t\tclass=\"more-info-area\"\n\t\t\t\t\t>\n\t\t\t\t\t\t\t\t\t\t\t<area\n\t\t\t\t\tshape=\"poly\"\n\t\t\t\t\tcoords=\"773,903,818,894,839,828,830,720,766,708,726,722,717,776,714,850,728,887,741,898\"\n\t\t\t\t\thref=\"#hotspot-hotspot-1480-1\"\n\t\t\t\t\trel=\"\"\n\t\t\t\t\ttitle=\"Ferrovia\"\n\t\t\t\t\talt=\"Ferrovia\"\n\t\t\t\t\tdata-action=\"\"\n\t\t\t\t\tdata-color-scheme=\"\"\n\t\t\t\t\tdata-id=\"area-hotspot-1480-1\"\n\t\t\t\t\ttarget=\"\"\n\t\t\t\t\tclass=\"more-info-area\"\n\t\t\t\t\t>\n\t\t\t\t\t\t\t\t\t\t\t<area\n\t\t\t\t\tshape=\"poly\"\n\t\t\t\t\tcoords=\"1319,829,1320,900,1354,943,1411,945,1469,939,1487,895,1470,835,1451,789,1432,758,1373,756,1335,774\"\n\t\t\t\t\thref=\"#hotspot-hotspot-1480-2\"\n\t\t\t\t\trel=\"\"\n\t\t\t\t\ttitle=\"Dan\u00e7as e cantigas\"\n\t\t\t\t\talt=\"Dan\u00e7as e cantigas\"\n\t\t\t\t\tdata-action=\"\"\n\t\t\t\t\tdata-color-scheme=\"\"\n\t\t\t\t\tdata-id=\"area-hotspot-1480-2\"\n\t\t\t\t\ttarget=\"\"\n\t\t\t\t\tclass=\"more-info-area\"\n\t\t\t\t\t>\n\t\t\t\t\t\t\t\t\t\t\t<area\n\t\t\t\t\tshape=\"poly\"\n\t\t\t\t\tcoords=\"1049,717,1134,715,1139,649,1122,570,1070,531,1005,536,973,590,982,672,993,700\"\n\t\t\t\t\thref=\"#hotspot-hotspot-1480-3\"\n\t\t\t\t\trel=\"\"\n\t\t\t\t\ttitle=\"F\u00e1bricas\"\n\t\t\t\t\talt=\"F\u00e1bricas\"\n\t\t\t\t\tdata-action=\"\"\n\t\t\t\t\tdata-color-scheme=\"\"\n\t\t\t\t\tdata-id=\"area-hotspot-1480-3\"\n\t\t\t\t\ttarget=\"\"\n\t\t\t\t\tclass=\"more-info-area\"\n\t\t\t\t\t>\n\t\t\t\t\t<\/map>\n\n\t\t\n\t\t\t\t\t\n\t\t\t\t\t\t<div class=\"hotspot-info \" id=\"hotspot-hotspot-1480-0\">\n\t\t\t\t\n\t\t\t\t<h2 class=\"hotspot-title\">Tel\u00e9grafo<\/h2>\t\t\t\t\t\t\t\t\t<div class=\"hotspot-thumb\">\n\t\t\t\t\t\t<img loading=\"lazy\" decoding=\"async\" width=\"100\" height=\"100\" src=\"https:\/\/gualaxovivo.com.br\/wp-content\/uploads\/2021\/05\/telegrafos.jpg\" class=\"attachment-medium size-medium\" alt=\"\" \/>\t\t\t\t\t<\/div>\n\t\t\t\t\t\t\t\t<div class=\"hotspot-content\">\n\t\t\t\t\t<p><!--[if lt IE 9]><script>document.createElement('audio');<\/script><![endif]--><br \/>\n<audio class=\"wp-audio-shortcode\" id=\"audio-1486-1\" preload=\"none\" style=\"width: 100%;\" controls=\"controls\"><source type=\"audio\/mpeg\" src=\"https:\/\/gualaxovivo.com.br\/wp-content\/uploads\/2021\/12\/Mapa-07-Telegrafo.m4a?_=1\" \/><a href=\"https:\/\/gualaxovivo.com.br\/wp-content\/uploads\/2021\/12\/Mapa-07-Telegrafo.m4a\">https:\/\/gualaxovivo.com.br\/wp-content\/uploads\/2021\/12\/Mapa-07-Telegrafo.m4a<\/a><\/audio><\/p>\n<p style=\"font-size: 12px\">Tel\u00e9grafo<br \/>\n<span style=\"font-size: 6pt\"> https:\/\/www.youtube.com\/watch? v=hIN1wH4iYdg<\/span><\/p>\n<p style=\"font-size: 12px\"><a href=\"http:\/\/gualaxovivo.com.br\/wp-content\/uploads\/2021\/06\/Mapa-7-\u2013-Telegrafo-\u2013-Anonimo.pdf\" target=\"_blank\" rel=\"noopener\">Fotografia Central telef\u00f4nica da Mina de Morro Velho. An\u00f4nimo. s.d. [final s\u00e9culo XIX<\/a><\/p>\n<p style=\"font-size: 12px\"><a href=\"http:\/\/gualaxovivo.com.br\/wp-content\/uploads\/2021\/06\/Mapa-7-\u2013-Telegrafo-\u2013-Couto-1.pdf\" target=\"_blank\" rel=\"noopener\">Transcri\u00e7\u00e3o de proje\u00e7\u00e3o sobre sons de maquin\u00e1rio no futuro, produzida Jos\u00e9 Vieira Couto e publicada em 1799.<\/a><\/p>\n\t\t\t\t<\/div>\n\t\t\t<\/div>\n\t\t\t\t\t\n\t\t\t\t\t\t<div class=\"hotspot-info \" id=\"hotspot-hotspot-1480-1\">\n\t\t\t\t\n\t\t\t\t<h2 class=\"hotspot-title\">Ferrovia<\/h2>\t\t\t\t\t\t\t\t\t<div class=\"hotspot-thumb\">\n\t\t\t\t\t\t<img loading=\"lazy\" decoding=\"async\" width=\"100\" height=\"100\" src=\"https:\/\/gualaxovivo.com.br\/wp-content\/uploads\/2021\/05\/ferrovia.jpg\" class=\"attachment-medium size-medium\" alt=\"\" \/>\t\t\t\t\t<\/div>\n\t\t\t\t\t\t\t\t<div class=\"hotspot-content\">\n\t\t\t\t\t<p><audio class=\"wp-audio-shortcode\" id=\"audio-1486-2\" preload=\"none\" style=\"width: 100%;\" controls=\"controls\"><source type=\"audio\/mpeg\" src=\"https:\/\/gualaxovivo.com.br\/wp-content\/uploads\/2021\/12\/Mapa-07-Ferrovia.m4a?_=2\" \/><a href=\"https:\/\/gualaxovivo.com.br\/wp-content\/uploads\/2021\/12\/Mapa-07-Ferrovia.m4a\">https:\/\/gualaxovivo.com.br\/wp-content\/uploads\/2021\/12\/Mapa-07-Ferrovia.m4a<\/a><\/audio><\/p>\n<p style=\"font-size: 12px\">Ferrovia<br \/>\n<span style=\"font-size: 6pt\">https:\/\/www.youtube.com\/watch? v=0Vi573DMitI<\/span><\/p>\n<p style=\"font-size: 12px\"><a href=\"http:\/\/gualaxovivo.com.br\/wp-content\/uploads\/2021\/06\/Mapa-7-\u2013-Ferrovia-Anonimo-1.pdf\" target=\"_blank\" rel=\"noopener\">Fotografia Locomotiva a vapor no trecho de Mau\u00e1 at\u00e9 Inhomirim. Final do s\u00e9culo XIX. An\u00f4nimo.<\/a><\/p>\n<p style=\"font-size: 12px\"><a href=\"http:\/\/gualaxovivo.com.br\/wp-content\/uploads\/2021\/06\/Mapa-7-\u2013-Ferrovia-Ferrez-1.pdf\" target=\"_blank\" rel=\"noopener\">Fotografia Estrada de Ferro do Rio D&#8217;Ouro (Baixada Fluminense) produzida por Marc Ferrez. S. d.<\/a><\/p>\n<p style=\"font-size: 12px\"><a href=\"http:\/\/gualaxovivo.com.br\/wp-content\/uploads\/2021\/06\/Mapa-7-\u2013-Ferrovia-\u2013-Sem-autoria.pdf\" target=\"_blank\" rel=\"noopener\">[Trem transportanto min\u00e9rio em Minas Gerais]. s.l., s.d. Jornal A Sirene, Nov. 2020.<\/a><\/p>\n<p style=\"font-size: 12px\"><a href=\"http:\/\/gualaxovivo.com.br\/wp-content\/uploads\/2021\/06\/Mapa-7-\u2013-Ferrovia-\u2013-O-Globo-1.pdf\" target=\"_blank\" rel=\"noopener\">Reportagem sobre os sons da ferrovia em Ouro Preto. Jornal O Globo, 2004.<\/a><\/p>\n\t\t\t\t<\/div>\n\t\t\t<\/div>\n\t\t\t\t\t\n\t\t\t\t\t\t<div class=\"hotspot-info \" id=\"hotspot-hotspot-1480-2\">\n\t\t\t\t\n\t\t\t\t<h2 class=\"hotspot-title\">Dan\u00e7as e cantigas<\/h2>\t\t\t\t\t\t\t\t\t<div class=\"hotspot-thumb\">\n\t\t\t\t\t\t<img loading=\"lazy\" decoding=\"async\" width=\"100\" height=\"100\" src=\"https:\/\/gualaxovivo.com.br\/wp-content\/uploads\/2021\/05\/fandango.jpg\" class=\"attachment-medium size-medium\" alt=\"\" \/>\t\t\t\t\t<\/div>\n\t\t\t\t\t\t\t\t<div class=\"hotspot-content\">\n\t\t\t\t\t<p><audio class=\"wp-audio-shortcode\" id=\"audio-1486-3\" preload=\"none\" style=\"width: 100%;\" controls=\"controls\"><source type=\"audio\/mpeg\" src=\"https:\/\/gualaxovivo.com.br\/wp-content\/uploads\/2021\/07\/Mapa-07-Dancas-e-Cantigas-Lundu-de-Marrua.mp3?_=3\" \/><a href=\"https:\/\/gualaxovivo.com.br\/wp-content\/uploads\/2021\/07\/Mapa-07-Dancas-e-Cantigas-Lundu-de-Marrua.mp3\">https:\/\/gualaxovivo.com.br\/wp-content\/uploads\/2021\/07\/Mapa-07-Dancas-e-Cantigas-Lundu-de-Marrua.mp3<\/a><\/audio><\/p>\n<p style=\"font-size: 12px\">Dan\u00e7as e cantigas<br \/>\n<span style=\"font-size: 6pt\"> https:\/\/www.youtube.com\/watch? v=VAtSwJm1D8M<\/span><\/p>\n<p style=\"font-size: 12px\"><a href=\"http:\/\/gualaxovivo.com.br\/wp-content\/uploads\/2021\/06\/Mapa-7-\u2013-Dancas-\u2013-Rugendas.pdf\" target=\"_blank\" rel=\"noopener\">Iconografia Lundu produzida por Johann Moritz Rugendas. c.1835.<\/a><\/p>\n<p style=\"font-size: 12px\"><a href=\"http:\/\/gualaxovivo.com.br\/wp-content\/uploads\/2021\/06\/Mapa-7-\u2013-Dancas-\u2013-Francisco-Libanio.pdf\" target=\"_blank\" rel=\"noopener\">Ilustra\u00e7\u00e3o.Quem qu\u00ea, qu\u00ea, quem n\u00e3o qu\u00ea v\u00e1 and\u00e1: excomunh\u00e3o ta hi!: polka lundu produzida por Francisco Lib\u00e2nio Colas. [18&#8211;].<\/a><\/p>\n<p style=\"font-size: 12px\"><a href=\"http:\/\/gualaxovivo.com.br\/wp-content\/uploads\/2021\/06\/Mapa-7-\u2013-Dancas-\u2013-Pohl.pdf\" target=\"_blank\" rel=\"noopener\">Transcri\u00e7\u00e3o de relato sobre contradan\u00e7a em Minas produzido por Emanuel Pohl e publicada entre 1817-1821.<\/a><\/p>\n<p style=\"font-size: 12px\"><a href=\"http:\/\/gualaxovivo.com.br\/wp-content\/uploads\/2021\/06\/Mapa-7-\u2013-Dancas-\u2013-Saint-Hilaire.pdf\" target=\"_blank\" rel=\"noopener\">Transcri\u00e7\u00e3o de relato sobre contradan\u00e7a em Minas produzido por Saint-Hilaire e publicada entre 1816-1822.<\/a><\/p>\n<p style=\"font-size: 12px\"><a href=\"http:\/\/gualaxovivo.com.br\/wp-content\/uploads\/2021\/06\/Mapa-7-\u2013-Dancas-\u2013-Mawe.pdf\" target=\"_blank\" rel=\"noopener\">Transcri\u00e7\u00e3o de relato sobre contradan\u00e7a em Minas produzido por Mawe e publicada em 1812.<\/a><\/p>\n<p style=\"font-size: 12px\"><a href=\"http:\/\/gualaxovivo.com.br\/wp-content\/uploads\/2021\/06\/Mapa-7-\u2013-Dancas-\u2013-Pohl-2.pdf\" target=\"_blank\" rel=\"noopener\">Transcri\u00e7\u00e3o de relato sobre fandango em Minas produzido por Emanuel Pohl e publicada entre 1817-1821.<\/a><\/p>\n<p style=\"font-size: 12px\"><a href=\"http:\/\/gualaxovivo.com.br\/wp-content\/uploads\/2021\/06\/Mapa-7-\u2013-Dancas-\u2013-Saint-Hilaire-2.pdf\" target=\"_blank\" rel=\"noopener\">Transcri\u00e7\u00e3o de relato sobre fandango em Minas produzido por Saint-Hilaire e publicada entre 1816-1822.<\/a><\/p>\n<p style=\"font-size: 12px\"><a href=\"http:\/\/gualaxovivo.com.br\/wp-content\/uploads\/2021\/06\/Mapa-7-\u2013-Dancas-\u2013-Spix-e-Martius.pdf\" target=\"_blank\" rel=\"noopener\">Transcri\u00e7\u00e3o de relato sobre canto de modinha em Minas produzido por Spix e Martius e publicada em 1824.<\/a><\/p>\n<p style=\"font-size: 12px\"><a href=\"http:\/\/gualaxovivo.com.br\/wp-content\/uploads\/2021\/06\/Mapa-7-\u2013-Dancas-\u2013-Pohl-3.pdf\" target=\"_blank\" rel=\"noopener\">Transcri\u00e7\u00e3o de relato sobre canto de \u00e1ria de \u00f3pera em Minas produzido por Emanuel Pohl e publicada entre 1817-1821.<\/a><\/p>\n\t\t\t\t<\/div>\n\t\t\t<\/div>\n\t\t\t\t\t\n\t\t\t\t\t\t<div class=\"hotspot-info \" id=\"hotspot-hotspot-1480-3\">\n\t\t\t\t\n\t\t\t\t<h2 class=\"hotspot-title\">F\u00e1bricas<\/h2>\t\t\t\t\t\t\t\t\t<div class=\"hotspot-thumb\">\n\t\t\t\t\t\t<img loading=\"lazy\" decoding=\"async\" width=\"100\" height=\"100\" src=\"https:\/\/gualaxovivo.com.br\/wp-content\/uploads\/2021\/05\/fabrica-de-tecidos.jpg\" class=\"attachment-medium size-medium\" alt=\"\" \/>\t\t\t\t\t<\/div>\n\t\t\t\t\t\t\t\t<div class=\"hotspot-content\">\n\t\t\t\t\t<p><audio class=\"wp-audio-shortcode\" id=\"audio-1486-4\" preload=\"none\" style=\"width: 100%;\" controls=\"controls\"><source type=\"audio\/mpeg\" src=\"https:\/\/gualaxovivo.com.br\/wp-content\/uploads\/2021\/12\/Mapa-07-Tecelagem.m4a?_=4\" \/><a href=\"https:\/\/gualaxovivo.com.br\/wp-content\/uploads\/2021\/12\/Mapa-07-Tecelagem.m4a\">https:\/\/gualaxovivo.com.br\/wp-content\/uploads\/2021\/12\/Mapa-07-Tecelagem.m4a<\/a><\/audio><\/p>\n<p style=\"font-size: 12px\">F\u00e1bricas<br \/>\n<span style=\"font-size: 6pt\">https:\/\/www.youtube.com\/watch?v=Hb5dOfYgKhA<\/span><\/p>\n<p style=\"font-size: 12px\"><a href=\"http:\/\/gualaxovivo.com.br\/wp-content\/uploads\/2021\/06\/Mapa-7-\u2013-Fabricas-\u2013-Autor-desconhecido.pdf\" target=\"_blank\" rel=\"noopener\">Fotografia. Interior da Sala de Pano da Companhia Industrial Ouropretana (F\u00e1brica de Tecidos), Ouro Preto MG. s\/d Autor desconhecido.<\/a><\/p>\n<p style=\"font-size: 12px\"><a href=\"http:\/\/gualaxovivo.com.br\/wp-content\/uploads\/2021\/06\/Mapa-7-\u2013-Fabricas-\u2013-Fontana-1.pdf\" target=\"_blank\" rel=\"noopener\">Fotografia Vista parcial da antiga F\u00e1brica de Tecidos, Ouro Preto MG produzida por Luiz Fontana. c.1930\/1940.<\/a><\/p>\n<p style=\"font-size: 12px\"><a href=\"http:\/\/gualaxovivo.com.br\/wp-content\/uploads\/2021\/06\/Mapa-7-\u2013-Fabricas-\u2013-O-Vicoso-1.pdf\" target=\"_blank\" rel=\"noopener\">Transcri\u00e7\u00e3o de men\u00e7\u00e3o \u00e0 import\u00e2ncia do rel\u00f3gio como regularizador do trabalho pelo Jornal O Vi\u00e7oso, 1897.<\/a><\/p>\n\t\t\t\t<\/div>\n\t\t\t<\/div>\n\t\t\t<\/div>\n\n\n<!-- \/wp:shortcode -->\t\t\t\t\t\t<\/div>\n\t\t\t\t<\/div>\n\t\t\t\t\t<\/div>\n\t\t<\/div>\n\t\t\t\t\t\t\t<\/div>\n\t\t<\/section>\n\t\t\t\t\t\t\t<\/div>\n\t\t","protected":false},"excerpt":{"rendered":"<p>GUALAXO DO NORTE: INTRODU\u00c7\u00c3O DA IND\u00daSTRIA E DE SOCIABILIDADES BURGUESAS<\/p>\n","protected":false},"author":1,"featured_media":0,"parent":128,"menu_order":1,"comment_status":"closed","ping_status":"closed","template":"","meta":{"footnotes":""},"_links":{"self":[{"href":"https:\/\/gualaxovivo.com.br\/index.php\/wp-json\/wp\/v2\/pages\/1486"}],"collection":[{"href":"https:\/\/gualaxovivo.com.br\/index.php\/wp-json\/wp\/v2\/pages"}],"about":[{"href":"https:\/\/gualaxovivo.com.br\/index.php\/wp-json\/wp\/v2\/types\/page"}],"author":[{"embeddable":true,"href":"https:\/\/gualaxovivo.com.br\/index.php\/wp-json\/wp\/v2\/users\/1"}],"replies":[{"embeddable":true,"href":"https:\/\/gualaxovivo.com.br\/index.php\/wp-json\/wp\/v2\/comments?post=1486"}],"version-history":[{"count":62,"href":"https:\/\/gualaxovivo.com.br\/index.php\/wp-json\/wp\/v2\/pages\/1486\/revisions"}],"predecessor-version":[{"id":2063,"href":"https:\/\/gualaxovivo.com.br\/index.php\/wp-json\/wp\/v2\/pages\/1486\/revisions\/2063"}],"up":[{"embeddable":true,"href":"https:\/\/gualaxovivo.com.br\/index.php\/wp-json\/wp\/v2\/pages\/128"}],"wp:attachment":[{"href":"https:\/\/gualaxovivo.com.br\/index.php\/wp-json\/wp\/v2\/media?parent=1486"}],"curies":[{"name":"wp","href":"https:\/\/api.w.org\/{rel}","templated":true}]}}