{"id":1421,"date":"2021-05-18T11:25:06","date_gmt":"2021-05-18T14:25:06","guid":{"rendered":"https:\/\/gualaxovivo.com.br\/?page_id=1421"},"modified":"2021-07-19T15:17:22","modified_gmt":"2021-07-19T18:17:22","slug":"gualaxo-do-norte-a-escuta-estrangeira","status":"publish","type":"page","link":"https:\/\/gualaxovivo.com.br\/index.php\/cartografias-historico-sensoriais\/gualaxo-do-norte-a-escuta-estrangeira\/","title":{"rendered":"Gualaxo do Norte: a escuta estrangeira"},"content":{"rendered":"\t\t<div data-elementor-type=\"wp-page\" data-elementor-id=\"1421\" class=\"elementor elementor-1421\">\n\t\t\t\t\t\t\t\t\t<section class=\"elementor-section elementor-top-section elementor-element elementor-element-4ddc38d2 elementor-section-full_width elementor-section-height-default elementor-section-height-default\" data-id=\"4ddc38d2\" data-element_type=\"section\">\n\t\t\t\t\t\t<div class=\"elementor-container elementor-column-gap-default\">\n\t\t\t\t\t<div class=\"elementor-column elementor-col-100 elementor-top-column elementor-element elementor-element-7708c13d\" data-id=\"7708c13d\" data-element_type=\"column\">\n\t\t\t<div class=\"elementor-widget-wrap elementor-element-populated\">\n\t\t\t\t\t\t\t\t<div class=\"elementor-element elementor-element-77351d9a elementor-widget elementor-widget-text-editor\" data-id=\"77351d9a\" data-element_type=\"widget\" data-widget_type=\"text-editor.default\">\n\t\t\t\t<div class=\"elementor-widget-container\">\n\t\t\t\t\t\t\t<h1 style=\"font-family: 'KohinoorTeleguBold'; font-size: 1.3em;\">GUALAXO DO NORTE: A ESCUTA ESTRANGEIRA<\/h1>\t\t\t\t\t\t<\/div>\n\t\t\t\t<\/div>\n\t\t\t\t\t<\/div>\n\t\t<\/div>\n\t\t\t\t\t\t\t<\/div>\n\t\t<\/section>\n\t\t\t\t<section class=\"elementor-section elementor-top-section elementor-element elementor-element-590df240 elementor-section-boxed elementor-section-height-default elementor-section-height-default\" data-id=\"590df240\" data-element_type=\"section\">\n\t\t\t\t\t\t<div class=\"elementor-container elementor-column-gap-default\">\n\t\t\t\t\t<div class=\"elementor-column elementor-col-100 elementor-top-column elementor-element elementor-element-67b14771\" data-id=\"67b14771\" data-element_type=\"column\">\n\t\t\t<div class=\"elementor-widget-wrap elementor-element-populated\">\n\t\t\t\t\t\t\t\t<div class=\"elementor-element elementor-element-72c18b52 elementor-widget elementor-widget-text-editor\" data-id=\"72c18b52\" data-element_type=\"widget\" data-widget_type=\"text-editor.default\">\n\t\t\t\t<div class=\"elementor-widget-container\">\n\t\t\t\t\t\t\t<!-- wp:shortcode -->\n\n<style>\n\t#hotspot-1412 .hotspots-image-container,\n\t#hotspot-1412 .leaflet-container {\n\t\tbackground: #ffffff\t}\n\n\t#hotspot-1412 .hotspots-placeholder,\n\t.featherlight .featherlight-content.lightbox-1412 {\n\t\tbackground: #ffffff;\n\t\tborder: 0 #ffffff solid;\n\t\tcolor: #000000;\n\t}\n\n\t#hotspot-1412 .hotspot-title,\n\t#hotspot-1412 .bc-product__title a,\n\t.featherlight .featherlight-content.lightbox-1412 .hotspot-title,\n\t.featherlight .featherlight-content.lightbox-1412 .bc-product__title a {\n\t\tcolor: #000000;\n\t}\n\n\t\t\t#hotspot-1412 .hotspot-Custom {\n\t\t\tstroke-width: -1;\n\t\t\tfill: #ffffff;\n\t\t\tfill-opacity: 0;\n\t\t\tstroke: #ffffff;\n\t\t\tstroke-opacity: 0;\n\t\t}\n\t\t#hotspot-1412 .hotspot-Custom:hover,\n\t\t#hotspot-1412 .hotspot-Custom:focus,\n\t\t#hotspot-1412 .hotspot-Custom.hotspot-active {\n\t\t\tfill: #ffffff;\n\t\t\tfill-opacity: 0.81;\n\t\t\toutline: none;\n\t\t\tstroke: #ffffff;\n\t\t\tstroke-opacity: 0.01;\n\t\t}\n\t\t\t#hotspot-1412 .hotspot-default {\n\t\t\tstroke-width: -1;\n\t\t\tfill: #ffffff;\n\t\t\tfill-opacity: 0;\n\t\t\tstroke: #ffffff;\n\t\t\tstroke-opacity: 0;\n\t\t}\n\t\t#hotspot-1412 .hotspot-default:hover,\n\t\t#hotspot-1412 .hotspot-default:focus,\n\t\t#hotspot-1412 .hotspot-default.hotspot-active {\n\t\t\tfill: #ffffff;\n\t\t\tfill-opacity: 0.01;\n\t\t\toutline: none;\n\t\t\tstroke: #ffffff;\n\t\t\tstroke-opacity: 0.01;\n\t\t}\n\t\t#hotspot-1412 .leaflet-tooltip,\n\t#hotspot-1412 .leaflet-rrose-content-wrapper {\n\t\tbackground: #ffffff;\n\t\tborder-color: #ffffff;\n\t\tcolor: #000000;\n\t}\n\n\t#hotspot-1412 a.leaflet-rrose-close-button {\n\t\tcolor: #000000;\n\t}\n\n\t#hotspot-1412 .leaflet-rrose-tip {\n\t\tbackground: #ffffff;\n\t}\n\n\t#hotspot-1412 .leaflet-popup-scrolled {\n\t\tborder-bottom-color: #000000;\n\t\tborder-top-color: #000000;\n\t}\n\n\t#hotspot-1412 .leaflet-tooltip-top:before {\n\t\tborder-top-color: #ffffff;\n\t}\n\n\t#hotspot-1412 .leaflet-tooltip-bottom:before {\n\t\tborder-bottom-color: #ffffff;\n\t}\n\t#hotspot-1412 .leaflet-tooltip-left:before {\n\t\tborder-left-color: #ffffff;\n\t}\n\t#hotspot-1412 .leaflet-tooltip-right:before {\n\t\tborder-right-color: #ffffff;\n\t}\n<\/style>\n\n\n\t<div class=\"hotspots-container  layout-right event-click\" id=\"hotspot-1412\" data-layout=\"right\" data-trigger=\"click\">\n\t\t<div class=\"hotspots-interaction\">\n\t\t\t\t<div class=\"hotspots-placeholder\" id=\"content-hotspot-1412\">\n\t\t<div class=\"hotspot-initial\">\n\t\t\t<h2 class=\"hotspot-title\">\n\t\t\t\tMapa 6\t\t\t<\/h2>\n\t\t\t<div class=\"hotspot-content\">\n\t\t\t\t\t\t\t\t<p> <span style=\"font-size: 16px\">A ESCUTA ESTRANGEIRA<\/span><br \/>\n  <span style=\"font-size: 12px\">(Primeira metade do s\u00e9culo XIX)<\/span><\/p>\n<p style=\"font-size: 12px\"><span style=\"font-size: 12px\">Para acessar sons, iconografias e relatos hist\u00f3ricos sobre o Gualaxo do Norte no per\u00edodo em que v\u00e1rios naturalistas estrangeiros visitaram a regi\u00e3o, clique nos \u00edcones do mapa. <\/p>\n<p><\/p>\n<p style=\"font-size: 12px\">Para acessar o texto em PDF sobre as sonoridades da regi\u00e3o na primeira metade do s\u00e9culo XIX tendo o rio Gualaxo do Norte como narrador, <span style=\"text-decoration: underline\"><a href=\"https:\/\/gualaxovivo.com.br\/wp-content\/uploads\/2021\/07\/modelo-texto-capitulos-ebook_6_V2.pdf\" target=\"_blank\">clique aqui<\/a><\/span>. <\/p>\n<p style=\"font-size: 12px\">Para ouvir esta narrativa, clique no play.<\/span><\/p>\n<p style=\"font-size: 12px\">\n<article class=\"iron_widget_radio\">\n<div class=\"iron-audioplayer  sonaar-no-artwork sr_waveform_mediaElement\" id=\"arbitrary-instance-69e4c069a465d-26f78cdcf2\" data-id=\"arbitrary-instance-69e4c069a465d\" data-albums=\"1979\"data-url-playlist=\"https:\/\/gualaxovivo.com.br\/?load=playlist.json&#038;title=&#038;albums=1979&#038;feed_title=%20&#038;feed=https:\/\/gualaxovivo.com.br\/wp-content\/uploads\/2021\/07\/06.-A-ESCUTA-ESTRANGEIRA.mp3&#038;feed_img=&#038;el_widget_id=&#038;artwork=&#038;posts_per_pages=-1&#038;all_category=&#038;single_playlist=\" data-sticky-player=\"0\" data-shuffle=\"\" data-playlist_title=\"\" data-scrollbar=\"\" data-wave-color=\"\" data-wave-progress-color=\"\" data-no-wave=\"\" data-hide-progressbar=\"\" data-feedurl=\"1\" data-notrackskip=\"\" data-playertype=\"\" data-playertemplate =\"skin_float_tracklist\" data-speedrate=\"1\" style=\"opacity:0;\">\n<div class=\"sonaar-grid\" style=&quot;display:none;&quot;>\n<div class=\"playlist\">\n<h3 class=\"sr_it-playlist-title\"><\/h3>\n<div class=\"srp_subtitle\"><\/div>\n<div class=\"srp_tracklist\">\n<ul class\"\">\n<li \n            class=\"sr-playlist-item sr-playlist-item-flex\" \n            data-audiopath=\"https:\/\/gualaxovivo.com.br\/wp-content\/uploads\/2021\/07\/06.-A-ESCUTA-ESTRANGEIRA.mp3\"\n            data-showloading=\"1\"\n            data-albumTitle=\"\"\n            data-albumArt=\"\"\n            data-releasedate=\"\"\n            data-date=\"\"\n            data-show-date=\"\"\n            data-trackTitle=\" \"\n            data-trackID=\"\"\n            data-trackTime=\"\"\n            data-relatedTrack=\"\"\n            data-post-url=\"\"\n            ><span class=\"store-list\"><\/span><\/li>\n<\/ul>\n<\/div>\n<\/div>\n<\/div>\n<div class=\"album-player\">\n<div class=\"album-title\"><\/div>\n<div class=\"track-title\"><\/div>\n<div class=\"player \" >\n<div class=\"sr_progressbar\">\n<div class=\"currentTime\"><\/div>\n<div id=\"arbitrary-instance-69e4c069a465d-42e155c745-wave\" class=\"wave\" >\n<div class=\"sonaar_fake_wave\" style=\"height:70px\">\n                <audio src=\"\" class=\"sonaar_media_element\"><\/audio><\/p>\n<div class=\"sonaar_wave_base\">\n                    <canvas id=arbitrary-instance-69e4c069a465d-container class=\"\" height=\"70\" width=\"2540\"><\/canvas><br \/>\n                    <svg><\/svg>\n                <\/div>\n<div class=\"sonaar_wave_cut\">\n                    <canvas id=arbitrary-instance-69e4c069a465d-progress class=\"\" height=\"70\" width=\"2540\"><\/canvas><br \/>\n                    <svg><\/svg>\n                <\/div>\n<\/p><\/div>\n<\/p><\/div>\n<div class=\"totalTime\"><\/div>\n<\/p><\/div>\n<div class=\"srp_main_control srp_oneColumn\">\n<div class=\"control\">\n<div class=\"play\" style=\"opacity:0;\">\n                <svg version=\"1.1\" xmlns=\"http:\/\/www.w3.org\/2000\/svg\" xmlns:xlink=\"http:\/\/www.w3.org\/1999\/xlink\" width=\"26\" height=\"31.47\" x=\"0px\" y=\"0px\" viewBox=\"0 0 17.5 21.2\" style=\"enable-background:new 0 0 17.5 21.2;\" xml:space=\"preserve\">\n                    <path d=\"M0,0l17.5,10.9L0,21.2V0z\"\/>\n                    <rect width=\"6\" height=\"21.2\"\/>\n                    <rect x=\"11.5\" width=\"6\" height=\"21.2\"\/>\n                <\/svg>\n            <\/div>\n<\/div>\n<div class=\"control\"><\/div>\n<\/div>\n<\/div>\n<\/div>\n<div class=\"album-store\"><\/div>\n<\/div>\n<\/article>\n<p><\/p>\n<p style=\"font-size: 12px\">Para acessar atividades did\u00e1ticas sobre as sonoridades do entorno sociocultural do Gualaxo do Norte na primeira metade do s\u00e9culo XIX, <span style=\"text-decoration: underline\"><a href=\"https:\/\/gualaxovivo.com.br\/wp-content\/uploads\/2021\/12\/Atividades-6.pdf\" target=\"_blank\">clique aqui<\/a><\/span><\/p>\n\t\t\t\t\t\t\t<\/div>\n\t\t<\/div>\n\t<\/div>\n<div class=\"hotspots-image-container\">\n\t<img\n\t\twidth=\"1920\"\n\t\theight=\"1458\"\n\t\tsrc=\"https:\/\/gualaxovivo.com.br\/wp-content\/uploads\/2021\/05\/Mapa6.png\"\n\t\talt=\"Mapa 6\"\n\t\tclass=\"hotspots-image skip-lazy\"\n\t\tusemap=\"#hotspots-image-1412\"\n\t\tdata-image-title=\"Mapa 6\"\n\t\tdata-image-description=\"A ESCUTA ESTRANGEIRA\r\n  (Primeira metade do s\u00e9culo XIX)\r\nPara acessar sons, iconografias e relatos hist\u00f3ricos sobre o Gualaxo do Norte no per\u00edodo em que v\u00e1rios naturalistas estrangeiros visitaram a regi\u00e3o, clique nos \u00edcones do mapa. \r\n    \r\n    Para acessar o texto em PDF sobre as sonoridades da regi\u00e3o na primeira metade do s\u00e9culo XIX tendo o rio Gualaxo do Norte como narrador, clique aqui. \r\n    Para ouvir esta narrativa, clique no play.\r\n  \r\n  [sonaar_audioplayer playlist_type=\"feed\" albums=\"1979\" artwork_id=\"\" display_control_artwork=\"false\" feed=\"https:\/\/gualaxovivo.com.br\/wp-content\/uploads\/2021\/07\/06.-A-ESCUTA-ESTRANGEIRA.mp3\" feed_title=\" \" hide_artwork=\"false\" show_playlist=\"false\" show_track_market=\"false\" show_album_market=\"false\" hide_timeline=\"false\"][\/sonaar_audioplayer]\r\nPara acessar atividades did\u00e1ticas sobre as sonoridades do entorno sociocultural do Gualaxo do Norte na primeira metade do s\u00e9culo XIX, clique aqui\"\n\t\tdata-event-trigger=\"click\"\n\t\tdata-always-visible=\"false\"\n\t\tdata-id=\"1412\"\n\t\tdata-no-lazy=\"1\"\n\t\tdata-lazy-src=\"\"\n\t\tdata-lazy=\"false\"\n\t\tloading=\"eager\"\n\t\tdata-skip-lazy=\"1\"\n\t\t>\n<\/div>\t\t<\/div>\n\t\t<map name=\"hotspots-image-1412\" class=\"hotspots-map\">\n\t\t\t\t\t\t\t\t\t\t\t<area\n\t\t\t\t\tshape=\"poly\"\n\t\t\t\t\tcoords=\"360,796,427,780,421,731,389,675,338,677,329,752\"\n\t\t\t\t\thref=\"#hotspot-hotspot-1412-0\"\n\t\t\t\t\trel=\"\"\n\t\t\t\t\ttitle=\"Com\u00e9rcio\"\n\t\t\t\t\talt=\"Com\u00e9rcio\"\n\t\t\t\t\tdata-action=\"\"\n\t\t\t\t\tdata-color-scheme=\"\"\n\t\t\t\t\tdata-id=\"area-hotspot-1412-0\"\n\t\t\t\t\ttarget=\"\"\n\t\t\t\t\tclass=\"more-info-area\"\n\t\t\t\t\t>\n\t\t\t\t\t\t\t\t\t\t\t<area\n\t\t\t\t\tshape=\"poly\"\n\t\t\t\t\tcoords=\"998,760,1043,744,1081,679,1098,634,1050,598,997,583,978,608,958,664,951,698,951,719,965,732\"\n\t\t\t\t\thref=\"#hotspot-hotspot-1412-1\"\n\t\t\t\t\trel=\"\"\n\t\t\t\t\ttitle=\"Viajantes estrangeiros\"\n\t\t\t\t\talt=\"Viajantes estrangeiros\"\n\t\t\t\t\tdata-action=\"\"\n\t\t\t\t\tdata-color-scheme=\"\"\n\t\t\t\t\tdata-id=\"area-hotspot-1412-1\"\n\t\t\t\t\ttarget=\"\"\n\t\t\t\t\tclass=\"more-info-area\"\n\t\t\t\t\t>\n\t\t\t\t\t\t\t\t\t\t\t<area\n\t\t\t\t\tshape=\"poly\"\n\t\t\t\t\tcoords=\"1365,863,1405,821,1394,742,1365,683,1337,717,1314,824\"\n\t\t\t\t\thref=\"#hotspot-hotspot-1412-2\"\n\t\t\t\t\trel=\"\"\n\t\t\t\t\ttitle=\"Viola\"\n\t\t\t\t\talt=\"Viola\"\n\t\t\t\t\tdata-action=\"\"\n\t\t\t\t\tdata-color-scheme=\"\"\n\t\t\t\t\tdata-id=\"area-hotspot-1412-2\"\n\t\t\t\t\ttarget=\"\"\n\t\t\t\t\tclass=\"more-info-area\"\n\t\t\t\t\t>\n\t\t\t\t\t\t\t\t\t\t\t<area\n\t\t\t\t\tshape=\"poly\"\n\t\t\t\t\tcoords=\"1190,559,1246,556,1266,509,1256,453,1224,423,1181,426,1143,453,1133,538,1157,550\"\n\t\t\t\t\thref=\"#hotspot-hotspot-1412-3\"\n\t\t\t\t\trel=\"\"\n\t\t\t\t\ttitle=\"Piano\"\n\t\t\t\t\talt=\"Piano\"\n\t\t\t\t\tdata-action=\"\"\n\t\t\t\t\tdata-color-scheme=\"\"\n\t\t\t\t\tdata-id=\"area-hotspot-1412-3\"\n\t\t\t\t\ttarget=\"\"\n\t\t\t\t\tclass=\"more-info-area\"\n\t\t\t\t\t>\n\t\t\t\t\t<\/map>\n\n\t\t\n\t\t\t\t\t\n\t\t\t\t\t\t<div class=\"hotspot-info \" id=\"hotspot-hotspot-1412-0\">\n\t\t\t\t\n\t\t\t\t<h2 class=\"hotspot-title\">Com\u00e9rcio<\/h2>\t\t\t\t\t\t\t\t\t<div class=\"hotspot-thumb\">\n\t\t\t\t\t\t<img loading=\"lazy\" decoding=\"async\" width=\"100\" height=\"100\" src=\"https:\/\/gualaxovivo.com.br\/wp-content\/uploads\/2021\/05\/comercio-mapa6.jpg\" class=\"attachment-medium size-medium\" alt=\"\" \/>\t\t\t\t\t<\/div>\n\t\t\t\t\t\t\t\t<div class=\"hotspot-content\">\n\t\t\t\t\t<p><!--[if lt IE 9]><script>document.createElement('audio');<\/script><![endif]--><br \/>\n<audio class=\"wp-audio-shortcode\" id=\"audio-1421-1\" preload=\"none\" style=\"width: 100%;\" controls=\"controls\"><source type=\"audio\/mpeg\" src=\"https:\/\/gualaxovivo.com.br\/wp-content\/uploads\/2021\/07\/Mapa-06-Comercio-Coins-on-a-wood-table.mp3?_=1\" \/><a href=\"https:\/\/gualaxovivo.com.br\/wp-content\/uploads\/2021\/07\/Mapa-06-Comercio-Coins-on-a-wood-table.mp3\">https:\/\/gualaxovivo.com.br\/wp-content\/uploads\/2021\/07\/Mapa-06-Comercio-Coins-on-a-wood-table.mp3<\/a><\/audio><\/p>\n<p style=\"font-size: 12px\">Com\u00e9rcio<br \/>\n<span style=\"font-size: 6pt\"> https:\/\/www.youtube.com\/watch? v=-UlGZ6nmgNU&amp;vl=em<\/span><\/p>\n<p style=\"font-size: 12px\"><a href=\"http:\/\/gualaxovivo.com.br\/wp-content\/uploads\/2021\/05\/Mapa-6-\u2013-Comercio-Ender.pdf\" target=\"_blank\" rel=\"noopener\">Iconografia <em>Mineiros<\/em> numa Venda do Rio de Janeiro produzido por Thomas Ender entre 1817-1818,<\/a><\/p>\n<p style=\"font-size: 12px\"><a href=\"http:\/\/gualaxovivo.com.br\/wp-content\/uploads\/2021\/05\/Mapa-6-\u2013-Comercio-Klumb.pdf\" target=\"_blank\" rel=\"noopener\">Fotografia <em>Negro vendedor de leite em Minas Gerais<\/em> produzida por Revert Henrique Klumb em 1860.<\/a><\/p>\n<p style=\"font-size: 12px\"><a href=\"https:\/\/gualaxovivo.com.br\/wp-content\/uploads\/2021\/12\/Ficha-Mercado-Antonio-Dias.pdf\" target=\"_blank\" rel=\"noopener\">Fotografia <em>Fotografia <em>Mercado da Freguesia de Ant\u00f4nio Dias &#8211; Ouro Preto<\/em> produzida por Marc Ferrez c. 1880.<\/em><\/a><\/p>\n<p style=\"font-size: 12px\"><a href=\"http:\/\/gualaxovivo.com.br\/wp-content\/uploads\/2021\/05\/Mapa-6-\u2013-Comercio-\u2013-Saint-Hilaire.pdf\" target=\"_blank\" rel=\"noopener\">Transcri\u00e7\u00e3o de relato sobre o som das vendas produzido por Saint-Hilaire e publicado entre 1830-1851.<\/a><\/p>\n\t\t\t\t<\/div>\n\t\t\t<\/div>\n\t\t\t\t\t\n\t\t\t\t\t\t<div class=\"hotspot-info \" id=\"hotspot-hotspot-1412-1\">\n\t\t\t\t\n\t\t\t\t<h2 class=\"hotspot-title\">Viajantes estrangeiros<\/h2>\t\t\t\t\t\t\t\t\t<div class=\"hotspot-thumb\">\n\t\t\t\t\t\t<img loading=\"lazy\" decoding=\"async\" width=\"100\" height=\"100\" src=\"https:\/\/gualaxovivo.com.br\/wp-content\/uploads\/2021\/05\/viajantes-estrangeiros-mapa6.jpg\" class=\"attachment-medium size-medium\" alt=\"\" \/>\t\t\t\t\t<\/div>\n\t\t\t\t\t\t\t\t<div class=\"hotspot-content\">\n\t\t\t\t\t<p><audio class=\"wp-audio-shortcode\" id=\"audio-1421-2\" preload=\"none\" style=\"width: 100%;\" controls=\"controls\"><source type=\"audio\/mpeg\" src=\"https:\/\/gualaxovivo.com.br\/wp-content\/uploads\/2021\/12\/Mapa-06-Viajantes-Estrangeiros-.mp3?_=2\" \/><a href=\"https:\/\/gualaxovivo.com.br\/wp-content\/uploads\/2021\/12\/Mapa-06-Viajantes-Estrangeiros-.mp3\">https:\/\/gualaxovivo.com.br\/wp-content\/uploads\/2021\/12\/Mapa-06-Viajantes-Estrangeiros-.mp3<\/a><\/audio><\/p>\n<p style=\"font-size: 12px\">Viajantes estrangeiros<br \/>\n<span style=\"font-size: 6pt\">TRECHO retirado do livro Travels in the Interior of Brazil, de John Mawe, xxxx p. 269. \u00c1udio narrado em Ingl\u00eas. <\/span><\/p>\n<p style=\"font-size: 12px\"><a href=\"http:\/\/gualaxovivo.com.br\/wp-content\/uploads\/2021\/05\/Mapa-6-\u2013Viajantes-estrangeiros-\u2013-Rugendas.pdf\" target=\"_blank\" rel=\"noopener\">Iconografia <em>Encontro de viajantes europeus com \u00edndios em uma estrada<\/em> produzida por Johann Moritz. Rugendas entre 1820-1825.<\/a><\/p>\n<p style=\"font-size: 12px\"><a href=\"http:\/\/gualaxovivo.com.br\/wp-content\/uploads\/2021\/05\/Mapa-6-\u2013-Viajantes-estrangeiros-\u2013-Klumb.pdf\" target=\"_blank\" rel=\"noopener\">Iconografia <em>Province des Mine : Maison d&#8217;un colon allemand au bosquet de S. M. lmperatrice<\/em> produzida por Revert Henrique em 1861.<\/a><\/p>\n<p style=\"font-size: 12px\"><a href=\"http:\/\/gualaxovivo.com.br\/wp-content\/uploads\/2021\/05\/Mapa-6-\u2013-Viajantes-estrangeiros-\u2013-Burton.pdf\" target=\"_blank\" rel=\"noopener\">Transcri\u00e7\u00e3o de relato da visita de acionistas ingleses a uma mina de ouro em Minas Gerais no s\u00e9culo XIX, produzido por Richard Burton e publicado em 1869.<\/a><\/p>\n<p style=\"font-size: 12px\"><a href=\"http:\/\/gualaxovivo.com.br\/wp-content\/uploads\/2021\/05\/Mapa-6-\u2013-Viajantes-estrangeiros-\u2013-Burton-2.pdf\" target=\"_blank\" rel=\"noopener\">Transcri\u00e7\u00e3o de relato de inaugura\u00e7\u00e3o de trecho de ferrovia por representantes ingleses, produzido por Richard Burton e publicado em 1869.<\/a><\/p>\n<p style=\"font-size: 12px\"><a href=\"http:\/\/gualaxovivo.com.br\/wp-content\/uploads\/2021\/05\/Mapa-6-\u2013-Viajantes-estrangeiros-\u2013-Courcy.pdf\" target=\"_blank\" rel=\"noopener\">Transcri\u00e7\u00e3o de relato sobre presen\u00e7a de estrangeiros em Minas produzido por Ernest de Courcy e publicado em 1886.<\/a><\/p>\n\t\t\t\t<\/div>\n\t\t\t<\/div>\n\t\t\t\t\t\n\t\t\t\t\t\t<div class=\"hotspot-info \" id=\"hotspot-hotspot-1412-2\">\n\t\t\t\t\n\t\t\t\t<h2 class=\"hotspot-title\">Viola<\/h2>\t\t\t\t\t\t\t\t\t<div class=\"hotspot-thumb\">\n\t\t\t\t\t\t<img loading=\"lazy\" decoding=\"async\" width=\"100\" height=\"100\" src=\"https:\/\/gualaxovivo.com.br\/wp-content\/uploads\/2021\/05\/viola-mapa6.jpg\" class=\"attachment-medium size-medium\" alt=\"\" \/>\t\t\t\t\t<\/div>\n\t\t\t\t\t\t\t\t<div class=\"hotspot-content\">\n\t\t\t\t\t<p><audio class=\"wp-audio-shortcode\" id=\"audio-1421-3\" preload=\"none\" style=\"width: 100%;\" controls=\"controls\"><source type=\"audio\/mpeg\" src=\"http:\/\/gualaxovivo.com.br\/wp-content\/uploads\/2021\/05\/Viola-Beiroa-1.m4a?_=3\" \/><a href=\"http:\/\/gualaxovivo.com.br\/wp-content\/uploads\/2021\/05\/Viola-Beiroa-1.m4a\">http:\/\/gualaxovivo.com.br\/wp-content\/uploads\/2021\/05\/Viola-Beiroa-1.m4a<\/a><\/audio><\/p>\n<p style=\"font-size: 12px\">Viola<br \/>\n<span style=\"font-size: 6pt\"> https:\/\/www.youtube.com\/watch?v=ksNhbvk33FA<\/span><\/p>\n<p style=\"font-size: 12px\"><a href=\"https:\/\/gualaxovivo.com.br\/wp-content\/uploads\/2021\/12\/Ficha-Violas-Caipiras.pdf\" target=\"_blank\" rel=\"noopener\">Iconografia <em>Violas caipiras na Festa do Divino<\/em> produzida por Miguelzinho Dutra em 1841.<\/a><\/p>\n<p style=\"font-size: 12px\"><a href=\"http:\/\/gualaxovivo.com.br\/wp-content\/uploads\/2021\/05\/Mapa-6-\u2013Viola-\u2013-Anonimo.pdf\" target=\"_blank\" rel=\"noopener\">Iconografia <em>Negra ao viol\u00e3o, padre dan\u00e7ando.<\/em> Pintor desconhecido. c. 1829<\/a>.<\/p>\n<p style=\"font-size: 12px\"><a href=\"http:\/\/gualaxovivo.com.br\/wp-content\/uploads\/2021\/05\/Mapa-6-\u2013Viola-\u2013-Almeida-Junior.pdf\" target=\"_blank\" rel=\"noopener\">Iconografia O violeiro produzida por Almeida J\u00fanior em 1899.<\/a><\/p>\n<p style=\"font-size: 12px\"><a href=\"http:\/\/gualaxovivo.com.br\/wp-content\/uploads\/2021\/05\/Mapa-6-\u2013-Viola-\u2013-Sem-autoria-.pdf\" target=\"_blank\" rel=\"noopener\">Iconografia <em>Tangedor de viola<\/em>. Diamantina. S\u00e9culo XVIII.<\/a><\/p>\n<p style=\"font-size: 12px\"><a href=\"http:\/\/gualaxovivo.com.br\/wp-content\/uploads\/2021\/05\/Mapa-6-\u2013Viola-\u2013-Diamantina.pdf\" target=\"_blank\" rel=\"noopener\">Fotografia Instrumento musical destru\u00eddo pela lama em Bento Rodrigues. Sem men\u00e7\u00e3o de autoria. Sem data.<\/a><\/p>\n<p style=\"font-size: 12px\"><a href=\"http:\/\/gualaxovivo.com.br\/wp-content\/uploads\/2021\/05\/Mapa-6-\u2013-Viola-\u2013-Pohl.pdf\" target=\"_blank\" rel=\"noopener\">Transcri\u00e7\u00e3o de relato de Emanuel Pohl sobre a viola, publicada entre 1817-1821.<\/a><\/p>\n<p style=\"font-size: 12px\"><a href=\"http:\/\/gualaxovivo.com.br\/wp-content\/uploads\/2021\/05\/Mapa-6-\u2013-Viola-\u2013-Spix-Martius.pdf\" target=\"_blank\" rel=\"noopener\">Transcri\u00e7\u00e3o de relato de Spix e Martius sobre a viola, publicada em 1824.<\/a><\/p>\n\t\t\t\t<\/div>\n\t\t\t<\/div>\n\t\t\t\t\t\n\t\t\t\t\t\t<div class=\"hotspot-info \" id=\"hotspot-hotspot-1412-3\">\n\t\t\t\t\n\t\t\t\t<h2 class=\"hotspot-title\">Piano<\/h2>\t\t\t\t\t\t\t\t\t<div class=\"hotspot-thumb\">\n\t\t\t\t\t\t<img loading=\"lazy\" decoding=\"async\" width=\"100\" height=\"100\" src=\"https:\/\/gualaxovivo.com.br\/wp-content\/uploads\/2021\/05\/piano-mapa6.jpg\" class=\"attachment-medium size-medium\" alt=\"\" \/>\t\t\t\t\t<\/div>\n\t\t\t\t\t\t\t\t<div class=\"hotspot-content\">\n\t\t\t\t\t<p><audio class=\"wp-audio-shortcode\" id=\"audio-1421-4\" preload=\"none\" style=\"width: 100%;\" controls=\"controls\"><source type=\"audio\/mpeg\" src=\"https:\/\/gualaxovivo.com.br\/wp-content\/uploads\/2021\/07\/Mapa-06-Piano-Ligacao-de-Pianoforte.mp3?_=4\" \/><a href=\"https:\/\/gualaxovivo.com.br\/wp-content\/uploads\/2021\/07\/Mapa-06-Piano-Ligacao-de-Pianoforte.mp3\">https:\/\/gualaxovivo.com.br\/wp-content\/uploads\/2021\/07\/Mapa-06-Piano-Ligacao-de-Pianoforte.mp3<\/a><\/audio><\/p>\n<p style=\"font-size: 12px\">Lira D\u2019Orfeu. Liga\u00e7\u00e3o de Pianoforte.<br \/>\nDispon\u00edvel em: https:\/\/www.youtube.com\/watch?v=ZbZALBePoy4 . Acesso em 20 de julho de 2021.<br \/>\n<span style=\"font-size: 6pt\">https:\/\/www.youtube.com\/ watch?v=ZbZALBePoy4<\/span><\/p>\n<p style=\"font-size: 12px\"><a href=\"http:\/\/gualaxovivo.com.br\/wp-content\/uploads\/2021\/05\/Mapa-6-\u2013-Piano-Silva.pdf\" target=\"_blank\" rel=\"noopener\">Iconografia <em>Hora de M\u00fasica<\/em> produzida por Oscar Pereira Silva em 1901.<\/a><\/p>\n<p style=\"font-size: 12px\"><a href=\"http:\/\/gualaxovivo.com.br\/wp-content\/uploads\/2021\/05\/Mapa-6-\u2013-Piano-\u2013-Zimmermann.pdf\" target=\"_blank\" rel=\"noopener\">Capa de partitura <em>Suspira corac\u00e3o<\/em> triste: modinha. Arranjo: J. H. Zimmermann.<\/a><\/p>\n<p style=\"font-size: 12px\"><a href=\"http:\/\/gualaxovivo.com.br\/wp-content\/uploads\/2021\/05\/Mapa-6-\u2013-Piano-\u2013-Courcy.pdf\" target=\"_blank\" rel=\"noopener\">Transcri\u00e7\u00e3o de relato sobre uma interpreta\u00e7\u00e3o pian\u00edstica por uma mo\u00e7a em Minas, produzido por Ernest de Courcy e publicado em 1886.<\/a><\/p>\n\t\t\t\t<\/div>\n\t\t\t<\/div>\n\t\t\t<\/div>\n\n\n<!-- \/wp:shortcode -->\t\t\t\t\t\t<\/div>\n\t\t\t\t<\/div>\n\t\t\t\t\t<\/div>\n\t\t<\/div>\n\t\t\t\t\t\t\t<\/div>\n\t\t<\/section>\n\t\t\t\t\t\t\t<\/div>\n\t\t","protected":false},"excerpt":{"rendered":"<p>GUALAXO DO NORTE: A ESCUTA ESTRANGEIRA<\/p>\n","protected":false},"author":1,"featured_media":0,"parent":128,"menu_order":1,"comment_status":"closed","ping_status":"closed","template":"","meta":{"footnotes":""},"_links":{"self":[{"href":"https:\/\/gualaxovivo.com.br\/index.php\/wp-json\/wp\/v2\/pages\/1421"}],"collection":[{"href":"https:\/\/gualaxovivo.com.br\/index.php\/wp-json\/wp\/v2\/pages"}],"about":[{"href":"https:\/\/gualaxovivo.com.br\/index.php\/wp-json\/wp\/v2\/types\/page"}],"author":[{"embeddable":true,"href":"https:\/\/gualaxovivo.com.br\/index.php\/wp-json\/wp\/v2\/users\/1"}],"replies":[{"embeddable":true,"href":"https:\/\/gualaxovivo.com.br\/index.php\/wp-json\/wp\/v2\/comments?post=1421"}],"version-history":[{"count":10,"href":"https:\/\/gualaxovivo.com.br\/index.php\/wp-json\/wp\/v2\/pages\/1421\/revisions"}],"predecessor-version":[{"id":2054,"href":"https:\/\/gualaxovivo.com.br\/index.php\/wp-json\/wp\/v2\/pages\/1421\/revisions\/2054"}],"up":[{"embeddable":true,"href":"https:\/\/gualaxovivo.com.br\/index.php\/wp-json\/wp\/v2\/pages\/128"}],"wp:attachment":[{"href":"https:\/\/gualaxovivo.com.br\/index.php\/wp-json\/wp\/v2\/media?parent=1421"}],"curies":[{"name":"wp","href":"https:\/\/api.w.org\/{rel}","templated":true}]}}