{"id":1371,"date":"2021-05-11T17:44:28","date_gmt":"2021-05-11T20:44:28","guid":{"rendered":"https:\/\/gualaxovivo.com.br\/?page_id=1371"},"modified":"2021-07-19T15:18:21","modified_gmt":"2021-07-19T18:18:21","slug":"gualaxo-do-norte-embates-por-liberdade-da-coroa-e-da-escravidao","status":"publish","type":"page","link":"https:\/\/gualaxovivo.com.br\/index.php\/cartografias-historico-sensoriais\/gualaxo-do-norte-embates-por-liberdade-da-coroa-e-da-escravidao\/","title":{"rendered":"Gualaxo do Norte: embates por liberdade da coroa e da escravid\u00e3o"},"content":{"rendered":"\t\t<div data-elementor-type=\"wp-page\" data-elementor-id=\"1371\" class=\"elementor elementor-1371\">\n\t\t\t\t\t\t\t\t\t<section class=\"elementor-section elementor-top-section elementor-element elementor-element-1a0d9a70 elementor-section-full_width elementor-section-height-default elementor-section-height-default\" data-id=\"1a0d9a70\" data-element_type=\"section\">\n\t\t\t\t\t\t<div class=\"elementor-container elementor-column-gap-default\">\n\t\t\t\t\t<div class=\"elementor-column elementor-col-100 elementor-top-column elementor-element elementor-element-2dafa43e\" data-id=\"2dafa43e\" data-element_type=\"column\">\n\t\t\t<div class=\"elementor-widget-wrap elementor-element-populated\">\n\t\t\t\t\t\t\t\t<div class=\"elementor-element elementor-element-7c909487 elementor-widget elementor-widget-text-editor\" data-id=\"7c909487\" data-element_type=\"widget\" data-widget_type=\"text-editor.default\">\n\t\t\t\t<div class=\"elementor-widget-container\">\n\t\t\t\t\t\t\t<h1 style=\"font-family: 'KohinoorTeleguBold'; font-size: 1.3em;\">GUALAXO DO NORTE: EMBATES POR LIBERDADE DA COROA E DA ESCRAVID\u00c3O<\/h1>\t\t\t\t\t\t<\/div>\n\t\t\t\t<\/div>\n\t\t\t\t\t<\/div>\n\t\t<\/div>\n\t\t\t\t\t\t\t<\/div>\n\t\t<\/section>\n\t\t\t\t<section class=\"elementor-section elementor-top-section elementor-element elementor-element-6b3ea4e3 elementor-section-boxed elementor-section-height-default elementor-section-height-default\" data-id=\"6b3ea4e3\" data-element_type=\"section\">\n\t\t\t\t\t\t<div class=\"elementor-container elementor-column-gap-default\">\n\t\t\t\t\t<div class=\"elementor-column elementor-col-100 elementor-top-column elementor-element elementor-element-4be348a3\" data-id=\"4be348a3\" data-element_type=\"column\">\n\t\t\t<div class=\"elementor-widget-wrap elementor-element-populated\">\n\t\t\t\t\t\t\t\t<div class=\"elementor-element elementor-element-63aae8d elementor-widget elementor-widget-text-editor\" data-id=\"63aae8d\" data-element_type=\"widget\" data-widget_type=\"text-editor.default\">\n\t\t\t\t<div class=\"elementor-widget-container\">\n\t\t\t\t\t\t\t<!-- wp:html -->\n\n<style>\n\t#hotspot-1364 .hotspots-image-container,\n\t#hotspot-1364 .leaflet-container {\n\t\tbackground: #ffffff\t}\n\n\t#hotspot-1364 .hotspots-placeholder,\n\t.featherlight .featherlight-content.lightbox-1364 {\n\t\tbackground: #ffffff;\n\t\tborder: 0 #ffffff solid;\n\t\tcolor: #000000;\n\t}\n\n\t#hotspot-1364 .hotspot-title,\n\t#hotspot-1364 .bc-product__title a,\n\t.featherlight .featherlight-content.lightbox-1364 .hotspot-title,\n\t.featherlight .featherlight-content.lightbox-1364 .bc-product__title a {\n\t\tcolor: #000000;\n\t}\n\n\t\t\t#hotspot-1364 .hotspot-Custom {\n\t\t\tstroke-width: -1;\n\t\t\tfill: #ffffff;\n\t\t\tfill-opacity: 0;\n\t\t\tstroke: #ffffff;\n\t\t\tstroke-opacity: 0;\n\t\t}\n\t\t#hotspot-1364 .hotspot-Custom:hover,\n\t\t#hotspot-1364 .hotspot-Custom:focus,\n\t\t#hotspot-1364 .hotspot-Custom.hotspot-active {\n\t\t\tfill: #ffffff;\n\t\t\tfill-opacity: 0.81;\n\t\t\toutline: none;\n\t\t\tstroke: #ffffff;\n\t\t\tstroke-opacity: 0.01;\n\t\t}\n\t\t\t#hotspot-1364 .hotspot-default {\n\t\t\tstroke-width: -1;\n\t\t\tfill: #ffffff;\n\t\t\tfill-opacity: 0;\n\t\t\tstroke: #ffffff;\n\t\t\tstroke-opacity: 0;\n\t\t}\n\t\t#hotspot-1364 .hotspot-default:hover,\n\t\t#hotspot-1364 .hotspot-default:focus,\n\t\t#hotspot-1364 .hotspot-default.hotspot-active {\n\t\t\tfill: #ffffff;\n\t\t\tfill-opacity: 0.01;\n\t\t\toutline: none;\n\t\t\tstroke: #ffffff;\n\t\t\tstroke-opacity: 0.01;\n\t\t}\n\t\t#hotspot-1364 .leaflet-tooltip,\n\t#hotspot-1364 .leaflet-rrose-content-wrapper {\n\t\tbackground: #ffffff;\n\t\tborder-color: #ffffff;\n\t\tcolor: #000000;\n\t}\n\n\t#hotspot-1364 a.leaflet-rrose-close-button {\n\t\tcolor: #000000;\n\t}\n\n\t#hotspot-1364 .leaflet-rrose-tip {\n\t\tbackground: #ffffff;\n\t}\n\n\t#hotspot-1364 .leaflet-popup-scrolled {\n\t\tborder-bottom-color: #000000;\n\t\tborder-top-color: #000000;\n\t}\n\n\t#hotspot-1364 .leaflet-tooltip-top:before {\n\t\tborder-top-color: #ffffff;\n\t}\n\n\t#hotspot-1364 .leaflet-tooltip-bottom:before {\n\t\tborder-bottom-color: #ffffff;\n\t}\n\t#hotspot-1364 .leaflet-tooltip-left:before {\n\t\tborder-left-color: #ffffff;\n\t}\n\t#hotspot-1364 .leaflet-tooltip-right:before {\n\t\tborder-right-color: #ffffff;\n\t}\n<\/style>\n\n\n\t<div class=\"hotspots-container  layout-right event-click\" id=\"hotspot-1364\" data-layout=\"right\" data-trigger=\"click\">\n\t\t<div class=\"hotspots-interaction\">\n\t\t\t\t<div class=\"hotspots-placeholder\" id=\"content-hotspot-1364\">\n\t\t<div class=\"hotspot-initial\">\n\t\t\t<h2 class=\"hotspot-title\">\n\t\t\t\tMapa 5\t\t\t<\/h2>\n\t\t\t<div class=\"hotspot-content\">\n\t\t\t\t\t\t\t\t<p> <span style=\"font-size: 16px\">EMBATES POR LIBERDADE DA COROA E DA ESCRAVID\u00c3O<\/span><br \/>\n  <span style=\"font-size: 12px\">(Segunda metade do s\u00e9culo XVIII)<\/span><\/p>\n<p style=\"font-size: 12px\"><span style=\"font-size: 12px\">Para acessar sons, iconografias e relatos hist\u00f3ricos sobre o Gualaxo do Norte no per\u00edodo de extens\u00e3o e conquista de novas fronteiras, clique nos \u00edcones do mapa. <\/p>\n<p><\/p>\n<p style=\"font-size: 12px\">Para acessar o texto em PDF sobre as sonoridades da regi\u00e3o na segunda metade do s\u00e9culo XVIII tendo o rio Gualaxo do Norte como narrador, <span style=\"text-decoration: underline\"><a href=\"https:\/\/gualaxovivo.com.br\/wp-content\/uploads\/2021\/07\/modelo-texto-capitulos-ebook_5_v2.pdf\" target=\"_blank\">clique aqui<\/a><\/span>. <\/p>\n<p style=\"font-size: 12px\">Para ouvir esta narrativa, clique no play.<\/span><\/p>\n<p style=\"font-size: 12px\">\n<article class=\"iron_widget_radio\">\n<div class=\"iron-audioplayer  sonaar-no-artwork sr_waveform_mediaElement\" id=\"arbitrary-instance-69e4c2220c4ce-5e4f3db4e1\" data-id=\"arbitrary-instance-69e4c2220c4ce\" data-albums=\"1979\"data-url-playlist=\"https:\/\/gualaxovivo.com.br\/?load=playlist.json&#038;title=&#038;albums=1979&#038;feed_title=%20&#038;feed=https:\/\/gualaxovivo.com.br\/wp-content\/uploads\/2021\/07\/AUDIO-5-DO-LIVRO.mp3&#038;feed_img=&#038;el_widget_id=&#038;artwork=&#038;posts_per_pages=-1&#038;all_category=&#038;single_playlist=\" data-sticky-player=\"0\" data-shuffle=\"\" data-playlist_title=\"\" data-scrollbar=\"\" data-wave-color=\"\" data-wave-progress-color=\"\" data-no-wave=\"\" data-hide-progressbar=\"\" data-feedurl=\"1\" data-notrackskip=\"\" data-playertype=\"\" data-playertemplate =\"skin_float_tracklist\" data-speedrate=\"1\" style=\"opacity:0;\">\n<div class=\"sonaar-grid\" style=&quot;display:none;&quot;>\n<div class=\"playlist\">\n<h3 class=\"sr_it-playlist-title\"><\/h3>\n<div class=\"srp_subtitle\"><\/div>\n<div class=\"srp_tracklist\">\n<ul class\"\">\n<li \n            class=\"sr-playlist-item sr-playlist-item-flex\" \n            data-audiopath=\"https:\/\/gualaxovivo.com.br\/wp-content\/uploads\/2021\/07\/AUDIO-5-DO-LIVRO.mp3\"\n            data-showloading=\"1\"\n            data-albumTitle=\"\"\n            data-albumArt=\"\"\n            data-releasedate=\"\"\n            data-date=\"\"\n            data-show-date=\"\"\n            data-trackTitle=\" \"\n            data-trackID=\"\"\n            data-trackTime=\"\"\n            data-relatedTrack=\"\"\n            data-post-url=\"\"\n            ><span class=\"store-list\"><\/span><\/li>\n<\/ul>\n<\/div>\n<\/div>\n<\/div>\n<div class=\"album-player\">\n<div class=\"album-title\"><\/div>\n<div class=\"track-title\"><\/div>\n<div class=\"player \" >\n<div class=\"sr_progressbar\">\n<div class=\"currentTime\"><\/div>\n<div id=\"arbitrary-instance-69e4c2220c4ce-1eeabe61d1-wave\" class=\"wave\" >\n<div class=\"sonaar_fake_wave\" style=\"height:70px\">\n                <audio src=\"\" class=\"sonaar_media_element\"><\/audio><\/p>\n<div class=\"sonaar_wave_base\">\n                    <canvas id=arbitrary-instance-69e4c2220c4ce-container class=\"\" height=\"70\" width=\"2540\"><\/canvas><br \/>\n                    <svg><\/svg>\n                <\/div>\n<div class=\"sonaar_wave_cut\">\n                    <canvas id=arbitrary-instance-69e4c2220c4ce-progress class=\"\" height=\"70\" width=\"2540\"><\/canvas><br \/>\n                    <svg><\/svg>\n                <\/div>\n<\/p><\/div>\n<\/p><\/div>\n<div class=\"totalTime\"><\/div>\n<\/p><\/div>\n<div class=\"srp_main_control srp_oneColumn\">\n<div class=\"control\">\n<div class=\"play\" style=\"opacity:0;\">\n                <svg version=\"1.1\" xmlns=\"http:\/\/www.w3.org\/2000\/svg\" xmlns:xlink=\"http:\/\/www.w3.org\/1999\/xlink\" width=\"26\" height=\"31.47\" x=\"0px\" y=\"0px\" viewBox=\"0 0 17.5 21.2\" style=\"enable-background:new 0 0 17.5 21.2;\" xml:space=\"preserve\">\n                    <path d=\"M0,0l17.5,10.9L0,21.2V0z\"\/>\n                    <rect width=\"6\" height=\"21.2\"\/>\n                    <rect x=\"11.5\" width=\"6\" height=\"21.2\"\/>\n                <\/svg>\n            <\/div>\n<\/div>\n<div class=\"control\"><\/div>\n<\/div>\n<\/div>\n<\/div>\n<div class=\"album-store\"><\/div>\n<\/div>\n<\/article>\n<p><\/p>\n<p style=\"font-size: 12px\">Para acessar atividades did\u00e1ticas sobre as sonoridades do entorno sociocultural do Gualaxo do Norte na segunda metade do s\u00e9culo XVIII, <span style=\"text-decoration: underline\"><a href=\"https:\/\/gualaxovivo.com.br\/wp-content\/uploads\/2021\/12\/Atividades-5.pdf\" target=\"_blank\">clique aqui<\/a><\/span><\/p>\n\t\t\t\t\t\t\t<\/div>\n\t\t<\/div>\n\t<\/div>\n<div class=\"hotspots-image-container\">\n\t<img\n\t\twidth=\"1920\"\n\t\theight=\"1435\"\n\t\tsrc=\"https:\/\/gualaxovivo.com.br\/wp-content\/uploads\/2021\/05\/MAPA-5.png\"\n\t\talt=\"Mapa 5\"\n\t\tclass=\"hotspots-image skip-lazy\"\n\t\tusemap=\"#hotspots-image-1364\"\n\t\tdata-image-title=\"Mapa 5\"\n\t\tdata-image-description=\"EMBATES POR LIBERDADE DA COROA E DA ESCRAVID\u00c3O\r\n  (Segunda metade do s\u00e9culo XVIII)\r\nPara acessar sons, iconografias e relatos hist\u00f3ricos sobre o Gualaxo do Norte no per\u00edodo de extens\u00e3o e conquista de novas fronteiras, clique nos \u00edcones do mapa. \r\n    \r\n    Para acessar o texto em PDF sobre as sonoridades da regi\u00e3o na segunda metade do s\u00e9culo XVIII tendo o rio Gualaxo do Norte como narrador, clique aqui. \r\n    Para ouvir esta narrativa, clique no play.\r\n  \r\n [sonaar_audioplayer playlist_type=\"feed\" albums=\"1979\" artwork_id=\"\" display_control_artwork=\"false\" feed=\"https:\/\/gualaxovivo.com.br\/wp-content\/uploads\/2021\/07\/AUDIO-5-DO-LIVRO.mp3\" feed_title=\" \" hide_artwork=\"false\" show_playlist=\"false\" show_track_market=\"false\" show_album_market=\"false\" hide_timeline=\"false\"][\/sonaar_audioplayer]\r\nPara acessar atividades did\u00e1ticas sobre as sonoridades do entorno sociocultural do Gualaxo do Norte na segunda metade do s\u00e9culo XVIII, clique aqui\"\n\t\tdata-event-trigger=\"click\"\n\t\tdata-always-visible=\"false\"\n\t\tdata-id=\"1364\"\n\t\tdata-no-lazy=\"1\"\n\t\tdata-lazy-src=\"\"\n\t\tdata-lazy=\"false\"\n\t\tloading=\"eager\"\n\t\tdata-skip-lazy=\"1\"\n\t\t>\n<\/div>\t\t<\/div>\n\t\t<map name=\"hotspots-image-1364\" class=\"hotspots-map\">\n\t\t\t\t\t\t\t\t\t\t\t<area\n\t\t\t\t\tshape=\"poly\"\n\t\t\t\t\tcoords=\"269,660,378,653,385,761,286,783\"\n\t\t\t\t\thref=\"#hotspot-hotspot-1364-0\"\n\t\t\t\t\trel=\"\"\n\t\t\t\t\ttitle=\"Marimba\"\n\t\t\t\t\talt=\"Marimba\"\n\t\t\t\t\tdata-action=\"\"\n\t\t\t\t\tdata-color-scheme=\"\"\n\t\t\t\t\tdata-id=\"area-hotspot-1364-0\"\n\t\t\t\t\ttarget=\"\"\n\t\t\t\t\tclass=\"more-info-area\"\n\t\t\t\t\t>\n\t\t\t\t\t\t\t\t\t\t\t<area\n\t\t\t\t\tshape=\"poly\"\n\t\t\t\t\tcoords=\"849,631,973,629,974,735,861,738\"\n\t\t\t\t\thref=\"#hotspot-hotspot-1364-1\"\n\t\t\t\t\trel=\"\"\n\t\t\t\t\ttitle=\"Bigorna\"\n\t\t\t\t\talt=\"Bigorna\"\n\t\t\t\t\tdata-action=\"\"\n\t\t\t\t\tdata-color-scheme=\"\"\n\t\t\t\t\tdata-id=\"area-hotspot-1364-1\"\n\t\t\t\t\ttarget=\"\"\n\t\t\t\t\tclass=\"more-info-area\"\n\t\t\t\t\t>\n\t\t\t\t\t\t\t\t\t\t\t<area\n\t\t\t\t\tshape=\"poly\"\n\t\t\t\t\tcoords=\"1080,665,1175,624,1234,722,1214,778,1162,755,1093,750,1035,714,1057,682\"\n\t\t\t\t\thref=\"#hotspot-hotspot-1364-2\"\n\t\t\t\t\trel=\"\"\n\t\t\t\t\ttitle=\"Guerra contra ind\u00edgenas\"\n\t\t\t\t\talt=\"Guerra contra ind\u00edgenas\"\n\t\t\t\t\tdata-action=\"\"\n\t\t\t\t\tdata-color-scheme=\"\"\n\t\t\t\t\tdata-id=\"area-hotspot-1364-2\"\n\t\t\t\t\ttarget=\"\"\n\t\t\t\t\tclass=\"more-info-area\"\n\t\t\t\t\t>\n\t\t\t\t\t\t\t\t\t\t\t<area\n\t\t\t\t\tshape=\"poly\"\n\t\t\t\t\tcoords=\"1268,830,1322,777,1388,865,1318,887,1271,874\"\n\t\t\t\t\thref=\"#hotspot-hotspot-1364-3\"\n\t\t\t\t\trel=\"\"\n\t\t\t\t\ttitle=\"Lutas por liberdade\"\n\t\t\t\t\talt=\"Lutas por liberdade\"\n\t\t\t\t\tdata-action=\"\"\n\t\t\t\t\tdata-color-scheme=\"\"\n\t\t\t\t\tdata-id=\"area-hotspot-1364-3\"\n\t\t\t\t\ttarget=\"\"\n\t\t\t\t\tclass=\"more-info-area\"\n\t\t\t\t\t>\n\t\t\t\t\t<\/map>\n\n\t\t\n\t\t\t\t\t\n\t\t\t\t\t\t<div class=\"hotspot-info \" id=\"hotspot-hotspot-1364-0\">\n\t\t\t\t\n\t\t\t\t<h2 class=\"hotspot-title\">Marimba<\/h2>\t\t\t\t\t\t\t\t\t<div class=\"hotspot-thumb\">\n\t\t\t\t\t\t<img loading=\"lazy\" decoding=\"async\" width=\"100\" height=\"100\" src=\"https:\/\/gualaxovivo.com.br\/wp-content\/uploads\/2021\/05\/marimba.jpg\" class=\"attachment-medium size-medium\" alt=\"\" \/>\t\t\t\t\t<\/div>\n\t\t\t\t\t\t\t\t<div class=\"hotspot-content\">\n\t\t\t\t\t<p><!--[if lt IE 9]><script>document.createElement('audio');<\/script><![endif]--><br \/>\n<audio class=\"wp-audio-shortcode\" id=\"audio-1371-1\" preload=\"none\" style=\"width: 100%;\" controls=\"controls\"><source type=\"audio\/mpeg\" src=\"http:\/\/gualaxovivo.com.br\/wp-content\/uploads\/2021\/05\/Mapa-5-\u2013-Audio-Marimba.mp3?_=1\" \/><a href=\"http:\/\/gualaxovivo.com.br\/wp-content\/uploads\/2021\/05\/Mapa-5-\u2013-Audio-Marimba.mp3\">http:\/\/gualaxovivo.com.br\/wp-content\/uploads\/2021\/05\/Mapa-5-\u2013-Audio-Marimba.mp3<\/a><\/audio><\/p>\n<p style=\"font-size: 13px\">Marimba<br \/>\n<span style=\"font-size: 6pt\">https:\/\/www.youtube.com\/ watch?v=BI8d7CL5H7o<\/span><\/p>\n<p style=\"font-size: 13px\"><a href=\"http:\/\/gualaxovivo.com.br\/wp-content\/uploads\/2021\/05\/Mapa-5-\u2013-Marimba-\u2013-Briggs.pdf\" target=\"_blank\" rel=\"noopener\">Gravura <i>Negro tocando marimba<\/i> produzida por Frederico Guilherme Briggs em 1832.<\/a><\/p>\n<p style=\"font-size: 13px\"><a href=\"http:\/\/gualaxovivo.com.br\/wp-content\/uploads\/2021\/05\/Mapa-5-\u2013-Marimba-\u2013-Anonimo-.pdf\" target=\"_blank\" rel=\"noopener\">Marimba. An\u00f4nimo. S\u00e9culo XVIII.<\/a><\/p>\n<p style=\"font-size: 13px\"><a href=\"http:\/\/gualaxovivo.com.br\/wp-content\/uploads\/2021\/05\/Mapa-5-Marimba-Spix-e-Martius.pdf\" target=\"_blank\" rel=\"noopener\">Transcri\u00e7\u00e3o de relato sobre o berimbau, produzida por Spix e Martius e publicada em 1824.<\/a><\/p>\n\t\t\t\t<\/div>\n\t\t\t<\/div>\n\t\t\t\t\t\n\t\t\t\t\t\t<div class=\"hotspot-info \" id=\"hotspot-hotspot-1364-1\">\n\t\t\t\t\n\t\t\t\t<h2 class=\"hotspot-title\">Bigorna<\/h2>\t\t\t\t\t\t\t\t\t<div class=\"hotspot-thumb\">\n\t\t\t\t\t\t<img loading=\"lazy\" decoding=\"async\" width=\"100\" height=\"100\" src=\"https:\/\/gualaxovivo.com.br\/wp-content\/uploads\/2021\/05\/bigorna.gif\" class=\"attachment-medium size-medium\" alt=\"\" \/>\t\t\t\t\t<\/div>\n\t\t\t\t\t\t\t\t<div class=\"hotspot-content\">\n\t\t\t\t\t<p><audio class=\"wp-audio-shortcode\" id=\"audio-1371-2\" preload=\"none\" style=\"width: 100%;\" controls=\"controls\"><source type=\"audio\/mpeg\" src=\"http:\/\/gualaxovivo.com.br\/wp-content\/uploads\/2021\/05\/Mapa-5-\u2013-Audio-som-de-Bigorna.m4a?_=2\" \/><a href=\"http:\/\/gualaxovivo.com.br\/wp-content\/uploads\/2021\/05\/Mapa-5-\u2013-Audio-som-de-Bigorna.m4a\">http:\/\/gualaxovivo.com.br\/wp-content\/uploads\/2021\/05\/Mapa-5-\u2013-Audio-som-de-Bigorna.m4a<\/a><\/audio><\/p>\n<p style=\"font-size: 13px\">Bigorna<br \/>\n<span style=\"font-size: 6pt\">https:\/\/ www.youtube.com\/watch?v=WhShgew1DI<\/span><\/p>\n<p style=\"font-size: 13px\"><a href=\"https:\/\/gualaxovivo.com.br\/wp-content\/uploads\/2021\/07\/Mapa-05-Bigorna-MAO.pdf\" target=\"_blank\" rel=\"noopener\">Bigorna e outros instrumentos de ferreiro. Exposi\u00e7\u00e3o Museu de Artes e Of\u00edcios \u2013 Belo Horizonte, Minas Gerais.<\/a><\/p>\n<p style=\"font-size: 13px\"><a href=\"https:\/\/gualaxovivo.com.br\/wp-content\/uploads\/2021\/07\/Mapa-5-Bigorna-Sena.pdf\" target=\"_blank\" rel=\"noopener\">Transcri\u00e7\u00e3o de relato sobre as forjas no vale do rio Piracicaba produzido por Joaquim C\u00e2ndido da Costa Sena em 1881.<\/a><\/p>\n\t\t\t\t<\/div>\n\t\t\t<\/div>\n\t\t\t\t\t\n\t\t\t\t\t\t<div class=\"hotspot-info \" id=\"hotspot-hotspot-1364-2\">\n\t\t\t\t\n\t\t\t\t<h2 class=\"hotspot-title\">Guerra contra ind\u00edgenas<\/h2>\t\t\t\t\t\t\t\t\t<div class=\"hotspot-thumb\">\n\t\t\t\t\t\t<img loading=\"lazy\" decoding=\"async\" width=\"100\" height=\"100\" src=\"https:\/\/gualaxovivo.com.br\/wp-content\/uploads\/2021\/05\/guerras-contra-indigenas.jpg\" class=\"attachment-medium size-medium\" alt=\"\" \/>\t\t\t\t\t<\/div>\n\t\t\t\t\t\t\t\t<div class=\"hotspot-content\">\n\t\t\t\t\t<p><audio class=\"wp-audio-shortcode\" id=\"audio-1371-3\" preload=\"none\" style=\"width: 100%;\" controls=\"controls\"><source type=\"audio\/mpeg\" src=\"https:\/\/gualaxovivo.com.br\/wp-content\/uploads\/2021\/12\/MAPA-05-Guerra-contra-indigenas.m4a?_=3\" \/><a href=\"https:\/\/gualaxovivo.com.br\/wp-content\/uploads\/2021\/12\/MAPA-05-Guerra-contra-indigenas.m4a\">https:\/\/gualaxovivo.com.br\/wp-content\/uploads\/2021\/12\/MAPA-05-Guerra-contra-indigenas.m4a<\/a><\/audio><\/p>\n<p style=\"font-size: 13px\">Guerra contra ind\u00edgenas<br \/>\n<span style=\"font-size: 6pt\"> https:\/\/ www.facebook.com\/watch\/?v=752248581780401<\/span><\/p>\n<p style=\"font-size: 13px\"><a href=\"http:\/\/gualaxovivo.com.br\/wp-content\/uploads\/2021\/05\/Mapa-5-\u2013-Guerra-contra-indigenas-\u2013-Rugendas.pdf\" target=\"_blank\" rel=\"noopener\">Iconografia Guerillas [Combate com os \u00edndios] produzida por Joahann Moritz Rugendas c. 1820.<\/a><\/p>\n<p style=\"font-size: 13px\"><a href=\"http:\/\/gualaxovivo.com.br\/wp-content\/uploads\/2021\/05\/Mapa-5-\u2013-Guerra-contra-indigenas-\u2013-Denis.pdf\" target=\"_blank\" rel=\"noopener\">Iconografia Soldats indiens combattant les Botocoudos produzida por Ferdinand Denis em 1846.<\/a><\/p>\n<p style=\"font-size: 13px\"><a href=\"http:\/\/gualaxovivo.com.br\/wp-content\/uploads\/2021\/05\/Mapa-5-\u2013-Guerra-contra-indigenas-\u2013-Saint-Hilaire.pdf\" target=\"_blank\" rel=\"noopener\">Transcri\u00e7\u00e3o da descri\u00e7\u00e3o do combate com os ind\u00edgenas produzida por Saint-Hilaire e publicada entre 1816-1822.<\/a><\/p>\n<p style=\"font-size: 13px\"><a href=\"http:\/\/gualaxovivo.com.br\/wp-content\/uploads\/2021\/05\/Mapa-5-\u2013-Guerra-contra-indigenas-\u2013-Mawe.pdf\" target=\"_blank\" rel=\"noopener\">Transcri\u00e7\u00e3o da descri\u00e7\u00e3o do combate com os ind\u00edgenas produzida por John Mawe e publicada entre 1812.<\/a><\/p>\n\t\t\t\t<\/div>\n\t\t\t<\/div>\n\t\t\t\t\t\n\t\t\t\t\t\t<div class=\"hotspot-info \" id=\"hotspot-hotspot-1364-3\">\n\t\t\t\t\n\t\t\t\t<h2 class=\"hotspot-title\">Lutas por liberdade<\/h2>\t\t\t\t\t\t\t\t\t<div class=\"hotspot-thumb\">\n\t\t\t\t\t\t<img loading=\"lazy\" decoding=\"async\" width=\"100\" height=\"100\" src=\"https:\/\/gualaxovivo.com.br\/wp-content\/uploads\/2021\/05\/luta-pela-libedade.jpg\" class=\"attachment-medium size-medium\" alt=\"\" \/>\t\t\t\t\t<\/div>\n\t\t\t\t\t\t\t\t<div class=\"hotspot-content\">\n\t\t\t\t\t<p style=\"font-size: 13px\"><audio class=\"wp-audio-shortcode\" id=\"audio-1371-4\" preload=\"none\" style=\"width: 100%;\" controls=\"controls\"><source type=\"audio\/ogg\" src=\"https:\/\/gualaxovivo.com.br\/wp-content\/uploads\/2021\/07\/Mapa-05-Lutas-por-Liberdade-Trecho-do-Romanceiro-da-Independencia.ogg?_=4\" \/><a href=\"https:\/\/gualaxovivo.com.br\/wp-content\/uploads\/2021\/07\/Mapa-05-Lutas-por-Liberdade-Trecho-do-Romanceiro-da-Independencia.ogg\">https:\/\/gualaxovivo.com.br\/wp-content\/uploads\/2021\/07\/Mapa-05-Lutas-por-Liberdade-Trecho-do-Romanceiro-da-Independencia.ogg<\/a><\/audio><\/p>\n<p style=\"font-size: 13px\">Lutas por liberdade<br \/>\n<span style=\"font-size: 6pt\">Trecho do Romanceiro da Inconfid\u00eancia, de Cec\u00edlia Meireles, gravado por Isa\u00edas Gabriel Franco (2021). <\/span><\/p>\n<p style=\"font-size: 13px\"><a href=\"https:\/\/gualaxovivo.com.br\/wp-content\/uploads\/2021\/07\/Mapa-5-\u2013-Lutas-por-liberdade-Portinari-1.pdf\" target=\"_blank\" rel=\"noopener\">Iconografia Esquartejamento de Felipe dos Santos produzida por C\u00e2ndido Portinari &#8211; Esbo\u00e7o.<\/a><\/p>\n<p style=\"font-size: 13px\"><a href=\"http:\/\/gualaxovivo.com.br\/wp-content\/uploads\/2021\/05\/Mapa-5-\u2013-Lutas-por-liberdade-\u2013-Discurso-historico.pdf\" target=\"_blank\" rel=\"noopener\">Transcri\u00e7\u00e3o do Discurso hist\u00f3rico e pol\u00edtico sobre a subleva\u00e7\u00e3o que nas Minas houve no ano de 1720.<\/a><\/p>\n<p style=\"font-size: 13px\"><a href=\"https:\/\/gualaxovivo.com.br\/wp-content\/uploads\/2021\/07\/Mapa-5-\u2013-Guerra-contra-indigenas-\u2013-Saint-Hilaire.pdf\" target=\"_blank\" rel=\"noopener\">Transcri\u00e7\u00e3o da descri\u00e7\u00e3o do combate com os ind\u00edgenas produzida por Saint-Hilaire e publicada entre 1816-1822.<\/a><\/p>\n<p style=\"font-size: 13px\"><a href=\"http:\/\/gualaxovivo.com.br\/wp-content\/uploads\/2021\/05\/Mapa-5-\u2013-Lutas-por-liberdade-Burton.pdf\" target=\"_blank\" rel=\"noopener\">Transcri\u00e7\u00e3o de relato de motim em 1715 contra cobran\u00e7a de impostos, produzida por Richard Burton e publicada em 1869.<\/a><\/p>\n\t\t\t\t<\/div>\n\t\t\t<\/div>\n\t\t\t<\/div>\n\n\n<!-- \/wp:html -->\t\t\t\t\t\t<\/div>\n\t\t\t\t<\/div>\n\t\t\t\t\t<\/div>\n\t\t<\/div>\n\t\t\t\t\t\t\t<\/div>\n\t\t<\/section>\n\t\t\t\t\t\t\t<\/div>\n\t\t","protected":false},"excerpt":{"rendered":"<p>GUALAXO DO NORTE: EMBATES POR LIBERDADE DA COROA E DA ESCRAVID\u00c3O<\/p>\n","protected":false},"author":1,"featured_media":0,"parent":128,"menu_order":2,"comment_status":"closed","ping_status":"closed","template":"","meta":{"footnotes":""},"_links":{"self":[{"href":"https:\/\/gualaxovivo.com.br\/index.php\/wp-json\/wp\/v2\/pages\/1371"}],"collection":[{"href":"https:\/\/gualaxovivo.com.br\/index.php\/wp-json\/wp\/v2\/pages"}],"about":[{"href":"https:\/\/gualaxovivo.com.br\/index.php\/wp-json\/wp\/v2\/types\/page"}],"author":[{"embeddable":true,"href":"https:\/\/gualaxovivo.com.br\/index.php\/wp-json\/wp\/v2\/users\/1"}],"replies":[{"embeddable":true,"href":"https:\/\/gualaxovivo.com.br\/index.php\/wp-json\/wp\/v2\/comments?post=1371"}],"version-history":[{"count":9,"href":"https:\/\/gualaxovivo.com.br\/index.php\/wp-json\/wp\/v2\/pages\/1371\/revisions"}],"predecessor-version":[{"id":2075,"href":"https:\/\/gualaxovivo.com.br\/index.php\/wp-json\/wp\/v2\/pages\/1371\/revisions\/2075"}],"up":[{"embeddable":true,"href":"https:\/\/gualaxovivo.com.br\/index.php\/wp-json\/wp\/v2\/pages\/128"}],"wp:attachment":[{"href":"https:\/\/gualaxovivo.com.br\/index.php\/wp-json\/wp\/v2\/media?parent=1371"}],"curies":[{"name":"wp","href":"https:\/\/api.w.org\/{rel}","templated":true}]}}