{"id":128,"date":"2020-11-28T22:31:15","date_gmt":"2020-11-29T01:31:15","guid":{"rendered":"http:\/\/gualaxovivo.com.br\/?page_id=128"},"modified":"2021-12-02T15:20:08","modified_gmt":"2021-12-02T18:20:08","slug":"cartografias-historico-sensoriais","status":"publish","type":"page","link":"https:\/\/gualaxovivo.com.br\/index.php\/cartografias-historico-sensoriais\/","title":{"rendered":"Mapas"},"content":{"rendered":"\t\t<div data-elementor-type=\"wp-page\" data-elementor-id=\"128\" class=\"elementor elementor-128\">\n\t\t\t\t\t\t\t\t\t<section class=\"elementor-section elementor-top-section elementor-element elementor-element-93e9909 elementor-section-full_width elementor-section-height-default elementor-section-height-default\" data-id=\"93e9909\" data-element_type=\"section\">\n\t\t\t\t\t\t<div class=\"elementor-container elementor-column-gap-default\">\n\t\t\t\t\t<div class=\"elementor-column elementor-col-100 elementor-top-column elementor-element elementor-element-e69ee76\" data-id=\"e69ee76\" data-element_type=\"column\">\n\t\t\t<div class=\"elementor-widget-wrap elementor-element-populated\">\n\t\t\t\t\t\t\t\t<div class=\"elementor-element elementor-element-c9a7b57 elementor-widget elementor-widget-image\" data-id=\"c9a7b57\" data-element_type=\"widget\" data-widget_type=\"image.default\">\n\t\t\t\t<div class=\"elementor-widget-container\">\n\t\t\t\t\t\t\t\t\t\t\t\t\t\t\t\t<a href=\"http:\/\/gualaxovivo.com.br\/wp-content\/uploads\/2021\/04\/MAPA-0-com-icone-rio-scaled.jpg\" data-elementor-open-lightbox=\"yes\" data-elementor-lightbox-title=\"MAPA-0-com \u00edcone rio\" e-action-hash=\"#elementor-action%3Aaction%3Dlightbox%26settings%3DeyJpZCI6NTYzLCJ1cmwiOiJodHRwczpcL1wvZ3VhbGF4b3Zpdm8uY29tLmJyXC93cC1jb250ZW50XC91cGxvYWRzXC8yMDIxXC8wNFwvTUFQQS0wLWNvbS1pY29uZS1yaW8tc2NhbGVkLmpwZyJ9\">\n\t\t\t\t\t\t\t<img loading=\"lazy\" decoding=\"async\" width=\"2560\" height=\"1917\" src=\"https:\/\/gualaxovivo.com.br\/wp-content\/uploads\/2021\/04\/MAPA-0-com-icone-rio-scaled.jpg\" class=\"attachment-full size-full\" alt=\"\" srcset=\"https:\/\/gualaxovivo.com.br\/wp-content\/uploads\/2021\/04\/MAPA-0-com-icone-rio-scaled.jpg 2560w, https:\/\/gualaxovivo.com.br\/wp-content\/uploads\/2021\/04\/MAPA-0-com-icone-rio-300x225.jpg 300w, https:\/\/gualaxovivo.com.br\/wp-content\/uploads\/2021\/04\/MAPA-0-com-icone-rio-1024x767.jpg 1024w, https:\/\/gualaxovivo.com.br\/wp-content\/uploads\/2021\/04\/MAPA-0-com-icone-rio-768x575.jpg 768w, https:\/\/gualaxovivo.com.br\/wp-content\/uploads\/2021\/04\/MAPA-0-com-icone-rio-1536x1150.jpg 1536w, https:\/\/gualaxovivo.com.br\/wp-content\/uploads\/2021\/04\/MAPA-0-com-icone-rio-2048x1534.jpg 2048w, https:\/\/gualaxovivo.com.br\/wp-content\/uploads\/2021\/04\/MAPA-0-com-icone-rio-800x600.jpg 800w\" sizes=\"(max-width: 2560px) 100vw, 2560px\" \/>\t\t\t\t\t\t\t\t<\/a>\n\t\t\t\t\t\t\t\t\t\t\t\t\t\t\t<\/div>\n\t\t\t\t<\/div>\n\t\t\t\t\t<\/div>\n\t\t<\/div>\n\t\t\t\t\t\t\t<\/div>\n\t\t<\/section>\n\t\t\t\t<section class=\"elementor-section elementor-top-section elementor-element elementor-element-88f50d5 elementor-section-stretched elementor-section-boxed elementor-section-height-default elementor-section-height-default\" data-id=\"88f50d5\" data-element_type=\"section\" data-settings=\"{&quot;stretch_section&quot;:&quot;section-stretched&quot;}\">\n\t\t\t\t\t\t<div class=\"elementor-container elementor-column-gap-custom\">\n\t\t\t\t\t<div class=\"elementor-column elementor-col-50 elementor-top-column elementor-element elementor-element-2601e62\" data-id=\"2601e62\" data-element_type=\"column\">\n\t\t\t<div class=\"elementor-widget-wrap elementor-element-populated\">\n\t\t\t\t\t\t\t\t<div class=\"elementor-element elementor-element-a1332d0 elementor-widget elementor-widget-text-editor\" data-id=\"a1332d0\" data-element_type=\"widget\" data-widget_type=\"text-editor.default\">\n\t\t\t\t<div class=\"elementor-widget-container\">\n\t\t\t\t\t\t\t<p>Apresentamos nesta p\u00e1gina 10 cartografias hist\u00f3rico-sensoriais da regi\u00e3o banhada pelo Gualaxo do Norte, listadas ao lado. Ao clicar nelas, voc\u00ea ir\u00e1 visualizar o entorno desse rio em distintos per\u00edodos hist\u00f3ricos. Por sua vez, em cada um desses mapas encontram-se dispostos v\u00e1rios \u00edcones, os quais representam diversas experi\u00eancias ambientais e s\u00f3cio-culturais. Ao clicar em cada \u00edcone, voc\u00ea poder\u00e1 escutar uma capta\u00e7\u00e3o de \u00e1udio a ele associada.<\/p><p style=\"font-weight: 400;\">Para acessar as refer\u00eancias dessas capta\u00e7\u00f5es de \u00e1udio,\u00a0<u>clique aqui<\/u>.<\/p><p style=\"font-weight: 400;\">Logo abaixo do \u00e1udio, voc\u00ea tamb\u00e9m ter\u00e1 acesso a iconografias, registros escritos dos s\u00e9culos passados e reportagens atuais sobre a sonoridade referente a cada \u00edcone.<\/p><p>As 10 cartografias hist\u00f3rico-sensoriais assim produzidas possibilitam uma compreens\u00e3o singular do processo hist\u00f3rico relativo \u00e0 regi\u00e3o do Gualaxo do Norte \u2013 a\u00ed inclu\u00eddas sua ocupa\u00e7\u00e3o e cont\u00ednua transforma\u00e7\u00e3o, as diversidades culturais, as desigualdades e conflitos sociais, as rela\u00e7\u00f5es de poder, as pr\u00e1ticas de trabalho, os imagin\u00e1rios e as mem\u00f3rias, os desafios e as esperan\u00e7as cotidianas. Simultaneamente, esses 10 mapas reafirmam e compartilham a relev\u00e2ncia patrimonial das sonoridades ecoantes nas localidades\u00a0 atingidas pela queda da Barragem de Fund\u00e3o.<\/p><p>Buscando uma interface com a educa\u00e7\u00e3o b\u00e1sica, disponibilizamos atividades pedag\u00f3gicas para cada mapa, assim como uma sequ\u00eancia did\u00e1tica abarcando o conjunto das 10 cartografias, denominada <strong>Playlist Gualaxo Vivo<\/strong>.<\/p><p>Tais propostas educacionais foram especialmente elaboradas para emprego em escolas dos munic\u00edpios de Mariana e Barra Longa, diretamente atingidos pela queda da Barragem de Fund\u00e3o. Elas embasaram-se em metodologia investigativa, priorizando a problematiza\u00e7\u00e3o e a interpreta\u00e7\u00e3o de fontes (em diferentes linguagens). Elas tamb\u00e9m valorizam as mem\u00f3rias e os saberes trazidos pelos(as) alunos(a), incentivando o estudo das hist\u00f3rias locais, concebidas como fator propiciador de autoreconhecimento e de legitima\u00e7\u00e7\u00e3o p\u00fablica das identidades e patrim\u00f4nios socioculturais do Gualaxo do Norte.<\/p><p>Para acessar o 1\u00ba m\u00f3dulo did\u00e1tico da <strong>Playlist Gualaxo Vivo<\/strong>, <a href=\"http:\/\/gualaxovivo.com.br\/wp-content\/uploads\/2021\/06\/1-ROTEIRO-DA-PLAYLIST.pdf\" target=\"_blank\" rel=\"noopener\"><span style=\"text-decoration: underline;\">clique aqui<\/span><\/a>.<\/p><p>Para acessar o 2\u00ba m\u00f3dulo did\u00e1tico da <strong>Playlist Gualaxo Vivo<\/strong>, <a href=\"http:\/\/gualaxovivo.com.br\/wp-content\/uploads\/2021\/06\/2-ROTEIRO-DA-PLAYLIST.pdf\" target=\"_blank\" rel=\"noopener\"><span style=\"text-decoration: underline;\">clique aqui<\/span><\/a>.<\/p><p>Para acessar o 3\u00ba m\u00f3dulo did\u00e1tico da <strong>Playlist Gualaxo Vivo<\/strong>, <a href=\"http:\/\/gualaxovivo.com.br\/wp-content\/uploads\/2021\/06\/3-ROTEIRO-DA-PLAYLIST.pdf\" target=\"_blank\" rel=\"noopener\"><span style=\"text-decoration: underline;\">clique aqui<\/span><\/a>.<\/p><p>Listagem dos \u00e1udios utilizados nas dez cartografias, <a href=\"https:\/\/gualaxovivo.com.br\/wp-content\/uploads\/2021\/12\/REFERENCIAS-DOS-AUDIOS-UTILIZADOS-NAS-CARTOGRAFIAS-DO-PROJETO-GUALAXO-VIVO_-HISTORIAS-ATRAVES-DOS-SONS-2.pdf\" target=\"_blank\" rel=\"noopener\"><span style=\"text-decoration: underline;\">clique aqui<\/span><\/a>.<\/p>\t\t\t\t\t\t<\/div>\n\t\t\t\t<\/div>\n\t\t\t\t\t<\/div>\n\t\t<\/div>\n\t\t\t\t<div class=\"elementor-column elementor-col-50 elementor-top-column elementor-element elementor-element-074f4f5\" data-id=\"074f4f5\" data-element_type=\"column\">\n\t\t\t<div class=\"elementor-widget-wrap elementor-element-populated\">\n\t\t\t\t\t\t\t\t<div class=\"elementor-element elementor-element-cf8bb70 elementor-widget elementor-widget-text-editor\" data-id=\"cf8bb70\" data-element_type=\"widget\" data-widget_type=\"text-editor.default\">\n\t\t\t\t<div class=\"elementor-widget-container\">\n\t\t\t\t\t\t\t<div><strong><a style=\"color: #369946;\" href=\"http:\/\/gualaxovivo.com.br\/index.php\/gualaxo-antes-colonizacao\/\">1 Nas Minas dos Catagu\u00e1<\/a><\/strong><\/div>\t\t\t\t\t\t<\/div>\n\t\t\t\t<\/div>\n\t\t\t\t<div class=\"elementor-element elementor-element-c422571 elementor-widget elementor-widget-text-editor\" data-id=\"c422571\" data-element_type=\"widget\" data-widget_type=\"text-editor.default\">\n\t\t\t\t<div class=\"elementor-widget-container\">\n\t\t\t\t\t\t\t<div style=\"font-weight: bold;\">2 <a style=\"color: #175080;\" href=\"https:\/\/gualaxovivo.com.br\/index.php\/final-do-seculo-xvii\/\">A chegada dos sertanistas em busca do ouro<\/a><\/div>\t\t\t\t\t\t<\/div>\n\t\t\t\t<\/div>\n\t\t\t\t<div class=\"elementor-element elementor-element-dde2dd8 elementor-widget elementor-widget-text-editor\" data-id=\"dde2dd8\" data-element_type=\"widget\" data-widget_type=\"text-editor.default\">\n\t\t\t\t<div class=\"elementor-widget-container\">\n\t\t\t\t\t\t\t<div style=\"font-weight: bold;\"><a style=\"color: #a0504f;\" href=\"https:\/\/gualaxovivo.com.br\/index.php\/apresentacao-sonoridades-do-gualaxo-do-norte-na-historia\/cartografias-historico-sensoriais\/mapa3\/\">3 A labuta nas ro\u00e7as e arraiais<\/a><\/div>\t\t\t\t\t\t<\/div>\n\t\t\t\t<\/div>\n\t\t\t\t<div class=\"elementor-element elementor-element-0bead7e elementor-widget elementor-widget-text-editor\" data-id=\"0bead7e\" data-element_type=\"widget\" data-widget_type=\"text-editor.default\">\n\t\t\t\t<div class=\"elementor-widget-container\">\n\t\t\t\t\t\t\t<div style=\"font-weight: bold;\"><a style=\"color: #ca6817;\" href=\"https:\/\/gualaxovivo.com.br\/index.php\/apresentacao-sonoridades-do-gualaxo-do-norte-na-historia\/cartografias-historico-sensoriais\/mapa-4\/\">4 Entre Vissungos e prociss\u00f5es<\/a><\/div>\t\t\t\t\t\t<\/div>\n\t\t\t\t<\/div>\n\t\t\t\t<div class=\"elementor-element elementor-element-d871347 elementor-widget elementor-widget-text-editor\" data-id=\"d871347\" data-element_type=\"widget\" data-widget_type=\"text-editor.default\">\n\t\t\t\t<div class=\"elementor-widget-container\">\n\t\t\t\t\t\t\t<div style=\"font-weight: bold;\"><a href=\"https:\/\/gualaxovivo.com.br\/index.php\/apresentacao-sonoridades-do-gualaxo-do-norte-na-historia\/cartografias-historico-sensoriais\/gualaxo-do-norte-embates-por-liberdade-da-coroa-e-da-escravidao\/\">5 Embates por liberdade da Coroa e da escravid\u00e3o<\/a><\/div>\t\t\t\t\t\t<\/div>\n\t\t\t\t<\/div>\n\t\t\t\t<div class=\"elementor-element elementor-element-8ce4171 elementor-widget elementor-widget-text-editor\" data-id=\"8ce4171\" data-element_type=\"widget\" data-widget_type=\"text-editor.default\">\n\t\t\t\t<div class=\"elementor-widget-container\">\n\t\t\t\t\t\t\t<div style=\"font-weight: bold;\"><a style=\"color: #795398;\" href=\"https:\/\/gualaxovivo.com.br\/index.php\/apresentacao-sonoridades-do-gualaxo-do-norte-na-historia\/cartografias-historico-sensoriais\/gualaxo-do-norte-a-escuta-estrangeira\/\">6 A escuta estrangeira\u00a0<\/a><\/div>\t\t\t\t\t\t<\/div>\n\t\t\t\t<\/div>\n\t\t\t\t<div class=\"elementor-element elementor-element-dcad090 elementor-widget elementor-widget-text-editor\" data-id=\"dcad090\" data-element_type=\"widget\" data-widget_type=\"text-editor.default\">\n\t\t\t\t<div class=\"elementor-widget-container\">\n\t\t\t\t\t\t\t<div style=\"font-weight: bold;\"><a style=\"color: #a78053;\" href=\"https:\/\/gualaxovivo.com.br\/index.php\/apresentacao-sonoridades-do-gualaxo-do-norte-na-historia\/cartografias-historico-sensoriais\/introducao-da-industria-e-de-sociabilidades-burguesas\/\">7 Introdu\u00e7\u00e3o da ind\u00fastria e de sociabilidades burguesas<\/a><\/div>\t\t\t\t\t\t<\/div>\n\t\t\t\t<\/div>\n\t\t\t\t<div class=\"elementor-element elementor-element-8bf2633 elementor-widget elementor-widget-text-editor\" data-id=\"8bf2633\" data-element_type=\"widget\" data-widget_type=\"text-editor.default\">\n\t\t\t\t<div class=\"elementor-widget-container\">\n\t\t\t\t\t\t\t<div style=\"font-weight: bold;\"><a style=\"color: #ACA52A;\" href=\"https:\/\/gualaxovivo.com.br\/index.php\/cartografias-historico-sensoriais\/gualaxo-do-norte-o-fascinio-da-modernidade\/\" target=\"_blank\" rel=\"noopener\">8 O fasc\u00ednio da modernidade<\/a><\/div>\t\t\t\t\t\t<\/div>\n\t\t\t\t<\/div>\n\t\t\t\t<div class=\"elementor-element elementor-element-c9cc2d3 elementor-widget elementor-widget-text-editor\" data-id=\"c9cc2d3\" data-element_type=\"widget\" data-widget_type=\"text-editor.default\">\n\t\t\t\t<div class=\"elementor-widget-container\">\n\t\t\t\t\t\t\t<div style=\"font-weight: bold;\"><a style=\"color: #427e83;\" href=\"https:\/\/gualaxovivo.com.br\/index.php\/cartografias-historico-sensoriais\/gualaxo-do-norte-do-lucro-ao-luto\/\" target=\"_blank\" rel=\"noopener\">9 Do lucro ao luto<\/a><\/div>\t\t\t\t\t\t<\/div>\n\t\t\t\t<\/div>\n\t\t\t\t<div class=\"elementor-element elementor-element-f4b2b94 elementor-widget elementor-widget-text-editor\" data-id=\"f4b2b94\" data-element_type=\"widget\" data-widget_type=\"text-editor.default\">\n\t\t\t\t<div class=\"elementor-widget-container\">\n\t\t\t\t\t\t\t<div style=\"font-weight: bold;\"><a style=\"color: #D70049;\" href=\"https:\/\/gualaxovivo.com.br\/index.php\/cartografias-historico-sensoriais\/gualaxo-do-norte-luta-e-esperanca\/\" target=\"_blank\" rel=\"noopener\">10 Luta e esperan\u00e7a<\/a><\/div>\t\t\t\t\t\t<\/div>\n\t\t\t\t<\/div>\n\t\t\t\t\t<\/div>\n\t\t<\/div>\n\t\t\t\t\t\t\t<\/div>\n\t\t<\/section>\n\t\t\t\t\t\t\t<\/div>\n\t\t","protected":false},"excerpt":{"rendered":"<p>Apresentamos nesta p\u00e1gina 10 cartografias hist\u00f3rico-sensoriais da regi\u00e3o banhada pelo Gualaxo do Norte, listadas ao lado. Ao clicar nelas, voc\u00ea..<\/p>\n","protected":false},"author":1,"featured_media":0,"parent":0,"menu_order":0,"comment_status":"closed","ping_status":"closed","template":"","meta":{"footnotes":""},"_links":{"self":[{"href":"https:\/\/gualaxovivo.com.br\/index.php\/wp-json\/wp\/v2\/pages\/128"}],"collection":[{"href":"https:\/\/gualaxovivo.com.br\/index.php\/wp-json\/wp\/v2\/pages"}],"about":[{"href":"https:\/\/gualaxovivo.com.br\/index.php\/wp-json\/wp\/v2\/types\/page"}],"author":[{"embeddable":true,"href":"https:\/\/gualaxovivo.com.br\/index.php\/wp-json\/wp\/v2\/users\/1"}],"replies":[{"embeddable":true,"href":"https:\/\/gualaxovivo.com.br\/index.php\/wp-json\/wp\/v2\/comments?post=128"}],"version-history":[{"count":198,"href":"https:\/\/gualaxovivo.com.br\/index.php\/wp-json\/wp\/v2\/pages\/128\/revisions"}],"predecessor-version":[{"id":2265,"href":"https:\/\/gualaxovivo.com.br\/index.php\/wp-json\/wp\/v2\/pages\/128\/revisions\/2265"}],"wp:attachment":[{"href":"https:\/\/gualaxovivo.com.br\/index.php\/wp-json\/wp\/v2\/media?parent=128"}],"curies":[{"name":"wp","href":"https:\/\/api.w.org\/{rel}","templated":true}]}}