{"id":1110,"date":"2021-05-04T09:56:08","date_gmt":"2021-05-04T12:56:08","guid":{"rendered":"https:\/\/gualaxovivo.com.br\/?page_id=1110"},"modified":"2021-07-19T15:18:28","modified_gmt":"2021-07-19T18:18:28","slug":"mapa-4","status":"publish","type":"page","link":"https:\/\/gualaxovivo.com.br\/index.php\/cartografias-historico-sensoriais\/mapa-4\/","title":{"rendered":"Gualaxo do Norte: entre vissungos e prociss\u00f5es"},"content":{"rendered":"\t\t<div data-elementor-type=\"wp-page\" data-elementor-id=\"1110\" class=\"elementor elementor-1110\">\n\t\t\t\t\t\t\t\t\t<section class=\"elementor-section elementor-top-section elementor-element elementor-element-1a0d9a70 elementor-section-full_width elementor-section-height-default elementor-section-height-default\" data-id=\"1a0d9a70\" data-element_type=\"section\">\n\t\t\t\t\t\t<div class=\"elementor-container elementor-column-gap-default\">\n\t\t\t\t\t<div class=\"elementor-column elementor-col-100 elementor-top-column elementor-element elementor-element-2dafa43e\" data-id=\"2dafa43e\" data-element_type=\"column\">\n\t\t\t<div class=\"elementor-widget-wrap elementor-element-populated\">\n\t\t\t\t\t\t\t\t<div class=\"elementor-element elementor-element-7c909487 elementor-widget elementor-widget-text-editor\" data-id=\"7c909487\" data-element_type=\"widget\" data-widget_type=\"text-editor.default\">\n\t\t\t\t<div class=\"elementor-widget-container\">\n\t\t\t\t\t\t\t<h1 style=\"font-family: 'KohinoorTeleguBold'; font-size: 1.3em;\">GUALAXO DO NORTE: ENTRE VISSUNGOS E PROCISS\u00d5ES<\/h1>\t\t\t\t\t\t<\/div>\n\t\t\t\t<\/div>\n\t\t\t\t\t<\/div>\n\t\t<\/div>\n\t\t\t\t\t\t\t<\/div>\n\t\t<\/section>\n\t\t\t\t<section class=\"elementor-section elementor-top-section elementor-element elementor-element-6b3ea4e3 elementor-section-boxed elementor-section-height-default elementor-section-height-default\" data-id=\"6b3ea4e3\" data-element_type=\"section\">\n\t\t\t\t\t\t<div class=\"elementor-container elementor-column-gap-default\">\n\t\t\t\t\t<div class=\"elementor-column elementor-col-100 elementor-top-column elementor-element elementor-element-4be348a3\" data-id=\"4be348a3\" data-element_type=\"column\">\n\t\t\t<div class=\"elementor-widget-wrap elementor-element-populated\">\n\t\t\t\t\t\t\t\t<div class=\"elementor-element elementor-element-63aae8d elementor-widget elementor-widget-text-editor\" data-id=\"63aae8d\" data-element_type=\"widget\" data-widget_type=\"text-editor.default\">\n\t\t\t\t<div class=\"elementor-widget-container\">\n\t\t\t\t\t\t\t\n<style>\n\t#hotspot-1101 .hotspots-image-container,\n\t#hotspot-1101 .leaflet-container {\n\t\tbackground: #ffffff\t}\n\n\t#hotspot-1101 .hotspots-placeholder,\n\t.featherlight .featherlight-content.lightbox-1101 {\n\t\tbackground: #ffffff;\n\t\tborder: 0 #ffffff solid;\n\t\tcolor: #000000;\n\t}\n\n\t#hotspot-1101 .hotspot-title,\n\t#hotspot-1101 .bc-product__title a,\n\t.featherlight .featherlight-content.lightbox-1101 .hotspot-title,\n\t.featherlight .featherlight-content.lightbox-1101 .bc-product__title a {\n\t\tcolor: #000000;\n\t}\n\n\t\t\t#hotspot-1101 .hotspot-Custom {\n\t\t\tstroke-width: 1;\n\t\t\tfill: #ffffff;\n\t\t\tfill-opacity: 0;\n\t\t\tstroke: #ffffff;\n\t\t\tstroke-opacity: 0;\n\t\t}\n\t\t#hotspot-1101 .hotspot-Custom:hover,\n\t\t#hotspot-1101 .hotspot-Custom:focus,\n\t\t#hotspot-1101 .hotspot-Custom.hotspot-active {\n\t\t\tfill: #ffffff;\n\t\t\tfill-opacity: 0.81;\n\t\t\toutline: none;\n\t\t\tstroke: #ffffff;\n\t\t\tstroke-opacity: 0.01;\n\t\t}\n\t\t\t#hotspot-1101 .hotspot-default {\n\t\t\tstroke-width: 1;\n\t\t\tfill: #ffffff;\n\t\t\tfill-opacity: 0;\n\t\t\tstroke: #ffffff;\n\t\t\tstroke-opacity: 0;\n\t\t}\n\t\t#hotspot-1101 .hotspot-default:hover,\n\t\t#hotspot-1101 .hotspot-default:focus,\n\t\t#hotspot-1101 .hotspot-default.hotspot-active {\n\t\t\tfill: #ffffff;\n\t\t\tfill-opacity: 0.01;\n\t\t\toutline: none;\n\t\t\tstroke: #ffffff;\n\t\t\tstroke-opacity: 0.01;\n\t\t}\n\t\t#hotspot-1101 .leaflet-tooltip,\n\t#hotspot-1101 .leaflet-rrose-content-wrapper {\n\t\tbackground: #ffffff;\n\t\tborder-color: #ffffff;\n\t\tcolor: #000000;\n\t}\n\n\t#hotspot-1101 a.leaflet-rrose-close-button {\n\t\tcolor: #000000;\n\t}\n\n\t#hotspot-1101 .leaflet-rrose-tip {\n\t\tbackground: #ffffff;\n\t}\n\n\t#hotspot-1101 .leaflet-popup-scrolled {\n\t\tborder-bottom-color: #000000;\n\t\tborder-top-color: #000000;\n\t}\n\n\t#hotspot-1101 .leaflet-tooltip-top:before {\n\t\tborder-top-color: #ffffff;\n\t}\n\n\t#hotspot-1101 .leaflet-tooltip-bottom:before {\n\t\tborder-bottom-color: #ffffff;\n\t}\n\t#hotspot-1101 .leaflet-tooltip-left:before {\n\t\tborder-left-color: #ffffff;\n\t}\n\t#hotspot-1101 .leaflet-tooltip-right:before {\n\t\tborder-right-color: #ffffff;\n\t}\n<\/style>\n\n\n\t<div class=\"hotspots-container  layout-right event-click\" id=\"hotspot-1101\" data-layout=\"right\" data-trigger=\"click\">\n\t\t<div class=\"hotspots-interaction\">\n\t\t\t\t<div class=\"hotspots-placeholder\" id=\"content-hotspot-1101\">\n\t\t<div class=\"hotspot-initial\">\n\t\t\t<h2 class=\"hotspot-title\">\n\t\t\t\tMapa 4\t\t\t<\/h2>\n\t\t\t<div class=\"hotspot-content\">\n\t\t\t\t\t\t\t\t<p> <span style=\"font-size: 16px\">ENTRE VISSUNGOS E PROCISS\u00d5ES<\/span><br \/>\n  <span style=\"font-size: 12px\">(Meados do s\u00e9culo XVIII)<\/span><\/p>\n<p style=\"font-size: 12px\"><span style=\"font-size: 12px\">Para acessar sons, iconografias e relatos hist\u00f3ricos sobre o Gualaxo do Norte no per\u00edodo de cria\u00e7\u00e3o do bispado de Mariana, clique nos \u00edcones do mapa. <\/p>\n<p><\/p>\n<p style=\"font-size: 12px\">Para acessar o texto em PDF sobre as sonoridades da regi\u00e3o em meados do s\u00e9culo XVIII tendo o rio Gualaxo do Norte como narrador, <span style=\"text-decoration: underline\"><a href=\"https:\/\/gualaxovivo.com.br\/wp-content\/uploads\/2021\/07\/modelo-texto-capitulos-ebook_4_v2.pdf\" target=\"_blank\">clique aqui<\/a><\/span>. <\/p>\n<p style=\"font-size: 12px\">Para ouvir esta narrativa, clique no play.<\/span><\/p>\n<p style=\"font-size: 12px\">\n<article class=\"iron_widget_radio\">\n<div class=\"iron-audioplayer  sonaar-no-artwork sr_waveform_mediaElement\" id=\"arbitrary-instance-69e4c08dbefdc-1c9d3849f3\" data-id=\"arbitrary-instance-69e4c08dbefdc\" data-albums=\"1979\"data-url-playlist=\"https:\/\/gualaxovivo.com.br\/?load=playlist.json&#038;title=&#038;albums=1979&#038;feed_title=%20&#038;feed=https:\/\/gualaxovivo.com.br\/wp-content\/uploads\/2021\/07\/AUDIO-4-DO-LIVRO.mp3&#038;feed_img=&#038;el_widget_id=&#038;artwork=&#038;posts_per_pages=-1&#038;all_category=&#038;single_playlist=\" data-sticky-player=\"0\" data-shuffle=\"\" data-playlist_title=\"\" data-scrollbar=\"\" data-wave-color=\"\" data-wave-progress-color=\"\" data-no-wave=\"\" data-hide-progressbar=\"\" data-feedurl=\"1\" data-notrackskip=\"\" data-playertype=\"\" data-playertemplate =\"skin_float_tracklist\" data-speedrate=\"1\" style=\"opacity:0;\">\n<div class=\"sonaar-grid\" style=&quot;display:none;&quot;>\n<div class=\"playlist\">\n<h3 class=\"sr_it-playlist-title\"><\/h3>\n<div class=\"srp_subtitle\"><\/div>\n<div class=\"srp_tracklist\">\n<ul class\"\">\n<li \n            class=\"sr-playlist-item sr-playlist-item-flex\" \n            data-audiopath=\"https:\/\/gualaxovivo.com.br\/wp-content\/uploads\/2021\/07\/AUDIO-4-DO-LIVRO.mp3\"\n            data-showloading=\"1\"\n            data-albumTitle=\"\"\n            data-albumArt=\"\"\n            data-releasedate=\"\"\n            data-date=\"\"\n            data-show-date=\"\"\n            data-trackTitle=\" \"\n            data-trackID=\"\"\n            data-trackTime=\"\"\n            data-relatedTrack=\"\"\n            data-post-url=\"\"\n            ><span class=\"store-list\"><\/span><\/li>\n<\/ul>\n<\/div>\n<\/div>\n<\/div>\n<div class=\"album-player\">\n<div class=\"album-title\"><\/div>\n<div class=\"track-title\"><\/div>\n<div class=\"player \" >\n<div class=\"sr_progressbar\">\n<div class=\"currentTime\"><\/div>\n<div id=\"arbitrary-instance-69e4c08dbefdc-bf46852865-wave\" class=\"wave\" >\n<div class=\"sonaar_fake_wave\" style=\"height:70px\">\n                <audio src=\"\" class=\"sonaar_media_element\"><\/audio><\/p>\n<div class=\"sonaar_wave_base\">\n                    <canvas id=arbitrary-instance-69e4c08dbefdc-container class=\"\" height=\"70\" width=\"2540\"><\/canvas><br \/>\n                    <svg><\/svg>\n                <\/div>\n<div class=\"sonaar_wave_cut\">\n                    <canvas id=arbitrary-instance-69e4c08dbefdc-progress class=\"\" height=\"70\" width=\"2540\"><\/canvas><br \/>\n                    <svg><\/svg>\n                <\/div>\n<\/p><\/div>\n<\/p><\/div>\n<div class=\"totalTime\"><\/div>\n<\/p><\/div>\n<div class=\"srp_main_control srp_oneColumn\">\n<div class=\"control\">\n<div class=\"play\" style=\"opacity:0;\">\n                <svg version=\"1.1\" xmlns=\"http:\/\/www.w3.org\/2000\/svg\" xmlns:xlink=\"http:\/\/www.w3.org\/1999\/xlink\" width=\"26\" height=\"31.47\" x=\"0px\" y=\"0px\" viewBox=\"0 0 17.5 21.2\" style=\"enable-background:new 0 0 17.5 21.2;\" xml:space=\"preserve\">\n                    <path d=\"M0,0l17.5,10.9L0,21.2V0z\"\/>\n                    <rect width=\"6\" height=\"21.2\"\/>\n                    <rect x=\"11.5\" width=\"6\" height=\"21.2\"\/>\n                <\/svg>\n            <\/div>\n<\/div>\n<div class=\"control\"><\/div>\n<\/div>\n<\/div>\n<\/div>\n<div class=\"album-store\"><\/div>\n<\/div>\n<\/article>\n<p><\/p>\n<p style=\"font-size: 12px\">Para acessar atividades did\u00e1ticas sobre as sonoridades do entorno sociocultural do Gualaxo do Norte em meados do s\u00e9culo XVIII, <span style=\"text-decoration: underline\"><a href=\"https:\/\/gualaxovivo.com.br\/wp-content\/uploads\/2021\/12\/Atividades-4.pdf\" target=\"_blank\">clique aqui<\/a><\/span><\/p>\n\t\t\t\t\t\t\t<\/div>\n\t\t<\/div>\n\t<\/div>\n<div class=\"hotspots-image-container\">\n\t<img\n\t\twidth=\"1920\"\n\t\theight=\"1438\"\n\t\tsrc=\"https:\/\/gualaxovivo.com.br\/wp-content\/uploads\/2021\/05\/mapa-4-otimizado.png\"\n\t\talt=\"Mapa 4\"\n\t\tclass=\"hotspots-image skip-lazy\"\n\t\tusemap=\"#hotspots-image-1101\"\n\t\tdata-image-title=\"Mapa 4\"\n\t\tdata-image-description=\"ENTRE VISSUNGOS E PROCISS\u00d5ES\r\n  (Meados do s\u00e9culo XVIII)\r\nPara acessar sons, iconografias e relatos hist\u00f3ricos sobre o Gualaxo do Norte no per\u00edodo de cria\u00e7\u00e3o do bispado de Mariana, clique nos \u00edcones do mapa. \r\n    \r\n    Para acessar o texto em PDF sobre as sonoridades da regi\u00e3o em meados do s\u00e9culo XVIII tendo o rio Gualaxo do Norte como narrador, clique aqui. \r\n    Para ouvir esta narrativa, clique no play.\r\n  \r\n[sonaar_audioplayer playlist_type=\"feed\" albums=\"1979\" feed_title=\" \" artwork_id=\"\" display_control_artwork=\"false\" feed=\"https:\/\/gualaxovivo.com.br\/wp-content\/uploads\/2021\/07\/AUDIO-4-DO-LIVRO.mp3\" hide_artwork=\"false\" show_playlist=\"false\" show_track_market=\"false\" show_album_market=\"false\" hide_timeline=\"false\"][\/sonaar_audioplayer]\r\nPara acessar atividades did\u00e1ticas sobre as sonoridades do entorno sociocultural do Gualaxo do Norte em meados do s\u00e9culo XVIII, clique aqui\"\n\t\tdata-event-trigger=\"click\"\n\t\tdata-always-visible=\"false\"\n\t\tdata-id=\"1101\"\n\t\tdata-no-lazy=\"1\"\n\t\tdata-lazy-src=\"\"\n\t\tdata-lazy=\"false\"\n\t\tloading=\"eager\"\n\t\tdata-skip-lazy=\"1\"\n\t\t>\n<\/div>\t\t<\/div>\n\t\t<map name=\"hotspots-image-1101\" class=\"hotspots-map\">\n\t\t\t\t\t\t\t\t\t\t\t<area\n\t\t\t\t\tshape=\"poly\"\n\t\t\t\t\tcoords=\"852,603,950,607,952,732,857,729\"\n\t\t\t\t\thref=\"#hotspot-hotspot-1101-0\"\n\t\t\t\t\trel=\"\"\n\t\t\t\t\ttitle=\"Batuques\"\n\t\t\t\t\talt=\"Batuques\"\n\t\t\t\t\tdata-action=\"\"\n\t\t\t\t\tdata-color-scheme=\"\"\n\t\t\t\t\tdata-id=\"area-hotspot-1101-0\"\n\t\t\t\t\ttarget=\"\"\n\t\t\t\t\tclass=\"more-info-area\"\n\t\t\t\t\t>\n\t\t\t\t\t\t\t\t\t\t\t<area\n\t\t\t\t\tshape=\"poly\"\n\t\t\t\t\tcoords=\"1459,792,1458,870,1271,875,1273,789\"\n\t\t\t\t\thref=\"#hotspot-hotspot-1101-1\"\n\t\t\t\t\trel=\"\"\n\t\t\t\t\ttitle=\"Carro de boi\"\n\t\t\t\t\talt=\"Carro de boi\"\n\t\t\t\t\tdata-action=\"\"\n\t\t\t\t\tdata-color-scheme=\"\"\n\t\t\t\t\tdata-id=\"area-hotspot-1101-1\"\n\t\t\t\t\ttarget=\"\"\n\t\t\t\t\tclass=\"more-info-area\"\n\t\t\t\t\t>\n\t\t\t\t\t\t\t\t\t\t\t<area\n\t\t\t\t\tshape=\"poly\"\n\t\t\t\t\tcoords=\"1173,595,1181,632,1190,666,1194,705,1194,734,1139,752,1104,732,1098,677,1107,613,1140,584\"\n\t\t\t\t\thref=\"#hotspot-hotspot-1101-2\"\n\t\t\t\t\trel=\"\"\n\t\t\t\t\ttitle=\"Fog\u00e3o de lenha\"\n\t\t\t\t\talt=\"Fog\u00e3o de lenha\"\n\t\t\t\t\tdata-action=\"\"\n\t\t\t\t\tdata-color-scheme=\"\"\n\t\t\t\t\tdata-id=\"area-hotspot-1101-2\"\n\t\t\t\t\ttarget=\"\"\n\t\t\t\t\tclass=\"more-info-area\"\n\t\t\t\t\t>\n\t\t\t\t\t\t\t\t\t\t\t<area\n\t\t\t\t\tshape=\"poly\"\n\t\t\t\t\tcoords=\"409,687,410,767,316,767,316,685\"\n\t\t\t\t\thref=\"#hotspot-hotspot-1101-3\"\n\t\t\t\t\trel=\"\"\n\t\t\t\t\ttitle=\"Minera\u00e7\u00e3o subterr\u00e2nea\"\n\t\t\t\t\talt=\"Minera\u00e7\u00e3o subterr\u00e2nea\"\n\t\t\t\t\tdata-action=\"\"\n\t\t\t\t\tdata-color-scheme=\"\"\n\t\t\t\t\tdata-id=\"area-hotspot-1101-3\"\n\t\t\t\t\ttarget=\"\"\n\t\t\t\t\tclass=\"more-info-area\"\n\t\t\t\t\t>\n\t\t\t\t\t<\/map>\n\n\t\t\n\t\t\t\t\t\n\t\t\t\t\t\t<div class=\"hotspot-info \" id=\"hotspot-hotspot-1101-0\">\n\t\t\t\t\n\t\t\t\t<h2 class=\"hotspot-title\">Batuques<\/h2>\t\t\t\t\t\t\t\t\t<div class=\"hotspot-thumb\">\n\t\t\t\t\t\t<img loading=\"lazy\" decoding=\"async\" width=\"100\" height=\"100\" src=\"https:\/\/gualaxovivo.com.br\/wp-content\/uploads\/2021\/05\/batuques.jpg\" class=\"attachment-medium size-medium\" alt=\"\" \/>\t\t\t\t\t<\/div>\n\t\t\t\t\t\t\t\t<div class=\"hotspot-content\">\n\t\t\t\t\t<p><!--[if lt IE 9]><script>document.createElement('audio');<\/script><![endif]--><br \/>\n<audio class=\"wp-audio-shortcode\" id=\"audio-1110-1\" preload=\"none\" style=\"width: 100%;\" controls=\"controls\"><source type=\"audio\/mpeg\" src=\"http:\/\/gualaxovivo.com.br\/wp-content\/uploads\/2021\/05\/Mapa-4-\u2013-Audio-batuque.m4a?_=1\" \/><a href=\"http:\/\/gualaxovivo.com.br\/wp-content\/uploads\/2021\/05\/Mapa-4-\u2013-Audio-batuque.m4a\">http:\/\/gualaxovivo.com.br\/wp-content\/uploads\/2021\/05\/Mapa-4-\u2013-Audio-batuque.m4a<\/a><\/audio><\/p>\n<p style=\"font-size: 12px\">Batuques<br \/>\nTrecho do document\u00e1rio \u201cNa rota dos Orix\u00e1s \u2013 Aspectos da cultura brasileira\u201d<br \/>\n<span style=\"font-size: 6pt\">https:\/\/www.youtube.com\/watch? v=zcAIP7kHbV0&amp;t=162s<\/span><\/p>\n<p style=\"font-size: 12px\"><a href=\"http:\/\/gualaxovivo.com.br\/wp-content\/uploads\/2021\/05\/Mapa-4-\u2013-Batuque-Rugendas-.pdf\" target=\"_blank\" rel=\"noopener\">Iconografia Danse batuca [Batuque] por Johann Moritz Rugendas em 1835.<\/a><\/p>\n<p style=\"font-size: 12px\"><a href=\"http:\/\/gualaxovivo.com.br\/wp-content\/uploads\/2021\/05\/Mapa-4-Batuque-Saint-Hilaire.pdf\" target=\"_blank\" rel=\"noopener\">Transcri\u00e7\u00e3o de relato sobre o batuque, produzido por Saint-Hilaire e publicado entre 1816-1822.<\/a><\/p>\n<p style=\"font-size: 12px\"><a href=\"http:\/\/gualaxovivo.com.br\/wp-content\/uploads\/2021\/05\/Mapa-4-Batuque-Saint-Hilaire-2.pdf\" target=\"_blank\" rel=\"noopener\">Transcri\u00e7\u00e3o de novo relato sobre o batuque, produzido por Saint-Hilaire e publicado entre 1816-1822.<\/a><\/p>\n<p style=\"font-size: 12px\"><a href=\"http:\/\/gualaxovivo.com.br\/wp-content\/uploads\/2021\/05\/Mapa-4-Batuque-Spix-e-Martius.pdf\" target=\"_blank\" rel=\"noopener\">Transcri\u00e7\u00e3o de relato sobre o batuque, produzido por Spix e Martius e publicado em 1824.<\/a><\/p>\n\t\t\t\t<\/div>\n\t\t\t<\/div>\n\t\t\t\t\t\n\t\t\t\t\t\t<div class=\"hotspot-info \" id=\"hotspot-hotspot-1101-1\">\n\t\t\t\t\n\t\t\t\t<h2 class=\"hotspot-title\">Carro de boi<\/h2>\t\t\t\t\t\t\t\t\t<div class=\"hotspot-thumb\">\n\t\t\t\t\t\t<img loading=\"lazy\" decoding=\"async\" width=\"100\" height=\"100\" src=\"https:\/\/gualaxovivo.com.br\/wp-content\/uploads\/2021\/05\/carro-de-boi.jpg\" class=\"attachment-medium size-medium\" alt=\"\" \/>\t\t\t\t\t<\/div>\n\t\t\t\t\t\t\t\t<div class=\"hotspot-content\">\n\t\t\t\t\t<p><audio class=\"wp-audio-shortcode\" id=\"audio-1110-2\" preload=\"none\" style=\"width: 100%;\" controls=\"controls\"><source type=\"audio\/mpeg\" src=\"http:\/\/gualaxovivo.com.br\/wp-content\/uploads\/2021\/05\/Carro-de-Boi.m4a?_=2\" \/><a href=\"http:\/\/gualaxovivo.com.br\/wp-content\/uploads\/2021\/05\/Carro-de-Boi.m4a\">http:\/\/gualaxovivo.com.br\/wp-content\/uploads\/2021\/05\/Carro-de-Boi.m4a<\/a><\/audio><\/p>\n<p style=\"font-size: 12px\">Carro de boi<br \/>\n<span style=\"font-size: 6pt\">https:\/\/www.youtube.com\/ watch?v=CUxkGkSqAZ8<\/span><\/p>\n<p style=\"font-size: 12px\"><a href=\"http:\/\/gualaxovivo.com.br\/wp-content\/uploads\/2021\/05\/Mapa-4-\u2013-Carro-de-boi-\u2013-Ferrez.pdf\" target=\"_blank\" rel=\"noopener\">Fotografia Carro de Bois [Minas Gerais], produzida por Marc Ferrez em 1885.<\/a><\/p>\n<p style=\"font-size: 12px\"><a href=\"http:\/\/gualaxovivo.com.br\/wp-content\/uploads\/2021\/05\/Mapa-4-\u2013-Carro-de-boi-\u2013-Teive.pdf\" target=\"_blank\" rel=\"noopener\">Iconografia Carro de Boi por Joaquim Lopes de Barros Cabral Teive em 1841. <\/a><\/p>\n<p style=\"font-size: 12px\"><a href=\"http:\/\/gualaxovivo.com.br\/wp-content\/uploads\/2021\/05\/Mapa-4-Carro-de-Boi-Courcy.pdf\" target=\"_blank\" rel=\"noopener\">Transcri\u00e7\u00e3o de relato sobre o som de carro de boi de Ernest Courcy publicado em 1886.<\/a><\/p>\n<p style=\"font-size: 12px\"><a href=\"http:\/\/gualaxovivo.com.br\/wp-content\/uploads\/2021\/05\/Mapa-4-Carro-de-Boi-Pohl.pdf\" target=\"_blank\" rel=\"noopener\">Transcri\u00e7\u00e3o de relato sobre o som de carro de boi de John Emanuel Pohl publicado entre 1817-1821.<\/a><\/p>\n\t\t\t\t<\/div>\n\t\t\t<\/div>\n\t\t\t\t\t\n\t\t\t\t\t\t<div class=\"hotspot-info \" id=\"hotspot-hotspot-1101-2\">\n\t\t\t\t\n\t\t\t\t<h2 class=\"hotspot-title\">Fog\u00e3o de lenha<\/h2>\t\t\t\t\t\t\t\t\t<div class=\"hotspot-thumb\">\n\t\t\t\t\t\t<img loading=\"lazy\" decoding=\"async\" width=\"100\" height=\"100\" src=\"https:\/\/gualaxovivo.com.br\/wp-content\/uploads\/2021\/05\/fogao-de-lenha.jpg\" class=\"attachment-medium size-medium\" alt=\"\" \/>\t\t\t\t\t<\/div>\n\t\t\t\t\t\t\t\t<div class=\"hotspot-content\">\n\t\t\t\t\t<p><audio class=\"wp-audio-shortcode\" id=\"audio-1110-3\" preload=\"none\" style=\"width: 100%;\" controls=\"controls\"><source type=\"audio\/mpeg\" src=\"http:\/\/gualaxovivo.com.br\/wp-content\/uploads\/2021\/05\/Mapa-4-\u2013-Audio-fogao-a-lenha.m4a?_=3\" \/><a href=\"http:\/\/gualaxovivo.com.br\/wp-content\/uploads\/2021\/05\/Mapa-4-\u2013-Audio-fogao-a-lenha.m4a\">http:\/\/gualaxovivo.com.br\/wp-content\/uploads\/2021\/05\/Mapa-4-\u2013-Audio-fogao-a-lenha.m4a<\/a><\/audio><\/p>\n<p style=\"font-size: 12px\">Fog\u00e3o de lenha<br \/>\n<span style=\"font-size: 6pt\">https:\/\/ www.youtube.com\/watch?v=CBkN9OKZoaE<\/span><\/p>\n<p style=\"font-size: 12px\"><a href=\"http:\/\/gualaxovivo.com.br\/wp-content\/uploads\/2021\/05\/Mapa-4-\u2013-Fogao-a-lenha-\u2013-Victor-Frond-.pdf\" target=\"_blank\" rel=\"noopener\">Iconografia La cuisine \u00e0 la roca produzida por Victor Frond em 1861.<\/a><\/p>\n<p style=\"font-size: 12px\"><a href=\"http:\/\/gualaxovivo.com.br\/wp-content\/uploads\/2021\/05\/Mapa-4-Fogao-a-lenha-Julio-Oliveira.pdf\" target=\"_blank\" rel=\"noopener\">Transcri\u00e7\u00e3o da descri\u00e7\u00e3o do som do fog\u00e3o a lenha nas Minas setecentistas elaborada pelo pesquisador J\u00falio Oliveira em 2008.<\/a><\/p>\n\t\t\t\t<\/div>\n\t\t\t<\/div>\n\t\t\t\t\t\n\t\t\t\t\t\t<div class=\"hotspot-info \" id=\"hotspot-hotspot-1101-3\">\n\t\t\t\t\n\t\t\t\t<h2 class=\"hotspot-title\">Minera\u00e7\u00e3o subterr\u00e2nea<\/h2>\t\t\t\t\t\t\t\t\t<div class=\"hotspot-thumb\">\n\t\t\t\t\t\t<img loading=\"lazy\" decoding=\"async\" width=\"100\" height=\"100\" src=\"https:\/\/gualaxovivo.com.br\/wp-content\/uploads\/2021\/05\/mineracao-subterranea.jpg\" class=\"attachment-medium size-medium\" alt=\"\" \/>\t\t\t\t\t<\/div>\n\t\t\t\t\t\t\t\t<div class=\"hotspot-content\">\n\t\t\t\t\t<p><audio class=\"wp-audio-shortcode\" id=\"audio-1110-4\" preload=\"none\" style=\"width: 100%;\" controls=\"controls\"><source type=\"audio\/mpeg\" src=\"http:\/\/gualaxovivo.com.br\/wp-content\/uploads\/2021\/05\/Mapa-4-\u2013-Audio-Mineracao-subterranea.m4a?_=4\" \/><a href=\"http:\/\/gualaxovivo.com.br\/wp-content\/uploads\/2021\/05\/Mapa-4-\u2013-Audio-Mineracao-subterranea.m4a\">http:\/\/gualaxovivo.com.br\/wp-content\/uploads\/2021\/05\/Mapa-4-\u2013-Audio-Mineracao-subterranea.m4a<\/a><\/audio><\/p>\n<p style=\"font-size: 12px\">Minera\u00e7\u00e3o subterr\u00e2nea<br \/>\n<span style=\"font-size: 6pt\">https:\/\/www.youtube.com\/watch? v=ph7mU8nQJTg<\/span><\/p>\n<p style=\"font-size: 12px\"><a href=\"http:\/\/gualaxovivo.com.br\/wp-content\/uploads\/2021\/05\/Mapa-4-\u2013Mineracao-subterranea-\u2013-Marc-Ferrez-.pdf\" target=\"_blank\" rel=\"noopener\">Primeira foto do trabalho no interior de uma mina de ouro de Marc Ferrez, em 1888 [Minas Gerais].<\/a><\/p>\n<p style=\"font-size: 12px\"><a href=\"http:\/\/gualaxovivo.com.br\/wp-content\/uploads\/2021\/05\/Mapa-4-Mineracao-subterranea-Burton.pdf\" target=\"_blank\" rel=\"noopener\">Transcri\u00e7\u00e3o de relato sobre as sonoridades da minera\u00e7\u00e3o subterr\u00e2nea, escrito por Richard Burton e publicado em 1869.<\/a><\/p>\n\t\t\t\t<\/div>\n\t\t\t<\/div>\n\t\t\t<\/div>\n\n\t\t\t\t\t\t<\/div>\n\t\t\t\t<\/div>\n\t\t\t\t\t<\/div>\n\t\t<\/div>\n\t\t\t\t\t\t\t<\/div>\n\t\t<\/section>\n\t\t\t\t\t\t\t<\/div>\n\t\t","protected":false},"excerpt":{"rendered":"<p>GUALAXO DO NORTE: ENTRE VISSUNGOS E PROCISS\u00d5ES<\/p>\n","protected":false},"author":1,"featured_media":0,"parent":128,"menu_order":2,"comment_status":"closed","ping_status":"closed","template":"","meta":{"footnotes":""},"_links":{"self":[{"href":"https:\/\/gualaxovivo.com.br\/index.php\/wp-json\/wp\/v2\/pages\/1110"}],"collection":[{"href":"https:\/\/gualaxovivo.com.br\/index.php\/wp-json\/wp\/v2\/pages"}],"about":[{"href":"https:\/\/gualaxovivo.com.br\/index.php\/wp-json\/wp\/v2\/types\/page"}],"author":[{"embeddable":true,"href":"https:\/\/gualaxovivo.com.br\/index.php\/wp-json\/wp\/v2\/users\/1"}],"replies":[{"embeddable":true,"href":"https:\/\/gualaxovivo.com.br\/index.php\/wp-json\/wp\/v2\/comments?post=1110"}],"version-history":[{"count":13,"href":"https:\/\/gualaxovivo.com.br\/index.php\/wp-json\/wp\/v2\/pages\/1110\/revisions"}],"predecessor-version":[{"id":2078,"href":"https:\/\/gualaxovivo.com.br\/index.php\/wp-json\/wp\/v2\/pages\/1110\/revisions\/2078"}],"up":[{"embeddable":true,"href":"https:\/\/gualaxovivo.com.br\/index.php\/wp-json\/wp\/v2\/pages\/128"}],"wp:attachment":[{"href":"https:\/\/gualaxovivo.com.br\/index.php\/wp-json\/wp\/v2\/media?parent=1110"}],"curies":[{"name":"wp","href":"https:\/\/api.w.org\/{rel}","templated":true}]}}