{"id":1049,"date":"2021-04-28T18:51:42","date_gmt":"2021-04-28T21:51:42","guid":{"rendered":"https:\/\/gualaxovivo.com.br\/?page_id=1049"},"modified":"2021-07-19T15:17:31","modified_gmt":"2021-07-19T18:17:31","slug":"mapa3","status":"publish","type":"page","link":"https:\/\/gualaxovivo.com.br\/index.php\/cartografias-historico-sensoriais\/mapa3\/","title":{"rendered":"Gualaxo do Norte: a labuta nas ro\u00e7as e arraiais"},"content":{"rendered":"\t\t<div data-elementor-type=\"wp-page\" data-elementor-id=\"1049\" class=\"elementor elementor-1049\">\n\t\t\t\t\t\t\t\t\t<section class=\"elementor-section elementor-top-section elementor-element elementor-element-4ddc38d2 elementor-section-full_width elementor-section-height-default elementor-section-height-default\" data-id=\"4ddc38d2\" data-element_type=\"section\">\n\t\t\t\t\t\t<div class=\"elementor-container elementor-column-gap-default\">\n\t\t\t\t\t<div class=\"elementor-column elementor-col-100 elementor-top-column elementor-element elementor-element-7708c13d\" data-id=\"7708c13d\" data-element_type=\"column\">\n\t\t\t<div class=\"elementor-widget-wrap elementor-element-populated\">\n\t\t\t\t\t\t\t\t<div class=\"elementor-element elementor-element-77351d9a elementor-widget elementor-widget-text-editor\" data-id=\"77351d9a\" data-element_type=\"widget\" data-widget_type=\"text-editor.default\">\n\t\t\t\t<div class=\"elementor-widget-container\">\n\t\t\t\t\t\t\t<h1 style=\"font-family: 'KohinoorTeleguBold'; font-size: 1.3em;\">GUALAXO DO NORTE: A LABUTA NAS RO\u00c7AS E ARRAIAIS<\/h1>\t\t\t\t\t\t<\/div>\n\t\t\t\t<\/div>\n\t\t\t\t\t<\/div>\n\t\t<\/div>\n\t\t\t\t\t\t\t<\/div>\n\t\t<\/section>\n\t\t\t\t<section class=\"elementor-section elementor-top-section elementor-element elementor-element-590df240 elementor-section-boxed elementor-section-height-default elementor-section-height-default\" data-id=\"590df240\" data-element_type=\"section\">\n\t\t\t\t\t\t<div class=\"elementor-container elementor-column-gap-default\">\n\t\t\t\t\t<div class=\"elementor-column elementor-col-100 elementor-top-column elementor-element elementor-element-67b14771\" data-id=\"67b14771\" data-element_type=\"column\">\n\t\t\t<div class=\"elementor-widget-wrap elementor-element-populated\">\n\t\t\t\t\t\t\t\t<div class=\"elementor-element elementor-element-72c18b52 elementor-widget elementor-widget-text-editor\" data-id=\"72c18b52\" data-element_type=\"widget\" data-widget_type=\"text-editor.default\">\n\t\t\t\t<div class=\"elementor-widget-container\">\n\t\t\t\t\t\t\t\n<style>\n\t#hotspot-1029 .hotspots-image-container,\n\t#hotspot-1029 .leaflet-container {\n\t\tbackground: #ffffff\t}\n\n\t#hotspot-1029 .hotspots-placeholder,\n\t.featherlight .featherlight-content.lightbox-1029 {\n\t\tbackground: #ffffff;\n\t\tborder: 0 #ffffff solid;\n\t\tcolor: #000000;\n\t}\n\n\t#hotspot-1029 .hotspot-title,\n\t#hotspot-1029 .bc-product__title a,\n\t.featherlight .featherlight-content.lightbox-1029 .hotspot-title,\n\t.featherlight .featherlight-content.lightbox-1029 .bc-product__title a {\n\t\tcolor: #000000;\n\t}\n\n\t\t\t#hotspot-1029 .hotspot-Custom {\n\t\t\tstroke-width: -1;\n\t\t\tfill: #ffffff;\n\t\t\tfill-opacity: 0;\n\t\t\tstroke: #ffffff;\n\t\t\tstroke-opacity: 0;\n\t\t}\n\t\t#hotspot-1029 .hotspot-Custom:hover,\n\t\t#hotspot-1029 .hotspot-Custom:focus,\n\t\t#hotspot-1029 .hotspot-Custom.hotspot-active {\n\t\t\tfill: #ffffff;\n\t\t\tfill-opacity: 0.01;\n\t\t\toutline: none;\n\t\t\tstroke: #ffffff;\n\t\t\tstroke-opacity: 0.01;\n\t\t}\n\t\t\t#hotspot-1029 .hotspot-Custom {\n\t\t\tstroke-width: -1;\n\t\t\tfill: #ffffff;\n\t\t\tfill-opacity: 0;\n\t\t\tstroke: #ffffff;\n\t\t\tstroke-opacity: 0;\n\t\t}\n\t\t#hotspot-1029 .hotspot-Custom:hover,\n\t\t#hotspot-1029 .hotspot-Custom:focus,\n\t\t#hotspot-1029 .hotspot-Custom.hotspot-active {\n\t\t\tfill: #ffffff;\n\t\t\tfill-opacity: 0.81;\n\t\t\toutline: none;\n\t\t\tstroke: #ffffff;\n\t\t\tstroke-opacity: 0.01;\n\t\t}\n\t\t\t#hotspot-1029 .hotspot-default {\n\t\t\tstroke-width: -1;\n\t\t\tfill: #ffffff;\n\t\t\tfill-opacity: 0;\n\t\t\tstroke: #ffffff;\n\t\t\tstroke-opacity: 0;\n\t\t}\n\t\t#hotspot-1029 .hotspot-default:hover,\n\t\t#hotspot-1029 .hotspot-default:focus,\n\t\t#hotspot-1029 .hotspot-default.hotspot-active {\n\t\t\tfill: #ffffff;\n\t\t\tfill-opacity: 0.01;\n\t\t\toutline: none;\n\t\t\tstroke: #ffffff;\n\t\t\tstroke-opacity: 0.01;\n\t\t}\n\t\t#hotspot-1029 .leaflet-tooltip,\n\t#hotspot-1029 .leaflet-rrose-content-wrapper {\n\t\tbackground: #ffffff;\n\t\tborder-color: #ffffff;\n\t\tcolor: #000000;\n\t}\n\n\t#hotspot-1029 a.leaflet-rrose-close-button {\n\t\tcolor: #000000;\n\t}\n\n\t#hotspot-1029 .leaflet-rrose-tip {\n\t\tbackground: #ffffff;\n\t}\n\n\t#hotspot-1029 .leaflet-popup-scrolled {\n\t\tborder-bottom-color: #000000;\n\t\tborder-top-color: #000000;\n\t}\n\n\t#hotspot-1029 .leaflet-tooltip-top:before {\n\t\tborder-top-color: #ffffff;\n\t}\n\n\t#hotspot-1029 .leaflet-tooltip-bottom:before {\n\t\tborder-bottom-color: #ffffff;\n\t}\n\t#hotspot-1029 .leaflet-tooltip-left:before {\n\t\tborder-left-color: #ffffff;\n\t}\n\t#hotspot-1029 .leaflet-tooltip-right:before {\n\t\tborder-right-color: #ffffff;\n\t}\n<\/style>\n\n\n\t<div class=\"hotspots-container  layout-right event-click\" id=\"hotspot-1029\" data-layout=\"right\" data-trigger=\"click\">\n\t\t<div class=\"hotspots-interaction\">\n\t\t\t\t<div class=\"hotspots-placeholder\" id=\"content-hotspot-1029\">\n\t\t<div class=\"hotspot-initial\">\n\t\t\t<h2 class=\"hotspot-title\">\n\t\t\t\tMapa 3\t\t\t<\/h2>\n\t\t\t<div class=\"hotspot-content\">\n\t\t\t\t\t\t\t\t<p> <span style=\"font-size: 16px\">A LABUTA NAS RO\u00c7AS E ARRAIAIS<\/span><br \/>\n  <span style=\"font-size: 12px\">(Primeiras d\u00e9cadas do s\u00e9culo XVIII)<\/span><\/p>\n<p style=\"font-size: 12px\"><span style=\"font-size: 12px\">Para acessar sons, iconografias e relatos hist\u00f3ricos sobre o Gualaxo do Norte no per\u00edodo de surgimento dos primeiros arraiais e capelas, clique nos \u00edcones do mapa. <\/p>\n<p><\/p>\n<p style=\"font-size: 12px\">Para acessar o texto em PDF sobre as sonoridades da regi\u00e3o nas primeiras d\u00e9cadas do s\u00e9culo XVIII tendo o rio Gualaxo do Norte como narrador, <span style=\"text-decoration: underline\"><a href=\"https:\/\/gualaxovivo.com.br\/wp-content\/uploads\/2021\/07\/modelo-texto-capitulos-ebook_3_v2.pdf\" target=\"_blank\">clique aqui<\/a><\/span>. <\/p>\n<p style=\"font-size: 12px\">Para ouvir esta narrativa, clique no play.<\/span><\/p>\n<p style=\"font-size: 12px\">\n<article class=\"iron_widget_radio\">\n<div class=\"iron-audioplayer  sonaar-no-artwork sr_waveform_mediaElement\" id=\"arbitrary-instance-69e5039e53ffb-c1288310cd\" data-id=\"arbitrary-instance-69e5039e53ffb\" data-albums=\"1979\"data-url-playlist=\"https:\/\/gualaxovivo.com.br\/?load=playlist.json&#038;title=&#038;albums=1979&#038;feed_title=%20&#038;feed=https:\/\/gualaxovivo.com.br\/wp-content\/uploads\/2021\/07\/AUDIO-3-DO-LIVRO.mp3&#038;feed_img=&#038;el_widget_id=&#038;artwork=&#038;posts_per_pages=-1&#038;all_category=&#038;single_playlist=\" data-sticky-player=\"0\" data-shuffle=\"\" data-playlist_title=\"\" data-scrollbar=\"\" data-wave-color=\"\" data-wave-progress-color=\"\" data-no-wave=\"\" data-hide-progressbar=\"\" data-feedurl=\"1\" data-notrackskip=\"\" data-playertype=\"\" data-playertemplate =\"skin_float_tracklist\" data-speedrate=\"1\" style=\"opacity:0;\">\n<div class=\"sonaar-grid\" style=&quot;display:none;&quot;>\n<div class=\"playlist\">\n<h3 class=\"sr_it-playlist-title\"><\/h3>\n<div class=\"srp_subtitle\"><\/div>\n<div class=\"srp_tracklist\">\n<ul class\"\">\n<li \n            class=\"sr-playlist-item sr-playlist-item-flex\" \n            data-audiopath=\"https:\/\/gualaxovivo.com.br\/wp-content\/uploads\/2021\/07\/AUDIO-3-DO-LIVRO.mp3\"\n            data-showloading=\"1\"\n            data-albumTitle=\"\"\n            data-albumArt=\"\"\n            data-releasedate=\"\"\n            data-date=\"\"\n            data-show-date=\"\"\n            data-trackTitle=\" \"\n            data-trackID=\"\"\n            data-trackTime=\"\"\n            data-relatedTrack=\"\"\n            data-post-url=\"\"\n            ><span class=\"store-list\"><\/span><\/li>\n<\/ul>\n<\/div>\n<\/div>\n<\/div>\n<div class=\"album-player\">\n<div class=\"album-title\"><\/div>\n<div class=\"track-title\"><\/div>\n<div class=\"player \" >\n<div class=\"sr_progressbar\">\n<div class=\"currentTime\"><\/div>\n<div id=\"arbitrary-instance-69e5039e53ffb-26c86c3b14-wave\" class=\"wave\" >\n<div class=\"sonaar_fake_wave\" style=\"height:70px\">\n                <audio src=\"\" class=\"sonaar_media_element\"><\/audio><\/p>\n<div class=\"sonaar_wave_base\">\n                    <canvas id=arbitrary-instance-69e5039e53ffb-container class=\"\" height=\"70\" width=\"2540\"><\/canvas><br \/>\n                    <svg><\/svg>\n                <\/div>\n<div class=\"sonaar_wave_cut\">\n                    <canvas id=arbitrary-instance-69e5039e53ffb-progress class=\"\" height=\"70\" width=\"2540\"><\/canvas><br \/>\n                    <svg><\/svg>\n                <\/div>\n<\/p><\/div>\n<\/p><\/div>\n<div class=\"totalTime\"><\/div>\n<\/p><\/div>\n<div class=\"srp_main_control srp_oneColumn\">\n<div class=\"control\">\n<div class=\"play\" style=\"opacity:0;\">\n                <svg version=\"1.1\" xmlns=\"http:\/\/www.w3.org\/2000\/svg\" xmlns:xlink=\"http:\/\/www.w3.org\/1999\/xlink\" width=\"26\" height=\"31.47\" x=\"0px\" y=\"0px\" viewBox=\"0 0 17.5 21.2\" style=\"enable-background:new 0 0 17.5 21.2;\" xml:space=\"preserve\">\n                    <path d=\"M0,0l17.5,10.9L0,21.2V0z\"\/>\n                    <rect width=\"6\" height=\"21.2\"\/>\n                    <rect x=\"11.5\" width=\"6\" height=\"21.2\"\/>\n                <\/svg>\n            <\/div>\n<\/div>\n<div class=\"control\"><\/div>\n<\/div>\n<\/div>\n<\/div>\n<div class=\"album-store\"><\/div>\n<\/div>\n<\/article>\n<p><\/p>\n<p style=\"font-size: 12px\">Para acessar atividades did\u00e1ticas sobre as sonoridades do entorno sociocultural do Gualaxo do Norte nas primeiras d\u00e9cadas do s\u00e9culo XVIII, <span style=\"text-decoration: underline\"><a href=\"https:\/\/gualaxovivo.com.br\/wp-content\/uploads\/2021\/12\/Atividades-3.pdf\" target=\"_blank\">clique aqui<\/a><\/span><\/p>\n\t\t\t\t\t\t\t<\/div>\n\t\t<\/div>\n\t<\/div>\n<div class=\"hotspots-image-container\">\n\t<img\n\t\twidth=\"3341\"\n\t\theight=\"2502\"\n\t\tsrc=\"https:\/\/gualaxovivo.com.br\/wp-content\/uploads\/2021\/04\/MAPA-3.png\"\n\t\talt=\"Mapa 3\"\n\t\tclass=\"hotspots-image skip-lazy\"\n\t\tusemap=\"#hotspots-image-1029\"\n\t\tdata-image-title=\"Mapa 3\"\n\t\tdata-image-description=\"A LABUTA NAS RO\u00c7AS E ARRAIAIS\r\n  (Primeiras d\u00e9cadas do s\u00e9culo XVIII)\r\nPara acessar sons, iconografias e relatos hist\u00f3ricos sobre o Gualaxo do Norte no per\u00edodo de surgimento dos primeiros arraiais e capelas, clique nos \u00edcones do mapa. \r\n    \r\n    Para acessar o texto em PDF sobre as sonoridades da regi\u00e3o nas primeiras d\u00e9cadas do s\u00e9culo XVIII tendo o rio Gualaxo do Norte como narrador, clique aqui. \r\n    Para ouvir esta narrativa, clique no play.\r\n  \r\n  [sonaar_audioplayer playlist_type=\"feed\" albums=\"1979\" feed_title=\" \" artwork_id=\"\" display_control_artwork=\"false\" feed=\"https:\/\/gualaxovivo.com.br\/wp-content\/uploads\/2021\/07\/AUDIO-3-DO-LIVRO.mp3\" hide_artwork=\"false\" show_playlist=\"false\" show_track_market=\"false\" show_album_market=\"false\" hide_timeline=\"false\"][\/sonaar_audioplayer]\r\nPara acessar atividades did\u00e1ticas sobre as sonoridades do entorno sociocultural do Gualaxo do Norte nas primeiras d\u00e9cadas do s\u00e9culo XVIII, clique aqui\"\n\t\tdata-event-trigger=\"click\"\n\t\tdata-always-visible=\"false\"\n\t\tdata-id=\"1029\"\n\t\tdata-no-lazy=\"1\"\n\t\tdata-lazy-src=\"\"\n\t\tdata-lazy=\"false\"\n\t\tloading=\"eager\"\n\t\tdata-skip-lazy=\"1\"\n\t\t>\n<\/div>\t\t<\/div>\n\t\t<map name=\"hotspots-image-1029\" class=\"hotspots-map\">\n\t\t\t\t\t\t\t\t\t\t\t<area\n\t\t\t\t\tshape=\"poly\"\n\t\t\t\t\tcoords=\"540,1320,667,1319,669,1187,641,1198,598,1168,572,1153,552,1173,569,1187,507,1249\"\n\t\t\t\t\thref=\"#hotspot-hotspot-1029-0\"\n\t\t\t\t\trel=\"\"\n\t\t\t\t\ttitle=\"Minera\u00e7\u00e3o nas colinas\"\n\t\t\t\t\talt=\"Minera\u00e7\u00e3o nas colinas\"\n\t\t\t\t\tdata-action=\"\"\n\t\t\t\t\tdata-color-scheme=\"\"\n\t\t\t\t\tdata-id=\"area-hotspot-1029-0\"\n\t\t\t\t\ttarget=\"\"\n\t\t\t\t\tclass=\"more-info-area\"\n\t\t\t\t\t>\n\t\t\t\t\t\t\t\t\t\t\t<area\n\t\t\t\t\tshape=\"poly\"\n\t\t\t\t\tcoords=\"1170,1526,1270,1524,1378,1525,1378,1378,1174,1381\"\n\t\t\t\t\thref=\"#hotspot-hotspot-1029-1\"\n\t\t\t\t\trel=\"\"\n\t\t\t\t\ttitle=\"Roda d\u00b4\u00e1gua\"\n\t\t\t\t\talt=\"Roda d\u00b4\u00e1gua\"\n\t\t\t\t\tdata-action=\"\"\n\t\t\t\t\tdata-color-scheme=\"\"\n\t\t\t\t\tdata-id=\"area-hotspot-1029-1\"\n\t\t\t\t\ttarget=\"\"\n\t\t\t\t\tclass=\"more-info-area\"\n\t\t\t\t\t>\n\t\t\t\t\t\t\t\t\t\t\t<area\n\t\t\t\t\tshape=\"poly\"\n\t\t\t\t\tcoords=\"2239,1379,2243,1532,2561,1532,2549,1376\"\n\t\t\t\t\thref=\"#hotspot-hotspot-1029-2\"\n\t\t\t\t\trel=\"\"\n\t\t\t\t\ttitle=\"Transporte a cavalo\"\n\t\t\t\t\talt=\"Transporte a cavalo\"\n\t\t\t\t\tdata-action=\"\"\n\t\t\t\t\tdata-color-scheme=\"\"\n\t\t\t\t\tdata-id=\"area-hotspot-1029-2\"\n\t\t\t\t\ttarget=\"\"\n\t\t\t\t\tclass=\"more-info-area\"\n\t\t\t\t\t>\n\t\t\t\t\t\t\t\t\t\t\t<area\n\t\t\t\t\tshape=\"poly\"\n\t\t\t\t\tcoords=\"1989,1143,1987,1318,2156,1321,2152,1133\"\n\t\t\t\t\thref=\"#hotspot-hotspot-1029-3\"\n\t\t\t\t\trel=\"\"\n\t\t\t\t\ttitle=\"Animais dom\u00e9sticos\"\n\t\t\t\t\talt=\"Animais dom\u00e9sticos\"\n\t\t\t\t\tdata-action=\"\"\n\t\t\t\t\tdata-color-scheme=\"\"\n\t\t\t\t\tdata-id=\"area-hotspot-1029-3\"\n\t\t\t\t\ttarget=\"\"\n\t\t\t\t\tclass=\"more-info-area\"\n\t\t\t\t\t>\n\t\t\t\t\t\t\t\t\t\t\t<area\n\t\t\t\t\tshape=\"poly\"\n\t\t\t\t\tcoords=\"1764,1173,1928,1175,1924,954,1761,964\"\n\t\t\t\t\thref=\"#hotspot-hotspot-1029-4\"\n\t\t\t\t\trel=\"\"\n\t\t\t\t\ttitle=\"Presen\u00e7a africana\"\n\t\t\t\t\talt=\"Presen\u00e7a africana\"\n\t\t\t\t\tdata-action=\"\"\n\t\t\t\t\tdata-color-scheme=\"\"\n\t\t\t\t\tdata-id=\"area-hotspot-1029-4\"\n\t\t\t\t\ttarget=\"\"\n\t\t\t\t\tclass=\"more-info-area\"\n\t\t\t\t\t>\n\t\t\t\t\t<\/map>\n\n\t\t\n\t\t\t\t\t\n\t\t\t\t\t\t<div class=\"hotspot-info \" id=\"hotspot-hotspot-1029-0\">\n\t\t\t\t\n\t\t\t\t<h2 class=\"hotspot-title\">Minera\u00e7\u00e3o nas colinas<\/h2>\t\t\t\t\t\t\t\t\t<div class=\"hotspot-thumb\">\n\t\t\t\t\t\t<img loading=\"lazy\" decoding=\"async\" width=\"100\" height=\"100\" src=\"https:\/\/gualaxovivo.com.br\/wp-content\/uploads\/2021\/04\/mineracao-nas-colinas.jpg\" class=\"attachment-medium size-medium\" alt=\"\" \/>\t\t\t\t\t<\/div>\n\t\t\t\t\t\t\t\t<div class=\"hotspot-content\">\n\t\t\t\t\t<p><!--[if lt IE 9]><script>document.createElement('audio');<\/script><![endif]--><br \/>\n<audio class=\"wp-audio-shortcode\" id=\"audio-1049-1\" preload=\"none\" style=\"width: 100%;\" controls=\"controls\"><source type=\"audio\/mpeg\" src=\"http:\/\/gualaxovivo.com.br\/wp-content\/uploads\/2021\/05\/Mineracao-das-rochas.m4a?_=1\" \/><a href=\"http:\/\/gualaxovivo.com.br\/wp-content\/uploads\/2021\/05\/Mineracao-das-rochas.m4a\">http:\/\/gualaxovivo.com.br\/wp-content\/uploads\/2021\/05\/Mineracao-das-rochas.m4a<\/a><\/audio><\/p>\n<p style=\"font-size: 12px\">Minera\u00e7\u00e3o nas colinas<br \/>\n<span style=\"font-size: 6pt\">https:\/\/www.youtube.com\/watch? v=ph7mU8nQJTg<\/span><\/p>\n<p style=\"font-size: 13px\"><a href=\"http:\/\/gualaxovivo.com.br\/wp-content\/uploads\/2021\/05\/MAPA-03-Lavage-de-Minerai-Rugendas-Mineracao-nas-montanhas.pdf\" target=\"_blank\" rel=\"noopener\">Iconografia Lavagem de ouro perto de Itacolomi, produzida por Johann Moritz Rugendas [1835].<\/a><\/p>\n<p style=\"font-size: 13px\"><a href=\"http:\/\/gualaxovivo.com.br\/wp-content\/uploads\/2021\/05\/MAPA-03-Exploracao-de-ouro-Mawe-Mineracao-nas-montanhas.pdf\" target=\"_blank\" rel=\"noopener\">Iconografia Explora\u00e7\u00e3o do ouro e diamantes na regi\u00e3o de Minas, produzida por Johan Mawe em 1812.<\/a><\/p>\n<p style=\"font-size: 13px\"><a href=\"https:\/\/gualaxovivo.com.br\/wp-content\/uploads\/2021\/07\/Mapa-3-\u2013-Mineracao-\u2013A-Sirene.pdf\" target=\"_blank\" rel=\"noopener\">Depoimentos de moradores sobre o ato de garimpar comunit\u00e1rio, Jornal A Sirene, 2018.<\/a><\/p>\n\t\t\t\t<\/div>\n\t\t\t<\/div>\n\t\t\t\t\t\n\t\t\t\t\t\t<div class=\"hotspot-info \" id=\"hotspot-hotspot-1029-1\">\n\t\t\t\t\n\t\t\t\t<h2 class=\"hotspot-title\">Roda d\u00b4\u00e1gua<\/h2>\t\t\t\t\t\t\t\t\t<div class=\"hotspot-thumb\">\n\t\t\t\t\t\t<img loading=\"lazy\" decoding=\"async\" width=\"100\" height=\"100\" src=\"https:\/\/gualaxovivo.com.br\/wp-content\/uploads\/2021\/04\/roda-dagua.jpg\" class=\"attachment-medium size-medium\" alt=\"\" \/>\t\t\t\t\t<\/div>\n\t\t\t\t\t\t\t\t<div class=\"hotspot-content\">\n\t\t\t\t\t<p><audio class=\"wp-audio-shortcode\" id=\"audio-1049-2\" preload=\"none\" style=\"width: 100%;\" controls=\"controls\"><source type=\"audio\/mpeg\" src=\"http:\/\/gualaxovivo.com.br\/wp-content\/uploads\/2021\/04\/Rio-Gualaxo-do-Norte-II.m4a?_=2\" \/><a href=\"http:\/\/gualaxovivo.com.br\/wp-content\/uploads\/2021\/04\/Rio-Gualaxo-do-Norte-II.m4a\">http:\/\/gualaxovivo.com.br\/wp-content\/uploads\/2021\/04\/Rio-Gualaxo-do-Norte-II.m4a<\/a><\/audio><\/p>\n<p style=\"font-size: 12px\">Roda d&#8217;\u00e1gua<br \/>\n<span style=\"font-size: 6pt\">https:\/\/ www.youtube.com\/watch?v=tLGcR5FisPg<\/span><\/p>\n<p style=\"font-size: 13px\"><a href=\"http:\/\/gualaxovivo.com.br\/wp-content\/uploads\/2021\/05\/MAPA-03-Paisagem-com-casa-e-roda-dagua-Roda-dagua.pdf\" target=\"_blank\" rel=\"noopener\">Iconografia Paisagem com casa e roda d&#8217;\u00e1gua. An\u00f4nimo, 1837.<\/a><\/p>\n<p style=\"font-size: 13px\"><a href=\"http:\/\/gualaxovivo.com.br\/wp-content\/uploads\/2021\/05\/MAPA-03-Azenha-Roda-dagua.pdf\" target=\"_blank\" rel=\"noopener\">Fotografia de Azenha [roda d\u2019\u00e1gua vertical], produzida por Guilherme Gaensly em 1906 [Sudeste do Brasil].<\/a><\/p>\n<p style=\"font-size: 13px\"><a href=\"http:\/\/gualaxovivo.com.br\/wp-content\/uploads\/2021\/05\/Mapa-3-\u2013-Roda-dagua-Burton.pdf\" target=\"_blank\" rel=\"noopener\">Transcri\u00e7\u00e3o de relato sobre o som da roda d\u2019\u00e1gua, produzido por Richard Burton e publicado em 1869.<\/a><\/p>\n<p style=\"font-size: 13px\"><a href=\"http:\/\/gualaxovivo.com.br\/wp-content\/uploads\/2021\/05\/Mapa-3-\u2013-Roda-dagua-Courcy.pdf\" target=\"_blank\" rel=\"noopener\">Transcri\u00e7\u00e3o de relato sobre o som da roda d\u2019\u00e1gua, produzido por Ernest de Courcy e publicado em 1886.<\/a><\/p>\n<p style=\"font-size: 13px\"><a href=\"http:\/\/gualaxovivo.com.br\/wp-content\/uploads\/2021\/05\/Mapa-3-\u2013-Roda-dagua-Mawe.pdf\" target=\"_blank\" rel=\"noopener\">Transcri\u00e7\u00e3o de relato sobre o som da roda d&#8217;\u00e1gua, produzido por John Mawe e publicado em 1812<\/a><\/p>\n\t\t\t\t<\/div>\n\t\t\t<\/div>\n\t\t\t\t\t\n\t\t\t\t\t\t<div class=\"hotspot-info \" id=\"hotspot-hotspot-1029-2\">\n\t\t\t\t\n\t\t\t\t<h2 class=\"hotspot-title\">Transporte a cavalo<\/h2>\t\t\t\t\t\t\t\t\t<div class=\"hotspot-thumb\">\n\t\t\t\t\t\t<img loading=\"lazy\" decoding=\"async\" width=\"100\" height=\"100\" src=\"https:\/\/gualaxovivo.com.br\/wp-content\/uploads\/2021\/04\/transporte-a-cavalo.jpg\" class=\"attachment-medium size-medium\" alt=\"\" \/>\t\t\t\t\t<\/div>\n\t\t\t\t\t\t\t\t<div class=\"hotspot-content\">\n\t\t\t\t\t<p><audio class=\"wp-audio-shortcode\" id=\"audio-1049-3\" preload=\"none\" style=\"width: 100%;\" controls=\"controls\"><source type=\"audio\/wav\" src=\"http:\/\/gualaxovivo.com.br\/wp-content\/uploads\/2021\/05\/Cavalos.wav?_=3\" \/><a href=\"http:\/\/gualaxovivo.com.br\/wp-content\/uploads\/2021\/05\/Cavalos.wav\">http:\/\/gualaxovivo.com.br\/wp-content\/uploads\/2021\/05\/Cavalos.wav<\/a><\/audio><\/p>\n<p style=\"font-size: 12px\">Transporte a cavalo<br \/>\n<span style=\"font-size: 6pt\">https:\/\/www.audiomicro.com\/horseswalking-on-dirt-animals-beasts-horses-walking-ondirt-free-sound-effects-39811<\/span><\/p>\n<p style=\"font-size: 13px\"><a href=\"http:\/\/gualaxovivo.com.br\/wp-content\/uploads\/2021\/05\/MAPA-03-Titulo-desconhecido-FOTOGRAFIA-Transporte-a-cavalo.pdf\" target=\"_blank\" rel=\"noopener\">Fotografia de autoria desconhecida de transporte a cavalo, c. 1900.<\/a><\/p>\n<p style=\"font-size: 13px\"><a href=\"http:\/\/gualaxovivo.com.br\/wp-content\/uploads\/2021\/05\/MAPA-03-Carroca-de-Capim-Transporte-a-cavalo.pdf\" target=\"_blank\" rel=\"noopener\">Iconografia Carro\u00e7a de capim, produzida por Joaquim Lopes de Barros Cabral Teive em 1841.<\/a><\/p>\n<p style=\"font-size: 13px\"><a href=\"http:\/\/gualaxovivo.com.br\/wp-content\/uploads\/2021\/05\/Mapa-3-\u2013-Animal-de-transporte-\u2013-Burton-2.pdf\" target=\"_blank\" rel=\"noopener\">Transcri\u00e7\u00e3o de relato sobre os sons produzidos pelos cavalos, escrito por Richard Burton e publicado em 1869.<\/a><\/p>\n\t\t\t\t<\/div>\n\t\t\t<\/div>\n\t\t\t\t\t\n\t\t\t\t\t\t<div class=\"hotspot-info \" id=\"hotspot-hotspot-1029-3\">\n\t\t\t\t\n\t\t\t\t<h2 class=\"hotspot-title\">Animais dom\u00e9sticos<\/h2>\t\t\t\t\t\t\t\t\t<div class=\"hotspot-thumb\">\n\t\t\t\t\t\t<img loading=\"lazy\" decoding=\"async\" width=\"100\" height=\"100\" src=\"https:\/\/gualaxovivo.com.br\/wp-content\/uploads\/2021\/04\/animais-domesticos.jpg\" class=\"attachment-medium size-medium\" alt=\"\" \/>\t\t\t\t\t<\/div>\n\t\t\t\t\t\t\t\t<div class=\"hotspot-content\">\n\t\t\t\t\t<p><audio class=\"wp-audio-shortcode\" id=\"audio-1049-4\" preload=\"none\" style=\"width: 100%;\" controls=\"controls\"><source type=\"audio\/wav\" src=\"http:\/\/gualaxovivo.com.br\/wp-content\/uploads\/2021\/05\/Galo-animais-domesticos.wav?_=4\" \/><a href=\"http:\/\/gualaxovivo.com.br\/wp-content\/uploads\/2021\/05\/Galo-animais-domesticos.wav\">http:\/\/gualaxovivo.com.br\/wp-content\/uploads\/2021\/05\/Galo-animais-domesticos.wav<\/a><\/audio><\/p>\n<p style=\"font-size: 12px\">Som de galo<br \/>\n<span style=\"font-size: 6pt\">https:\/\/www.audiomicro.com\/rooster-animals-beastssound-effects-39877<\/span><\/p>\n<p style=\"font-size: 13px\"><a href=\"http:\/\/gualaxovivo.com.br\/wp-content\/uploads\/2021\/05\/MAPA-03-Preto-Vendendo-Galinhas-Animais-Domesticos-.pdf\" target=\"_blank\" rel=\"noopener\">Iconografia Preto vendendo galinhas, produzida por Joaquim Lopes de Barros Cabral Teive em 1840.<\/a><\/p>\n<p style=\"font-size: 13px\"><a href=\"http:\/\/gualaxovivo.com.br\/wp-content\/uploads\/2021\/05\/MAPA-03-Marchand-de-volailles-a-la-roca-Animais-domesticos.pdf\" target=\"_blank\" rel=\"noopener\">Fotografia Marchand de voilalles a la roca [Vendedor de galinhas na ro\u00e7a], produzida por Victor Frond em 1861.<\/a><\/p>\n<p style=\"font-size: 13px\"><a href=\"http:\/\/gualaxovivo.com.br\/wp-content\/uploads\/2021\/05\/MAPA-03-Galo-Transcricao-de-relato-do-som-de-galo-produzido-por-Saint-Hilaire-em-livro-publicado-entre-1816-1822.pdf\" target=\"_blank\" rel=\"noopener\">Transcri\u00e7\u00e3o de relato do som de galo produzido por Saint Hilaire em livro publicado entre 1816-1822.<\/a><\/p>\n<p style=\"font-size: 13px\"><a href=\"http:\/\/gualaxovivo.com.br\/wp-content\/uploads\/2021\/05\/MAPA-03-Galo-Editorial-Jornal-A-Sirene-set.-2018.pdf\" target=\"_blank\" rel=\"noopener\">Editorial Jornal A Sirene, set. 2018.<\/a><\/p>\n<p style=\"font-size: 13px\"><a href=\"http:\/\/gualaxovivo.com.br\/wp-content\/uploads\/2021\/05\/Mapa-3-Mineracao-na-montanha-Depoimentos-de-moradores-sobre-o-ato-de-garimpar-comunitario-Jornal-A-Sirene-2018..pdf\" target=\"_blank\" rel=\"noopener\">Minera\u00e7\u00e3o na montanha &#8211; Depoimentos de moradores sobre o ato de garimpar comunit\u00e1rio, Jornal A Sirene, 2018.<\/a><\/p>\n\t\t\t\t<\/div>\n\t\t\t<\/div>\n\t\t\t\t\t\n\t\t\t\t\t\t<div class=\"hotspot-info \" id=\"hotspot-hotspot-1029-4\">\n\t\t\t\t\n\t\t\t\t<h2 class=\"hotspot-title\">Presen\u00e7a africana<\/h2>\t\t\t\t\t\t\t\t\t<div class=\"hotspot-thumb\">\n\t\t\t\t\t\t<img loading=\"lazy\" decoding=\"async\" width=\"100\" height=\"100\" src=\"https:\/\/gualaxovivo.com.br\/wp-content\/uploads\/2021\/04\/presenca-africana.jpg\" class=\"attachment-medium size-medium\" alt=\"\" \/>\t\t\t\t\t<\/div>\n\t\t\t\t\t\t\t\t<div class=\"hotspot-content\">\n\t\t\t\t\t<p><audio class=\"wp-audio-shortcode\" id=\"audio-1049-5\" preload=\"none\" style=\"width: 100%;\" controls=\"controls\"><source type=\"audio\/mpeg\" src=\"https:\/\/gualaxovivo.com.br\/wp-content\/uploads\/2021\/07\/Mapa-03-Presenca-Africana-Cantiga-de-levar-defunto-na-rede.mp3?_=5\" \/><a href=\"https:\/\/gualaxovivo.com.br\/wp-content\/uploads\/2021\/07\/Mapa-03-Presenca-Africana-Cantiga-de-levar-defunto-na-rede.mp3\">https:\/\/gualaxovivo.com.br\/wp-content\/uploads\/2021\/07\/Mapa-03-Presenca-Africana-Cantiga-de-levar-defunto-na-rede.mp3<\/a><\/audio><\/p>\n<p style=\"font-size: 12px\">Presen\u00e7a africana<br \/>\n\u201cCantiga de levar defunto na rede\u201d &#8211; Grava\u00e7\u00e3o de Vissungo da regi\u00e3o de Diamantina, MG Fonograma 57a \u2013 Cole\u00e7\u00e3o Luiz Heitor Corr\u00eaa de Azevedo<\/p>\n<p style=\"font-size: 13px\"><a href=\"http:\/\/gualaxovivo.com.br\/wp-content\/uploads\/2021\/05\/MAPA-03-CASA-DE-NEGROS-Grupos-Africanos.pdf\" target=\"_blank\" rel=\"noopener\">Iconografia Casa de Negros, produzida por Johann Moritz Rugendas [1835].<\/a><\/p>\n<p style=\"font-size: 13px\"><a href=\"http:\/\/gualaxovivo.com.br\/wp-content\/uploads\/2021\/05\/MAPA-03-Ex-Voto-Milagre-que-fez-o-...-Grupos-africanos.pdf\" target=\"_blank\" rel=\"noopener\">Ex-voto \u201cMilagre que fez o milagroso s\u00e3o Gon\u00e7alo do Amarante&#8230;\u201d, s\u00e9culo XVIII, Portugal.<\/a><\/p>\n<p style=\"font-size: 13px\"><a href=\"http:\/\/gualaxovivo.com.br\/wp-content\/uploads\/2021\/05\/MAPA-03-Joaquim-Jose-Lisboa-Grupos-Africanos.pdf\" target=\"_blank\" rel=\"noopener\">Transcri\u00e7\u00e3o de versos de poema sobre as sonoridades promovidas por escravos, publicado por Joaquim Jos\u00e9 Lisboa em 1804.<\/a><\/p>\n\t\t\t\t<\/div>\n\t\t\t<\/div>\n\t\t\t<\/div>\n\n\t\t\t\t\t\t<\/div>\n\t\t\t\t<\/div>\n\t\t\t\t\t<\/div>\n\t\t<\/div>\n\t\t\t\t\t\t\t<\/div>\n\t\t<\/section>\n\t\t\t\t\t\t\t<\/div>\n\t\t","protected":false},"excerpt":{"rendered":"<p>GUALAXO DO NORTE: A LABUTA NAS RO\u00c7AS E ARRAIAIS<\/p>\n","protected":false},"author":1,"featured_media":0,"parent":128,"menu_order":1,"comment_status":"closed","ping_status":"closed","template":"","meta":{"footnotes":""},"_links":{"self":[{"href":"https:\/\/gualaxovivo.com.br\/index.php\/wp-json\/wp\/v2\/pages\/1049"}],"collection":[{"href":"https:\/\/gualaxovivo.com.br\/index.php\/wp-json\/wp\/v2\/pages"}],"about":[{"href":"https:\/\/gualaxovivo.com.br\/index.php\/wp-json\/wp\/v2\/types\/page"}],"author":[{"embeddable":true,"href":"https:\/\/gualaxovivo.com.br\/index.php\/wp-json\/wp\/v2\/users\/1"}],"replies":[{"embeddable":true,"href":"https:\/\/gualaxovivo.com.br\/index.php\/wp-json\/wp\/v2\/comments?post=1049"}],"version-history":[{"count":17,"href":"https:\/\/gualaxovivo.com.br\/index.php\/wp-json\/wp\/v2\/pages\/1049\/revisions"}],"predecessor-version":[{"id":2057,"href":"https:\/\/gualaxovivo.com.br\/index.php\/wp-json\/wp\/v2\/pages\/1049\/revisions\/2057"}],"up":[{"embeddable":true,"href":"https:\/\/gualaxovivo.com.br\/index.php\/wp-json\/wp\/v2\/pages\/128"}],"wp:attachment":[{"href":"https:\/\/gualaxovivo.com.br\/index.php\/wp-json\/wp\/v2\/media?parent=1049"}],"curies":[{"name":"wp","href":"https:\/\/api.w.org\/{rel}","templated":true}]}}